{"id":14975,"date":"2024-08-15T02:23:44","date_gmt":"2024-08-15T00:23:44","guid":{"rendered":"https:\/\/www.estudio-laterna.com\/concept-store\/"},"modified":"2024-11-12T16:40:41","modified_gmt":"2024-11-12T14:40:41","slug":"concept-store","status":"publish","type":"page","link":"https:\/\/estudio-laterna.seiten.co\/es\/concept-store\/","title":{"rendered":"Concept Store"},"content":{"rendered":"\t\t<div data-elementor-type=\"wp-page\" data-elementor-id=\"14975\" class=\"elementor elementor-14975 elementor-11633\" data-elementor-post-type=\"page\">\n\t\t\t\t<div class=\"elementor-element elementor-element-f59e4f5 e-con-full elementor-hidden-desktop elementor-hidden-tablet e-flex e-con e-parent\" data-id=\"f59e4f5\" data-element_type=\"container\">\n\t\t\t\t<div class=\"elementor-element elementor-element-cf0f249 elementor-widget elementor-widget-heading\" data-id=\"cf0f249\" data-element_type=\"widget\" data-widget_type=\"heading.default\">\n\t\t\t\t<div class=\"elementor-widget-container\">\n\t\t\t<style>\/*! elementor - v3.23.0 - 05-08-2024 *\/\n.elementor-heading-title{padding:0;margin:0;line-height:1}.elementor-widget-heading .elementor-heading-title[class*=elementor-size-]>a{color:inherit;font-size:inherit;line-height:inherit}.elementor-widget-heading .elementor-heading-title.elementor-size-small{font-size:15px}.elementor-widget-heading .elementor-heading-title.elementor-size-medium{font-size:19px}.elementor-widget-heading .elementor-heading-title.elementor-size-large{font-size:29px}.elementor-widget-heading .elementor-heading-title.elementor-size-xl{font-size:39px}.elementor-widget-heading .elementor-heading-title.elementor-size-xxl{font-size:59px}<\/style><p class=\"elementor-heading-title elementor-size-default\">CONCEPTSTORE<\/p>\t\t<\/div>\n\t\t\t\t<\/div>\n\t\t\t\t<div class=\"elementor-element elementor-element-9b3b588 elementor-widget__width-initial elementor-widget elementor-widget-image\" data-id=\"9b3b588\" data-element_type=\"widget\" data-widget_type=\"image.default\">\n\t\t\t\t<div class=\"elementor-widget-container\">\n\t\t\t<style>\/*! elementor - v3.23.0 - 05-08-2024 *\/\n.elementor-widget-image{text-align:center}.elementor-widget-image a{display:inline-block}.elementor-widget-image a img[src$=\".svg\"]{width:48px}.elementor-widget-image img{vertical-align:middle;display:inline-block}<\/style>\t\t\t\t\t\t\t\t\t\t\t<a href=\"https:\/\/estudio-laterna.seiten.co\/es\/kossmun\/\">\n\t\t\t\t\t\t\t<img fetchpriority=\"high\" decoding=\"async\" width=\"800\" height=\"903\" src=\"https:\/\/estudio-laterna.seiten.co\/wp-content\/uploads\/2024\/09\/Kossmun-store-907x1024.jpg\" class=\"attachment-large size-large wp-image-13419\" alt=\"\" srcset=\"https:\/\/estudio-laterna.seiten.co\/wp-content\/uploads\/2024\/09\/Kossmun-store-907x1024.jpg 907w, https:\/\/estudio-laterna.seiten.co\/wp-content\/uploads\/2024\/09\/Kossmun-store-300x339.jpg 300w, https:\/\/estudio-laterna.seiten.co\/wp-content\/uploads\/2024\/09\/Kossmun-store-600x678.jpg 600w, https:\/\/estudio-laterna.seiten.co\/wp-content\/uploads\/2024\/09\/Kossmun-store-266x300.jpg 266w, https:\/\/estudio-laterna.seiten.co\/wp-content\/uploads\/2024\/09\/Kossmun-store-768x868.jpg 768w, https:\/\/estudio-laterna.seiten.co\/wp-content\/uploads\/2024\/09\/Kossmun-store-1360x1536.jpg 1360w, https:\/\/estudio-laterna.seiten.co\/wp-content\/uploads\/2024\/09\/Kossmun-store.jpg 1412w\" sizes=\"(max-width: 800px) 100vw, 800px\" \/>\t\t\t\t\t\t\t\t<\/a>\n\t\t\t\t\t\t\t\t\t\t\t\t\t<\/div>\n\t\t\t\t<\/div>\n\t\t\t\t<div class=\"elementor-element elementor-element-1ee9511 elementor-widget__width-initial elementor-hidden-desktop elementor-hidden-tablet elementor-invisible elementor-widget elementor-widget-text-editor\" data-id=\"1ee9511\" data-element_type=\"widget\" data-settings=\"{&quot;_animation&quot;:&quot;fadeIn&quot;,&quot;_animation_delay&quot;:300}\" data-widget_type=\"text-editor.default\">\n\t\t\t\t<div class=\"elementor-widget-container\">\n\t\t\t<style>\/*! elementor - v3.23.0 - 05-08-2024 *\/\n.elementor-widget-text-editor.elementor-drop-cap-view-stacked .elementor-drop-cap{background-color:#69727d;color:#fff}.elementor-widget-text-editor.elementor-drop-cap-view-framed .elementor-drop-cap{color:#69727d;border:3px solid;background-color:transparent}.elementor-widget-text-editor:not(.elementor-drop-cap-view-default) .elementor-drop-cap{margin-top:8px}.elementor-widget-text-editor:not(.elementor-drop-cap-view-default) .elementor-drop-cap-letter{width:1em;height:1em}.elementor-widget-text-editor .elementor-drop-cap{float:left;text-align:center;line-height:1;font-size:50px}.elementor-widget-text-editor .elementor-drop-cap-letter{display:inline-block}<\/style>\t\t\t\t<p style=\"text-align: justify;\">Ubicada en el coraz\u00f3n de Santa Gertrudis, la Tienda Conceptual Estudio Laterna ofrece una mezcla refinada de innovaci\u00f3n, basada en la artesan\u00eda local, texturas org\u00e1nicas y el entorno natural. Cada pieza habla a trav\u00e9s de su forma, textura e historia. Algunas de las piezas en nuestra colecci\u00f3n permanente incluyen los reverentes bronces de Enric Majoral, la inteligencia minimalista detr\u00e1s del mobiliario de Muller Van Severen, las vasijas de barro de Atelier Vierkant y las obras escult\u00f3ricas polifac\u00e9ticas de Kossmun, dise\u00f1o propio de Estudio Laterna, elaborado para evocar introspecci\u00f3n y conexi\u00f3n a trav\u00e9s de una elegancia sutil.<\/p>\t\t\t\t\t\t<\/div>\n\t\t\t\t<\/div>\n\t\t\t\t<\/div>\n\t\t<div class=\"elementor-element elementor-element-63ee740 e-con-full elementor-hidden-desktop elementor-hidden-mobile e-flex e-con e-parent\" data-id=\"63ee740\" data-element_type=\"container\">\n\t\t\t\t<div class=\"elementor-element elementor-element-da60b84 elementor-widget elementor-widget-heading\" data-id=\"da60b84\" data-element_type=\"widget\" data-widget_type=\"heading.default\">\n\t\t\t\t<div class=\"elementor-widget-container\">\n\t\t\t<p class=\"elementor-heading-title elementor-size-default\">CONCEPTSTORE<\/p>\t\t<\/div>\n\t\t\t\t<\/div>\n\t\t\t\t<div class=\"elementor-element elementor-element-4a7c689 elementor-widget__width-initial elementor-absolute elementor-widget elementor-widget-image\" data-id=\"4a7c689\" data-element_type=\"widget\" data-settings=\"{&quot;_position&quot;:&quot;absolute&quot;}\" data-widget_type=\"image.default\">\n\t\t\t\t<div class=\"elementor-widget-container\">\n\t\t\t\t\t\t\t\t\t\t\t\t\t\t<a href=\"https:\/\/estudio-laterna.seiten.co\/es\/kossmun\/\">\n\t\t\t\t\t\t\t<img fetchpriority=\"high\" decoding=\"async\" width=\"800\" height=\"903\" src=\"https:\/\/estudio-laterna.seiten.co\/wp-content\/uploads\/2024\/09\/Kossmun-store-907x1024.jpg\" class=\"attachment-large size-large wp-image-13419\" alt=\"\" srcset=\"https:\/\/estudio-laterna.seiten.co\/wp-content\/uploads\/2024\/09\/Kossmun-store-907x1024.jpg 907w, https:\/\/estudio-laterna.seiten.co\/wp-content\/uploads\/2024\/09\/Kossmun-store-300x339.jpg 300w, https:\/\/estudio-laterna.seiten.co\/wp-content\/uploads\/2024\/09\/Kossmun-store-600x678.jpg 600w, https:\/\/estudio-laterna.seiten.co\/wp-content\/uploads\/2024\/09\/Kossmun-store-266x300.jpg 266w, https:\/\/estudio-laterna.seiten.co\/wp-content\/uploads\/2024\/09\/Kossmun-store-768x868.jpg 768w, https:\/\/estudio-laterna.seiten.co\/wp-content\/uploads\/2024\/09\/Kossmun-store-1360x1536.jpg 1360w, https:\/\/estudio-laterna.seiten.co\/wp-content\/uploads\/2024\/09\/Kossmun-store.jpg 1412w\" sizes=\"(max-width: 800px) 100vw, 800px\" \/>\t\t\t\t\t\t\t\t<\/a>\n\t\t\t\t\t\t\t\t\t\t\t\t\t<\/div>\n\t\t\t\t<\/div>\n\t\t\t\t<div class=\"elementor-element elementor-element-79773cf elementor-widget__width-initial elementor-hidden-desktop elementor-hidden-mobile elementor-invisible elementor-widget elementor-widget-text-editor\" data-id=\"79773cf\" data-element_type=\"widget\" data-settings=\"{&quot;_animation&quot;:&quot;fadeIn&quot;,&quot;_animation_delay&quot;:300}\" data-widget_type=\"text-editor.default\">\n\t\t\t\t<div class=\"elementor-widget-container\">\n\t\t\t\t\t\t\t<p style=\"text-align: justify;\">Ubicada en el coraz\u00f3n de Santa Gertrudis, la Tienda Conceptual Estudio Laterna ofrece una mezcla refinada de innovaci\u00f3n, basada en la artesan\u00eda local, texturas org\u00e1nicas y el entorno natural. Cada pieza habla a trav\u00e9s de su forma, textura e historia. Algunas de las piezas en nuestra colecci\u00f3n permanente incluyen los reverentes bronces de Enric Majoral, la inteligencia minimalista detr\u00e1s del mobiliario de Muller Van Severen, las vasijas de barro de Atelier Vierkant y las obras escult\u00f3ricas polifac\u00e9ticas de Kossmun, dise\u00f1o propio de Estudio Laterna, elaborado para evocar introspecci\u00f3n y conexi\u00f3n a trav\u00e9s de una elegancia sutil.<\/p>\t\t\t\t\t\t<\/div>\n\t\t\t\t<\/div>\n\t\t\t\t<\/div>\n\t\t<div class=\"elementor-element elementor-element-1afb5e5 e-flex e-con-boxed e-con e-parent\" data-id=\"1afb5e5\" data-element_type=\"container\">\n\t\t\t\t\t<div class=\"e-con-inner\">\n\t\t<div class=\"elementor-element elementor-element-5e253de e-con-full elementor-hidden-mobile elementor-hidden-tablet e-flex e-con e-child\" data-id=\"5e253de\" data-element_type=\"container\">\n\t\t\t\t<div class=\"elementor-element elementor-element-fc7b34c elementor-widget__width-initial elementor-absolute elementor-widget elementor-widget-image\" data-id=\"fc7b34c\" data-element_type=\"widget\" data-settings=\"{&quot;_position&quot;:&quot;absolute&quot;}\" data-widget_type=\"image.default\">\n\t\t\t\t<div class=\"elementor-widget-container\">\n\t\t\t\t\t\t\t\t\t\t\t\t\t\t<a href=\"https:\/\/estudio-laterna.seiten.co\/es\/kossmun\/\">\n\t\t\t\t\t\t\t<img fetchpriority=\"high\" decoding=\"async\" width=\"800\" height=\"903\" src=\"https:\/\/estudio-laterna.seiten.co\/wp-content\/uploads\/2024\/09\/Kossmun-store-907x1024.jpg\" class=\"attachment-large size-large wp-image-13419\" alt=\"\" srcset=\"https:\/\/estudio-laterna.seiten.co\/wp-content\/uploads\/2024\/09\/Kossmun-store-907x1024.jpg 907w, https:\/\/estudio-laterna.seiten.co\/wp-content\/uploads\/2024\/09\/Kossmun-store-300x339.jpg 300w, https:\/\/estudio-laterna.seiten.co\/wp-content\/uploads\/2024\/09\/Kossmun-store-600x678.jpg 600w, https:\/\/estudio-laterna.seiten.co\/wp-content\/uploads\/2024\/09\/Kossmun-store-266x300.jpg 266w, https:\/\/estudio-laterna.seiten.co\/wp-content\/uploads\/2024\/09\/Kossmun-store-768x868.jpg 768w, https:\/\/estudio-laterna.seiten.co\/wp-content\/uploads\/2024\/09\/Kossmun-store-1360x1536.jpg 1360w, https:\/\/estudio-laterna.seiten.co\/wp-content\/uploads\/2024\/09\/Kossmun-store.jpg 1412w\" sizes=\"(max-width: 800px) 100vw, 800px\" \/>\t\t\t\t\t\t\t\t<\/a>\n\t\t\t\t\t\t\t\t\t\t\t\t\t<\/div>\n\t\t\t\t<\/div>\n\t\t\t\t<div class=\"elementor-element elementor-element-1a2ddbc elementor-widget__width-initial elementor-hidden-tablet elementor-hidden-mobile elementor-invisible elementor-widget elementor-widget-text-editor\" data-id=\"1a2ddbc\" data-element_type=\"widget\" data-settings=\"{&quot;_animation&quot;:&quot;fadeIn&quot;,&quot;_animation_delay&quot;:300}\" data-widget_type=\"text-editor.default\">\n\t\t\t\t<div class=\"elementor-widget-container\">\n\t\t\t\t\t\t\t<p style=\"text-align: justify;\">Ubicada en el coraz\u00f3n de Santa Gertrudis, la Tienda Conceptual Estudio Laterna ofrece una mezcla refinada de innovaci\u00f3n, basada en la artesan\u00eda local, texturas org\u00e1nicas y el entorno natural. Cada pieza habla a trav\u00e9s de su forma, textura e historia. Algunas de las piezas en nuestra colecci\u00f3n permanente incluyen los reverentes bronces de Enric Majoral, la inteligencia minimalista detr\u00e1s del mobiliario de Muller Van Severen, las vasijas de barro de Atelier Vierkant y las obras escult\u00f3ricas polifac\u00e9ticas de Kossmun, dise\u00f1o propio de Estudio Laterna, elaborado para evocar introspecci\u00f3n y conexi\u00f3n a trav\u00e9s de una elegancia sutil.  <\/p>\n\t\t\t\t\t\t<\/div>\n\t\t\t\t<\/div>\n\t\t\t\t<\/div>\n\t\t\t\t<div class=\"elementor-element elementor-element-270ad56 elementor-widget elementor-widget-heading\" data-id=\"270ad56\" data-element_type=\"widget\" data-widget_type=\"heading.default\">\n\t\t\t\t<div class=\"elementor-widget-container\">\n\t\t\t<h2 class=\"elementor-heading-title elementor-size-default\">Muebles<\/h2>\t\t<\/div>\n\t\t\t\t<\/div>\n\t\t\t\t<div class=\"elementor-element elementor-element-7cb7cbe elementor-widget elementor-widget-heading\" data-id=\"7cb7cbe\" data-element_type=\"widget\" data-widget_type=\"heading.default\">\n\t\t\t\t<div class=\"elementor-widget-container\">\n\t\t\t<h2 class=\"elementor-heading-title elementor-size-default\">Vasijas<\/h2>\t\t<\/div>\n\t\t\t\t<\/div>\n\t\t\t\t<div class=\"elementor-element elementor-element-3aa9b6c elementor-widget elementor-widget-heading\" data-id=\"3aa9b6c\" data-element_type=\"widget\" data-widget_type=\"heading.default\">\n\t\t\t\t<div class=\"elementor-widget-container\">\n\t\t\t<h2 class=\"elementor-heading-title elementor-size-default\">Guijarros<\/h2>\t\t<\/div>\n\t\t\t\t<\/div>\n\t\t\t\t\t<\/div>\n\t\t\t\t<\/div>\n\t\t\t\t<\/div>\n\t\t","protected":false},"excerpt":{"rendered":"<p>CONCEPTSTORE Ubicada en el coraz\u00f3n de Santa Gertrudis, la Tienda Conceptual Estudio Laterna ofrece una mezcla refinada de innovaci\u00f3n, basada en la artesan\u00eda local, texturas org\u00e1nicas y el entorno natural. Cada pieza habla a trav\u00e9s de su forma, textura e historia. Algunas de las piezas en nuestra colecci\u00f3n permanente incluyen los reverentes bronces de Enric [&hellip;]<\/p>\n","protected":false},"author":3,"featured_media":0,"parent":0,"menu_order":0,"comment_status":"closed","ping_status":"closed","template":"elementor_header_footer","meta":{"inline_featured_image":false,"footnotes":""},"class_list":["post-14975","page","type-page","status-publish","hentry"],"yoast_head":"<!-- This site is optimized with the Yoast SEO plugin v23.6 - https:\/\/yoast.com\/wordpress\/plugins\/seo\/ -->\n<title>Concept Store &#8212; Estudio Laterna<\/title>\n<meta name=\"robots\" content=\"index, follow, max-snippet:-1, max-image-preview:large, max-video-preview:-1\" \/>\n<link rel=\"canonical\" href=\"https:\/\/estudio-laterna.seiten.co\/es\/concept-store\/\" \/>\n<meta property=\"og:locale\" content=\"es_ES\" \/>\n<meta property=\"og:type\" content=\"article\" \/>\n<meta property=\"og:title\" content=\"Concept Store &#8212; Estudio Laterna\" \/>\n<meta property=\"og:description\" content=\"CONCEPTSTORE Ubicada en el coraz\u00f3n de Santa Gertrudis, la Tienda Conceptual Estudio Laterna ofrece una mezcla refinada de innovaci\u00f3n, basada en la artesan\u00eda local, texturas org\u00e1nicas y el entorno natural. Cada pieza habla a trav\u00e9s de su forma, textura e historia. Algunas de las piezas en nuestra colecci\u00f3n permanente incluyen los reverentes bronces de Enric [&hellip;]\" \/>\n<meta property=\"og:url\" content=\"https:\/\/estudio-laterna.seiten.co\/es\/concept-store\/\" \/>\n<meta property=\"og:site_name\" content=\"Estudio Laterna\" \/>\n<meta property=\"article:modified_time\" content=\"2024-11-12T14:40:41+00:00\" \/>\n<meta property=\"og:image\" content=\"https:\/\/estudio-laterna.seiten.co\/wp-content\/uploads\/2024\/09\/Kossmun-store.jpg\" \/>\n\t<meta property=\"og:image:width\" content=\"1412\" \/>\n\t<meta property=\"og:image:height\" content=\"1595\" \/>\n\t<meta property=\"og:image:type\" content=\"image\/jpeg\" \/>\n<meta name=\"twitter:card\" content=\"summary_large_image\" \/>\n<meta name=\"twitter:label1\" content=\"Tiempo de lectura\" \/>\n\t<meta name=\"twitter:data1\" content=\"10 minutos\" \/>\n<script type=\"application\/ld+json\" class=\"yoast-schema-graph\">{\"@context\":\"https:\/\/schema.org\",\"@graph\":[{\"@type\":\"WebPage\",\"@id\":\"https:\/\/estudio-laterna.seiten.co\/es\/concept-store\/\",\"url\":\"https:\/\/estudio-laterna.seiten.co\/es\/concept-store\/\",\"name\":\"Concept Store &#8212; Estudio Laterna\",\"isPartOf\":{\"@id\":\"https:\/\/estudio-laterna.seiten.co\/es\/#website\"},\"primaryImageOfPage\":{\"@id\":\"https:\/\/estudio-laterna.seiten.co\/es\/concept-store\/#primaryimage\"},\"image\":{\"@id\":\"https:\/\/estudio-laterna.seiten.co\/es\/concept-store\/#primaryimage\"},\"thumbnailUrl\":\"https:\/\/estudio-laterna.seiten.co\/wp-content\/uploads\/2024\/09\/Kossmun-store-907x1024.jpg\",\"datePublished\":\"2024-08-15T00:23:44+00:00\",\"dateModified\":\"2024-11-12T14:40:41+00:00\",\"breadcrumb\":{\"@id\":\"https:\/\/estudio-laterna.seiten.co\/es\/concept-store\/#breadcrumb\"},\"inLanguage\":\"es\",\"potentialAction\":[{\"@type\":\"ReadAction\",\"target\":[\"https:\/\/estudio-laterna.seiten.co\/es\/concept-store\/\"]}]},{\"@type\":\"ImageObject\",\"inLanguage\":\"es\",\"@id\":\"https:\/\/estudio-laterna.seiten.co\/es\/concept-store\/#primaryimage\",\"url\":\"https:\/\/estudio-laterna.seiten.co\/wp-content\/uploads\/2024\/09\/Kossmun-store-907x1024.jpg\",\"contentUrl\":\"https:\/\/estudio-laterna.seiten.co\/wp-content\/uploads\/2024\/09\/Kossmun-store-907x1024.jpg\"},{\"@type\":\"BreadcrumbList\",\"@id\":\"https:\/\/estudio-laterna.seiten.co\/es\/concept-store\/#breadcrumb\",\"itemListElement\":[{\"@type\":\"ListItem\",\"position\":1,\"name\":\"Portada\",\"item\":\"https:\/\/estudio-laterna.seiten.co\/es\/\"},{\"@type\":\"ListItem\",\"position\":2,\"name\":\"Concept Store\"}]},{\"@type\":\"WebSite\",\"@id\":\"https:\/\/estudio-laterna.seiten.co\/es\/#website\",\"url\":\"https:\/\/estudio-laterna.seiten.co\/es\/\",\"name\":\"Estudio Laterna\",\"description\":\"Landscape architecture and gardens design\",\"publisher\":{\"@id\":\"https:\/\/estudio-laterna.seiten.co\/es\/#organization\"},\"alternateName\":\"Estudio Laterna\",\"potentialAction\":[{\"@type\":\"SearchAction\",\"target\":{\"@type\":\"EntryPoint\",\"urlTemplate\":\"https:\/\/estudio-laterna.seiten.co\/es\/?s={search_term_string}\"},\"query-input\":{\"@type\":\"PropertyValueSpecification\",\"valueRequired\":true,\"valueName\":\"search_term_string\"}}],\"inLanguage\":\"es\"},{\"@type\":\"Organization\",\"@id\":\"https:\/\/estudio-laterna.seiten.co\/es\/#organization\",\"name\":\"Estudio Laterna\",\"url\":\"https:\/\/estudio-laterna.seiten.co\/es\/\",\"logo\":{\"@type\":\"ImageObject\",\"inLanguage\":\"es\",\"@id\":\"https:\/\/estudio-laterna.seiten.co\/es\/#\/schema\/logo\/image\/\",\"url\":\"https:\/\/estudio-laterna.seiten.co\/wp-content\/uploads\/2023\/03\/estudio-laterna-3.png\",\"contentUrl\":\"https:\/\/estudio-laterna.seiten.co\/wp-content\/uploads\/2023\/03\/estudio-laterna-3.png\",\"width\":500,\"height\":166,\"caption\":\"Estudio Laterna\"},\"image\":{\"@id\":\"https:\/\/estudio-laterna.seiten.co\/es\/#\/schema\/logo\/image\/\"}}]}<\/script>\n<!-- \/ Yoast SEO plugin. -->","yoast_head_json":{"title":"Concept Store &#8212; Estudio Laterna","robots":{"index":"index","follow":"follow","max-snippet":"max-snippet:-1","max-image-preview":"max-image-preview:large","max-video-preview":"max-video-preview:-1"},"canonical":"https:\/\/estudio-laterna.seiten.co\/es\/concept-store\/","og_locale":"es_ES","og_type":"article","og_title":"Concept Store &#8212; Estudio Laterna","og_description":"CONCEPTSTORE Ubicada en el coraz\u00f3n de Santa Gertrudis, la Tienda Conceptual Estudio Laterna ofrece una mezcla refinada de innovaci\u00f3n, basada en la artesan\u00eda local, texturas org\u00e1nicas y el entorno natural. Cada pieza habla a trav\u00e9s de su forma, textura e historia. Algunas de las piezas en nuestra colecci\u00f3n permanente incluyen los reverentes bronces de Enric [&hellip;]","og_url":"https:\/\/estudio-laterna.seiten.co\/es\/concept-store\/","og_site_name":"Estudio Laterna","article_modified_time":"2024-11-12T14:40:41+00:00","og_image":[{"width":1412,"height":1595,"url":"https:\/\/estudio-laterna.seiten.co\/wp-content\/uploads\/2024\/09\/Kossmun-store.jpg","type":"image\/jpeg"}],"twitter_card":"summary_large_image","twitter_misc":{"Tiempo de lectura":"10 minutos"},"schema":{"@context":"https:\/\/schema.org","@graph":[{"@type":"WebPage","@id":"https:\/\/estudio-laterna.seiten.co\/es\/concept-store\/","url":"https:\/\/estudio-laterna.seiten.co\/es\/concept-store\/","name":"Concept Store &#8212; Estudio Laterna","isPartOf":{"@id":"https:\/\/estudio-laterna.seiten.co\/es\/#website"},"primaryImageOfPage":{"@id":"https:\/\/estudio-laterna.seiten.co\/es\/concept-store\/#primaryimage"},"image":{"@id":"https:\/\/estudio-laterna.seiten.co\/es\/concept-store\/#primaryimage"},"thumbnailUrl":"https:\/\/estudio-laterna.seiten.co\/wp-content\/uploads\/2024\/09\/Kossmun-store-907x1024.jpg","datePublished":"2024-08-15T00:23:44+00:00","dateModified":"2024-11-12T14:40:41+00:00","breadcrumb":{"@id":"https:\/\/estudio-laterna.seiten.co\/es\/concept-store\/#breadcrumb"},"inLanguage":"es","potentialAction":[{"@type":"ReadAction","target":["https:\/\/estudio-laterna.seiten.co\/es\/concept-store\/"]}]},{"@type":"ImageObject","inLanguage":"es","@id":"https:\/\/estudio-laterna.seiten.co\/es\/concept-store\/#primaryimage","url":"https:\/\/estudio-laterna.seiten.co\/wp-content\/uploads\/2024\/09\/Kossmun-store-907x1024.jpg","contentUrl":"https:\/\/estudio-laterna.seiten.co\/wp-content\/uploads\/2024\/09\/Kossmun-store-907x1024.jpg"},{"@type":"BreadcrumbList","@id":"https:\/\/estudio-laterna.seiten.co\/es\/concept-store\/#breadcrumb","itemListElement":[{"@type":"ListItem","position":1,"name":"Portada","item":"https:\/\/estudio-laterna.seiten.co\/es\/"},{"@type":"ListItem","position":2,"name":"Concept Store"}]},{"@type":"WebSite","@id":"https:\/\/estudio-laterna.seiten.co\/es\/#website","url":"https:\/\/estudio-laterna.seiten.co\/es\/","name":"Estudio Laterna","description":"Landscape architecture and gardens design","publisher":{"@id":"https:\/\/estudio-laterna.seiten.co\/es\/#organization"},"alternateName":"Estudio Laterna","potentialAction":[{"@type":"SearchAction","target":{"@type":"EntryPoint","urlTemplate":"https:\/\/estudio-laterna.seiten.co\/es\/?s={search_term_string}"},"query-input":{"@type":"PropertyValueSpecification","valueRequired":true,"valueName":"search_term_string"}}],"inLanguage":"es"},{"@type":"Organization","@id":"https:\/\/estudio-laterna.seiten.co\/es\/#organization","name":"Estudio Laterna","url":"https:\/\/estudio-laterna.seiten.co\/es\/","logo":{"@type":"ImageObject","inLanguage":"es","@id":"https:\/\/estudio-laterna.seiten.co\/es\/#\/schema\/logo\/image\/","url":"https:\/\/estudio-laterna.seiten.co\/wp-content\/uploads\/2023\/03\/estudio-laterna-3.png","contentUrl":"https:\/\/estudio-laterna.seiten.co\/wp-content\/uploads\/2023\/03\/estudio-laterna-3.png","width":500,"height":166,"caption":"Estudio Laterna"},"image":{"@id":"https:\/\/estudio-laterna.seiten.co\/es\/#\/schema\/logo\/image\/"}}]}},"_links":{"self":[{"href":"https:\/\/estudio-laterna.seiten.co\/es\/wp-json\/wp\/v2\/pages\/14975","targetHints":{"allow":["GET"]}}],"collection":[{"href":"https:\/\/estudio-laterna.seiten.co\/es\/wp-json\/wp\/v2\/pages"}],"about":[{"href":"https:\/\/estudio-laterna.seiten.co\/es\/wp-json\/wp\/v2\/types\/page"}],"author":[{"embeddable":true,"href":"https:\/\/estudio-laterna.seiten.co\/es\/wp-json\/wp\/v2\/users\/3"}],"replies":[{"embeddable":true,"href":"https:\/\/estudio-laterna.seiten.co\/es\/wp-json\/wp\/v2\/comments?post=14975"}],"version-history":[{"count":56,"href":"https:\/\/estudio-laterna.seiten.co\/es\/wp-json\/wp\/v2\/pages\/14975\/revisions"}],"predecessor-version":[{"id":18061,"href":"https:\/\/estudio-laterna.seiten.co\/es\/wp-json\/wp\/v2\/pages\/14975\/revisions\/18061"}],"wp:attachment":[{"href":"https:\/\/estudio-laterna.seiten.co\/es\/wp-json\/wp\/v2\/media?parent=14975"}],"curies":[{"name":"wp","href":"https:\/\/api.w.org\/{rel}","templated":true}]}}