{"id":3528,"date":"2023-11-17T09:34:58","date_gmt":"2023-11-17T07:34:58","guid":{"rendered":"https:\/\/www.estudio-laterna.com\/home\/"},"modified":"2024-11-21T14:58:29","modified_gmt":"2024-11-21T12:58:29","slug":"home","status":"publish","type":"page","link":"https:\/\/estudio-laterna.seiten.co\/es\/","title":{"rendered":"Home"},"content":{"rendered":"\t\t<div data-elementor-type=\"wp-page\" data-elementor-id=\"3528\" class=\"elementor elementor-3528 elementor-207\" data-elementor-post-type=\"page\">\n\t\t\t\t<div class=\"elementor-element elementor-element-058f2dc e-con-full e-flex e-con e-parent\" data-id=\"058f2dc\" data-element_type=\"container\" data-settings=\"{&quot;position&quot;:&quot;fixed&quot;,&quot;background_background&quot;:&quot;classic&quot;}\">\n\t\t\t\t<div class=\"elementor-element elementor-element-15f1c8a elementor-widget elementor-widget-html\" data-id=\"15f1c8a\" data-element_type=\"widget\" data-widget_type=\"html.default\">\n\t\t\t\t<div class=\"elementor-widget-container\">\n\t\t\t<div>\n\n\n  <meta charset=\"UTF-8\">\n  <meta name=\"viewport\" content=\"width=device-width, initial-scale=1.0\">\n\n\n\n<video id=\"myVideo\" loop=\"\" playsinline=\"\" muted=\"\" autoplay=\"\">\n  <source src=\"https:\/\/player.vimeo.com\/progressive_redirect\/playback\/918388803\/rendition\/1080p\/file.mp4?loc=external&amp;signature=d86107c8253511c7c70401d7de4caf7d2c3cba6f4f0600369d728d31c118bee4\"> <\/source><\/video>\n\n<button class=\"soundButton\" onclick=\"toggleSound()\">sound on<\/button>\n\n<script>\n  var video = document.getElementById(\"myVideo\");\n  var soundButton = document.querySelector('.soundButton');\n\n  function toggleSound() {\n    if (video.muted) {\n      video.muted = false;\n      soundButton.innerText = 'sound off';\n    } else {\n      video.muted = true;\n      soundButton.innerText = 'sound on';\n    }\n  }\n  \n  function autoplay() {\n      video.play();\n  };\n  \n  autoplay();\n<\/script>\n\n\n<\/div>\t\t<\/div>\n\t\t\t\t<\/div>\n\t\t<div class=\"elementor-element elementor-element-20c32a9 e-con-full menu elementor-hidden-tablet elementor-hidden-mobile e-flex e-con e-child\" data-id=\"20c32a9\" data-element_type=\"container\" data-settings=\"{&quot;position&quot;:&quot;absolute&quot;}\">\n\t\t<div class=\"elementor-element elementor-element-d22f4ca e-con-full e-flex e-con e-child\" data-id=\"d22f4ca\" data-element_type=\"container\">\n\t\t\t\t<div class=\"elementor-element elementor-element-c05777c elementor-invisible elementor-widget elementor-widget-heading\" data-id=\"c05777c\" data-element_type=\"widget\" data-settings=\"{&quot;_animation&quot;:&quot;fadeIn&quot;,&quot;_animation_delay&quot;:100}\" data-widget_type=\"heading.default\">\n\t\t\t\t<div class=\"elementor-widget-container\">\n\t\t\t<style>\/*! elementor - v3.23.0 - 05-08-2024 *\/\n.elementor-heading-title{padding:0;margin:0;line-height:1}.elementor-widget-heading .elementor-heading-title[class*=elementor-size-]>a{color:inherit;font-size:inherit;line-height:inherit}.elementor-widget-heading .elementor-heading-title.elementor-size-small{font-size:15px}.elementor-widget-heading .elementor-heading-title.elementor-size-medium{font-size:19px}.elementor-widget-heading .elementor-heading-title.elementor-size-large{font-size:29px}.elementor-widget-heading .elementor-heading-title.elementor-size-xl{font-size:39px}.elementor-widget-heading .elementor-heading-title.elementor-size-xxl{font-size:59px}<\/style><h1 class=\"elementor-heading-title elementor-size-default\"><a href=\"https:\/\/estudio-laterna.seiten.co\/es\/estudio\/\">Estudio<\/a><\/h1>\t\t<\/div>\n\t\t\t\t<\/div>\n\t\t\t\t<\/div>\n\t\t<div class=\"elementor-element elementor-element-159d5f2 e-con-full e-flex e-con e-child\" data-id=\"159d5f2\" data-element_type=\"container\">\n\t\t\t\t<div class=\"elementor-element elementor-element-347f70e rjFont elementor-invisible elementor-widget elementor-widget-heading\" data-id=\"347f70e\" data-element_type=\"widget\" data-settings=\"{&quot;_animation&quot;:&quot;fadeIn&quot;,&quot;_animation_delay&quot;:500}\" data-widget_type=\"heading.default\">\n\t\t\t\t<div class=\"elementor-widget-container\">\n\t\t\t<h1 class=\"elementor-heading-title elementor-size-default\"><a href=\"https:\/\/estudio-laterna.seiten.co\/es\/galeria-de-arte\/\">Galer\u00eda de arte<\/a><\/h1>\t\t<\/div>\n\t\t\t\t<\/div>\n\t\t\t\t<\/div>\n\t\t<div class=\"elementor-element elementor-element-a2e7106 e-con-full e-flex e-con e-child\" data-id=\"a2e7106\" data-element_type=\"container\">\n\t\t\t\t<div class=\"elementor-element elementor-element-838693c elementor-invisible elementor-widget elementor-widget-heading\" data-id=\"838693c\" data-element_type=\"widget\" data-settings=\"{&quot;_animation&quot;:&quot;fadeIn&quot;,&quot;_animation_delay&quot;:1000}\" data-widget_type=\"heading.default\">\n\t\t\t\t<div class=\"elementor-widget-container\">\n\t\t\t<h1 class=\"elementor-heading-title elementor-size-default\"><a href=\"https:\/\/estudio-laterna.seiten.co\/es\/jardines\/#inicio\">Jardines<\/a><\/h1>\t\t<\/div>\n\t\t\t\t<\/div>\n\t\t\t\t<\/div>\n\t\t\t\t<\/div>\n\t\t<div class=\"elementor-element elementor-element-95cb8b5 e-con-full menu elementor-hidden-desktop elementor-hidden-tablet e-flex e-con e-child\" data-id=\"95cb8b5\" data-element_type=\"container\" data-settings=\"{&quot;position&quot;:&quot;absolute&quot;}\">\n\t\t<div class=\"elementor-element elementor-element-e17ee91 e-con-full e-flex e-con e-child\" data-id=\"e17ee91\" data-element_type=\"container\">\n\t\t\t\t<div class=\"elementor-element elementor-element-4fc4ce7 elementor-invisible elementor-widget elementor-widget-heading\" data-id=\"4fc4ce7\" data-element_type=\"widget\" data-settings=\"{&quot;_animation&quot;:&quot;fadeIn&quot;,&quot;_animation_delay&quot;:100}\" data-widget_type=\"heading.default\">\n\t\t\t\t<div class=\"elementor-widget-container\">\n\t\t\t<h1 class=\"elementor-heading-title elementor-size-default\"><a href=\"https:\/\/estudio-laterna.seiten.co\/es\/estudio\/\">Estudio<\/a><\/h1>\t\t<\/div>\n\t\t\t\t<\/div>\n\t\t\t\t<\/div>\n\t\t<div class=\"elementor-element elementor-element-81bdb45 e-con-full e-flex e-con e-child\" data-id=\"81bdb45\" data-element_type=\"container\">\n\t\t\t\t<div class=\"elementor-element elementor-element-82aa749 elementor-invisible elementor-widget elementor-widget-heading\" data-id=\"82aa749\" data-element_type=\"widget\" data-settings=\"{&quot;_animation&quot;:&quot;fadeIn&quot;,&quot;_animation_delay&quot;:500}\" data-widget_type=\"heading.default\">\n\t\t\t\t<div class=\"elementor-widget-container\">\n\t\t\t<h1 class=\"elementor-heading-title elementor-size-default\"><a href=\"https:\/\/estudio-laterna.seiten.co\/es\/galeria-de-arte\/\">Galer\u00eda de arte<\/a><\/h1>\t\t<\/div>\n\t\t\t\t<\/div>\n\t\t\t\t<\/div>\n\t\t<div class=\"elementor-element elementor-element-8b8b391 e-con-full e-flex e-con e-child\" data-id=\"8b8b391\" data-element_type=\"container\">\n\t\t\t\t<div class=\"elementor-element elementor-element-b648f17 elementor-invisible elementor-widget elementor-widget-heading\" data-id=\"b648f17\" data-element_type=\"widget\" data-settings=\"{&quot;_animation&quot;:&quot;fadeIn&quot;,&quot;_animation_delay&quot;:1000}\" data-widget_type=\"heading.default\">\n\t\t\t\t<div class=\"elementor-widget-container\">\n\t\t\t<h1 class=\"elementor-heading-title elementor-size-default\"><a href=\"https:\/\/estudio-laterna.seiten.co\/es\/jardines\/#inicio\">Jardines<\/a><\/h1>\t\t<\/div>\n\t\t\t\t<\/div>\n\t\t\t\t<\/div>\n\t\t\t\t<\/div>\n\t\t<div class=\"elementor-element elementor-element-65bb3eb e-con-full menu elementor-hidden-desktop elementor-hidden-mobile e-flex e-con e-child\" data-id=\"65bb3eb\" data-element_type=\"container\" data-settings=\"{&quot;position&quot;:&quot;absolute&quot;}\">\n\t\t<div class=\"elementor-element elementor-element-ee41311 e-con-full e-flex e-con e-child\" data-id=\"ee41311\" data-element_type=\"container\">\n\t\t\t\t<div class=\"elementor-element elementor-element-bd3d306 elementor-invisible elementor-widget elementor-widget-heading\" data-id=\"bd3d306\" data-element_type=\"widget\" data-settings=\"{&quot;_animation&quot;:&quot;fadeIn&quot;,&quot;_animation_delay&quot;:100}\" data-widget_type=\"heading.default\">\n\t\t\t\t<div class=\"elementor-widget-container\">\n\t\t\t<h1 class=\"elementor-heading-title elementor-size-default\"><a href=\"https:\/\/estudio-laterna.seiten.co\/es\/estudio\/\">Estudio<\/a><\/h1>\t\t<\/div>\n\t\t\t\t<\/div>\n\t\t\t\t<\/div>\n\t\t<div class=\"elementor-element elementor-element-5475c00 e-con-full e-flex e-con e-child\" data-id=\"5475c00\" data-element_type=\"container\">\n\t\t\t\t<div class=\"elementor-element elementor-element-ae6ada8 elementor-invisible elementor-widget elementor-widget-heading\" data-id=\"ae6ada8\" data-element_type=\"widget\" data-settings=\"{&quot;_animation&quot;:&quot;fadeIn&quot;,&quot;_animation_delay&quot;:500}\" data-widget_type=\"heading.default\">\n\t\t\t\t<div class=\"elementor-widget-container\">\n\t\t\t<h1 class=\"elementor-heading-title elementor-size-default\"><a href=\"https:\/\/estudio-laterna.seiten.co\/es\/galeria-de-arte\/\">Galer\u00eda de arte<\/a><\/h1>\t\t<\/div>\n\t\t\t\t<\/div>\n\t\t\t\t<\/div>\n\t\t<div class=\"elementor-element elementor-element-51c7635 e-con-full e-flex e-con e-child\" data-id=\"51c7635\" data-element_type=\"container\">\n\t\t\t\t<div class=\"elementor-element elementor-element-fc0db60 elementor-invisible elementor-widget elementor-widget-heading\" data-id=\"fc0db60\" data-element_type=\"widget\" data-settings=\"{&quot;_animation&quot;:&quot;fadeIn&quot;,&quot;_animation_delay&quot;:1000}\" data-widget_type=\"heading.default\">\n\t\t\t\t<div class=\"elementor-widget-container\">\n\t\t\t<h1 class=\"elementor-heading-title elementor-size-default\"><a href=\"https:\/\/estudio-laterna.seiten.co\/es\/jardines\/#inicio\">Jardines<\/a><\/h1>\t\t<\/div>\n\t\t\t\t<\/div>\n\t\t\t\t<\/div>\n\t\t\t\t<\/div>\n\t\t\t\t<\/div>\n\t\t\t\t<\/div>\n\t\t","protected":false},"excerpt":{"rendered":"<p>sound on Estudio Galer\u00eda de arte Jardines Estudio Galer\u00eda de arte Jardines Estudio Galer\u00eda de arte Jardines<\/p>\n","protected":false},"author":1,"featured_media":0,"parent":0,"menu_order":0,"comment_status":"closed","ping_status":"closed","template":"","meta":{"inline_featured_image":false,"footnotes":""},"class_list":["post-3528","page","type-page","status-publish","hentry"],"yoast_head":"<!-- This site is optimized with the Yoast SEO plugin v23.6 - https:\/\/yoast.com\/wordpress\/plugins\/seo\/ -->\n<title>Home &#8212; Estudio Laterna<\/title>\n<meta name=\"description\" content=\"Estudio Laterna es una empresa de dise\u00f1o de paisajismo y jardines que cuenta tambi\u00e9n con una galer\u00eda de arte, un estudio de dise\u00f1o y una librer\u00eda.\" \/>\n<meta name=\"robots\" content=\"index, follow, max-snippet:-1, max-image-preview:large, max-video-preview:-1\" \/>\n<link rel=\"canonical\" href=\"https:\/\/estudio-laterna.seiten.co\/es\/\" \/>\n<meta property=\"og:locale\" content=\"es_ES\" \/>\n<meta property=\"og:type\" content=\"article\" \/>\n<meta property=\"og:title\" content=\"Home &#8212; Estudio Laterna\" \/>\n<meta property=\"og:description\" content=\"Estudio Laterna es una empresa de dise\u00f1o de paisajismo y jardines que cuenta tambi\u00e9n con una galer\u00eda de arte, un estudio de dise\u00f1o y una librer\u00eda.\" \/>\n<meta property=\"og:url\" content=\"https:\/\/estudio-laterna.seiten.co\/es\/\" \/>\n<meta property=\"og:site_name\" content=\"Estudio Laterna\" \/>\n<meta property=\"article:modified_time\" content=\"2024-11-21T12:58:29+00:00\" \/>\n<meta name=\"twitter:card\" content=\"summary_large_image\" \/>\n<meta name=\"twitter:label1\" content=\"Tiempo de lectura\" \/>\n\t<meta name=\"twitter:data1\" content=\"1 minuto\" \/>\n<script type=\"application\/ld+json\" class=\"yoast-schema-graph\">{\"@context\":\"https:\/\/schema.org\",\"@graph\":[{\"@type\":\"WebPage\",\"@id\":\"https:\/\/estudio-laterna.seiten.co\/es\/\",\"url\":\"https:\/\/estudio-laterna.seiten.co\/es\/\",\"name\":\"Home &#8212; Estudio Laterna\",\"isPartOf\":{\"@id\":\"https:\/\/estudio-laterna.seiten.co\/es\/#website\"},\"datePublished\":\"2023-11-17T07:34:58+00:00\",\"dateModified\":\"2024-11-21T12:58:29+00:00\",\"description\":\"Estudio Laterna es una empresa de dise\u00f1o de paisajismo y jardines que cuenta tambi\u00e9n con una galer\u00eda de arte, un estudio de dise\u00f1o y una librer\u00eda.\",\"breadcrumb\":{\"@id\":\"https:\/\/estudio-laterna.seiten.co\/es\/#breadcrumb\"},\"inLanguage\":\"es\",\"potentialAction\":[{\"@type\":\"ReadAction\",\"target\":[\"https:\/\/estudio-laterna.seiten.co\/es\/\"]}]},{\"@type\":\"BreadcrumbList\",\"@id\":\"https:\/\/estudio-laterna.seiten.co\/es\/#breadcrumb\",\"itemListElement\":[{\"@type\":\"ListItem\",\"position\":1,\"name\":\"Portada\",\"item\":\"https:\/\/estudio-laterna.seiten.co\/es\/\"},{\"@type\":\"ListItem\",\"position\":2,\"name\":\"Home\"}]},{\"@type\":\"WebSite\",\"@id\":\"https:\/\/estudio-laterna.seiten.co\/es\/#website\",\"url\":\"https:\/\/estudio-laterna.seiten.co\/es\/\",\"name\":\"Estudio Laterna\",\"description\":\"Landscape architecture and gardens design\",\"publisher\":{\"@id\":\"https:\/\/estudio-laterna.seiten.co\/es\/#organization\"},\"alternateName\":\"Estudio Laterna\",\"potentialAction\":[{\"@type\":\"SearchAction\",\"target\":{\"@type\":\"EntryPoint\",\"urlTemplate\":\"https:\/\/estudio-laterna.seiten.co\/es\/?s={search_term_string}\"},\"query-input\":{\"@type\":\"PropertyValueSpecification\",\"valueRequired\":true,\"valueName\":\"search_term_string\"}}],\"inLanguage\":\"es\"},{\"@type\":\"Organization\",\"@id\":\"https:\/\/estudio-laterna.seiten.co\/es\/#organization\",\"name\":\"Estudio Laterna\",\"url\":\"https:\/\/estudio-laterna.seiten.co\/es\/\",\"logo\":{\"@type\":\"ImageObject\",\"inLanguage\":\"es\",\"@id\":\"https:\/\/estudio-laterna.seiten.co\/es\/#\/schema\/logo\/image\/\",\"url\":\"https:\/\/estudio-laterna.seiten.co\/wp-content\/uploads\/2023\/03\/estudio-laterna-3.png\",\"contentUrl\":\"https:\/\/estudio-laterna.seiten.co\/wp-content\/uploads\/2023\/03\/estudio-laterna-3.png\",\"width\":500,\"height\":166,\"caption\":\"Estudio Laterna\"},\"image\":{\"@id\":\"https:\/\/estudio-laterna.seiten.co\/es\/#\/schema\/logo\/image\/\"}}]}<\/script>\n<!-- \/ Yoast SEO plugin. -->","yoast_head_json":{"title":"Home &#8212; Estudio Laterna","description":"Estudio Laterna es una empresa de dise\u00f1o de paisajismo y jardines que cuenta tambi\u00e9n con una galer\u00eda de arte, un estudio de dise\u00f1o y una librer\u00eda.","robots":{"index":"index","follow":"follow","max-snippet":"max-snippet:-1","max-image-preview":"max-image-preview:large","max-video-preview":"max-video-preview:-1"},"canonical":"https:\/\/estudio-laterna.seiten.co\/es\/","og_locale":"es_ES","og_type":"article","og_title":"Home &#8212; Estudio Laterna","og_description":"Estudio Laterna es una empresa de dise\u00f1o de paisajismo y jardines que cuenta tambi\u00e9n con una galer\u00eda de arte, un estudio de dise\u00f1o y una librer\u00eda.","og_url":"https:\/\/estudio-laterna.seiten.co\/es\/","og_site_name":"Estudio Laterna","article_modified_time":"2024-11-21T12:58:29+00:00","twitter_card":"summary_large_image","twitter_misc":{"Tiempo de lectura":"1 minuto"},"schema":{"@context":"https:\/\/schema.org","@graph":[{"@type":"WebPage","@id":"https:\/\/estudio-laterna.seiten.co\/es\/","url":"https:\/\/estudio-laterna.seiten.co\/es\/","name":"Home &#8212; Estudio Laterna","isPartOf":{"@id":"https:\/\/estudio-laterna.seiten.co\/es\/#website"},"datePublished":"2023-11-17T07:34:58+00:00","dateModified":"2024-11-21T12:58:29+00:00","description":"Estudio Laterna es una empresa de dise\u00f1o de paisajismo y jardines que cuenta tambi\u00e9n con una galer\u00eda de arte, un estudio de dise\u00f1o y una librer\u00eda.","breadcrumb":{"@id":"https:\/\/estudio-laterna.seiten.co\/es\/#breadcrumb"},"inLanguage":"es","potentialAction":[{"@type":"ReadAction","target":["https:\/\/estudio-laterna.seiten.co\/es\/"]}]},{"@type":"BreadcrumbList","@id":"https:\/\/estudio-laterna.seiten.co\/es\/#breadcrumb","itemListElement":[{"@type":"ListItem","position":1,"name":"Portada","item":"https:\/\/estudio-laterna.seiten.co\/es\/"},{"@type":"ListItem","position":2,"name":"Home"}]},{"@type":"WebSite","@id":"https:\/\/estudio-laterna.seiten.co\/es\/#website","url":"https:\/\/estudio-laterna.seiten.co\/es\/","name":"Estudio Laterna","description":"Landscape architecture and gardens design","publisher":{"@id":"https:\/\/estudio-laterna.seiten.co\/es\/#organization"},"alternateName":"Estudio Laterna","potentialAction":[{"@type":"SearchAction","target":{"@type":"EntryPoint","urlTemplate":"https:\/\/estudio-laterna.seiten.co\/es\/?s={search_term_string}"},"query-input":{"@type":"PropertyValueSpecification","valueRequired":true,"valueName":"search_term_string"}}],"inLanguage":"es"},{"@type":"Organization","@id":"https:\/\/estudio-laterna.seiten.co\/es\/#organization","name":"Estudio Laterna","url":"https:\/\/estudio-laterna.seiten.co\/es\/","logo":{"@type":"ImageObject","inLanguage":"es","@id":"https:\/\/estudio-laterna.seiten.co\/es\/#\/schema\/logo\/image\/","url":"https:\/\/estudio-laterna.seiten.co\/wp-content\/uploads\/2023\/03\/estudio-laterna-3.png","contentUrl":"https:\/\/estudio-laterna.seiten.co\/wp-content\/uploads\/2023\/03\/estudio-laterna-3.png","width":500,"height":166,"caption":"Estudio Laterna"},"image":{"@id":"https:\/\/estudio-laterna.seiten.co\/es\/#\/schema\/logo\/image\/"}}]}},"_links":{"self":[{"href":"https:\/\/estudio-laterna.seiten.co\/es\/wp-json\/wp\/v2\/pages\/3528","targetHints":{"allow":["GET"]}}],"collection":[{"href":"https:\/\/estudio-laterna.seiten.co\/es\/wp-json\/wp\/v2\/pages"}],"about":[{"href":"https:\/\/estudio-laterna.seiten.co\/es\/wp-json\/wp\/v2\/types\/page"}],"author":[{"embeddable":true,"href":"https:\/\/estudio-laterna.seiten.co\/es\/wp-json\/wp\/v2\/users\/1"}],"replies":[{"embeddable":true,"href":"https:\/\/estudio-laterna.seiten.co\/es\/wp-json\/wp\/v2\/comments?post=3528"}],"version-history":[{"count":152,"href":"https:\/\/estudio-laterna.seiten.co\/es\/wp-json\/wp\/v2\/pages\/3528\/revisions"}],"predecessor-version":[{"id":18255,"href":"https:\/\/estudio-laterna.seiten.co\/es\/wp-json\/wp\/v2\/pages\/3528\/revisions\/18255"}],"wp:attachment":[{"href":"https:\/\/estudio-laterna.seiten.co\/es\/wp-json\/wp\/v2\/media?parent=3528"}],"curies":[{"name":"wp","href":"https:\/\/api.w.org\/{rel}","templated":true}]}}