{"id":4794,"date":"2024-02-16T10:12:44","date_gmt":"2024-02-16T08:12:44","guid":{"rendered":"https:\/\/www.estudio-laterna.com\/estudio\/"},"modified":"2024-11-13T08:05:12","modified_gmt":"2024-11-13T06:05:12","slug":"estudio","status":"publish","type":"page","link":"https:\/\/estudio-laterna.seiten.co\/es\/estudio\/","title":{"rendered":"Estudio"},"content":{"rendered":"\t\t<div data-elementor-type=\"wp-page\" data-elementor-id=\"4794\" class=\"elementor elementor-4794 elementor-618\" data-elementor-post-type=\"page\">\n\t\t\t\t<div class=\"elementor-element elementor-element-3b0e837 e-con-full animated-slow e-flex elementor-invisible e-con e-parent\" data-id=\"3b0e837\" data-element_type=\"container\" data-settings=\"{&quot;background_background&quot;:&quot;slideshow&quot;,&quot;background_slideshow_gallery&quot;:[{&quot;id&quot;:3674,&quot;url&quot;:&quot;https:\\\/\\\/estudio-laterna.seiten.co\\\/wp-content\\\/uploads\\\/2024\\\/03\\\/Estudio4.webp&quot;},{&quot;id&quot;:3670,&quot;url&quot;:&quot;https:\\\/\\\/estudio-laterna.seiten.co\\\/wp-content\\\/uploads\\\/2024\\\/03\\\/Estudio2.webp&quot;},{&quot;id&quot;:3672,&quot;url&quot;:&quot;https:\\\/\\\/estudio-laterna.seiten.co\\\/wp-content\\\/uploads\\\/2024\\\/03\\\/Estudio3.webp&quot;}],&quot;background_slideshow_slide_duration&quot;:3000,&quot;background_slideshow_transition_duration&quot;:1500,&quot;animation&quot;:&quot;fadeIn&quot;,&quot;position&quot;:&quot;fixed&quot;,&quot;background_slideshow_loop&quot;:&quot;yes&quot;,&quot;background_slideshow_slide_transition&quot;:&quot;fade&quot;}\">\n\t\t<div class=\"elementor-element elementor-element-a8d1442 e-con-full elementor-hidden-mobile e-flex e-con e-child\" data-id=\"a8d1442\" data-element_type=\"container\">\n\t\t\t\t<div class=\"elementor-element elementor-element-f9eb66f active elementor-widget__width-initial elementor-hidden-mobile elementor-hidden-tablet elementor-widget elementor-widget-heading\" data-id=\"f9eb66f\" data-element_type=\"widget\" data-widget_type=\"heading.default\">\n\t\t\t\t<div class=\"elementor-widget-container\">\n\t\t\t<style>\/*! elementor - v3.23.0 - 05-08-2024 *\/\n.elementor-heading-title{padding:0;margin:0;line-height:1}.elementor-widget-heading .elementor-heading-title[class*=elementor-size-]>a{color:inherit;font-size:inherit;line-height:inherit}.elementor-widget-heading .elementor-heading-title.elementor-size-small{font-size:15px}.elementor-widget-heading .elementor-heading-title.elementor-size-medium{font-size:19px}.elementor-widget-heading .elementor-heading-title.elementor-size-large{font-size:29px}.elementor-widget-heading .elementor-heading-title.elementor-size-xl{font-size:39px}.elementor-widget-heading .elementor-heading-title.elementor-size-xxl{font-size:59px}<\/style><h1 class=\"elementor-heading-title elementor-size-default\"><a href=\"https:\/\/estudio-laterna.seiten.co\/es\/estudio\/\">Estudio<\/a><\/h1>\t\t<\/div>\n\t\t\t\t<\/div>\n\t\t\t\t<div class=\"elementor-element elementor-element-223e1cd elementor-widget__width-initial elementor-hidden-tablet elementor-hidden-mobile elementor-invisible elementor-widget elementor-widget-text-editor\" data-id=\"223e1cd\" data-element_type=\"widget\" data-settings=\"{&quot;_animation&quot;:&quot;fadeIn&quot;,&quot;_animation_delay&quot;:800}\" data-widget_type=\"text-editor.default\">\n\t\t\t\t<div class=\"elementor-widget-container\">\n\t\t\t<style>\/*! elementor - v3.23.0 - 05-08-2024 *\/\n.elementor-widget-text-editor.elementor-drop-cap-view-stacked .elementor-drop-cap{background-color:#69727d;color:#fff}.elementor-widget-text-editor.elementor-drop-cap-view-framed .elementor-drop-cap{color:#69727d;border:3px solid;background-color:transparent}.elementor-widget-text-editor:not(.elementor-drop-cap-view-default) .elementor-drop-cap{margin-top:8px}.elementor-widget-text-editor:not(.elementor-drop-cap-view-default) .elementor-drop-cap-letter{width:1em;height:1em}.elementor-widget-text-editor .elementor-drop-cap{float:left;text-align:center;line-height:1;font-size:50px}.elementor-widget-text-editor .elementor-drop-cap-letter{display:inline-block}<\/style>\t\t\t\t<p>Una integraci\u00f3n de arquitectura paisaj\u00edstica, arte y naturaleza: un lugar donde cada elemento realza al otro en un equilibrio cuidadosamente curado, concebido por los dise\u00f1os de Andrea S\u00e1nchez. Creado para fomentar conexiones profundas con el mundo natural y elaborado con esmero, el prop\u00f3sito es revelar la armon\u00eda subyacente entre la creatividad interior y el entorno. Encarnamos una filosof\u00eda art\u00edstica, dise\u00f1ando espacios exteriores que inspiran la contemplaci\u00f3n y profundizan nuestra comprensi\u00f3n de la sinergia universal.  <\/p>\n\t\t\t\t\t\t<\/div>\n\t\t\t\t<\/div>\n\t\t\t\t<\/div>\n\t\t<div class=\"elementor-element elementor-element-cad3176 e-con-full elementor-hidden-desktop elementor-hidden-tablet e-flex e-con e-child\" data-id=\"cad3176\" data-element_type=\"container\" data-settings=\"{&quot;background_background&quot;:&quot;classic&quot;,&quot;position&quot;:&quot;absolute&quot;,&quot;animation&quot;:&quot;none&quot;}\">\n\t\t\t\t<div class=\"elementor-element elementor-element-bec80a2 active elementor-hidden-desktop elementor-hidden-tablet elementor-widget elementor-widget-heading\" data-id=\"bec80a2\" data-element_type=\"widget\" data-widget_type=\"heading.default\">\n\t\t\t\t<div class=\"elementor-widget-container\">\n\t\t\t<h1 class=\"elementor-heading-title elementor-size-default\"><a href=\"https:\/\/estudio-laterna.seiten.co\/es\/estudio\/\">Estudio<\/a><\/h1>\t\t<\/div>\n\t\t\t\t<\/div>\n\t\t\t\t<div class=\"elementor-element elementor-element-0615555 elementor-widget__width-initial elementor-hidden-desktop elementor-hidden-tablet elementor-invisible elementor-widget elementor-widget-text-editor\" data-id=\"0615555\" data-element_type=\"widget\" data-settings=\"{&quot;_animation&quot;:&quot;fadeIn&quot;,&quot;_animation_delay&quot;:600}\" data-widget_type=\"text-editor.default\">\n\t\t\t\t<div class=\"elementor-widget-container\">\n\t\t\t\t\t\t\t<p>Una integraci\u00f3n de arquitectura paisaj\u00edstica, arte y naturaleza: un lugar donde cada elemento realza al otro en un equilibrio cuidadosamente curado, concebido por los dise\u00f1os de Andrea S\u00e1nchez. Creado para fomentar conexiones profundas con el mundo natural y elaborado con esmero, el prop\u00f3sito es revelar la armon\u00eda subyacente entre la creatividad interior y el entorno. Encarnamos una filosof\u00eda art\u00edstica, dise\u00f1ando espacios exteriores que inspiran la contemplaci\u00f3n y profundizan nuestra comprensi\u00f3n de la sinergia universal.<\/p>\t\t\t\t\t\t<\/div>\n\t\t\t\t<\/div>\n\t\t\t\t<\/div>\n\t\t<div class=\"elementor-element elementor-element-43fc256 e-con-full elementor-hidden-desktop elementor-hidden-mobile e-flex e-con e-child\" data-id=\"43fc256\" data-element_type=\"container\" data-settings=\"{&quot;background_background&quot;:&quot;classic&quot;,&quot;position&quot;:&quot;absolute&quot;,&quot;animation&quot;:&quot;none&quot;}\">\n\t\t\t\t<div class=\"elementor-element elementor-element-3782906 elementor-hidden-desktop elementor-absolute elementor-hidden-mobile elementor-widget elementor-widget-heading\" data-id=\"3782906\" data-element_type=\"widget\" data-settings=\"{&quot;_position&quot;:&quot;absolute&quot;}\" data-widget_type=\"heading.default\">\n\t\t\t\t<div class=\"elementor-widget-container\">\n\t\t\t<h1 class=\"elementor-heading-title elementor-size-default\"><a href=\"https:\/\/estudio-laterna.seiten.co\/es\/estudio\/\">Estudio<\/a><\/h1>\t\t<\/div>\n\t\t\t\t<\/div>\n\t\t\t\t<div class=\"elementor-element elementor-element-a2e5e3a elementor-widget__width-initial elementor-hidden-desktop elementor-absolute elementor-hidden-mobile elementor-invisible elementor-widget elementor-widget-text-editor\" data-id=\"a2e5e3a\" data-element_type=\"widget\" data-settings=\"{&quot;_animation&quot;:&quot;fadeIn&quot;,&quot;_animation_delay&quot;:600,&quot;_position&quot;:&quot;absolute&quot;}\" data-widget_type=\"text-editor.default\">\n\t\t\t\t<div class=\"elementor-widget-container\">\n\t\t\t\t\t\t\t<p>Una integraci\u00f3n de arquitectura paisaj\u00edstica, arte y naturaleza: un lugar donde cada elemento realza al otro en un equilibrio cuidadosamente curado, concebido por los dise\u00f1os de Andrea S\u00e1nchez. Creado para fomentar conexiones profundas con el mundo natural y elaborado con esmero, el prop\u00f3sito es revelar la armon\u00eda subyacente entre la creatividad interior y el entorno. Encarnamos una filosof\u00eda art\u00edstica, dise\u00f1ando espacios exteriores que inspiran la contemplaci\u00f3n y profundizan nuestra comprensi\u00f3n de la sinergia universal.<\/p>\t\t\t\t\t\t<\/div>\n\t\t\t\t<\/div>\n\t\t\t\t<\/div>\n\t\t\t\t<\/div>\n\t\t\t\t<\/div>\n\t\t","protected":false},"excerpt":{"rendered":"<p>Estudio Una integraci\u00f3n de arquitectura paisaj\u00edstica, arte y naturaleza: un lugar donde cada elemento realza al otro en un equilibrio cuidadosamente curado, concebido por los dise\u00f1os de Andrea S\u00e1nchez. Creado para fomentar conexiones profundas con el mundo natural y elaborado con esmero, el prop\u00f3sito es revelar la armon\u00eda subyacente entre la creatividad interior y el [&hellip;]<\/p>\n","protected":false},"author":1,"featured_media":0,"parent":0,"menu_order":0,"comment_status":"closed","ping_status":"closed","template":"","meta":{"inline_featured_image":false,"footnotes":""},"class_list":["post-4794","page","type-page","status-publish","hentry"],"yoast_head":"<!-- This site is optimized with the Yoast SEO plugin v23.6 - https:\/\/yoast.com\/wordpress\/plugins\/seo\/ -->\n<title>Estudio &#8212; Estudio Laterna<\/title>\n<meta name=\"robots\" content=\"index, follow, max-snippet:-1, max-image-preview:large, max-video-preview:-1\" \/>\n<link rel=\"canonical\" href=\"https:\/\/estudio-laterna.seiten.co\/es\/estudio\/\" \/>\n<meta property=\"og:locale\" content=\"es_ES\" \/>\n<meta property=\"og:type\" content=\"article\" \/>\n<meta property=\"og:title\" content=\"Estudio &#8212; Estudio Laterna\" \/>\n<meta property=\"og:description\" content=\"Estudio Una integraci\u00f3n de arquitectura paisaj\u00edstica, arte y naturaleza: un lugar donde cada elemento realza al otro en un equilibrio cuidadosamente curado, concebido por los dise\u00f1os de Andrea S\u00e1nchez. Creado para fomentar conexiones profundas con el mundo natural y elaborado con esmero, el prop\u00f3sito es revelar la armon\u00eda subyacente entre la creatividad interior y el [&hellip;]\" \/>\n<meta property=\"og:url\" content=\"https:\/\/estudio-laterna.seiten.co\/es\/estudio\/\" \/>\n<meta property=\"og:site_name\" content=\"Estudio Laterna\" \/>\n<meta property=\"article:modified_time\" content=\"2024-11-13T06:05:12+00:00\" \/>\n<meta name=\"twitter:card\" content=\"summary_large_image\" \/>\n<meta name=\"twitter:label1\" content=\"Tiempo de lectura\" \/>\n\t<meta name=\"twitter:data1\" content=\"2 minutos\" \/>\n<script type=\"application\/ld+json\" class=\"yoast-schema-graph\">{\"@context\":\"https:\/\/schema.org\",\"@graph\":[{\"@type\":\"WebPage\",\"@id\":\"https:\/\/estudio-laterna.seiten.co\/es\/estudio\/\",\"url\":\"https:\/\/estudio-laterna.seiten.co\/es\/estudio\/\",\"name\":\"Estudio &#8212; Estudio Laterna\",\"isPartOf\":{\"@id\":\"https:\/\/estudio-laterna.seiten.co\/es\/#website\"},\"datePublished\":\"2024-02-16T08:12:44+00:00\",\"dateModified\":\"2024-11-13T06:05:12+00:00\",\"breadcrumb\":{\"@id\":\"https:\/\/estudio-laterna.seiten.co\/es\/estudio\/#breadcrumb\"},\"inLanguage\":\"es\",\"potentialAction\":[{\"@type\":\"ReadAction\",\"target\":[\"https:\/\/estudio-laterna.seiten.co\/es\/estudio\/\"]}]},{\"@type\":\"BreadcrumbList\",\"@id\":\"https:\/\/estudio-laterna.seiten.co\/es\/estudio\/#breadcrumb\",\"itemListElement\":[{\"@type\":\"ListItem\",\"position\":1,\"name\":\"Portada\",\"item\":\"https:\/\/estudio-laterna.seiten.co\/es\/\"},{\"@type\":\"ListItem\",\"position\":2,\"name\":\"Estudio\"}]},{\"@type\":\"WebSite\",\"@id\":\"https:\/\/estudio-laterna.seiten.co\/es\/#website\",\"url\":\"https:\/\/estudio-laterna.seiten.co\/es\/\",\"name\":\"Estudio Laterna\",\"description\":\"Landscape architecture and gardens design\",\"publisher\":{\"@id\":\"https:\/\/estudio-laterna.seiten.co\/es\/#organization\"},\"alternateName\":\"Estudio Laterna\",\"potentialAction\":[{\"@type\":\"SearchAction\",\"target\":{\"@type\":\"EntryPoint\",\"urlTemplate\":\"https:\/\/estudio-laterna.seiten.co\/es\/?s={search_term_string}\"},\"query-input\":{\"@type\":\"PropertyValueSpecification\",\"valueRequired\":true,\"valueName\":\"search_term_string\"}}],\"inLanguage\":\"es\"},{\"@type\":\"Organization\",\"@id\":\"https:\/\/estudio-laterna.seiten.co\/es\/#organization\",\"name\":\"Estudio Laterna\",\"url\":\"https:\/\/estudio-laterna.seiten.co\/es\/\",\"logo\":{\"@type\":\"ImageObject\",\"inLanguage\":\"es\",\"@id\":\"https:\/\/estudio-laterna.seiten.co\/es\/#\/schema\/logo\/image\/\",\"url\":\"https:\/\/estudio-laterna.seiten.co\/wp-content\/uploads\/2023\/03\/estudio-laterna-3.png\",\"contentUrl\":\"https:\/\/estudio-laterna.seiten.co\/wp-content\/uploads\/2023\/03\/estudio-laterna-3.png\",\"width\":500,\"height\":166,\"caption\":\"Estudio Laterna\"},\"image\":{\"@id\":\"https:\/\/estudio-laterna.seiten.co\/es\/#\/schema\/logo\/image\/\"}}]}<\/script>\n<!-- \/ Yoast SEO plugin. -->","yoast_head_json":{"title":"Estudio &#8212; Estudio Laterna","robots":{"index":"index","follow":"follow","max-snippet":"max-snippet:-1","max-image-preview":"max-image-preview:large","max-video-preview":"max-video-preview:-1"},"canonical":"https:\/\/estudio-laterna.seiten.co\/es\/estudio\/","og_locale":"es_ES","og_type":"article","og_title":"Estudio &#8212; Estudio Laterna","og_description":"Estudio Una integraci\u00f3n de arquitectura paisaj\u00edstica, arte y naturaleza: un lugar donde cada elemento realza al otro en un equilibrio cuidadosamente curado, concebido por los dise\u00f1os de Andrea S\u00e1nchez. Creado para fomentar conexiones profundas con el mundo natural y elaborado con esmero, el prop\u00f3sito es revelar la armon\u00eda subyacente entre la creatividad interior y el [&hellip;]","og_url":"https:\/\/estudio-laterna.seiten.co\/es\/estudio\/","og_site_name":"Estudio Laterna","article_modified_time":"2024-11-13T06:05:12+00:00","twitter_card":"summary_large_image","twitter_misc":{"Tiempo de lectura":"2 minutos"},"schema":{"@context":"https:\/\/schema.org","@graph":[{"@type":"WebPage","@id":"https:\/\/estudio-laterna.seiten.co\/es\/estudio\/","url":"https:\/\/estudio-laterna.seiten.co\/es\/estudio\/","name":"Estudio &#8212; Estudio Laterna","isPartOf":{"@id":"https:\/\/estudio-laterna.seiten.co\/es\/#website"},"datePublished":"2024-02-16T08:12:44+00:00","dateModified":"2024-11-13T06:05:12+00:00","breadcrumb":{"@id":"https:\/\/estudio-laterna.seiten.co\/es\/estudio\/#breadcrumb"},"inLanguage":"es","potentialAction":[{"@type":"ReadAction","target":["https:\/\/estudio-laterna.seiten.co\/es\/estudio\/"]}]},{"@type":"BreadcrumbList","@id":"https:\/\/estudio-laterna.seiten.co\/es\/estudio\/#breadcrumb","itemListElement":[{"@type":"ListItem","position":1,"name":"Portada","item":"https:\/\/estudio-laterna.seiten.co\/es\/"},{"@type":"ListItem","position":2,"name":"Estudio"}]},{"@type":"WebSite","@id":"https:\/\/estudio-laterna.seiten.co\/es\/#website","url":"https:\/\/estudio-laterna.seiten.co\/es\/","name":"Estudio Laterna","description":"Landscape architecture and gardens design","publisher":{"@id":"https:\/\/estudio-laterna.seiten.co\/es\/#organization"},"alternateName":"Estudio Laterna","potentialAction":[{"@type":"SearchAction","target":{"@type":"EntryPoint","urlTemplate":"https:\/\/estudio-laterna.seiten.co\/es\/?s={search_term_string}"},"query-input":{"@type":"PropertyValueSpecification","valueRequired":true,"valueName":"search_term_string"}}],"inLanguage":"es"},{"@type":"Organization","@id":"https:\/\/estudio-laterna.seiten.co\/es\/#organization","name":"Estudio Laterna","url":"https:\/\/estudio-laterna.seiten.co\/es\/","logo":{"@type":"ImageObject","inLanguage":"es","@id":"https:\/\/estudio-laterna.seiten.co\/es\/#\/schema\/logo\/image\/","url":"https:\/\/estudio-laterna.seiten.co\/wp-content\/uploads\/2023\/03\/estudio-laterna-3.png","contentUrl":"https:\/\/estudio-laterna.seiten.co\/wp-content\/uploads\/2023\/03\/estudio-laterna-3.png","width":500,"height":166,"caption":"Estudio Laterna"},"image":{"@id":"https:\/\/estudio-laterna.seiten.co\/es\/#\/schema\/logo\/image\/"}}]}},"_links":{"self":[{"href":"https:\/\/estudio-laterna.seiten.co\/es\/wp-json\/wp\/v2\/pages\/4794","targetHints":{"allow":["GET"]}}],"collection":[{"href":"https:\/\/estudio-laterna.seiten.co\/es\/wp-json\/wp\/v2\/pages"}],"about":[{"href":"https:\/\/estudio-laterna.seiten.co\/es\/wp-json\/wp\/v2\/types\/page"}],"author":[{"embeddable":true,"href":"https:\/\/estudio-laterna.seiten.co\/es\/wp-json\/wp\/v2\/users\/1"}],"replies":[{"embeddable":true,"href":"https:\/\/estudio-laterna.seiten.co\/es\/wp-json\/wp\/v2\/comments?post=4794"}],"version-history":[{"count":85,"href":"https:\/\/estudio-laterna.seiten.co\/es\/wp-json\/wp\/v2\/pages\/4794\/revisions"}],"predecessor-version":[{"id":17893,"href":"https:\/\/estudio-laterna.seiten.co\/es\/wp-json\/wp\/v2\/pages\/4794\/revisions\/17893"}],"wp:attachment":[{"href":"https:\/\/estudio-laterna.seiten.co\/es\/wp-json\/wp\/v2\/media?parent=4794"}],"curies":[{"name":"wp","href":"https:\/\/api.w.org\/{rel}","templated":true}]}}