{"id":13108,"date":"2024-08-28T20:58:32","date_gmt":"2024-08-28T18:58:32","guid":{"rendered":"https:\/\/www.estudio-laterna.com\/?post_type=product&#038;p=13108"},"modified":"2024-08-28T21:05:03","modified_gmt":"2024-08-28T19:05:03","slug":"william-morris-flowers","status":"publish","type":"product","link":"https:\/\/estudio-laterna.seiten.co\/es\/shop\/william-morris-flowers\/","title":{"rendered":"William Morris Flower&#8217;s"},"content":{"rendered":"<div class=\"WAZqE7 QfrfFD cell\">\n<section class=\"mIlVIq\" data-hook=\"description-wrapper\">\n<div class=\"QKOt7f\">\n<div class=\"ZXXP8H\" data-hook=\"content-wrapper\">\n<p>William Morris (1834-1896), un apasionado defensor de la artesan\u00eda por encima de la producci\u00f3n en masa, dise\u00f1\u00f3 una enorme variedad de objetos, pero son sus dise\u00f1os muy originales de alfombras, telas y papeles pintados los que han seguido capturando la imaginaci\u00f3n y ejerciendo su influencia en la decoraci\u00f3n. letras. A Morris se le atribuyen alrededor de 600 dise\u00f1os de este tipo, de los cuales la gran mayor\u00eda se basan en formas naturales, incluidos \u00e1rboles, plantas y flores.<br \/>\nEste libro de regalo bellamente dise\u00f1ado y a un precio accesible ofrece una gran cantidad de dise\u00f1os de Morris en los que las flores son el motivo principal, reuniendo no solo patrones completos sino tambi\u00e9n dibujos de trabajo en pluma y acuarela, y ejemplos de sus bloques de impresi\u00f3n de patrones florales de madera de peral. Tambi\u00e9n explora ejemplos de las fuentes que inspiraron los dise\u00f1os florales de Morris: sus propios jardines en Red House en Kent, Kelmscott Manor en Oxfordshire y otros lugares; hierbas de los siglos XVI y XVII; manuscritos medievales iluminados; tapices tardomedievales y renacentistas; y una variedad de objetos decorados, particularmente del mundo isl\u00e1mico, que Morris estudi\u00f3 en el Museo de South Kensington (ahora V&amp;A). Escrito por Rowan Bain, curador de la Galer\u00eda William Morris en Walthamstow, al norte de Londres, y profusamente ilustrado con casi 100 ilustraciones en color, este exquisito libro informar\u00e1 y deleitar\u00e1.<\/p>\n<p>&nbsp;<\/p>\n<p>Formato: Tapa dura<br \/>\ntama\u00f1o: 19.0 x 17.0 cm<br \/>\np\u00e1ginas: 144<br \/>\nIlustraciones: 120<br \/>\nFecha de Publicaci\u00f3n: 12 September 2019<br \/>\nEditorial: Thames and Hudson<br \/>\nISBN\u00a0978\u00a005004 80458<\/p>\n<\/div>\n<\/div>\n<\/section>\n<\/div>\n","protected":false},"excerpt":{"rendered":"<p>William Morris (1834-1896), un apasionado defensor de la artesan\u00eda por encima de la producci\u00f3n en masa, dise\u00f1\u00f3 una enorme variedad de objetos, pero son sus dise\u00f1os muy originales de alfombras, telas y papeles pintados los que han seguido capturando la imaginaci\u00f3n y ejerciendo su influencia en la decoraci\u00f3n. letras. A Morris se le atribuyen alrededor [&hellip;]<\/p>\n","protected":false},"featured_media":13075,"comment_status":"closed","ping_status":"closed","template":"","meta":{"inline_featured_image":false},"product_cat":[50,82],"product_tag":[55],"class_list":{"0":"post-13108","1":"product","2":"type-product","3":"status-publish","4":"has-post-thumbnail","6":"product_cat-diseno","7":"product_cat-libreria","8":"product_tag-bookstore-es","9":"product_shipping_class-libros","11":"first","12":"instock","13":"taxable","14":"shipping-taxable","15":"purchasable","16":"product-type-simple"},"yoast_head":"<!-- This site is optimized with the Yoast SEO plugin v23.6 - https:\/\/yoast.com\/wordpress\/plugins\/seo\/ -->\n<title>William Morris Flower&#039;s &#8212; Estudio Laterna<\/title>\n<meta name=\"robots\" content=\"index, follow, max-snippet:-1, max-image-preview:large, max-video-preview:-1\" \/>\n<link rel=\"canonical\" href=\"https:\/\/estudio-laterna.seiten.co\/es\/shop\/william-morris-flowers\/\" \/>\n<meta property=\"og:locale\" content=\"es_ES\" \/>\n<meta property=\"og:type\" content=\"article\" \/>\n<meta property=\"og:title\" content=\"William Morris Flower&#039;s &#8212; Estudio Laterna\" \/>\n<meta property=\"og:description\" content=\"William Morris (1834-1896), un apasionado defensor de la artesan\u00eda por encima de la producci\u00f3n en masa, dise\u00f1\u00f3 una enorme variedad de objetos, pero son sus dise\u00f1os muy originales de alfombras, telas y papeles pintados los que han seguido capturando la imaginaci\u00f3n y ejerciendo su influencia en la decoraci\u00f3n. letras. A Morris se le atribuyen alrededor [&hellip;]\" \/>\n<meta property=\"og:url\" content=\"https:\/\/estudio-laterna.seiten.co\/es\/shop\/william-morris-flowers\/\" \/>\n<meta property=\"og:site_name\" content=\"Estudio Laterna\" \/>\n<meta property=\"article:modified_time\" content=\"2024-08-28T19:05:03+00:00\" \/>\n<meta property=\"og:image\" content=\"https:\/\/estudio-laterna.seiten.co\/wp-content\/uploads\/2024\/08\/William_Morris_Flowers_Bookstore.jpg\" \/>\n\t<meta property=\"og:image:width\" content=\"1440\" \/>\n\t<meta property=\"og:image:height\" content=\"1440\" \/>\n\t<meta property=\"og:image:type\" content=\"image\/jpeg\" \/>\n<meta name=\"twitter:card\" content=\"summary_large_image\" \/>\n<meta name=\"twitter:label1\" content=\"Tiempo de lectura\" \/>\n\t<meta name=\"twitter:data1\" content=\"2 minutos\" \/>\n<script type=\"application\/ld+json\" class=\"yoast-schema-graph\">{\"@context\":\"https:\/\/schema.org\",\"@graph\":[{\"@type\":\"WebPage\",\"@id\":\"https:\/\/estudio-laterna.seiten.co\/es\/shop\/william-morris-flowers\/\",\"url\":\"https:\/\/estudio-laterna.seiten.co\/es\/shop\/william-morris-flowers\/\",\"name\":\"William Morris Flower's &#8212; Estudio Laterna\",\"isPartOf\":{\"@id\":\"https:\/\/estudio-laterna.seiten.co\/es\/#website\"},\"primaryImageOfPage\":{\"@id\":\"https:\/\/estudio-laterna.seiten.co\/es\/shop\/william-morris-flowers\/#primaryimage\"},\"image\":{\"@id\":\"https:\/\/estudio-laterna.seiten.co\/es\/shop\/william-morris-flowers\/#primaryimage\"},\"thumbnailUrl\":\"https:\/\/estudio-laterna.seiten.co\/wp-content\/uploads\/2024\/08\/William_Morris_Flowers_Bookstore.jpg\",\"datePublished\":\"2024-08-28T18:58:32+00:00\",\"dateModified\":\"2024-08-28T19:05:03+00:00\",\"breadcrumb\":{\"@id\":\"https:\/\/estudio-laterna.seiten.co\/es\/shop\/william-morris-flowers\/#breadcrumb\"},\"inLanguage\":\"es\",\"potentialAction\":[{\"@type\":\"ReadAction\",\"target\":[\"https:\/\/estudio-laterna.seiten.co\/es\/shop\/william-morris-flowers\/\"]}]},{\"@type\":\"ImageObject\",\"inLanguage\":\"es\",\"@id\":\"https:\/\/estudio-laterna.seiten.co\/es\/shop\/william-morris-flowers\/#primaryimage\",\"url\":\"https:\/\/estudio-laterna.seiten.co\/wp-content\/uploads\/2024\/08\/William_Morris_Flowers_Bookstore.jpg\",\"contentUrl\":\"https:\/\/estudio-laterna.seiten.co\/wp-content\/uploads\/2024\/08\/William_Morris_Flowers_Bookstore.jpg\",\"width\":1440,\"height\":1440},{\"@type\":\"BreadcrumbList\",\"@id\":\"https:\/\/estudio-laterna.seiten.co\/es\/shop\/william-morris-flowers\/#breadcrumb\",\"itemListElement\":[{\"@type\":\"ListItem\",\"position\":1,\"name\":\"Portada\",\"item\":\"https:\/\/estudio-laterna.seiten.co\/es\/\"},{\"@type\":\"ListItem\",\"position\":2,\"name\":\"Store\",\"item\":\"https:\/\/estudio-laterna.seiten.co\/es\/store\/\"},{\"@type\":\"ListItem\",\"position\":3,\"name\":\"William Morris Flower&#8217;s\"}]},{\"@type\":\"WebSite\",\"@id\":\"https:\/\/estudio-laterna.seiten.co\/es\/#website\",\"url\":\"https:\/\/estudio-laterna.seiten.co\/es\/\",\"name\":\"Estudio Laterna\",\"description\":\"Landscape architecture and gardens design\",\"publisher\":{\"@id\":\"https:\/\/estudio-laterna.seiten.co\/es\/#organization\"},\"alternateName\":\"Estudio Laterna\",\"potentialAction\":[{\"@type\":\"SearchAction\",\"target\":{\"@type\":\"EntryPoint\",\"urlTemplate\":\"https:\/\/estudio-laterna.seiten.co\/es\/?s={search_term_string}\"},\"query-input\":{\"@type\":\"PropertyValueSpecification\",\"valueRequired\":true,\"valueName\":\"search_term_string\"}}],\"inLanguage\":\"es\"},{\"@type\":\"Organization\",\"@id\":\"https:\/\/estudio-laterna.seiten.co\/es\/#organization\",\"name\":\"Estudio Laterna\",\"url\":\"https:\/\/estudio-laterna.seiten.co\/es\/\",\"logo\":{\"@type\":\"ImageObject\",\"inLanguage\":\"es\",\"@id\":\"https:\/\/estudio-laterna.seiten.co\/es\/#\/schema\/logo\/image\/\",\"url\":\"https:\/\/estudio-laterna.seiten.co\/wp-content\/uploads\/2023\/03\/estudio-laterna-3.png\",\"contentUrl\":\"https:\/\/estudio-laterna.seiten.co\/wp-content\/uploads\/2023\/03\/estudio-laterna-3.png\",\"width\":500,\"height\":166,\"caption\":\"Estudio Laterna\"},\"image\":{\"@id\":\"https:\/\/estudio-laterna.seiten.co\/es\/#\/schema\/logo\/image\/\"}}]}<\/script>\n<!-- \/ Yoast SEO plugin. -->","yoast_head_json":{"title":"William Morris Flower's &#8212; Estudio Laterna","robots":{"index":"index","follow":"follow","max-snippet":"max-snippet:-1","max-image-preview":"max-image-preview:large","max-video-preview":"max-video-preview:-1"},"canonical":"https:\/\/estudio-laterna.seiten.co\/es\/shop\/william-morris-flowers\/","og_locale":"es_ES","og_type":"article","og_title":"William Morris Flower's &#8212; Estudio Laterna","og_description":"William Morris (1834-1896), un apasionado defensor de la artesan\u00eda por encima de la producci\u00f3n en masa, dise\u00f1\u00f3 una enorme variedad de objetos, pero son sus dise\u00f1os muy originales de alfombras, telas y papeles pintados los que han seguido capturando la imaginaci\u00f3n y ejerciendo su influencia en la decoraci\u00f3n. letras. A Morris se le atribuyen alrededor [&hellip;]","og_url":"https:\/\/estudio-laterna.seiten.co\/es\/shop\/william-morris-flowers\/","og_site_name":"Estudio Laterna","article_modified_time":"2024-08-28T19:05:03+00:00","og_image":[{"width":1440,"height":1440,"url":"https:\/\/estudio-laterna.seiten.co\/wp-content\/uploads\/2024\/08\/William_Morris_Flowers_Bookstore.jpg","type":"image\/jpeg"}],"twitter_card":"summary_large_image","twitter_misc":{"Tiempo de lectura":"2 minutos"},"schema":{"@context":"https:\/\/schema.org","@graph":[{"@type":"WebPage","@id":"https:\/\/estudio-laterna.seiten.co\/es\/shop\/william-morris-flowers\/","url":"https:\/\/estudio-laterna.seiten.co\/es\/shop\/william-morris-flowers\/","name":"William Morris Flower's &#8212; Estudio Laterna","isPartOf":{"@id":"https:\/\/estudio-laterna.seiten.co\/es\/#website"},"primaryImageOfPage":{"@id":"https:\/\/estudio-laterna.seiten.co\/es\/shop\/william-morris-flowers\/#primaryimage"},"image":{"@id":"https:\/\/estudio-laterna.seiten.co\/es\/shop\/william-morris-flowers\/#primaryimage"},"thumbnailUrl":"https:\/\/estudio-laterna.seiten.co\/wp-content\/uploads\/2024\/08\/William_Morris_Flowers_Bookstore.jpg","datePublished":"2024-08-28T18:58:32+00:00","dateModified":"2024-08-28T19:05:03+00:00","breadcrumb":{"@id":"https:\/\/estudio-laterna.seiten.co\/es\/shop\/william-morris-flowers\/#breadcrumb"},"inLanguage":"es","potentialAction":[{"@type":"ReadAction","target":["https:\/\/estudio-laterna.seiten.co\/es\/shop\/william-morris-flowers\/"]}]},{"@type":"ImageObject","inLanguage":"es","@id":"https:\/\/estudio-laterna.seiten.co\/es\/shop\/william-morris-flowers\/#primaryimage","url":"https:\/\/estudio-laterna.seiten.co\/wp-content\/uploads\/2024\/08\/William_Morris_Flowers_Bookstore.jpg","contentUrl":"https:\/\/estudio-laterna.seiten.co\/wp-content\/uploads\/2024\/08\/William_Morris_Flowers_Bookstore.jpg","width":1440,"height":1440},{"@type":"BreadcrumbList","@id":"https:\/\/estudio-laterna.seiten.co\/es\/shop\/william-morris-flowers\/#breadcrumb","itemListElement":[{"@type":"ListItem","position":1,"name":"Portada","item":"https:\/\/estudio-laterna.seiten.co\/es\/"},{"@type":"ListItem","position":2,"name":"Store","item":"https:\/\/estudio-laterna.seiten.co\/es\/store\/"},{"@type":"ListItem","position":3,"name":"William Morris Flower&#8217;s"}]},{"@type":"WebSite","@id":"https:\/\/estudio-laterna.seiten.co\/es\/#website","url":"https:\/\/estudio-laterna.seiten.co\/es\/","name":"Estudio Laterna","description":"Landscape architecture and gardens design","publisher":{"@id":"https:\/\/estudio-laterna.seiten.co\/es\/#organization"},"alternateName":"Estudio Laterna","potentialAction":[{"@type":"SearchAction","target":{"@type":"EntryPoint","urlTemplate":"https:\/\/estudio-laterna.seiten.co\/es\/?s={search_term_string}"},"query-input":{"@type":"PropertyValueSpecification","valueRequired":true,"valueName":"search_term_string"}}],"inLanguage":"es"},{"@type":"Organization","@id":"https:\/\/estudio-laterna.seiten.co\/es\/#organization","name":"Estudio Laterna","url":"https:\/\/estudio-laterna.seiten.co\/es\/","logo":{"@type":"ImageObject","inLanguage":"es","@id":"https:\/\/estudio-laterna.seiten.co\/es\/#\/schema\/logo\/image\/","url":"https:\/\/estudio-laterna.seiten.co\/wp-content\/uploads\/2023\/03\/estudio-laterna-3.png","contentUrl":"https:\/\/estudio-laterna.seiten.co\/wp-content\/uploads\/2023\/03\/estudio-laterna-3.png","width":500,"height":166,"caption":"Estudio Laterna"},"image":{"@id":"https:\/\/estudio-laterna.seiten.co\/es\/#\/schema\/logo\/image\/"}}]}},"_links":{"self":[{"href":"https:\/\/estudio-laterna.seiten.co\/es\/wp-json\/wp\/v2\/product\/13108","targetHints":{"allow":["GET"]}}],"collection":[{"href":"https:\/\/estudio-laterna.seiten.co\/es\/wp-json\/wp\/v2\/product"}],"about":[{"href":"https:\/\/estudio-laterna.seiten.co\/es\/wp-json\/wp\/v2\/types\/product"}],"replies":[{"embeddable":true,"href":"https:\/\/estudio-laterna.seiten.co\/es\/wp-json\/wp\/v2\/comments?post=13108"}],"version-history":[{"count":3,"href":"https:\/\/estudio-laterna.seiten.co\/es\/wp-json\/wp\/v2\/product\/13108\/revisions"}],"predecessor-version":[{"id":13112,"href":"https:\/\/estudio-laterna.seiten.co\/es\/wp-json\/wp\/v2\/product\/13108\/revisions\/13112"}],"wp:featuredmedia":[{"embeddable":true,"href":"https:\/\/estudio-laterna.seiten.co\/es\/wp-json\/wp\/v2\/media\/13075"}],"wp:attachment":[{"href":"https:\/\/estudio-laterna.seiten.co\/es\/wp-json\/wp\/v2\/media?parent=13108"}],"wp:term":[{"taxonomy":"product_cat","embeddable":true,"href":"https:\/\/estudio-laterna.seiten.co\/es\/wp-json\/wp\/v2\/product_cat?post=13108"},{"taxonomy":"product_tag","embeddable":true,"href":"https:\/\/estudio-laterna.seiten.co\/es\/wp-json\/wp\/v2\/product_tag?post=13108"}],"curies":[{"name":"wp","href":"https:\/\/api.w.org\/{rel}","templated":true}]}}