{"id":13170,"date":"2024-08-29T17:53:59","date_gmt":"2024-08-29T15:53:59","guid":{"rendered":"https:\/\/www.estudio-laterna.com\/?post_type=product&#038;p=13170"},"modified":"2024-08-29T18:01:50","modified_gmt":"2024-08-29T16:01:50","slug":"breuers-bohemia","status":"publish","type":"product","link":"https:\/\/estudio-laterna.seiten.co\/es\/shop\/breuers-bohemia\/","title":{"rendered":"Breuer&#8217;s Bohemia"},"content":{"rendered":"<div class=\"WAZqE7 QfrfFD cell\">\n<section class=\"mIlVIq\" data-hook=\"description-wrapper\">\n<div class=\"QKOt7f\">\n<div class=\"ZXXP8H\" data-hook=\"content-wrapper\">\n<p>El ic\u00f3nico arquitecto del siglo XX Marcel Breuer fue un prol\u00edfico dise\u00f1ador de arquitectura residencial, que a menudo se ve eclipsado por su temprana fama como fabricante de muebles Bauhaus y sus proyectos a gran escala.<br \/>\nBreuer\u00b4s Bohemia examina las casas que dise\u00f1\u00f3 en Connecticut y Massachusetts desde la d\u00e9cada de 1950 hasta la d\u00e9cada de 1970, muchas de las cuales fueron encargadas por unos pocos clientes culturalmente progresistas, principalmente Rufus y Leslie Stillman y Andrew y Jamie Gagarin, quienes se fusionaron a su alrededor en un entorno social din\u00e1mico. Incluidos en esta escena estaban figuras culturales prominentes como Alexander Calder,Arthur Miller, Francine du Plessix Gray, Philip Roth y William Styron, entre otros, marcan una intersecci\u00f3n \u00fanica entre la arquitectura, el arte y las letras de la posguerra.<br \/>\nLa publicaci\u00f3n Breuer\u00b4s Bohemia coincide con el largometraje documental del mismo nombre del autor y cineasta James Crump, que explora la explosiva pr\u00e1ctica residencial de Breuer en la costa este. A trav\u00e9s de investigaciones originales y entrevistas, las voces de los principales personajes del c\u00edrculo de Breuer y figuras notables del campo de la arquitectura ayudan a contar la historia de las colaboraciones de Breuer con sus amigos y clientes, insuflando nueva vida a la historia de la rica atm\u00f3sfera cultural de la que todos ellos forman parte.<\/p>\n<p>Formato: Tapa dura<br \/>\nTama\u00f1o: 27,9 \u00d7 22,2 cm<br \/>\nP\u00e1ginas: 248<br \/>\nIlustraciones: 300<br \/>\nPublication Date: 2022<br \/>\nEditorial: Phaidon<br \/>\nISBN: 9781580935784<\/p>\n<\/div>\n<\/div>\n<\/section>\n<\/div>\n","protected":false},"excerpt":{"rendered":"<p>El ic\u00f3nico arquitecto del siglo XX Marcel Breuer fue un prol\u00edfico dise\u00f1ador de arquitectura residencial, que a menudo se ve eclipsado por su temprana fama como fabricante de muebles Bauhaus y sus proyectos a gran escala. Breuer\u00b4s Bohemia examina las casas que dise\u00f1\u00f3 en Connecticut y Massachusetts desde la d\u00e9cada de 1950 hasta la d\u00e9cada [&hellip;]<\/p>\n","protected":false},"featured_media":13011,"comment_status":"closed","ping_status":"closed","template":"","meta":{"inline_featured_image":false},"product_cat":[49,82],"product_tag":[55],"class_list":{"0":"post-13170","1":"product","2":"type-product","3":"status-publish","4":"has-post-thumbnail","6":"product_cat-arte","7":"product_cat-libreria","8":"product_tag-bookstore-es","10":"first","11":"instock","12":"taxable","13":"shipping-taxable","14":"purchasable","15":"product-type-simple"},"yoast_head":"<!-- This site is optimized with the Yoast SEO plugin v23.6 - https:\/\/yoast.com\/wordpress\/plugins\/seo\/ -->\n<title>Breuer&#039;s Bohemia &#8212; Estudio Laterna<\/title>\n<meta name=\"robots\" content=\"index, follow, max-snippet:-1, max-image-preview:large, max-video-preview:-1\" \/>\n<link rel=\"canonical\" href=\"https:\/\/estudio-laterna.seiten.co\/es\/shop\/breuers-bohemia\/\" \/>\n<meta property=\"og:locale\" content=\"es_ES\" \/>\n<meta property=\"og:type\" content=\"article\" \/>\n<meta property=\"og:title\" content=\"Breuer&#039;s Bohemia &#8212; Estudio Laterna\" \/>\n<meta property=\"og:description\" content=\"El ic\u00f3nico arquitecto del siglo XX Marcel Breuer fue un prol\u00edfico dise\u00f1ador de arquitectura residencial, que a menudo se ve eclipsado por su temprana fama como fabricante de muebles Bauhaus y sus proyectos a gran escala. Breuer\u00b4s Bohemia examina las casas que dise\u00f1\u00f3 en Connecticut y Massachusetts desde la d\u00e9cada de 1950 hasta la d\u00e9cada [&hellip;]\" \/>\n<meta property=\"og:url\" content=\"https:\/\/estudio-laterna.seiten.co\/es\/shop\/breuers-bohemia\/\" \/>\n<meta property=\"og:site_name\" content=\"Estudio Laterna\" \/>\n<meta property=\"article:modified_time\" content=\"2024-08-29T16:01:50+00:00\" \/>\n<meta property=\"og:image\" content=\"https:\/\/estudio-laterna.seiten.co\/wp-content\/uploads\/2024\/08\/Breuer_Bohemia_bookstore.jpg\" \/>\n\t<meta property=\"og:image:width\" content=\"1440\" \/>\n\t<meta property=\"og:image:height\" content=\"1440\" \/>\n\t<meta property=\"og:image:type\" content=\"image\/jpeg\" \/>\n<meta name=\"twitter:card\" content=\"summary_large_image\" \/>\n<meta name=\"twitter:label1\" content=\"Tiempo de lectura\" \/>\n\t<meta name=\"twitter:data1\" content=\"2 minutos\" \/>\n<script type=\"application\/ld+json\" class=\"yoast-schema-graph\">{\"@context\":\"https:\/\/schema.org\",\"@graph\":[{\"@type\":\"WebPage\",\"@id\":\"https:\/\/estudio-laterna.seiten.co\/es\/shop\/breuers-bohemia\/\",\"url\":\"https:\/\/estudio-laterna.seiten.co\/es\/shop\/breuers-bohemia\/\",\"name\":\"Breuer's Bohemia &#8212; Estudio Laterna\",\"isPartOf\":{\"@id\":\"https:\/\/estudio-laterna.seiten.co\/es\/#website\"},\"primaryImageOfPage\":{\"@id\":\"https:\/\/estudio-laterna.seiten.co\/es\/shop\/breuers-bohemia\/#primaryimage\"},\"image\":{\"@id\":\"https:\/\/estudio-laterna.seiten.co\/es\/shop\/breuers-bohemia\/#primaryimage\"},\"thumbnailUrl\":\"https:\/\/estudio-laterna.seiten.co\/wp-content\/uploads\/2024\/08\/Breuer_Bohemia_bookstore.jpg\",\"datePublished\":\"2024-08-29T15:53:59+00:00\",\"dateModified\":\"2024-08-29T16:01:50+00:00\",\"breadcrumb\":{\"@id\":\"https:\/\/estudio-laterna.seiten.co\/es\/shop\/breuers-bohemia\/#breadcrumb\"},\"inLanguage\":\"es\",\"potentialAction\":[{\"@type\":\"ReadAction\",\"target\":[\"https:\/\/estudio-laterna.seiten.co\/es\/shop\/breuers-bohemia\/\"]}]},{\"@type\":\"ImageObject\",\"inLanguage\":\"es\",\"@id\":\"https:\/\/estudio-laterna.seiten.co\/es\/shop\/breuers-bohemia\/#primaryimage\",\"url\":\"https:\/\/estudio-laterna.seiten.co\/wp-content\/uploads\/2024\/08\/Breuer_Bohemia_bookstore.jpg\",\"contentUrl\":\"https:\/\/estudio-laterna.seiten.co\/wp-content\/uploads\/2024\/08\/Breuer_Bohemia_bookstore.jpg\",\"width\":1440,\"height\":1440},{\"@type\":\"BreadcrumbList\",\"@id\":\"https:\/\/estudio-laterna.seiten.co\/es\/shop\/breuers-bohemia\/#breadcrumb\",\"itemListElement\":[{\"@type\":\"ListItem\",\"position\":1,\"name\":\"Portada\",\"item\":\"https:\/\/estudio-laterna.seiten.co\/es\/\"},{\"@type\":\"ListItem\",\"position\":2,\"name\":\"Store\",\"item\":\"https:\/\/estudio-laterna.seiten.co\/es\/store\/\"},{\"@type\":\"ListItem\",\"position\":3,\"name\":\"Breuer&#8217;s Bohemia\"}]},{\"@type\":\"WebSite\",\"@id\":\"https:\/\/estudio-laterna.seiten.co\/es\/#website\",\"url\":\"https:\/\/estudio-laterna.seiten.co\/es\/\",\"name\":\"Estudio Laterna\",\"description\":\"Landscape architecture and gardens design\",\"publisher\":{\"@id\":\"https:\/\/estudio-laterna.seiten.co\/es\/#organization\"},\"alternateName\":\"Estudio Laterna\",\"potentialAction\":[{\"@type\":\"SearchAction\",\"target\":{\"@type\":\"EntryPoint\",\"urlTemplate\":\"https:\/\/estudio-laterna.seiten.co\/es\/?s={search_term_string}\"},\"query-input\":{\"@type\":\"PropertyValueSpecification\",\"valueRequired\":true,\"valueName\":\"search_term_string\"}}],\"inLanguage\":\"es\"},{\"@type\":\"Organization\",\"@id\":\"https:\/\/estudio-laterna.seiten.co\/es\/#organization\",\"name\":\"Estudio Laterna\",\"url\":\"https:\/\/estudio-laterna.seiten.co\/es\/\",\"logo\":{\"@type\":\"ImageObject\",\"inLanguage\":\"es\",\"@id\":\"https:\/\/estudio-laterna.seiten.co\/es\/#\/schema\/logo\/image\/\",\"url\":\"https:\/\/estudio-laterna.seiten.co\/wp-content\/uploads\/2023\/03\/estudio-laterna-3.png\",\"contentUrl\":\"https:\/\/estudio-laterna.seiten.co\/wp-content\/uploads\/2023\/03\/estudio-laterna-3.png\",\"width\":500,\"height\":166,\"caption\":\"Estudio Laterna\"},\"image\":{\"@id\":\"https:\/\/estudio-laterna.seiten.co\/es\/#\/schema\/logo\/image\/\"}}]}<\/script>\n<!-- \/ Yoast SEO plugin. -->","yoast_head_json":{"title":"Breuer's Bohemia &#8212; Estudio Laterna","robots":{"index":"index","follow":"follow","max-snippet":"max-snippet:-1","max-image-preview":"max-image-preview:large","max-video-preview":"max-video-preview:-1"},"canonical":"https:\/\/estudio-laterna.seiten.co\/es\/shop\/breuers-bohemia\/","og_locale":"es_ES","og_type":"article","og_title":"Breuer's Bohemia &#8212; Estudio Laterna","og_description":"El ic\u00f3nico arquitecto del siglo XX Marcel Breuer fue un prol\u00edfico dise\u00f1ador de arquitectura residencial, que a menudo se ve eclipsado por su temprana fama como fabricante de muebles Bauhaus y sus proyectos a gran escala. Breuer\u00b4s Bohemia examina las casas que dise\u00f1\u00f3 en Connecticut y Massachusetts desde la d\u00e9cada de 1950 hasta la d\u00e9cada [&hellip;]","og_url":"https:\/\/estudio-laterna.seiten.co\/es\/shop\/breuers-bohemia\/","og_site_name":"Estudio Laterna","article_modified_time":"2024-08-29T16:01:50+00:00","og_image":[{"width":1440,"height":1440,"url":"https:\/\/estudio-laterna.seiten.co\/wp-content\/uploads\/2024\/08\/Breuer_Bohemia_bookstore.jpg","type":"image\/jpeg"}],"twitter_card":"summary_large_image","twitter_misc":{"Tiempo de lectura":"2 minutos"},"schema":{"@context":"https:\/\/schema.org","@graph":[{"@type":"WebPage","@id":"https:\/\/estudio-laterna.seiten.co\/es\/shop\/breuers-bohemia\/","url":"https:\/\/estudio-laterna.seiten.co\/es\/shop\/breuers-bohemia\/","name":"Breuer's Bohemia &#8212; Estudio Laterna","isPartOf":{"@id":"https:\/\/estudio-laterna.seiten.co\/es\/#website"},"primaryImageOfPage":{"@id":"https:\/\/estudio-laterna.seiten.co\/es\/shop\/breuers-bohemia\/#primaryimage"},"image":{"@id":"https:\/\/estudio-laterna.seiten.co\/es\/shop\/breuers-bohemia\/#primaryimage"},"thumbnailUrl":"https:\/\/estudio-laterna.seiten.co\/wp-content\/uploads\/2024\/08\/Breuer_Bohemia_bookstore.jpg","datePublished":"2024-08-29T15:53:59+00:00","dateModified":"2024-08-29T16:01:50+00:00","breadcrumb":{"@id":"https:\/\/estudio-laterna.seiten.co\/es\/shop\/breuers-bohemia\/#breadcrumb"},"inLanguage":"es","potentialAction":[{"@type":"ReadAction","target":["https:\/\/estudio-laterna.seiten.co\/es\/shop\/breuers-bohemia\/"]}]},{"@type":"ImageObject","inLanguage":"es","@id":"https:\/\/estudio-laterna.seiten.co\/es\/shop\/breuers-bohemia\/#primaryimage","url":"https:\/\/estudio-laterna.seiten.co\/wp-content\/uploads\/2024\/08\/Breuer_Bohemia_bookstore.jpg","contentUrl":"https:\/\/estudio-laterna.seiten.co\/wp-content\/uploads\/2024\/08\/Breuer_Bohemia_bookstore.jpg","width":1440,"height":1440},{"@type":"BreadcrumbList","@id":"https:\/\/estudio-laterna.seiten.co\/es\/shop\/breuers-bohemia\/#breadcrumb","itemListElement":[{"@type":"ListItem","position":1,"name":"Portada","item":"https:\/\/estudio-laterna.seiten.co\/es\/"},{"@type":"ListItem","position":2,"name":"Store","item":"https:\/\/estudio-laterna.seiten.co\/es\/store\/"},{"@type":"ListItem","position":3,"name":"Breuer&#8217;s Bohemia"}]},{"@type":"WebSite","@id":"https:\/\/estudio-laterna.seiten.co\/es\/#website","url":"https:\/\/estudio-laterna.seiten.co\/es\/","name":"Estudio Laterna","description":"Landscape architecture and gardens design","publisher":{"@id":"https:\/\/estudio-laterna.seiten.co\/es\/#organization"},"alternateName":"Estudio Laterna","potentialAction":[{"@type":"SearchAction","target":{"@type":"EntryPoint","urlTemplate":"https:\/\/estudio-laterna.seiten.co\/es\/?s={search_term_string}"},"query-input":{"@type":"PropertyValueSpecification","valueRequired":true,"valueName":"search_term_string"}}],"inLanguage":"es"},{"@type":"Organization","@id":"https:\/\/estudio-laterna.seiten.co\/es\/#organization","name":"Estudio Laterna","url":"https:\/\/estudio-laterna.seiten.co\/es\/","logo":{"@type":"ImageObject","inLanguage":"es","@id":"https:\/\/estudio-laterna.seiten.co\/es\/#\/schema\/logo\/image\/","url":"https:\/\/estudio-laterna.seiten.co\/wp-content\/uploads\/2023\/03\/estudio-laterna-3.png","contentUrl":"https:\/\/estudio-laterna.seiten.co\/wp-content\/uploads\/2023\/03\/estudio-laterna-3.png","width":500,"height":166,"caption":"Estudio Laterna"},"image":{"@id":"https:\/\/estudio-laterna.seiten.co\/es\/#\/schema\/logo\/image\/"}}]}},"_links":{"self":[{"href":"https:\/\/estudio-laterna.seiten.co\/es\/wp-json\/wp\/v2\/product\/13170","targetHints":{"allow":["GET"]}}],"collection":[{"href":"https:\/\/estudio-laterna.seiten.co\/es\/wp-json\/wp\/v2\/product"}],"about":[{"href":"https:\/\/estudio-laterna.seiten.co\/es\/wp-json\/wp\/v2\/types\/product"}],"replies":[{"embeddable":true,"href":"https:\/\/estudio-laterna.seiten.co\/es\/wp-json\/wp\/v2\/comments?post=13170"}],"version-history":[{"count":3,"href":"https:\/\/estudio-laterna.seiten.co\/es\/wp-json\/wp\/v2\/product\/13170\/revisions"}],"predecessor-version":[{"id":13175,"href":"https:\/\/estudio-laterna.seiten.co\/es\/wp-json\/wp\/v2\/product\/13170\/revisions\/13175"}],"wp:featuredmedia":[{"embeddable":true,"href":"https:\/\/estudio-laterna.seiten.co\/es\/wp-json\/wp\/v2\/media\/13011"}],"wp:attachment":[{"href":"https:\/\/estudio-laterna.seiten.co\/es\/wp-json\/wp\/v2\/media?parent=13170"}],"wp:term":[{"taxonomy":"product_cat","embeddable":true,"href":"https:\/\/estudio-laterna.seiten.co\/es\/wp-json\/wp\/v2\/product_cat?post=13170"},{"taxonomy":"product_tag","embeddable":true,"href":"https:\/\/estudio-laterna.seiten.co\/es\/wp-json\/wp\/v2\/product_tag?post=13170"}],"curies":[{"name":"wp","href":"https:\/\/api.w.org\/{rel}","templated":true}]}}