{"id":13206,"date":"2024-08-29T18:33:16","date_gmt":"2024-08-29T16:33:16","guid":{"rendered":"https:\/\/www.estudio-laterna.com\/?post_type=product&#038;p=13206"},"modified":"2024-10-02T14:07:49","modified_gmt":"2024-10-02T12:07:49","slug":"graciela-iturbide","status":"publish","type":"product","link":"https:\/\/estudio-laterna.seiten.co\/es\/shop\/graciela-iturbide\/","title":{"rendered":"Graciela Iturbide"},"content":{"rendered":"<div class=\"WAZqE7 QfrfFD cell\">\n<section class=\"mIlVIq\" data-hook=\"description-wrapper\">\n<div class=\"QKOt7f\">\n<div class=\"ZXXP8H\" data-hook=\"content-wrapper\">\n<p>Graciela lturbide (Ciudad de M\u00e9xico, 1942) es una de las fot\u00f3grafas m\u00e1s aclamadas de Am\u00e9rica Latina y la \u00fanica mujer latinoamericana que ha recibido el Premio Hasselblad.\u2028latinoamericana que ha recibido el Premio Hasselblad.<br \/>\nEn este volumen monogr\u00e1fico, publicado bajo el sello conjunto de RM y la Fundaci\u00f3n MAPFRE, Marta Dah\u00f3 ha reunido muchas de las obras m\u00e1s conocidas de lturbide, junto con algunas de sus fotograf\u00edas poco conocidas, en un fest\u00edn de im\u00e1genes.<br \/>\nIncluye 180 fotograf\u00edas representativas que abarcan su carrera, centr\u00e1ndose en sus obras m\u00e1s conocidas, como El dormitorio de Frida Kahlo, Los que viven en la arena y Juchit\u00e1n. A lo largo de sus cuatro d\u00e9cadas de carrera, Iturbide ha construido un lenguaje po\u00e9tico de im\u00e1genes y s\u00edmbolos; una preocupaci\u00f3n constante es la yuxtaposici\u00f3n entre la vida urbana y rural. Los sujetos de sus fotograf\u00edas en blanco y negro residen principalmente en Am\u00e9rica Latina, pero tambi\u00e9n abarcan India, Europa y Asia. Este volumen proporciona una descripci\u00f3n general esencial de su logro.<\/p>\n<p>Formato: Tapa dura<br \/>\nP\u00e1ginas: 164<\/p>\n<p>Tama\u00f1o: 17.8 x 22.6 cm<\/p>\n<p>Idioma: Bilingual (ENG-ESP)<\/p>\n<p>Fecha de Publicaci\u00f3n: 2012<\/p>\n<p>Editorial: Fundaci\u00f3n Mapfre<\/p>\n<p>ISBN: 978-84-17047-70-2<\/p>\n<\/div>\n<\/div>\n<\/section>\n<\/div>\n","protected":false},"excerpt":{"rendered":"<p>Graciela lturbide (Ciudad de M\u00e9xico, 1942) es una de las fot\u00f3grafas m\u00e1s aclamadas de Am\u00e9rica Latina y la \u00fanica mujer latinoamericana que ha recibido el Premio Hasselblad.\u2028latinoamericana que ha recibido el Premio Hasselblad. En este volumen monogr\u00e1fico, publicado bajo el sello conjunto de RM y la Fundaci\u00f3n MAPFRE, Marta Dah\u00f3 ha reunido muchas de las [&hellip;]<\/p>\n","protected":false},"featured_media":13035,"comment_status":"closed","ping_status":"closed","template":"","meta":{"inline_featured_image":false},"product_cat":[49,82],"product_tag":[55],"class_list":{"0":"post-13206","1":"product","2":"type-product","3":"status-publish","4":"has-post-thumbnail","6":"product_cat-arte","7":"product_cat-libreria","8":"product_tag-bookstore-es","10":"first","11":"instock","12":"taxable","13":"shipping-taxable","14":"purchasable","15":"product-type-simple"},"yoast_head":"<!-- This site is optimized with the Yoast SEO plugin v23.6 - https:\/\/yoast.com\/wordpress\/plugins\/seo\/ -->\n<title>Graciela Iturbide &#8212; Estudio Laterna<\/title>\n<meta name=\"description\" content=\"En libro, publicado bajo el sello conjunto de RM y la Fundaci\u00f3n MAPFRE, Marta Dah\u00f3 ha reunido muchas de las obras m\u00e1s conocidas de Graciela lturbide\" \/>\n<meta name=\"robots\" content=\"index, follow, max-snippet:-1, max-image-preview:large, max-video-preview:-1\" \/>\n<link rel=\"canonical\" href=\"https:\/\/estudio-laterna.seiten.co\/es\/shop\/graciela-iturbide\/\" \/>\n<meta property=\"og:locale\" content=\"es_ES\" \/>\n<meta property=\"og:type\" content=\"article\" \/>\n<meta property=\"og:title\" content=\"Graciela Iturbide &#8212; Estudio Laterna\" \/>\n<meta property=\"og:description\" content=\"En libro, publicado bajo el sello conjunto de RM y la Fundaci\u00f3n MAPFRE, Marta Dah\u00f3 ha reunido muchas de las obras m\u00e1s conocidas de Graciela lturbide\" \/>\n<meta property=\"og:url\" content=\"https:\/\/estudio-laterna.seiten.co\/es\/shop\/graciela-iturbide\/\" \/>\n<meta property=\"og:site_name\" content=\"Estudio Laterna\" \/>\n<meta property=\"article:modified_time\" content=\"2024-10-02T12:07:49+00:00\" \/>\n<meta property=\"og:image\" content=\"https:\/\/estudio-laterna.seiten.co\/wp-content\/uploads\/2024\/08\/Graciela_Iturbide_bookstore.jpg\" \/>\n\t<meta property=\"og:image:width\" content=\"1440\" \/>\n\t<meta property=\"og:image:height\" content=\"1440\" \/>\n\t<meta property=\"og:image:type\" content=\"image\/jpeg\" \/>\n<meta name=\"twitter:card\" content=\"summary_large_image\" \/>\n<meta name=\"twitter:label1\" content=\"Tiempo de lectura\" \/>\n\t<meta name=\"twitter:data1\" content=\"2 minutos\" \/>\n<script type=\"application\/ld+json\" class=\"yoast-schema-graph\">{\"@context\":\"https:\/\/schema.org\",\"@graph\":[{\"@type\":\"WebPage\",\"@id\":\"https:\/\/estudio-laterna.seiten.co\/es\/shop\/graciela-iturbide\/\",\"url\":\"https:\/\/estudio-laterna.seiten.co\/es\/shop\/graciela-iturbide\/\",\"name\":\"Graciela Iturbide &#8212; Estudio Laterna\",\"isPartOf\":{\"@id\":\"https:\/\/estudio-laterna.seiten.co\/es\/#website\"},\"primaryImageOfPage\":{\"@id\":\"https:\/\/estudio-laterna.seiten.co\/es\/shop\/graciela-iturbide\/#primaryimage\"},\"image\":{\"@id\":\"https:\/\/estudio-laterna.seiten.co\/es\/shop\/graciela-iturbide\/#primaryimage\"},\"thumbnailUrl\":\"https:\/\/estudio-laterna.seiten.co\/wp-content\/uploads\/2024\/08\/Graciela_Iturbide_bookstore.jpg\",\"datePublished\":\"2024-08-29T16:33:16+00:00\",\"dateModified\":\"2024-10-02T12:07:49+00:00\",\"description\":\"En libro, publicado bajo el sello conjunto de RM y la Fundaci\u00f3n MAPFRE, Marta Dah\u00f3 ha reunido muchas de las obras m\u00e1s conocidas de Graciela lturbide\",\"breadcrumb\":{\"@id\":\"https:\/\/estudio-laterna.seiten.co\/es\/shop\/graciela-iturbide\/#breadcrumb\"},\"inLanguage\":\"es\",\"potentialAction\":[{\"@type\":\"ReadAction\",\"target\":[\"https:\/\/estudio-laterna.seiten.co\/es\/shop\/graciela-iturbide\/\"]}]},{\"@type\":\"ImageObject\",\"inLanguage\":\"es\",\"@id\":\"https:\/\/estudio-laterna.seiten.co\/es\/shop\/graciela-iturbide\/#primaryimage\",\"url\":\"https:\/\/estudio-laterna.seiten.co\/wp-content\/uploads\/2024\/08\/Graciela_Iturbide_bookstore.jpg\",\"contentUrl\":\"https:\/\/estudio-laterna.seiten.co\/wp-content\/uploads\/2024\/08\/Graciela_Iturbide_bookstore.jpg\",\"width\":1440,\"height\":1440},{\"@type\":\"BreadcrumbList\",\"@id\":\"https:\/\/estudio-laterna.seiten.co\/es\/shop\/graciela-iturbide\/#breadcrumb\",\"itemListElement\":[{\"@type\":\"ListItem\",\"position\":1,\"name\":\"Portada\",\"item\":\"https:\/\/estudio-laterna.seiten.co\/es\/\"},{\"@type\":\"ListItem\",\"position\":2,\"name\":\"Store\",\"item\":\"https:\/\/estudio-laterna.seiten.co\/es\/store\/\"},{\"@type\":\"ListItem\",\"position\":3,\"name\":\"Graciela Iturbide\"}]},{\"@type\":\"WebSite\",\"@id\":\"https:\/\/estudio-laterna.seiten.co\/es\/#website\",\"url\":\"https:\/\/estudio-laterna.seiten.co\/es\/\",\"name\":\"Estudio Laterna\",\"description\":\"Landscape architecture and gardens design\",\"publisher\":{\"@id\":\"https:\/\/estudio-laterna.seiten.co\/es\/#organization\"},\"alternateName\":\"Estudio Laterna\",\"potentialAction\":[{\"@type\":\"SearchAction\",\"target\":{\"@type\":\"EntryPoint\",\"urlTemplate\":\"https:\/\/estudio-laterna.seiten.co\/es\/?s={search_term_string}\"},\"query-input\":{\"@type\":\"PropertyValueSpecification\",\"valueRequired\":true,\"valueName\":\"search_term_string\"}}],\"inLanguage\":\"es\"},{\"@type\":\"Organization\",\"@id\":\"https:\/\/estudio-laterna.seiten.co\/es\/#organization\",\"name\":\"Estudio Laterna\",\"url\":\"https:\/\/estudio-laterna.seiten.co\/es\/\",\"logo\":{\"@type\":\"ImageObject\",\"inLanguage\":\"es\",\"@id\":\"https:\/\/estudio-laterna.seiten.co\/es\/#\/schema\/logo\/image\/\",\"url\":\"https:\/\/estudio-laterna.seiten.co\/wp-content\/uploads\/2023\/03\/estudio-laterna-3.png\",\"contentUrl\":\"https:\/\/estudio-laterna.seiten.co\/wp-content\/uploads\/2023\/03\/estudio-laterna-3.png\",\"width\":500,\"height\":166,\"caption\":\"Estudio Laterna\"},\"image\":{\"@id\":\"https:\/\/estudio-laterna.seiten.co\/es\/#\/schema\/logo\/image\/\"}}]}<\/script>\n<!-- \/ Yoast SEO plugin. -->","yoast_head_json":{"title":"Graciela Iturbide &#8212; Estudio Laterna","description":"En libro, publicado bajo el sello conjunto de RM y la Fundaci\u00f3n MAPFRE, Marta Dah\u00f3 ha reunido muchas de las obras m\u00e1s conocidas de Graciela lturbide","robots":{"index":"index","follow":"follow","max-snippet":"max-snippet:-1","max-image-preview":"max-image-preview:large","max-video-preview":"max-video-preview:-1"},"canonical":"https:\/\/estudio-laterna.seiten.co\/es\/shop\/graciela-iturbide\/","og_locale":"es_ES","og_type":"article","og_title":"Graciela Iturbide &#8212; Estudio Laterna","og_description":"En libro, publicado bajo el sello conjunto de RM y la Fundaci\u00f3n MAPFRE, Marta Dah\u00f3 ha reunido muchas de las obras m\u00e1s conocidas de Graciela lturbide","og_url":"https:\/\/estudio-laterna.seiten.co\/es\/shop\/graciela-iturbide\/","og_site_name":"Estudio Laterna","article_modified_time":"2024-10-02T12:07:49+00:00","og_image":[{"width":1440,"height":1440,"url":"https:\/\/estudio-laterna.seiten.co\/wp-content\/uploads\/2024\/08\/Graciela_Iturbide_bookstore.jpg","type":"image\/jpeg"}],"twitter_card":"summary_large_image","twitter_misc":{"Tiempo de lectura":"2 minutos"},"schema":{"@context":"https:\/\/schema.org","@graph":[{"@type":"WebPage","@id":"https:\/\/estudio-laterna.seiten.co\/es\/shop\/graciela-iturbide\/","url":"https:\/\/estudio-laterna.seiten.co\/es\/shop\/graciela-iturbide\/","name":"Graciela Iturbide &#8212; Estudio Laterna","isPartOf":{"@id":"https:\/\/estudio-laterna.seiten.co\/es\/#website"},"primaryImageOfPage":{"@id":"https:\/\/estudio-laterna.seiten.co\/es\/shop\/graciela-iturbide\/#primaryimage"},"image":{"@id":"https:\/\/estudio-laterna.seiten.co\/es\/shop\/graciela-iturbide\/#primaryimage"},"thumbnailUrl":"https:\/\/estudio-laterna.seiten.co\/wp-content\/uploads\/2024\/08\/Graciela_Iturbide_bookstore.jpg","datePublished":"2024-08-29T16:33:16+00:00","dateModified":"2024-10-02T12:07:49+00:00","description":"En libro, publicado bajo el sello conjunto de RM y la Fundaci\u00f3n MAPFRE, Marta Dah\u00f3 ha reunido muchas de las obras m\u00e1s conocidas de Graciela lturbide","breadcrumb":{"@id":"https:\/\/estudio-laterna.seiten.co\/es\/shop\/graciela-iturbide\/#breadcrumb"},"inLanguage":"es","potentialAction":[{"@type":"ReadAction","target":["https:\/\/estudio-laterna.seiten.co\/es\/shop\/graciela-iturbide\/"]}]},{"@type":"ImageObject","inLanguage":"es","@id":"https:\/\/estudio-laterna.seiten.co\/es\/shop\/graciela-iturbide\/#primaryimage","url":"https:\/\/estudio-laterna.seiten.co\/wp-content\/uploads\/2024\/08\/Graciela_Iturbide_bookstore.jpg","contentUrl":"https:\/\/estudio-laterna.seiten.co\/wp-content\/uploads\/2024\/08\/Graciela_Iturbide_bookstore.jpg","width":1440,"height":1440},{"@type":"BreadcrumbList","@id":"https:\/\/estudio-laterna.seiten.co\/es\/shop\/graciela-iturbide\/#breadcrumb","itemListElement":[{"@type":"ListItem","position":1,"name":"Portada","item":"https:\/\/estudio-laterna.seiten.co\/es\/"},{"@type":"ListItem","position":2,"name":"Store","item":"https:\/\/estudio-laterna.seiten.co\/es\/store\/"},{"@type":"ListItem","position":3,"name":"Graciela Iturbide"}]},{"@type":"WebSite","@id":"https:\/\/estudio-laterna.seiten.co\/es\/#website","url":"https:\/\/estudio-laterna.seiten.co\/es\/","name":"Estudio Laterna","description":"Landscape architecture and gardens design","publisher":{"@id":"https:\/\/estudio-laterna.seiten.co\/es\/#organization"},"alternateName":"Estudio Laterna","potentialAction":[{"@type":"SearchAction","target":{"@type":"EntryPoint","urlTemplate":"https:\/\/estudio-laterna.seiten.co\/es\/?s={search_term_string}"},"query-input":{"@type":"PropertyValueSpecification","valueRequired":true,"valueName":"search_term_string"}}],"inLanguage":"es"},{"@type":"Organization","@id":"https:\/\/estudio-laterna.seiten.co\/es\/#organization","name":"Estudio Laterna","url":"https:\/\/estudio-laterna.seiten.co\/es\/","logo":{"@type":"ImageObject","inLanguage":"es","@id":"https:\/\/estudio-laterna.seiten.co\/es\/#\/schema\/logo\/image\/","url":"https:\/\/estudio-laterna.seiten.co\/wp-content\/uploads\/2023\/03\/estudio-laterna-3.png","contentUrl":"https:\/\/estudio-laterna.seiten.co\/wp-content\/uploads\/2023\/03\/estudio-laterna-3.png","width":500,"height":166,"caption":"Estudio Laterna"},"image":{"@id":"https:\/\/estudio-laterna.seiten.co\/es\/#\/schema\/logo\/image\/"}}]}},"_links":{"self":[{"href":"https:\/\/estudio-laterna.seiten.co\/es\/wp-json\/wp\/v2\/product\/13206","targetHints":{"allow":["GET"]}}],"collection":[{"href":"https:\/\/estudio-laterna.seiten.co\/es\/wp-json\/wp\/v2\/product"}],"about":[{"href":"https:\/\/estudio-laterna.seiten.co\/es\/wp-json\/wp\/v2\/types\/product"}],"replies":[{"embeddable":true,"href":"https:\/\/estudio-laterna.seiten.co\/es\/wp-json\/wp\/v2\/comments?post=13206"}],"version-history":[{"count":3,"href":"https:\/\/estudio-laterna.seiten.co\/es\/wp-json\/wp\/v2\/product\/13206\/revisions"}],"predecessor-version":[{"id":13210,"href":"https:\/\/estudio-laterna.seiten.co\/es\/wp-json\/wp\/v2\/product\/13206\/revisions\/13210"}],"wp:featuredmedia":[{"embeddable":true,"href":"https:\/\/estudio-laterna.seiten.co\/es\/wp-json\/wp\/v2\/media\/13035"}],"wp:attachment":[{"href":"https:\/\/estudio-laterna.seiten.co\/es\/wp-json\/wp\/v2\/media?parent=13206"}],"wp:term":[{"taxonomy":"product_cat","embeddable":true,"href":"https:\/\/estudio-laterna.seiten.co\/es\/wp-json\/wp\/v2\/product_cat?post=13206"},{"taxonomy":"product_tag","embeddable":true,"href":"https:\/\/estudio-laterna.seiten.co\/es\/wp-json\/wp\/v2\/product_tag?post=13206"}],"curies":[{"name":"wp","href":"https:\/\/api.w.org\/{rel}","templated":true}]}}