{"id":13218,"date":"2024-08-29T18:47:31","date_gmt":"2024-08-29T16:47:31","guid":{"rendered":"https:\/\/www.estudio-laterna.com\/?post_type=product&#038;p=13218"},"modified":"2024-10-02T13:42:46","modified_gmt":"2024-10-02T11:42:46","slug":"filosofia-en-el-jardin","status":"publish","type":"product","link":"https:\/\/estudio-laterna.seiten.co\/es\/shop\/filosofia-en-el-jardin\/","title":{"rendered":"Filosof\u00eda en el jard\u00edn"},"content":{"rendered":"<div class=\"WAZqE7 QfrfFD cell\">\n<section class=\"mIlVIq\" data-hook=\"description-wrapper\">\n<div class=\"QKOt7f\">\n<div class=\"ZXXP8H\" data-hook=\"content-wrapper\">\n<p>Plat\u00f3n ense\u00f1aba paseando y su Academia se hallaba en un bosque sagrado. Arist\u00f3teles daba sus charlas en un parque y su escuela, el Liceo, recib\u00eda ese nombre por su sombreada arboleda. Los romanos cultos acud\u00edan a los jardines para conversar y estudiar. Los jardines pueden consolar, calmar y elevar el \u00e1nimo, pero tambi\u00e9n pueden desconcertar y provocar, y este es el valor filos\u00f3fico que se ha perpetuado hasta la era contempor\u00e1nea.<br \/>\nEsta fascinante obra explora la relaci\u00f3n \u00edntima de grandes figuras hist\u00f3ricas -entre otros, Proust, Rousseau, Orwell o Dickinson- con plantas, \u00e1rboles y flores que tanto amaban (y en ocasiones tanto detestaban) y revela los profundos pensamientos que se llevaron a cabo al aire libre. Jane Austen buscaba el consuelo de la perfecci\u00f3n entre el filadelfo y la peonia de su casita de campo. Los manzanos helados de Leonard Woolf le suger\u00edan justo lo contrario: un atisbo de la precaria brutalidad del mundo. La escandalosa autora francesa Colette descubri\u00f3 la paz contemplativa en las rosas. A\u00f1os m\u00e1s tarde, Jean-Paul Sartre describ\u00eda la n\u00e1usea provocada por un casta\u00f1o: un grito existencialista que congreg\u00f3 a una generaci\u00f3n.<br \/>\nLos jardines son una manifestaci\u00f3n de la naturaleza al tiempo que la met\u00e1fora de la naturaleza humana, de all\u00ed su esencia filos\u00f3fica y la belleza de este libro.<\/p>\n<p>Formato: tapa blanda<br \/>\nTama\u00f1o: 14.5 x 23cm<br \/>\np\u00e1ginas: 240<br \/>\nIdioma: Espa\u00f1ol<br \/>\nFecha Publicaci\u00f3n: 21 junio 2023<br \/>\nEditorial: Ariel<br \/>\nISBN: 978-84-344-3650-3<\/p>\n<\/div>\n<\/div>\n<\/section>\n<\/div>\n","protected":false},"excerpt":{"rendered":"<p>Plat\u00f3n ense\u00f1aba paseando y su Academia se hallaba en un bosque sagrado. Arist\u00f3teles daba sus charlas en un parque y su escuela, el Liceo, recib\u00eda ese nombre por su sombreada arboleda. Los romanos cultos acud\u00edan a los jardines para conversar y estudiar. Los jardines pueden consolar, calmar y elevar el \u00e1nimo, pero tambi\u00e9n pueden desconcertar [&hellip;]<\/p>\n","protected":false},"featured_media":13027,"comment_status":"closed","ping_status":"closed","template":"","meta":{"inline_featured_image":false},"product_cat":[82,51],"product_tag":[55],"class_list":{"0":"post-13218","1":"product","2":"type-product","3":"status-publish","4":"has-post-thumbnail","6":"product_cat-libreria","7":"product_cat-sociedad","8":"product_tag-bookstore-es","10":"first","11":"instock","12":"taxable","13":"shipping-taxable","14":"purchasable","15":"product-type-simple"},"yoast_head":"<!-- This site is optimized with the Yoast SEO plugin v23.6 - https:\/\/yoast.com\/wordpress\/plugins\/seo\/ -->\n<title>Filosof\u00eda en el jard\u00edn &#8212; Estudio Laterna<\/title>\n<meta name=\"description\" content=\"Este libro explora la relaci\u00f3n \u00edntima de figuras hist\u00f3ricas -entre otros, Proust, Rousseau, Orwell o Dickinson- con plantas, \u00e1rboles y flores.\" \/>\n<meta name=\"robots\" content=\"index, follow, max-snippet:-1, max-image-preview:large, max-video-preview:-1\" \/>\n<link rel=\"canonical\" href=\"https:\/\/estudio-laterna.seiten.co\/es\/shop\/filosofia-en-el-jardin\/\" \/>\n<meta property=\"og:locale\" content=\"es_ES\" \/>\n<meta property=\"og:type\" content=\"article\" \/>\n<meta property=\"og:title\" content=\"Filosof\u00eda en el jard\u00edn &#8212; Estudio Laterna\" \/>\n<meta property=\"og:description\" content=\"Este libro explora la relaci\u00f3n \u00edntima de figuras hist\u00f3ricas -entre otros, Proust, Rousseau, Orwell o Dickinson- con plantas, \u00e1rboles y flores.\" \/>\n<meta property=\"og:url\" content=\"https:\/\/estudio-laterna.seiten.co\/es\/shop\/filosofia-en-el-jardin\/\" \/>\n<meta property=\"og:site_name\" content=\"Estudio Laterna\" \/>\n<meta property=\"article:modified_time\" content=\"2024-10-02T11:42:46+00:00\" \/>\n<meta property=\"og:image\" content=\"https:\/\/estudio-laterna.seiten.co\/wp-content\/uploads\/2024\/08\/Filosofia_en_el_jardin_bookstore.jpg\" \/>\n\t<meta property=\"og:image:width\" content=\"1440\" \/>\n\t<meta property=\"og:image:height\" content=\"1440\" \/>\n\t<meta property=\"og:image:type\" content=\"image\/jpeg\" \/>\n<meta name=\"twitter:card\" content=\"summary_large_image\" \/>\n<meta name=\"twitter:label1\" content=\"Tiempo de lectura\" \/>\n\t<meta name=\"twitter:data1\" content=\"2 minutos\" \/>\n<script type=\"application\/ld+json\" class=\"yoast-schema-graph\">{\"@context\":\"https:\/\/schema.org\",\"@graph\":[{\"@type\":\"WebPage\",\"@id\":\"https:\/\/estudio-laterna.seiten.co\/es\/shop\/filosofia-en-el-jardin\/\",\"url\":\"https:\/\/estudio-laterna.seiten.co\/es\/shop\/filosofia-en-el-jardin\/\",\"name\":\"Filosof\u00eda en el jard\u00edn &#8212; Estudio Laterna\",\"isPartOf\":{\"@id\":\"https:\/\/estudio-laterna.seiten.co\/es\/#website\"},\"primaryImageOfPage\":{\"@id\":\"https:\/\/estudio-laterna.seiten.co\/es\/shop\/filosofia-en-el-jardin\/#primaryimage\"},\"image\":{\"@id\":\"https:\/\/estudio-laterna.seiten.co\/es\/shop\/filosofia-en-el-jardin\/#primaryimage\"},\"thumbnailUrl\":\"https:\/\/estudio-laterna.seiten.co\/wp-content\/uploads\/2024\/08\/Filosofia_en_el_jardin_bookstore.jpg\",\"datePublished\":\"2024-08-29T16:47:31+00:00\",\"dateModified\":\"2024-10-02T11:42:46+00:00\",\"description\":\"Este libro explora la relaci\u00f3n \u00edntima de figuras hist\u00f3ricas -entre otros, Proust, Rousseau, Orwell o Dickinson- con plantas, \u00e1rboles y flores.\",\"breadcrumb\":{\"@id\":\"https:\/\/estudio-laterna.seiten.co\/es\/shop\/filosofia-en-el-jardin\/#breadcrumb\"},\"inLanguage\":\"es\",\"potentialAction\":[{\"@type\":\"ReadAction\",\"target\":[\"https:\/\/estudio-laterna.seiten.co\/es\/shop\/filosofia-en-el-jardin\/\"]}]},{\"@type\":\"ImageObject\",\"inLanguage\":\"es\",\"@id\":\"https:\/\/estudio-laterna.seiten.co\/es\/shop\/filosofia-en-el-jardin\/#primaryimage\",\"url\":\"https:\/\/estudio-laterna.seiten.co\/wp-content\/uploads\/2024\/08\/Filosofia_en_el_jardin_bookstore.jpg\",\"contentUrl\":\"https:\/\/estudio-laterna.seiten.co\/wp-content\/uploads\/2024\/08\/Filosofia_en_el_jardin_bookstore.jpg\",\"width\":1440,\"height\":1440},{\"@type\":\"BreadcrumbList\",\"@id\":\"https:\/\/estudio-laterna.seiten.co\/es\/shop\/filosofia-en-el-jardin\/#breadcrumb\",\"itemListElement\":[{\"@type\":\"ListItem\",\"position\":1,\"name\":\"Portada\",\"item\":\"https:\/\/estudio-laterna.seiten.co\/es\/\"},{\"@type\":\"ListItem\",\"position\":2,\"name\":\"Store\",\"item\":\"https:\/\/estudio-laterna.seiten.co\/es\/store\/\"},{\"@type\":\"ListItem\",\"position\":3,\"name\":\"Filosof\u00eda en el jard\u00edn\"}]},{\"@type\":\"WebSite\",\"@id\":\"https:\/\/estudio-laterna.seiten.co\/es\/#website\",\"url\":\"https:\/\/estudio-laterna.seiten.co\/es\/\",\"name\":\"Estudio Laterna\",\"description\":\"Landscape architecture and gardens design\",\"publisher\":{\"@id\":\"https:\/\/estudio-laterna.seiten.co\/es\/#organization\"},\"alternateName\":\"Estudio Laterna\",\"potentialAction\":[{\"@type\":\"SearchAction\",\"target\":{\"@type\":\"EntryPoint\",\"urlTemplate\":\"https:\/\/estudio-laterna.seiten.co\/es\/?s={search_term_string}\"},\"query-input\":{\"@type\":\"PropertyValueSpecification\",\"valueRequired\":true,\"valueName\":\"search_term_string\"}}],\"inLanguage\":\"es\"},{\"@type\":\"Organization\",\"@id\":\"https:\/\/estudio-laterna.seiten.co\/es\/#organization\",\"name\":\"Estudio Laterna\",\"url\":\"https:\/\/estudio-laterna.seiten.co\/es\/\",\"logo\":{\"@type\":\"ImageObject\",\"inLanguage\":\"es\",\"@id\":\"https:\/\/estudio-laterna.seiten.co\/es\/#\/schema\/logo\/image\/\",\"url\":\"https:\/\/estudio-laterna.seiten.co\/wp-content\/uploads\/2023\/03\/estudio-laterna-3.png\",\"contentUrl\":\"https:\/\/estudio-laterna.seiten.co\/wp-content\/uploads\/2023\/03\/estudio-laterna-3.png\",\"width\":500,\"height\":166,\"caption\":\"Estudio Laterna\"},\"image\":{\"@id\":\"https:\/\/estudio-laterna.seiten.co\/es\/#\/schema\/logo\/image\/\"}}]}<\/script>\n<!-- \/ Yoast SEO plugin. -->","yoast_head_json":{"title":"Filosof\u00eda en el jard\u00edn &#8212; Estudio Laterna","description":"Este libro explora la relaci\u00f3n \u00edntima de figuras hist\u00f3ricas -entre otros, Proust, Rousseau, Orwell o Dickinson- con plantas, \u00e1rboles y flores.","robots":{"index":"index","follow":"follow","max-snippet":"max-snippet:-1","max-image-preview":"max-image-preview:large","max-video-preview":"max-video-preview:-1"},"canonical":"https:\/\/estudio-laterna.seiten.co\/es\/shop\/filosofia-en-el-jardin\/","og_locale":"es_ES","og_type":"article","og_title":"Filosof\u00eda en el jard\u00edn &#8212; Estudio Laterna","og_description":"Este libro explora la relaci\u00f3n \u00edntima de figuras hist\u00f3ricas -entre otros, Proust, Rousseau, Orwell o Dickinson- con plantas, \u00e1rboles y flores.","og_url":"https:\/\/estudio-laterna.seiten.co\/es\/shop\/filosofia-en-el-jardin\/","og_site_name":"Estudio Laterna","article_modified_time":"2024-10-02T11:42:46+00:00","og_image":[{"width":1440,"height":1440,"url":"https:\/\/estudio-laterna.seiten.co\/wp-content\/uploads\/2024\/08\/Filosofia_en_el_jardin_bookstore.jpg","type":"image\/jpeg"}],"twitter_card":"summary_large_image","twitter_misc":{"Tiempo de lectura":"2 minutos"},"schema":{"@context":"https:\/\/schema.org","@graph":[{"@type":"WebPage","@id":"https:\/\/estudio-laterna.seiten.co\/es\/shop\/filosofia-en-el-jardin\/","url":"https:\/\/estudio-laterna.seiten.co\/es\/shop\/filosofia-en-el-jardin\/","name":"Filosof\u00eda en el jard\u00edn &#8212; Estudio Laterna","isPartOf":{"@id":"https:\/\/estudio-laterna.seiten.co\/es\/#website"},"primaryImageOfPage":{"@id":"https:\/\/estudio-laterna.seiten.co\/es\/shop\/filosofia-en-el-jardin\/#primaryimage"},"image":{"@id":"https:\/\/estudio-laterna.seiten.co\/es\/shop\/filosofia-en-el-jardin\/#primaryimage"},"thumbnailUrl":"https:\/\/estudio-laterna.seiten.co\/wp-content\/uploads\/2024\/08\/Filosofia_en_el_jardin_bookstore.jpg","datePublished":"2024-08-29T16:47:31+00:00","dateModified":"2024-10-02T11:42:46+00:00","description":"Este libro explora la relaci\u00f3n \u00edntima de figuras hist\u00f3ricas -entre otros, Proust, Rousseau, Orwell o Dickinson- con plantas, \u00e1rboles y flores.","breadcrumb":{"@id":"https:\/\/estudio-laterna.seiten.co\/es\/shop\/filosofia-en-el-jardin\/#breadcrumb"},"inLanguage":"es","potentialAction":[{"@type":"ReadAction","target":["https:\/\/estudio-laterna.seiten.co\/es\/shop\/filosofia-en-el-jardin\/"]}]},{"@type":"ImageObject","inLanguage":"es","@id":"https:\/\/estudio-laterna.seiten.co\/es\/shop\/filosofia-en-el-jardin\/#primaryimage","url":"https:\/\/estudio-laterna.seiten.co\/wp-content\/uploads\/2024\/08\/Filosofia_en_el_jardin_bookstore.jpg","contentUrl":"https:\/\/estudio-laterna.seiten.co\/wp-content\/uploads\/2024\/08\/Filosofia_en_el_jardin_bookstore.jpg","width":1440,"height":1440},{"@type":"BreadcrumbList","@id":"https:\/\/estudio-laterna.seiten.co\/es\/shop\/filosofia-en-el-jardin\/#breadcrumb","itemListElement":[{"@type":"ListItem","position":1,"name":"Portada","item":"https:\/\/estudio-laterna.seiten.co\/es\/"},{"@type":"ListItem","position":2,"name":"Store","item":"https:\/\/estudio-laterna.seiten.co\/es\/store\/"},{"@type":"ListItem","position":3,"name":"Filosof\u00eda en el jard\u00edn"}]},{"@type":"WebSite","@id":"https:\/\/estudio-laterna.seiten.co\/es\/#website","url":"https:\/\/estudio-laterna.seiten.co\/es\/","name":"Estudio Laterna","description":"Landscape architecture and gardens design","publisher":{"@id":"https:\/\/estudio-laterna.seiten.co\/es\/#organization"},"alternateName":"Estudio Laterna","potentialAction":[{"@type":"SearchAction","target":{"@type":"EntryPoint","urlTemplate":"https:\/\/estudio-laterna.seiten.co\/es\/?s={search_term_string}"},"query-input":{"@type":"PropertyValueSpecification","valueRequired":true,"valueName":"search_term_string"}}],"inLanguage":"es"},{"@type":"Organization","@id":"https:\/\/estudio-laterna.seiten.co\/es\/#organization","name":"Estudio Laterna","url":"https:\/\/estudio-laterna.seiten.co\/es\/","logo":{"@type":"ImageObject","inLanguage":"es","@id":"https:\/\/estudio-laterna.seiten.co\/es\/#\/schema\/logo\/image\/","url":"https:\/\/estudio-laterna.seiten.co\/wp-content\/uploads\/2023\/03\/estudio-laterna-3.png","contentUrl":"https:\/\/estudio-laterna.seiten.co\/wp-content\/uploads\/2023\/03\/estudio-laterna-3.png","width":500,"height":166,"caption":"Estudio Laterna"},"image":{"@id":"https:\/\/estudio-laterna.seiten.co\/es\/#\/schema\/logo\/image\/"}}]}},"_links":{"self":[{"href":"https:\/\/estudio-laterna.seiten.co\/es\/wp-json\/wp\/v2\/product\/13218","targetHints":{"allow":["GET"]}}],"collection":[{"href":"https:\/\/estudio-laterna.seiten.co\/es\/wp-json\/wp\/v2\/product"}],"about":[{"href":"https:\/\/estudio-laterna.seiten.co\/es\/wp-json\/wp\/v2\/types\/product"}],"replies":[{"embeddable":true,"href":"https:\/\/estudio-laterna.seiten.co\/es\/wp-json\/wp\/v2\/comments?post=13218"}],"version-history":[{"count":3,"href":"https:\/\/estudio-laterna.seiten.co\/es\/wp-json\/wp\/v2\/product\/13218\/revisions"}],"predecessor-version":[{"id":13223,"href":"https:\/\/estudio-laterna.seiten.co\/es\/wp-json\/wp\/v2\/product\/13218\/revisions\/13223"}],"wp:featuredmedia":[{"embeddable":true,"href":"https:\/\/estudio-laterna.seiten.co\/es\/wp-json\/wp\/v2\/media\/13027"}],"wp:attachment":[{"href":"https:\/\/estudio-laterna.seiten.co\/es\/wp-json\/wp\/v2\/media?parent=13218"}],"wp:term":[{"taxonomy":"product_cat","embeddable":true,"href":"https:\/\/estudio-laterna.seiten.co\/es\/wp-json\/wp\/v2\/product_cat?post=13218"},{"taxonomy":"product_tag","embeddable":true,"href":"https:\/\/estudio-laterna.seiten.co\/es\/wp-json\/wp\/v2\/product_tag?post=13218"}],"curies":[{"name":"wp","href":"https:\/\/api.w.org\/{rel}","templated":true}]}}