{"id":13225,"date":"2024-08-29T18:54:00","date_gmt":"2024-08-29T16:54:00","guid":{"rendered":"https:\/\/www.estudio-laterna.com\/?post_type=product&#038;p=13225"},"modified":"2024-10-02T13:39:47","modified_gmt":"2024-10-02T11:39:47","slug":"fernando-higueras","status":"publish","type":"product","link":"https:\/\/estudio-laterna.seiten.co\/es\/shop\/fernando-higueras\/","title":{"rendered":"FERNANDO HIGUERAS. DESDE EL ORIGEN"},"content":{"rendered":"<div class=\"WAZqE7 QfrfFD cell\">\n<section class=\"mIlVIq\" data-hook=\"description-wrapper\">\n<div class=\"QKOt7f\">\n<div class=\"ZXXP8H\" data-hook=\"content-wrapper\">\n<p>FERNANDO HIGUERAS. DESDE EL ORIGEN:\u00a0 1950-2008<\/p>\n<p>Este cat\u00e1logo recopila exhaustivamente las mejores obras y proyectos de Fernando Higueras, desde sus primeros dibujos hasta sus \u00faltimas propuestas. Abundantemente ilustrado y rigurosamente documentado, es sin duda la m\u00e1s completa monograf\u00eda dedicada al arquitecto, concebida como un recorrido cronol\u00f3gico fundamentalmente visual e informativo\u00a0que incluye bocetos,\u00a0planos, dibujos, fotograf\u00edas, fichas, memorias,\u00a0maquetas de trabajo, etc. Los contenidos est\u00e1n\u00a0organizados\u00a0en varias \u00e9pocas, seg\u00fan la propia biograf\u00eda de Higueras, lo que evidencia\u00a0las\u00a0ideas fundamentales, las continuidades, desarrollos y evoluciones y los nuevos enfoques que se incorporan en diferentes momentos a sus planteamientos. As\u00ed,\u00a0se pueden analizar la g\u00e9nesis, el desarrollo y el resultado final construido de sus edificios, comprendiendo los conceptos arquitect\u00f3nicos que los inspiran y los mecanismos proyectuales que los caracterizan. Ser\u00eda interminable hacer aqu\u00ed la lista completa de las obras que se recogen en el cat\u00e1logo, pero hay que destacar algunas tan emblem\u00e1ticas como el colegio Estudio,\u00a0la casa Lucio Mu\u00f1oz,\u00a0la casa Macarrona, la UVA de Hortaleza, el Centro de Restauraciones Art\u00edsticas,\u00a0las viviendas para militares,\u00a0el Hotel Las Salinas, los concursos para el Pabell\u00f3n Espa\u00f1ol en Nueva York y el edificio polivalente en Montecarlo, el espl\u00e9ndido Plan Parcial de Playa Blanca en Lanzarote&#8230;<\/p>\n<p>&nbsp;<\/p>\n<p>Tama\u00f1o: 24 x 26cm.<br \/>\nP\u00e1ginas: 448<br \/>\nEncuadernaci\u00f3n: Carton\u00e9<br \/>\nEdici\u00f3n:\u00a0Ministerio de Transportes, Movilidad y Agenda Urbana, Fundaci\u00f3n ICO y\u00a0Ediciones Asim\u00e9tricas con la colaboraci\u00f3n de la Fundaci\u00f3n Fernando Higueras.<br \/>\nISBN:\u00a0978-84-19050-68-7<\/p>\n<\/div>\n<\/div>\n<\/section>\n<\/div>\n","protected":false},"excerpt":{"rendered":"<p>FERNANDO HIGUERAS. DESDE EL ORIGEN:\u00a0 1950-2008 Este cat\u00e1logo recopila exhaustivamente las mejores obras y proyectos de Fernando Higueras, desde sus primeros dibujos hasta sus \u00faltimas propuestas. Abundantemente ilustrado y rigurosamente documentado, es sin duda la m\u00e1s completa monograf\u00eda dedicada al arquitecto, concebida como un recorrido cronol\u00f3gico fundamentalmente visual e informativo\u00a0que incluye bocetos,\u00a0planos, dibujos, fotograf\u00edas, fichas, [&hellip;]<\/p>\n","protected":false},"featured_media":13025,"comment_status":"closed","ping_status":"closed","template":"","meta":{"inline_featured_image":false},"product_cat":[49,82],"product_tag":[55],"class_list":{"0":"post-13225","1":"product","2":"type-product","3":"status-publish","4":"has-post-thumbnail","6":"product_cat-arte","7":"product_cat-libreria","8":"product_tag-bookstore-es","10":"first","11":"instock","12":"taxable","13":"shipping-taxable","14":"purchasable","15":"product-type-simple"},"yoast_head":"<!-- This site is optimized with the Yoast SEO plugin v23.6 - https:\/\/yoast.com\/wordpress\/plugins\/seo\/ -->\n<title>FERNANDO HIGUERAS. DESDE EL ORIGEN &#8212; Estudio Laterna<\/title>\n<meta name=\"description\" content=\"Este cat\u00e1logo recopila exhaustivamente las mejores obras y proyectos de Fernando Higueras, desde sus primeros dibujos hasta sus \u00faltimas propuestas.\" \/>\n<meta name=\"robots\" content=\"index, follow, max-snippet:-1, max-image-preview:large, max-video-preview:-1\" \/>\n<link rel=\"canonical\" href=\"https:\/\/estudio-laterna.seiten.co\/es\/shop\/fernando-higueras\/\" \/>\n<meta property=\"og:locale\" content=\"es_ES\" \/>\n<meta property=\"og:type\" content=\"article\" \/>\n<meta property=\"og:title\" content=\"FERNANDO HIGUERAS. DESDE EL ORIGEN &#8212; Estudio Laterna\" \/>\n<meta property=\"og:description\" content=\"Este cat\u00e1logo recopila exhaustivamente las mejores obras y proyectos de Fernando Higueras, desde sus primeros dibujos hasta sus \u00faltimas propuestas.\" \/>\n<meta property=\"og:url\" content=\"https:\/\/estudio-laterna.seiten.co\/es\/shop\/fernando-higueras\/\" \/>\n<meta property=\"og:site_name\" content=\"Estudio Laterna\" \/>\n<meta property=\"article:modified_time\" content=\"2024-10-02T11:39:47+00:00\" \/>\n<meta property=\"og:image\" content=\"https:\/\/estudio-laterna.seiten.co\/wp-content\/uploads\/2024\/08\/Fernando_Higueras_bookstore.jpg\" \/>\n\t<meta property=\"og:image:width\" content=\"1440\" \/>\n\t<meta property=\"og:image:height\" content=\"1440\" \/>\n\t<meta property=\"og:image:type\" content=\"image\/jpeg\" \/>\n<meta name=\"twitter:card\" content=\"summary_large_image\" \/>\n<meta name=\"twitter:label1\" content=\"Tiempo de lectura\" \/>\n\t<meta name=\"twitter:data1\" content=\"2 minutos\" \/>\n<script type=\"application\/ld+json\" class=\"yoast-schema-graph\">{\"@context\":\"https:\/\/schema.org\",\"@graph\":[{\"@type\":\"WebPage\",\"@id\":\"https:\/\/estudio-laterna.seiten.co\/es\/shop\/fernando-higueras\/\",\"url\":\"https:\/\/estudio-laterna.seiten.co\/es\/shop\/fernando-higueras\/\",\"name\":\"FERNANDO HIGUERAS. DESDE EL ORIGEN &#8212; Estudio Laterna\",\"isPartOf\":{\"@id\":\"https:\/\/estudio-laterna.seiten.co\/es\/#website\"},\"primaryImageOfPage\":{\"@id\":\"https:\/\/estudio-laterna.seiten.co\/es\/shop\/fernando-higueras\/#primaryimage\"},\"image\":{\"@id\":\"https:\/\/estudio-laterna.seiten.co\/es\/shop\/fernando-higueras\/#primaryimage\"},\"thumbnailUrl\":\"https:\/\/estudio-laterna.seiten.co\/wp-content\/uploads\/2024\/08\/Fernando_Higueras_bookstore.jpg\",\"datePublished\":\"2024-08-29T16:54:00+00:00\",\"dateModified\":\"2024-10-02T11:39:47+00:00\",\"description\":\"Este cat\u00e1logo recopila exhaustivamente las mejores obras y proyectos de Fernando Higueras, desde sus primeros dibujos hasta sus \u00faltimas propuestas.\",\"breadcrumb\":{\"@id\":\"https:\/\/estudio-laterna.seiten.co\/es\/shop\/fernando-higueras\/#breadcrumb\"},\"inLanguage\":\"es\",\"potentialAction\":[{\"@type\":\"ReadAction\",\"target\":[\"https:\/\/estudio-laterna.seiten.co\/es\/shop\/fernando-higueras\/\"]}]},{\"@type\":\"ImageObject\",\"inLanguage\":\"es\",\"@id\":\"https:\/\/estudio-laterna.seiten.co\/es\/shop\/fernando-higueras\/#primaryimage\",\"url\":\"https:\/\/estudio-laterna.seiten.co\/wp-content\/uploads\/2024\/08\/Fernando_Higueras_bookstore.jpg\",\"contentUrl\":\"https:\/\/estudio-laterna.seiten.co\/wp-content\/uploads\/2024\/08\/Fernando_Higueras_bookstore.jpg\",\"width\":1440,\"height\":1440},{\"@type\":\"BreadcrumbList\",\"@id\":\"https:\/\/estudio-laterna.seiten.co\/es\/shop\/fernando-higueras\/#breadcrumb\",\"itemListElement\":[{\"@type\":\"ListItem\",\"position\":1,\"name\":\"Portada\",\"item\":\"https:\/\/estudio-laterna.seiten.co\/es\/\"},{\"@type\":\"ListItem\",\"position\":2,\"name\":\"Store\",\"item\":\"https:\/\/estudio-laterna.seiten.co\/es\/store\/\"},{\"@type\":\"ListItem\",\"position\":3,\"name\":\"FERNANDO HIGUERAS. DESDE EL ORIGEN\"}]},{\"@type\":\"WebSite\",\"@id\":\"https:\/\/estudio-laterna.seiten.co\/es\/#website\",\"url\":\"https:\/\/estudio-laterna.seiten.co\/es\/\",\"name\":\"Estudio Laterna\",\"description\":\"Landscape architecture and gardens design\",\"publisher\":{\"@id\":\"https:\/\/estudio-laterna.seiten.co\/es\/#organization\"},\"alternateName\":\"Estudio Laterna\",\"potentialAction\":[{\"@type\":\"SearchAction\",\"target\":{\"@type\":\"EntryPoint\",\"urlTemplate\":\"https:\/\/estudio-laterna.seiten.co\/es\/?s={search_term_string}\"},\"query-input\":{\"@type\":\"PropertyValueSpecification\",\"valueRequired\":true,\"valueName\":\"search_term_string\"}}],\"inLanguage\":\"es\"},{\"@type\":\"Organization\",\"@id\":\"https:\/\/estudio-laterna.seiten.co\/es\/#organization\",\"name\":\"Estudio Laterna\",\"url\":\"https:\/\/estudio-laterna.seiten.co\/es\/\",\"logo\":{\"@type\":\"ImageObject\",\"inLanguage\":\"es\",\"@id\":\"https:\/\/estudio-laterna.seiten.co\/es\/#\/schema\/logo\/image\/\",\"url\":\"https:\/\/estudio-laterna.seiten.co\/wp-content\/uploads\/2023\/03\/estudio-laterna-3.png\",\"contentUrl\":\"https:\/\/estudio-laterna.seiten.co\/wp-content\/uploads\/2023\/03\/estudio-laterna-3.png\",\"width\":500,\"height\":166,\"caption\":\"Estudio Laterna\"},\"image\":{\"@id\":\"https:\/\/estudio-laterna.seiten.co\/es\/#\/schema\/logo\/image\/\"}}]}<\/script>\n<!-- \/ Yoast SEO plugin. -->","yoast_head_json":{"title":"FERNANDO HIGUERAS. DESDE EL ORIGEN &#8212; Estudio Laterna","description":"Este cat\u00e1logo recopila exhaustivamente las mejores obras y proyectos de Fernando Higueras, desde sus primeros dibujos hasta sus \u00faltimas propuestas.","robots":{"index":"index","follow":"follow","max-snippet":"max-snippet:-1","max-image-preview":"max-image-preview:large","max-video-preview":"max-video-preview:-1"},"canonical":"https:\/\/estudio-laterna.seiten.co\/es\/shop\/fernando-higueras\/","og_locale":"es_ES","og_type":"article","og_title":"FERNANDO HIGUERAS. DESDE EL ORIGEN &#8212; Estudio Laterna","og_description":"Este cat\u00e1logo recopila exhaustivamente las mejores obras y proyectos de Fernando Higueras, desde sus primeros dibujos hasta sus \u00faltimas propuestas.","og_url":"https:\/\/estudio-laterna.seiten.co\/es\/shop\/fernando-higueras\/","og_site_name":"Estudio Laterna","article_modified_time":"2024-10-02T11:39:47+00:00","og_image":[{"width":1440,"height":1440,"url":"https:\/\/estudio-laterna.seiten.co\/wp-content\/uploads\/2024\/08\/Fernando_Higueras_bookstore.jpg","type":"image\/jpeg"}],"twitter_card":"summary_large_image","twitter_misc":{"Tiempo de lectura":"2 minutos"},"schema":{"@context":"https:\/\/schema.org","@graph":[{"@type":"WebPage","@id":"https:\/\/estudio-laterna.seiten.co\/es\/shop\/fernando-higueras\/","url":"https:\/\/estudio-laterna.seiten.co\/es\/shop\/fernando-higueras\/","name":"FERNANDO HIGUERAS. DESDE EL ORIGEN &#8212; Estudio Laterna","isPartOf":{"@id":"https:\/\/estudio-laterna.seiten.co\/es\/#website"},"primaryImageOfPage":{"@id":"https:\/\/estudio-laterna.seiten.co\/es\/shop\/fernando-higueras\/#primaryimage"},"image":{"@id":"https:\/\/estudio-laterna.seiten.co\/es\/shop\/fernando-higueras\/#primaryimage"},"thumbnailUrl":"https:\/\/estudio-laterna.seiten.co\/wp-content\/uploads\/2024\/08\/Fernando_Higueras_bookstore.jpg","datePublished":"2024-08-29T16:54:00+00:00","dateModified":"2024-10-02T11:39:47+00:00","description":"Este cat\u00e1logo recopila exhaustivamente las mejores obras y proyectos de Fernando Higueras, desde sus primeros dibujos hasta sus \u00faltimas propuestas.","breadcrumb":{"@id":"https:\/\/estudio-laterna.seiten.co\/es\/shop\/fernando-higueras\/#breadcrumb"},"inLanguage":"es","potentialAction":[{"@type":"ReadAction","target":["https:\/\/estudio-laterna.seiten.co\/es\/shop\/fernando-higueras\/"]}]},{"@type":"ImageObject","inLanguage":"es","@id":"https:\/\/estudio-laterna.seiten.co\/es\/shop\/fernando-higueras\/#primaryimage","url":"https:\/\/estudio-laterna.seiten.co\/wp-content\/uploads\/2024\/08\/Fernando_Higueras_bookstore.jpg","contentUrl":"https:\/\/estudio-laterna.seiten.co\/wp-content\/uploads\/2024\/08\/Fernando_Higueras_bookstore.jpg","width":1440,"height":1440},{"@type":"BreadcrumbList","@id":"https:\/\/estudio-laterna.seiten.co\/es\/shop\/fernando-higueras\/#breadcrumb","itemListElement":[{"@type":"ListItem","position":1,"name":"Portada","item":"https:\/\/estudio-laterna.seiten.co\/es\/"},{"@type":"ListItem","position":2,"name":"Store","item":"https:\/\/estudio-laterna.seiten.co\/es\/store\/"},{"@type":"ListItem","position":3,"name":"FERNANDO HIGUERAS. DESDE EL ORIGEN"}]},{"@type":"WebSite","@id":"https:\/\/estudio-laterna.seiten.co\/es\/#website","url":"https:\/\/estudio-laterna.seiten.co\/es\/","name":"Estudio Laterna","description":"Landscape architecture and gardens design","publisher":{"@id":"https:\/\/estudio-laterna.seiten.co\/es\/#organization"},"alternateName":"Estudio Laterna","potentialAction":[{"@type":"SearchAction","target":{"@type":"EntryPoint","urlTemplate":"https:\/\/estudio-laterna.seiten.co\/es\/?s={search_term_string}"},"query-input":{"@type":"PropertyValueSpecification","valueRequired":true,"valueName":"search_term_string"}}],"inLanguage":"es"},{"@type":"Organization","@id":"https:\/\/estudio-laterna.seiten.co\/es\/#organization","name":"Estudio Laterna","url":"https:\/\/estudio-laterna.seiten.co\/es\/","logo":{"@type":"ImageObject","inLanguage":"es","@id":"https:\/\/estudio-laterna.seiten.co\/es\/#\/schema\/logo\/image\/","url":"https:\/\/estudio-laterna.seiten.co\/wp-content\/uploads\/2023\/03\/estudio-laterna-3.png","contentUrl":"https:\/\/estudio-laterna.seiten.co\/wp-content\/uploads\/2023\/03\/estudio-laterna-3.png","width":500,"height":166,"caption":"Estudio Laterna"},"image":{"@id":"https:\/\/estudio-laterna.seiten.co\/es\/#\/schema\/logo\/image\/"}}]}},"_links":{"self":[{"href":"https:\/\/estudio-laterna.seiten.co\/es\/wp-json\/wp\/v2\/product\/13225","targetHints":{"allow":["GET"]}}],"collection":[{"href":"https:\/\/estudio-laterna.seiten.co\/es\/wp-json\/wp\/v2\/product"}],"about":[{"href":"https:\/\/estudio-laterna.seiten.co\/es\/wp-json\/wp\/v2\/types\/product"}],"replies":[{"embeddable":true,"href":"https:\/\/estudio-laterna.seiten.co\/es\/wp-json\/wp\/v2\/comments?post=13225"}],"version-history":[{"count":3,"href":"https:\/\/estudio-laterna.seiten.co\/es\/wp-json\/wp\/v2\/product\/13225\/revisions"}],"predecessor-version":[{"id":13230,"href":"https:\/\/estudio-laterna.seiten.co\/es\/wp-json\/wp\/v2\/product\/13225\/revisions\/13230"}],"wp:featuredmedia":[{"embeddable":true,"href":"https:\/\/estudio-laterna.seiten.co\/es\/wp-json\/wp\/v2\/media\/13025"}],"wp:attachment":[{"href":"https:\/\/estudio-laterna.seiten.co\/es\/wp-json\/wp\/v2\/media?parent=13225"}],"wp:term":[{"taxonomy":"product_cat","embeddable":true,"href":"https:\/\/estudio-laterna.seiten.co\/es\/wp-json\/wp\/v2\/product_cat?post=13225"},{"taxonomy":"product_tag","embeddable":true,"href":"https:\/\/estudio-laterna.seiten.co\/es\/wp-json\/wp\/v2\/product_tag?post=13225"}],"curies":[{"name":"wp","href":"https:\/\/api.w.org\/{rel}","templated":true}]}}