{"id":13232,"date":"2024-08-29T19:01:24","date_gmt":"2024-08-29T17:01:24","guid":{"rendered":"https:\/\/www.estudio-laterna.com\/?post_type=product&#038;p=13232"},"modified":"2024-10-02T13:37:10","modified_gmt":"2024-10-02T11:37:10","slug":"hiroshige-eisen","status":"publish","type":"product","link":"https:\/\/estudio-laterna.seiten.co\/es\/shop\/hiroshige-eisen\/","title":{"rendered":"Hiroshige Eisen"},"content":{"rendered":"<div class=\"WAZqE7 QfrfFD cell\">\n<section class=\"mIlVIq\" data-hook=\"description-wrapper\">\n<div class=\"QKOt7f\">\n<div class=\"ZXXP8H\" data-hook=\"content-wrapper\">\n<p>Esta edici\u00f3n de Las sesenta y nueve estaciones del Kisokaido recupera la serie de Keisai Eisen y Utagawa Hiroshige, un relato impresionante de la ruta hist\u00f3rica entre Edo y Kyoto. Acompa\u00f1ado por los bocetos originales, este v\u00edvido retrato del Jap\u00f3n del siglo XIX es un magn\u00edfico testimonio de su pasado imperial y una obra maestra del grabado.<\/p>\n<p>Tanto Eisen como Hiroshige eran reconocidos maestros del grabado. Las sesenta y nueve estaciones del Kisokaido pone de manifiesto los distintos estilos de ambos y su habilidad com\u00fan. Desde el ajetreado punto de partida de Nihonbashi hasta el castillo de Iwamurata, Eisen opta por una paleta m\u00e1s apagada, pero sobresale en la figuraci\u00f3n, sobre todo en la representaci\u00f3n de mujeres glamurosas, y se recrea en las im\u00e1genes de toda la actividad que se realiza a lo largo del camino, desde el herrado de un caballo hasta campesinos aventando arroz. Hiroshige demuestra su dominio del grabado paisajista con escenas grandiosas y evocadoras, desde las tranquilas orillas del r\u00edo Ota hasta el imponente paso de Wada o una ascensi\u00f3n a la luz de la luna entre Yawata y Mochizuki.<br \/>\nTomadas en conjunto, las estampas de &#8216;Las sesenta y nueve estaciones del Kisokaido&#8217; suponen no s\u00f3lo un animado ejemplo del arte de la xilograf\u00eda, con composiciones audaces y un uso experimental del color, sino tambi\u00e9n un encantador tapiz del Jap\u00f3n del siglo XIX, mucho antes de que apareciera el fantasma de la industrializaci\u00f3n.<\/p>\n<p>Formato: Tapa dura<br \/>\ntama\u00f1o: 15.6 x 21.7 cm,<br \/>\nPeso: 1.03 kg<br \/>\np\u00e1ginas: 512<br \/>\nEditorial: Taschen<br \/>\nEdici\u00f3n Pluriling\u00fce (Espa\u00f1ol, Ingl\u00e9s, Italiano)<br \/>\nISBN 978-3-8365-9645-9<\/p>\n<\/div>\n<\/div>\n<\/section>\n<\/div>\n","protected":false},"excerpt":{"rendered":"<p>Esta edici\u00f3n de Las sesenta y nueve estaciones del Kisokaido recupera la serie de Keisai Eisen y Utagawa Hiroshige, un relato impresionante de la ruta hist\u00f3rica entre Edo y Kyoto. Acompa\u00f1ado por los bocetos originales, este v\u00edvido retrato del Jap\u00f3n del siglo XIX es un magn\u00edfico testimonio de su pasado imperial y una obra maestra [&hellip;]<\/p>\n","protected":false},"featured_media":13043,"comment_status":"closed","ping_status":"closed","template":"","meta":{"inline_featured_image":false},"product_cat":[49,82],"product_tag":[55],"class_list":{"0":"post-13232","1":"product","2":"type-product","3":"status-publish","4":"has-post-thumbnail","6":"product_cat-arte","7":"product_cat-libreria","8":"product_tag-bookstore-es","10":"first","11":"instock","12":"taxable","13":"shipping-taxable","14":"purchasable","15":"product-type-simple"},"yoast_head":"<!-- This site is optimized with the Yoast SEO plugin v23.6 - https:\/\/yoast.com\/wordpress\/plugins\/seo\/ -->\n<title>Hiroshige Eisen &#8212; Estudio Laterna<\/title>\n<meta name=\"description\" content=\"Este libro incluye de Las sesenta y nueve estaciones del Kisokaido recupera la serie dibujos de Keisai Eisen y Utagawa Hiroshige\" \/>\n<meta name=\"robots\" content=\"index, follow, max-snippet:-1, max-image-preview:large, max-video-preview:-1\" \/>\n<link rel=\"canonical\" href=\"https:\/\/estudio-laterna.seiten.co\/es\/shop\/hiroshige-eisen\/\" \/>\n<meta property=\"og:locale\" content=\"es_ES\" \/>\n<meta property=\"og:type\" content=\"article\" \/>\n<meta property=\"og:title\" content=\"Hiroshige Eisen &#8212; Estudio Laterna\" \/>\n<meta property=\"og:description\" content=\"Este libro incluye de Las sesenta y nueve estaciones del Kisokaido recupera la serie dibujos de Keisai Eisen y Utagawa Hiroshige\" \/>\n<meta property=\"og:url\" content=\"https:\/\/estudio-laterna.seiten.co\/es\/shop\/hiroshige-eisen\/\" \/>\n<meta property=\"og:site_name\" content=\"Estudio Laterna\" \/>\n<meta property=\"article:modified_time\" content=\"2024-10-02T11:37:10+00:00\" \/>\n<meta property=\"og:image\" content=\"https:\/\/estudio-laterna.seiten.co\/wp-content\/uploads\/2024\/08\/Hiroshinge_Eisen_bookstore.jpg\" \/>\n\t<meta property=\"og:image:width\" content=\"1440\" \/>\n\t<meta property=\"og:image:height\" content=\"1440\" \/>\n\t<meta property=\"og:image:type\" content=\"image\/jpeg\" \/>\n<meta name=\"twitter:card\" content=\"summary_large_image\" \/>\n<meta name=\"twitter:label1\" content=\"Tiempo de lectura\" \/>\n\t<meta name=\"twitter:data1\" content=\"2 minutos\" \/>\n<script type=\"application\/ld+json\" class=\"yoast-schema-graph\">{\"@context\":\"https:\/\/schema.org\",\"@graph\":[{\"@type\":\"WebPage\",\"@id\":\"https:\/\/estudio-laterna.seiten.co\/es\/shop\/hiroshige-eisen\/\",\"url\":\"https:\/\/estudio-laterna.seiten.co\/es\/shop\/hiroshige-eisen\/\",\"name\":\"Hiroshige Eisen &#8212; Estudio Laterna\",\"isPartOf\":{\"@id\":\"https:\/\/estudio-laterna.seiten.co\/es\/#website\"},\"primaryImageOfPage\":{\"@id\":\"https:\/\/estudio-laterna.seiten.co\/es\/shop\/hiroshige-eisen\/#primaryimage\"},\"image\":{\"@id\":\"https:\/\/estudio-laterna.seiten.co\/es\/shop\/hiroshige-eisen\/#primaryimage\"},\"thumbnailUrl\":\"https:\/\/estudio-laterna.seiten.co\/wp-content\/uploads\/2024\/08\/Hiroshinge_Eisen_bookstore.jpg\",\"datePublished\":\"2024-08-29T17:01:24+00:00\",\"dateModified\":\"2024-10-02T11:37:10+00:00\",\"description\":\"Este libro incluye de Las sesenta y nueve estaciones del Kisokaido recupera la serie dibujos de Keisai Eisen y Utagawa Hiroshige\",\"breadcrumb\":{\"@id\":\"https:\/\/estudio-laterna.seiten.co\/es\/shop\/hiroshige-eisen\/#breadcrumb\"},\"inLanguage\":\"es\",\"potentialAction\":[{\"@type\":\"ReadAction\",\"target\":[\"https:\/\/estudio-laterna.seiten.co\/es\/shop\/hiroshige-eisen\/\"]}]},{\"@type\":\"ImageObject\",\"inLanguage\":\"es\",\"@id\":\"https:\/\/estudio-laterna.seiten.co\/es\/shop\/hiroshige-eisen\/#primaryimage\",\"url\":\"https:\/\/estudio-laterna.seiten.co\/wp-content\/uploads\/2024\/08\/Hiroshinge_Eisen_bookstore.jpg\",\"contentUrl\":\"https:\/\/estudio-laterna.seiten.co\/wp-content\/uploads\/2024\/08\/Hiroshinge_Eisen_bookstore.jpg\",\"width\":1440,\"height\":1440},{\"@type\":\"BreadcrumbList\",\"@id\":\"https:\/\/estudio-laterna.seiten.co\/es\/shop\/hiroshige-eisen\/#breadcrumb\",\"itemListElement\":[{\"@type\":\"ListItem\",\"position\":1,\"name\":\"Portada\",\"item\":\"https:\/\/estudio-laterna.seiten.co\/es\/\"},{\"@type\":\"ListItem\",\"position\":2,\"name\":\"Store\",\"item\":\"https:\/\/estudio-laterna.seiten.co\/es\/store\/\"},{\"@type\":\"ListItem\",\"position\":3,\"name\":\"Hiroshige Eisen\"}]},{\"@type\":\"WebSite\",\"@id\":\"https:\/\/estudio-laterna.seiten.co\/es\/#website\",\"url\":\"https:\/\/estudio-laterna.seiten.co\/es\/\",\"name\":\"Estudio Laterna\",\"description\":\"Landscape architecture and gardens design\",\"publisher\":{\"@id\":\"https:\/\/estudio-laterna.seiten.co\/es\/#organization\"},\"alternateName\":\"Estudio Laterna\",\"potentialAction\":[{\"@type\":\"SearchAction\",\"target\":{\"@type\":\"EntryPoint\",\"urlTemplate\":\"https:\/\/estudio-laterna.seiten.co\/es\/?s={search_term_string}\"},\"query-input\":{\"@type\":\"PropertyValueSpecification\",\"valueRequired\":true,\"valueName\":\"search_term_string\"}}],\"inLanguage\":\"es\"},{\"@type\":\"Organization\",\"@id\":\"https:\/\/estudio-laterna.seiten.co\/es\/#organization\",\"name\":\"Estudio Laterna\",\"url\":\"https:\/\/estudio-laterna.seiten.co\/es\/\",\"logo\":{\"@type\":\"ImageObject\",\"inLanguage\":\"es\",\"@id\":\"https:\/\/estudio-laterna.seiten.co\/es\/#\/schema\/logo\/image\/\",\"url\":\"https:\/\/estudio-laterna.seiten.co\/wp-content\/uploads\/2023\/03\/estudio-laterna-3.png\",\"contentUrl\":\"https:\/\/estudio-laterna.seiten.co\/wp-content\/uploads\/2023\/03\/estudio-laterna-3.png\",\"width\":500,\"height\":166,\"caption\":\"Estudio Laterna\"},\"image\":{\"@id\":\"https:\/\/estudio-laterna.seiten.co\/es\/#\/schema\/logo\/image\/\"}}]}<\/script>\n<!-- \/ Yoast SEO plugin. -->","yoast_head_json":{"title":"Hiroshige Eisen &#8212; Estudio Laterna","description":"Este libro incluye de Las sesenta y nueve estaciones del Kisokaido recupera la serie dibujos de Keisai Eisen y Utagawa Hiroshige","robots":{"index":"index","follow":"follow","max-snippet":"max-snippet:-1","max-image-preview":"max-image-preview:large","max-video-preview":"max-video-preview:-1"},"canonical":"https:\/\/estudio-laterna.seiten.co\/es\/shop\/hiroshige-eisen\/","og_locale":"es_ES","og_type":"article","og_title":"Hiroshige Eisen &#8212; Estudio Laterna","og_description":"Este libro incluye de Las sesenta y nueve estaciones del Kisokaido recupera la serie dibujos de Keisai Eisen y Utagawa Hiroshige","og_url":"https:\/\/estudio-laterna.seiten.co\/es\/shop\/hiroshige-eisen\/","og_site_name":"Estudio Laterna","article_modified_time":"2024-10-02T11:37:10+00:00","og_image":[{"width":1440,"height":1440,"url":"https:\/\/estudio-laterna.seiten.co\/wp-content\/uploads\/2024\/08\/Hiroshinge_Eisen_bookstore.jpg","type":"image\/jpeg"}],"twitter_card":"summary_large_image","twitter_misc":{"Tiempo de lectura":"2 minutos"},"schema":{"@context":"https:\/\/schema.org","@graph":[{"@type":"WebPage","@id":"https:\/\/estudio-laterna.seiten.co\/es\/shop\/hiroshige-eisen\/","url":"https:\/\/estudio-laterna.seiten.co\/es\/shop\/hiroshige-eisen\/","name":"Hiroshige Eisen &#8212; Estudio Laterna","isPartOf":{"@id":"https:\/\/estudio-laterna.seiten.co\/es\/#website"},"primaryImageOfPage":{"@id":"https:\/\/estudio-laterna.seiten.co\/es\/shop\/hiroshige-eisen\/#primaryimage"},"image":{"@id":"https:\/\/estudio-laterna.seiten.co\/es\/shop\/hiroshige-eisen\/#primaryimage"},"thumbnailUrl":"https:\/\/estudio-laterna.seiten.co\/wp-content\/uploads\/2024\/08\/Hiroshinge_Eisen_bookstore.jpg","datePublished":"2024-08-29T17:01:24+00:00","dateModified":"2024-10-02T11:37:10+00:00","description":"Este libro incluye de Las sesenta y nueve estaciones del Kisokaido recupera la serie dibujos de Keisai Eisen y Utagawa Hiroshige","breadcrumb":{"@id":"https:\/\/estudio-laterna.seiten.co\/es\/shop\/hiroshige-eisen\/#breadcrumb"},"inLanguage":"es","potentialAction":[{"@type":"ReadAction","target":["https:\/\/estudio-laterna.seiten.co\/es\/shop\/hiroshige-eisen\/"]}]},{"@type":"ImageObject","inLanguage":"es","@id":"https:\/\/estudio-laterna.seiten.co\/es\/shop\/hiroshige-eisen\/#primaryimage","url":"https:\/\/estudio-laterna.seiten.co\/wp-content\/uploads\/2024\/08\/Hiroshinge_Eisen_bookstore.jpg","contentUrl":"https:\/\/estudio-laterna.seiten.co\/wp-content\/uploads\/2024\/08\/Hiroshinge_Eisen_bookstore.jpg","width":1440,"height":1440},{"@type":"BreadcrumbList","@id":"https:\/\/estudio-laterna.seiten.co\/es\/shop\/hiroshige-eisen\/#breadcrumb","itemListElement":[{"@type":"ListItem","position":1,"name":"Portada","item":"https:\/\/estudio-laterna.seiten.co\/es\/"},{"@type":"ListItem","position":2,"name":"Store","item":"https:\/\/estudio-laterna.seiten.co\/es\/store\/"},{"@type":"ListItem","position":3,"name":"Hiroshige Eisen"}]},{"@type":"WebSite","@id":"https:\/\/estudio-laterna.seiten.co\/es\/#website","url":"https:\/\/estudio-laterna.seiten.co\/es\/","name":"Estudio Laterna","description":"Landscape architecture and gardens design","publisher":{"@id":"https:\/\/estudio-laterna.seiten.co\/es\/#organization"},"alternateName":"Estudio Laterna","potentialAction":[{"@type":"SearchAction","target":{"@type":"EntryPoint","urlTemplate":"https:\/\/estudio-laterna.seiten.co\/es\/?s={search_term_string}"},"query-input":{"@type":"PropertyValueSpecification","valueRequired":true,"valueName":"search_term_string"}}],"inLanguage":"es"},{"@type":"Organization","@id":"https:\/\/estudio-laterna.seiten.co\/es\/#organization","name":"Estudio Laterna","url":"https:\/\/estudio-laterna.seiten.co\/es\/","logo":{"@type":"ImageObject","inLanguage":"es","@id":"https:\/\/estudio-laterna.seiten.co\/es\/#\/schema\/logo\/image\/","url":"https:\/\/estudio-laterna.seiten.co\/wp-content\/uploads\/2023\/03\/estudio-laterna-3.png","contentUrl":"https:\/\/estudio-laterna.seiten.co\/wp-content\/uploads\/2023\/03\/estudio-laterna-3.png","width":500,"height":166,"caption":"Estudio Laterna"},"image":{"@id":"https:\/\/estudio-laterna.seiten.co\/es\/#\/schema\/logo\/image\/"}}]}},"_links":{"self":[{"href":"https:\/\/estudio-laterna.seiten.co\/es\/wp-json\/wp\/v2\/product\/13232","targetHints":{"allow":["GET"]}}],"collection":[{"href":"https:\/\/estudio-laterna.seiten.co\/es\/wp-json\/wp\/v2\/product"}],"about":[{"href":"https:\/\/estudio-laterna.seiten.co\/es\/wp-json\/wp\/v2\/types\/product"}],"replies":[{"embeddable":true,"href":"https:\/\/estudio-laterna.seiten.co\/es\/wp-json\/wp\/v2\/comments?post=13232"}],"version-history":[{"count":4,"href":"https:\/\/estudio-laterna.seiten.co\/es\/wp-json\/wp\/v2\/product\/13232\/revisions"}],"predecessor-version":[{"id":13235,"href":"https:\/\/estudio-laterna.seiten.co\/es\/wp-json\/wp\/v2\/product\/13232\/revisions\/13235"}],"wp:featuredmedia":[{"embeddable":true,"href":"https:\/\/estudio-laterna.seiten.co\/es\/wp-json\/wp\/v2\/media\/13043"}],"wp:attachment":[{"href":"https:\/\/estudio-laterna.seiten.co\/es\/wp-json\/wp\/v2\/media?parent=13232"}],"wp:term":[{"taxonomy":"product_cat","embeddable":true,"href":"https:\/\/estudio-laterna.seiten.co\/es\/wp-json\/wp\/v2\/product_cat?post=13232"},{"taxonomy":"product_tag","embeddable":true,"href":"https:\/\/estudio-laterna.seiten.co\/es\/wp-json\/wp\/v2\/product_tag?post=13232"}],"curies":[{"name":"wp","href":"https:\/\/api.w.org\/{rel}","templated":true}]}}