{"id":13245,"date":"2024-08-29T19:14:52","date_gmt":"2024-08-29T17:14:52","guid":{"rendered":"https:\/\/www.estudio-laterna.com\/?post_type=product&#038;p=13245"},"modified":"2024-10-02T13:32:11","modified_gmt":"2024-10-02T11:32:11","slug":"francois-halard-2","status":"publish","type":"product","link":"https:\/\/estudio-laterna.seiten.co\/es\/shop\/francois-halard-2\/","title":{"rendered":"Francois Halard 2"},"content":{"rendered":"<p>Este volumen presenta las exuberantes im\u00e1genes m\u00e1s recientes del famoso fot\u00f3grafo de los impresionantes interiores de aclamados dise\u00f1adores, artistas y creadores de tendencias. La sensibilidad fotogr\u00e1fica \u00fanica de Francois Halard (elegante y bohemia del viejo mundo, accesible y personal) es inconfundible. Cada imagen est\u00e1 imbuida del conocimiento \u00edntimo de la historia del dise\u00f1o, cada historia es una lecci\u00f3n desde el punto de vista de un maestro.<\/p>\n<p>Este libro es una continuaci\u00f3n de su \u00faltimo volumen de magn\u00edficas fotograf\u00edas de grandes interiores, estudios de artistas y lugares de peregrinaci\u00f3n arquitect\u00f3nica. El tema de cada historia no es s\u00f3lo una pasi\u00f3n personal del fot\u00f3grafo, sino tambi\u00e9n un cap\u00edtulo indispensable en la historia del dise\u00f1o: la casa de Menil de Philip Johnson y Charles James, el estudio de Giorgio Morandi, el apartamento radical de Rick Owens en Par\u00eds, la casa modernista recientemente restaurada de Eileen Gray en la La costa francesa, el verde jard\u00edn y la casa de Dries Van Noten, la casa y el estudio de Louise Bourgeois en Nueva York y muchos m\u00e1s.<\/p>\n<p>Conocido por sus fotograf\u00edas de interiores y arquitectura, el fot\u00f3grafo franc\u00e9s Francois Halard incorpora su conocimiento de la historia del dise\u00f1o en su trabajo, compartiendo una hermosa historia en cada captura visual. Este libro te lleva a trav\u00e9s de un viaje fotogr\u00e1fico que combina la elegancia del Viejo Mundo y un estilo bohemio exc\u00e9ntrico. Impresionantes fotograf\u00edas de impresionantes interiores, estudios de artistas y lugares de peregrinaci\u00f3n arquitect\u00f3nica muestran la pasi\u00f3n personal de Halard y tambi\u00e9n un per\u00edodo esencial en la historia del dise\u00f1o. Este es un recurso visual imprescindible para los amantes de los interiores elegantes y del lujo.<\/p>\n<p>Formato: Hardcover<br \/>\nP\u00e1ginas: 388 pp<br \/>\nTama\u00f1o: 33 x 4 x 25 cm<br \/>\npeso: 2.42kg<br \/>\nEditorial: Rizzoli<br \/>\nISBN: 9780847865659<\/p>\n","protected":false},"excerpt":{"rendered":"<p>Este volumen presenta las exuberantes im\u00e1genes m\u00e1s recientes del famoso fot\u00f3grafo de los impresionantes interiores de aclamados dise\u00f1adores, artistas y creadores de tendencias. La sensibilidad fotogr\u00e1fica \u00fanica de Francois Halard (elegante y bohemia del viejo mundo, accesible y personal) es inconfundible. Cada imagen est\u00e1 imbuida del conocimiento \u00edntimo de la historia del dise\u00f1o, cada historia [&hellip;]<\/p>\n","protected":false},"featured_media":13031,"comment_status":"closed","ping_status":"closed","template":"","meta":{"inline_featured_image":false},"product_cat":[49,82],"product_tag":[55],"class_list":{"0":"post-13245","1":"product","2":"type-product","3":"status-publish","4":"has-post-thumbnail","6":"product_cat-arte","7":"product_cat-libreria","8":"product_tag-bookstore-es","10":"first","11":"instock","12":"taxable","13":"shipping-taxable","14":"purchasable","15":"product-type-simple"},"yoast_head":"<!-- This site is optimized with the Yoast SEO plugin v23.6 - https:\/\/yoast.com\/wordpress\/plugins\/seo\/ -->\n<title>Francois Halard 2 &#8212; Estudio Laterna<\/title>\n<meta name=\"description\" content=\"Este libro es una continuaci\u00f3n del \u00faltimo libro de Francois Halard con fotograf\u00edas de grandes interiores, estudios de artistas y lugares de peregrinaci\u00f3n arquitect\u00f3nica.\" \/>\n<meta name=\"robots\" content=\"index, follow, max-snippet:-1, max-image-preview:large, max-video-preview:-1\" \/>\n<link rel=\"canonical\" href=\"https:\/\/estudio-laterna.seiten.co\/es\/shop\/francois-halard-2\/\" \/>\n<meta property=\"og:locale\" content=\"es_ES\" \/>\n<meta property=\"og:type\" content=\"article\" \/>\n<meta property=\"og:title\" content=\"Francois Halard 2 &#8212; Estudio Laterna\" \/>\n<meta property=\"og:description\" content=\"Este libro es una continuaci\u00f3n del \u00faltimo libro de Francois Halard con fotograf\u00edas de grandes interiores, estudios de artistas y lugares de peregrinaci\u00f3n arquitect\u00f3nica.\" \/>\n<meta property=\"og:url\" content=\"https:\/\/estudio-laterna.seiten.co\/es\/shop\/francois-halard-2\/\" \/>\n<meta property=\"og:site_name\" content=\"Estudio Laterna\" \/>\n<meta property=\"article:modified_time\" content=\"2024-10-02T11:32:11+00:00\" \/>\n<meta property=\"og:image\" content=\"https:\/\/estudio-laterna.seiten.co\/wp-content\/uploads\/2024\/08\/Francois_Halard_bookstore.jpg\" \/>\n\t<meta property=\"og:image:width\" content=\"1440\" \/>\n\t<meta property=\"og:image:height\" content=\"1440\" \/>\n\t<meta property=\"og:image:type\" content=\"image\/jpeg\" \/>\n<meta name=\"twitter:card\" content=\"summary_large_image\" \/>\n<meta name=\"twitter:label1\" content=\"Tiempo de lectura\" \/>\n\t<meta name=\"twitter:data1\" content=\"2 minutos\" \/>\n<script type=\"application\/ld+json\" class=\"yoast-schema-graph\">{\"@context\":\"https:\/\/schema.org\",\"@graph\":[{\"@type\":\"WebPage\",\"@id\":\"https:\/\/estudio-laterna.seiten.co\/es\/shop\/francois-halard-2\/\",\"url\":\"https:\/\/estudio-laterna.seiten.co\/es\/shop\/francois-halard-2\/\",\"name\":\"Francois Halard 2 &#8212; Estudio Laterna\",\"isPartOf\":{\"@id\":\"https:\/\/estudio-laterna.seiten.co\/es\/#website\"},\"primaryImageOfPage\":{\"@id\":\"https:\/\/estudio-laterna.seiten.co\/es\/shop\/francois-halard-2\/#primaryimage\"},\"image\":{\"@id\":\"https:\/\/estudio-laterna.seiten.co\/es\/shop\/francois-halard-2\/#primaryimage\"},\"thumbnailUrl\":\"https:\/\/estudio-laterna.seiten.co\/wp-content\/uploads\/2024\/08\/Francois_Halard_bookstore.jpg\",\"datePublished\":\"2024-08-29T17:14:52+00:00\",\"dateModified\":\"2024-10-02T11:32:11+00:00\",\"description\":\"Este libro es una continuaci\u00f3n del \u00faltimo libro de Francois Halard con fotograf\u00edas de grandes interiores, estudios de artistas y lugares de peregrinaci\u00f3n arquitect\u00f3nica.\",\"breadcrumb\":{\"@id\":\"https:\/\/estudio-laterna.seiten.co\/es\/shop\/francois-halard-2\/#breadcrumb\"},\"inLanguage\":\"es\",\"potentialAction\":[{\"@type\":\"ReadAction\",\"target\":[\"https:\/\/estudio-laterna.seiten.co\/es\/shop\/francois-halard-2\/\"]}]},{\"@type\":\"ImageObject\",\"inLanguage\":\"es\",\"@id\":\"https:\/\/estudio-laterna.seiten.co\/es\/shop\/francois-halard-2\/#primaryimage\",\"url\":\"https:\/\/estudio-laterna.seiten.co\/wp-content\/uploads\/2024\/08\/Francois_Halard_bookstore.jpg\",\"contentUrl\":\"https:\/\/estudio-laterna.seiten.co\/wp-content\/uploads\/2024\/08\/Francois_Halard_bookstore.jpg\",\"width\":1440,\"height\":1440},{\"@type\":\"BreadcrumbList\",\"@id\":\"https:\/\/estudio-laterna.seiten.co\/es\/shop\/francois-halard-2\/#breadcrumb\",\"itemListElement\":[{\"@type\":\"ListItem\",\"position\":1,\"name\":\"Portada\",\"item\":\"https:\/\/estudio-laterna.seiten.co\/es\/\"},{\"@type\":\"ListItem\",\"position\":2,\"name\":\"Store\",\"item\":\"https:\/\/estudio-laterna.seiten.co\/es\/store\/\"},{\"@type\":\"ListItem\",\"position\":3,\"name\":\"Francois Halard 2\"}]},{\"@type\":\"WebSite\",\"@id\":\"https:\/\/estudio-laterna.seiten.co\/es\/#website\",\"url\":\"https:\/\/estudio-laterna.seiten.co\/es\/\",\"name\":\"Estudio Laterna\",\"description\":\"Landscape architecture and gardens design\",\"publisher\":{\"@id\":\"https:\/\/estudio-laterna.seiten.co\/es\/#organization\"},\"alternateName\":\"Estudio Laterna\",\"potentialAction\":[{\"@type\":\"SearchAction\",\"target\":{\"@type\":\"EntryPoint\",\"urlTemplate\":\"https:\/\/estudio-laterna.seiten.co\/es\/?s={search_term_string}\"},\"query-input\":{\"@type\":\"PropertyValueSpecification\",\"valueRequired\":true,\"valueName\":\"search_term_string\"}}],\"inLanguage\":\"es\"},{\"@type\":\"Organization\",\"@id\":\"https:\/\/estudio-laterna.seiten.co\/es\/#organization\",\"name\":\"Estudio Laterna\",\"url\":\"https:\/\/estudio-laterna.seiten.co\/es\/\",\"logo\":{\"@type\":\"ImageObject\",\"inLanguage\":\"es\",\"@id\":\"https:\/\/estudio-laterna.seiten.co\/es\/#\/schema\/logo\/image\/\",\"url\":\"https:\/\/estudio-laterna.seiten.co\/wp-content\/uploads\/2023\/03\/estudio-laterna-3.png\",\"contentUrl\":\"https:\/\/estudio-laterna.seiten.co\/wp-content\/uploads\/2023\/03\/estudio-laterna-3.png\",\"width\":500,\"height\":166,\"caption\":\"Estudio Laterna\"},\"image\":{\"@id\":\"https:\/\/estudio-laterna.seiten.co\/es\/#\/schema\/logo\/image\/\"}}]}<\/script>\n<!-- \/ Yoast SEO plugin. -->","yoast_head_json":{"title":"Francois Halard 2 &#8212; Estudio Laterna","description":"Este libro es una continuaci\u00f3n del \u00faltimo libro de Francois Halard con fotograf\u00edas de grandes interiores, estudios de artistas y lugares de peregrinaci\u00f3n arquitect\u00f3nica.","robots":{"index":"index","follow":"follow","max-snippet":"max-snippet:-1","max-image-preview":"max-image-preview:large","max-video-preview":"max-video-preview:-1"},"canonical":"https:\/\/estudio-laterna.seiten.co\/es\/shop\/francois-halard-2\/","og_locale":"es_ES","og_type":"article","og_title":"Francois Halard 2 &#8212; Estudio Laterna","og_description":"Este libro es una continuaci\u00f3n del \u00faltimo libro de Francois Halard con fotograf\u00edas de grandes interiores, estudios de artistas y lugares de peregrinaci\u00f3n arquitect\u00f3nica.","og_url":"https:\/\/estudio-laterna.seiten.co\/es\/shop\/francois-halard-2\/","og_site_name":"Estudio Laterna","article_modified_time":"2024-10-02T11:32:11+00:00","og_image":[{"width":1440,"height":1440,"url":"https:\/\/estudio-laterna.seiten.co\/wp-content\/uploads\/2024\/08\/Francois_Halard_bookstore.jpg","type":"image\/jpeg"}],"twitter_card":"summary_large_image","twitter_misc":{"Tiempo de lectura":"2 minutos"},"schema":{"@context":"https:\/\/schema.org","@graph":[{"@type":"WebPage","@id":"https:\/\/estudio-laterna.seiten.co\/es\/shop\/francois-halard-2\/","url":"https:\/\/estudio-laterna.seiten.co\/es\/shop\/francois-halard-2\/","name":"Francois Halard 2 &#8212; Estudio Laterna","isPartOf":{"@id":"https:\/\/estudio-laterna.seiten.co\/es\/#website"},"primaryImageOfPage":{"@id":"https:\/\/estudio-laterna.seiten.co\/es\/shop\/francois-halard-2\/#primaryimage"},"image":{"@id":"https:\/\/estudio-laterna.seiten.co\/es\/shop\/francois-halard-2\/#primaryimage"},"thumbnailUrl":"https:\/\/estudio-laterna.seiten.co\/wp-content\/uploads\/2024\/08\/Francois_Halard_bookstore.jpg","datePublished":"2024-08-29T17:14:52+00:00","dateModified":"2024-10-02T11:32:11+00:00","description":"Este libro es una continuaci\u00f3n del \u00faltimo libro de Francois Halard con fotograf\u00edas de grandes interiores, estudios de artistas y lugares de peregrinaci\u00f3n arquitect\u00f3nica.","breadcrumb":{"@id":"https:\/\/estudio-laterna.seiten.co\/es\/shop\/francois-halard-2\/#breadcrumb"},"inLanguage":"es","potentialAction":[{"@type":"ReadAction","target":["https:\/\/estudio-laterna.seiten.co\/es\/shop\/francois-halard-2\/"]}]},{"@type":"ImageObject","inLanguage":"es","@id":"https:\/\/estudio-laterna.seiten.co\/es\/shop\/francois-halard-2\/#primaryimage","url":"https:\/\/estudio-laterna.seiten.co\/wp-content\/uploads\/2024\/08\/Francois_Halard_bookstore.jpg","contentUrl":"https:\/\/estudio-laterna.seiten.co\/wp-content\/uploads\/2024\/08\/Francois_Halard_bookstore.jpg","width":1440,"height":1440},{"@type":"BreadcrumbList","@id":"https:\/\/estudio-laterna.seiten.co\/es\/shop\/francois-halard-2\/#breadcrumb","itemListElement":[{"@type":"ListItem","position":1,"name":"Portada","item":"https:\/\/estudio-laterna.seiten.co\/es\/"},{"@type":"ListItem","position":2,"name":"Store","item":"https:\/\/estudio-laterna.seiten.co\/es\/store\/"},{"@type":"ListItem","position":3,"name":"Francois Halard 2"}]},{"@type":"WebSite","@id":"https:\/\/estudio-laterna.seiten.co\/es\/#website","url":"https:\/\/estudio-laterna.seiten.co\/es\/","name":"Estudio Laterna","description":"Landscape architecture and gardens design","publisher":{"@id":"https:\/\/estudio-laterna.seiten.co\/es\/#organization"},"alternateName":"Estudio Laterna","potentialAction":[{"@type":"SearchAction","target":{"@type":"EntryPoint","urlTemplate":"https:\/\/estudio-laterna.seiten.co\/es\/?s={search_term_string}"},"query-input":{"@type":"PropertyValueSpecification","valueRequired":true,"valueName":"search_term_string"}}],"inLanguage":"es"},{"@type":"Organization","@id":"https:\/\/estudio-laterna.seiten.co\/es\/#organization","name":"Estudio Laterna","url":"https:\/\/estudio-laterna.seiten.co\/es\/","logo":{"@type":"ImageObject","inLanguage":"es","@id":"https:\/\/estudio-laterna.seiten.co\/es\/#\/schema\/logo\/image\/","url":"https:\/\/estudio-laterna.seiten.co\/wp-content\/uploads\/2023\/03\/estudio-laterna-3.png","contentUrl":"https:\/\/estudio-laterna.seiten.co\/wp-content\/uploads\/2023\/03\/estudio-laterna-3.png","width":500,"height":166,"caption":"Estudio Laterna"},"image":{"@id":"https:\/\/estudio-laterna.seiten.co\/es\/#\/schema\/logo\/image\/"}}]}},"_links":{"self":[{"href":"https:\/\/estudio-laterna.seiten.co\/es\/wp-json\/wp\/v2\/product\/13245","targetHints":{"allow":["GET"]}}],"collection":[{"href":"https:\/\/estudio-laterna.seiten.co\/es\/wp-json\/wp\/v2\/product"}],"about":[{"href":"https:\/\/estudio-laterna.seiten.co\/es\/wp-json\/wp\/v2\/types\/product"}],"replies":[{"embeddable":true,"href":"https:\/\/estudio-laterna.seiten.co\/es\/wp-json\/wp\/v2\/comments?post=13245"}],"version-history":[{"count":3,"href":"https:\/\/estudio-laterna.seiten.co\/es\/wp-json\/wp\/v2\/product\/13245\/revisions"}],"predecessor-version":[{"id":16287,"href":"https:\/\/estudio-laterna.seiten.co\/es\/wp-json\/wp\/v2\/product\/13245\/revisions\/16287"}],"wp:featuredmedia":[{"embeddable":true,"href":"https:\/\/estudio-laterna.seiten.co\/es\/wp-json\/wp\/v2\/media\/13031"}],"wp:attachment":[{"href":"https:\/\/estudio-laterna.seiten.co\/es\/wp-json\/wp\/v2\/media?parent=13245"}],"wp:term":[{"taxonomy":"product_cat","embeddable":true,"href":"https:\/\/estudio-laterna.seiten.co\/es\/wp-json\/wp\/v2\/product_cat?post=13245"},{"taxonomy":"product_tag","embeddable":true,"href":"https:\/\/estudio-laterna.seiten.co\/es\/wp-json\/wp\/v2\/product_tag?post=13245"}],"curies":[{"name":"wp","href":"https:\/\/api.w.org\/{rel}","templated":true}]}}