{"id":13253,"date":"2024-08-29T19:24:29","date_gmt":"2024-08-29T17:24:29","guid":{"rendered":"https:\/\/www.estudio-laterna.com\/?post_type=product&#038;p=13253"},"modified":"2024-10-02T13:15:54","modified_gmt":"2024-10-02T11:15:54","slug":"atlas-de-botanica-argentina","status":"publish","type":"product","link":"https:\/\/estudio-laterna.seiten.co\/es\/shop\/atlas-de-botanica-argentina\/","title":{"rendered":"Atlas de bot\u00e1nica argentina"},"content":{"rendered":"<p>En 1913 el reconocido naturalista argentino Miguel Lillo concibi\u00f3 la idea de una obra tit\u00e1nica que clasificara toda la flora argentina. Durante m\u00e1s de treinta a\u00f1os ese proyecto que empez\u00f3 con \u00e9l en vida y luego fue continuado por el Instituto que lleva su nombre en Tucum\u00e1n involucr\u00f3 a los m\u00e1s importantes bot\u00e1nicos del pa\u00eds y a un grupo de dibujantes especializado en ilustraci\u00f3n cient\u00edfica. El resultado fue una obra de gran formato integrada por cinco vol\u00famenes en siete tomos que empez\u00f3 a publicarse en 1943 y concluy\u00f3 en 1956. Seg\u00fan la prensa fue \u201cun verdadero alarde t\u00e9cnico, desde el doble punto de vista de la ciencia bot\u00e1nica y desde las artes gr\u00e1ficas nacionales\u201d. Este Atlas de bot\u00e1nica argentina, que incluye un ensayo introductorio de la investigadora Carla Lois, recupera m\u00e1s de un centenar de aquellas ilustraciones y, como en una suerte de merecido homenaje, reconstruye la historia de un proyecto editorial sin precedentes.<\/p>\n<p>Formato: Carton\u00e9, cosida con im\u00e1genes a color<br \/>\nP\u00e1ginas: 146<br \/>\nTama\u00f1o: 24,5 x 17,5 cm<br \/>\nFecha de publicaci\u00f3n: Febrero 2022<br \/>\nEditorial: Ampersand<br \/>\nISBN: 978-987-4161-74-1<\/p>\n","protected":false},"excerpt":{"rendered":"<p>En 1913 el reconocido naturalista argentino Miguel Lillo concibi\u00f3 la idea de una obra tit\u00e1nica que clasificara toda la flora argentina. Durante m\u00e1s de treinta a\u00f1os ese proyecto que empez\u00f3 con \u00e9l en vida y luego fue continuado por el Instituto que lleva su nombre en Tucum\u00e1n involucr\u00f3 a los m\u00e1s importantes bot\u00e1nicos del pa\u00eds [&hellip;]<\/p>\n","protected":false},"featured_media":13009,"comment_status":"closed","ping_status":"closed","template":"","meta":{"inline_featured_image":false},"product_cat":[45,82],"product_tag":[55],"class_list":{"0":"post-13253","1":"product","2":"type-product","3":"status-publish","4":"has-post-thumbnail","6":"product_cat-historia","7":"product_cat-libreria","8":"product_tag-bookstore-es","10":"first","11":"instock","12":"taxable","13":"shipping-taxable","14":"purchasable","15":"product-type-simple"},"yoast_head":"<!-- This site is optimized with the Yoast SEO plugin v23.6 - https:\/\/yoast.com\/wordpress\/plugins\/seo\/ -->\n<title>Atlas de bot\u00e1nica argentina &#8212; Estudio Laterna<\/title>\n<meta name=\"description\" content=\"Este Atlas de bot\u00e1nica argentina, que incluye un ensayo introductorio de la investigadora Carla Lois, recupera m\u00e1s de un centenar de aquellas ilustraciones\" \/>\n<meta name=\"robots\" content=\"index, follow, max-snippet:-1, max-image-preview:large, max-video-preview:-1\" \/>\n<link rel=\"canonical\" href=\"https:\/\/estudio-laterna.seiten.co\/es\/shop\/atlas-de-botanica-argentina\/\" \/>\n<meta property=\"og:locale\" content=\"es_ES\" \/>\n<meta property=\"og:type\" content=\"article\" \/>\n<meta property=\"og:title\" content=\"Atlas de bot\u00e1nica argentina &#8212; Estudio Laterna\" \/>\n<meta property=\"og:description\" content=\"Este Atlas de bot\u00e1nica argentina, que incluye un ensayo introductorio de la investigadora Carla Lois, recupera m\u00e1s de un centenar de aquellas ilustraciones\" \/>\n<meta property=\"og:url\" content=\"https:\/\/estudio-laterna.seiten.co\/es\/shop\/atlas-de-botanica-argentina\/\" \/>\n<meta property=\"og:site_name\" content=\"Estudio Laterna\" \/>\n<meta property=\"article:modified_time\" content=\"2024-10-02T11:15:54+00:00\" \/>\n<meta property=\"og:image\" content=\"https:\/\/estudio-laterna.seiten.co\/wp-content\/uploads\/2024\/08\/Atlas_Botanica_argentina_bookstore.jpg\" \/>\n\t<meta property=\"og:image:width\" content=\"1440\" \/>\n\t<meta property=\"og:image:height\" content=\"1440\" \/>\n\t<meta property=\"og:image:type\" content=\"image\/jpeg\" \/>\n<meta name=\"twitter:card\" content=\"summary_large_image\" \/>\n<meta name=\"twitter:label1\" content=\"Tiempo de lectura\" \/>\n\t<meta name=\"twitter:data1\" content=\"1 minuto\" \/>\n<script type=\"application\/ld+json\" class=\"yoast-schema-graph\">{\"@context\":\"https:\/\/schema.org\",\"@graph\":[{\"@type\":\"WebPage\",\"@id\":\"https:\/\/estudio-laterna.seiten.co\/es\/shop\/atlas-de-botanica-argentina\/\",\"url\":\"https:\/\/estudio-laterna.seiten.co\/es\/shop\/atlas-de-botanica-argentina\/\",\"name\":\"Atlas de bot\u00e1nica argentina &#8212; Estudio Laterna\",\"isPartOf\":{\"@id\":\"https:\/\/estudio-laterna.seiten.co\/es\/#website\"},\"primaryImageOfPage\":{\"@id\":\"https:\/\/estudio-laterna.seiten.co\/es\/shop\/atlas-de-botanica-argentina\/#primaryimage\"},\"image\":{\"@id\":\"https:\/\/estudio-laterna.seiten.co\/es\/shop\/atlas-de-botanica-argentina\/#primaryimage\"},\"thumbnailUrl\":\"https:\/\/estudio-laterna.seiten.co\/wp-content\/uploads\/2024\/08\/Atlas_Botanica_argentina_bookstore.jpg\",\"datePublished\":\"2024-08-29T17:24:29+00:00\",\"dateModified\":\"2024-10-02T11:15:54+00:00\",\"description\":\"Este Atlas de bot\u00e1nica argentina, que incluye un ensayo introductorio de la investigadora Carla Lois, recupera m\u00e1s de un centenar de aquellas ilustraciones\",\"breadcrumb\":{\"@id\":\"https:\/\/estudio-laterna.seiten.co\/es\/shop\/atlas-de-botanica-argentina\/#breadcrumb\"},\"inLanguage\":\"es\",\"potentialAction\":[{\"@type\":\"ReadAction\",\"target\":[\"https:\/\/estudio-laterna.seiten.co\/es\/shop\/atlas-de-botanica-argentina\/\"]}]},{\"@type\":\"ImageObject\",\"inLanguage\":\"es\",\"@id\":\"https:\/\/estudio-laterna.seiten.co\/es\/shop\/atlas-de-botanica-argentina\/#primaryimage\",\"url\":\"https:\/\/estudio-laterna.seiten.co\/wp-content\/uploads\/2024\/08\/Atlas_Botanica_argentina_bookstore.jpg\",\"contentUrl\":\"https:\/\/estudio-laterna.seiten.co\/wp-content\/uploads\/2024\/08\/Atlas_Botanica_argentina_bookstore.jpg\",\"width\":1440,\"height\":1440},{\"@type\":\"BreadcrumbList\",\"@id\":\"https:\/\/estudio-laterna.seiten.co\/es\/shop\/atlas-de-botanica-argentina\/#breadcrumb\",\"itemListElement\":[{\"@type\":\"ListItem\",\"position\":1,\"name\":\"Portada\",\"item\":\"https:\/\/estudio-laterna.seiten.co\/es\/\"},{\"@type\":\"ListItem\",\"position\":2,\"name\":\"Store\",\"item\":\"https:\/\/estudio-laterna.seiten.co\/es\/store\/\"},{\"@type\":\"ListItem\",\"position\":3,\"name\":\"Atlas de bot\u00e1nica argentina\"}]},{\"@type\":\"WebSite\",\"@id\":\"https:\/\/estudio-laterna.seiten.co\/es\/#website\",\"url\":\"https:\/\/estudio-laterna.seiten.co\/es\/\",\"name\":\"Estudio Laterna\",\"description\":\"Landscape architecture and gardens design\",\"publisher\":{\"@id\":\"https:\/\/estudio-laterna.seiten.co\/es\/#organization\"},\"alternateName\":\"Estudio Laterna\",\"potentialAction\":[{\"@type\":\"SearchAction\",\"target\":{\"@type\":\"EntryPoint\",\"urlTemplate\":\"https:\/\/estudio-laterna.seiten.co\/es\/?s={search_term_string}\"},\"query-input\":{\"@type\":\"PropertyValueSpecification\",\"valueRequired\":true,\"valueName\":\"search_term_string\"}}],\"inLanguage\":\"es\"},{\"@type\":\"Organization\",\"@id\":\"https:\/\/estudio-laterna.seiten.co\/es\/#organization\",\"name\":\"Estudio Laterna\",\"url\":\"https:\/\/estudio-laterna.seiten.co\/es\/\",\"logo\":{\"@type\":\"ImageObject\",\"inLanguage\":\"es\",\"@id\":\"https:\/\/estudio-laterna.seiten.co\/es\/#\/schema\/logo\/image\/\",\"url\":\"https:\/\/estudio-laterna.seiten.co\/wp-content\/uploads\/2023\/03\/estudio-laterna-3.png\",\"contentUrl\":\"https:\/\/estudio-laterna.seiten.co\/wp-content\/uploads\/2023\/03\/estudio-laterna-3.png\",\"width\":500,\"height\":166,\"caption\":\"Estudio Laterna\"},\"image\":{\"@id\":\"https:\/\/estudio-laterna.seiten.co\/es\/#\/schema\/logo\/image\/\"}}]}<\/script>\n<!-- \/ Yoast SEO plugin. -->","yoast_head_json":{"title":"Atlas de bot\u00e1nica argentina &#8212; Estudio Laterna","description":"Este Atlas de bot\u00e1nica argentina, que incluye un ensayo introductorio de la investigadora Carla Lois, recupera m\u00e1s de un centenar de aquellas ilustraciones","robots":{"index":"index","follow":"follow","max-snippet":"max-snippet:-1","max-image-preview":"max-image-preview:large","max-video-preview":"max-video-preview:-1"},"canonical":"https:\/\/estudio-laterna.seiten.co\/es\/shop\/atlas-de-botanica-argentina\/","og_locale":"es_ES","og_type":"article","og_title":"Atlas de bot\u00e1nica argentina &#8212; Estudio Laterna","og_description":"Este Atlas de bot\u00e1nica argentina, que incluye un ensayo introductorio de la investigadora Carla Lois, recupera m\u00e1s de un centenar de aquellas ilustraciones","og_url":"https:\/\/estudio-laterna.seiten.co\/es\/shop\/atlas-de-botanica-argentina\/","og_site_name":"Estudio Laterna","article_modified_time":"2024-10-02T11:15:54+00:00","og_image":[{"width":1440,"height":1440,"url":"https:\/\/estudio-laterna.seiten.co\/wp-content\/uploads\/2024\/08\/Atlas_Botanica_argentina_bookstore.jpg","type":"image\/jpeg"}],"twitter_card":"summary_large_image","twitter_misc":{"Tiempo de lectura":"1 minuto"},"schema":{"@context":"https:\/\/schema.org","@graph":[{"@type":"WebPage","@id":"https:\/\/estudio-laterna.seiten.co\/es\/shop\/atlas-de-botanica-argentina\/","url":"https:\/\/estudio-laterna.seiten.co\/es\/shop\/atlas-de-botanica-argentina\/","name":"Atlas de bot\u00e1nica argentina &#8212; Estudio Laterna","isPartOf":{"@id":"https:\/\/estudio-laterna.seiten.co\/es\/#website"},"primaryImageOfPage":{"@id":"https:\/\/estudio-laterna.seiten.co\/es\/shop\/atlas-de-botanica-argentina\/#primaryimage"},"image":{"@id":"https:\/\/estudio-laterna.seiten.co\/es\/shop\/atlas-de-botanica-argentina\/#primaryimage"},"thumbnailUrl":"https:\/\/estudio-laterna.seiten.co\/wp-content\/uploads\/2024\/08\/Atlas_Botanica_argentina_bookstore.jpg","datePublished":"2024-08-29T17:24:29+00:00","dateModified":"2024-10-02T11:15:54+00:00","description":"Este Atlas de bot\u00e1nica argentina, que incluye un ensayo introductorio de la investigadora Carla Lois, recupera m\u00e1s de un centenar de aquellas ilustraciones","breadcrumb":{"@id":"https:\/\/estudio-laterna.seiten.co\/es\/shop\/atlas-de-botanica-argentina\/#breadcrumb"},"inLanguage":"es","potentialAction":[{"@type":"ReadAction","target":["https:\/\/estudio-laterna.seiten.co\/es\/shop\/atlas-de-botanica-argentina\/"]}]},{"@type":"ImageObject","inLanguage":"es","@id":"https:\/\/estudio-laterna.seiten.co\/es\/shop\/atlas-de-botanica-argentina\/#primaryimage","url":"https:\/\/estudio-laterna.seiten.co\/wp-content\/uploads\/2024\/08\/Atlas_Botanica_argentina_bookstore.jpg","contentUrl":"https:\/\/estudio-laterna.seiten.co\/wp-content\/uploads\/2024\/08\/Atlas_Botanica_argentina_bookstore.jpg","width":1440,"height":1440},{"@type":"BreadcrumbList","@id":"https:\/\/estudio-laterna.seiten.co\/es\/shop\/atlas-de-botanica-argentina\/#breadcrumb","itemListElement":[{"@type":"ListItem","position":1,"name":"Portada","item":"https:\/\/estudio-laterna.seiten.co\/es\/"},{"@type":"ListItem","position":2,"name":"Store","item":"https:\/\/estudio-laterna.seiten.co\/es\/store\/"},{"@type":"ListItem","position":3,"name":"Atlas de bot\u00e1nica argentina"}]},{"@type":"WebSite","@id":"https:\/\/estudio-laterna.seiten.co\/es\/#website","url":"https:\/\/estudio-laterna.seiten.co\/es\/","name":"Estudio Laterna","description":"Landscape architecture and gardens design","publisher":{"@id":"https:\/\/estudio-laterna.seiten.co\/es\/#organization"},"alternateName":"Estudio Laterna","potentialAction":[{"@type":"SearchAction","target":{"@type":"EntryPoint","urlTemplate":"https:\/\/estudio-laterna.seiten.co\/es\/?s={search_term_string}"},"query-input":{"@type":"PropertyValueSpecification","valueRequired":true,"valueName":"search_term_string"}}],"inLanguage":"es"},{"@type":"Organization","@id":"https:\/\/estudio-laterna.seiten.co\/es\/#organization","name":"Estudio Laterna","url":"https:\/\/estudio-laterna.seiten.co\/es\/","logo":{"@type":"ImageObject","inLanguage":"es","@id":"https:\/\/estudio-laterna.seiten.co\/es\/#\/schema\/logo\/image\/","url":"https:\/\/estudio-laterna.seiten.co\/wp-content\/uploads\/2023\/03\/estudio-laterna-3.png","contentUrl":"https:\/\/estudio-laterna.seiten.co\/wp-content\/uploads\/2023\/03\/estudio-laterna-3.png","width":500,"height":166,"caption":"Estudio Laterna"},"image":{"@id":"https:\/\/estudio-laterna.seiten.co\/es\/#\/schema\/logo\/image\/"}}]}},"_links":{"self":[{"href":"https:\/\/estudio-laterna.seiten.co\/es\/wp-json\/wp\/v2\/product\/13253","targetHints":{"allow":["GET"]}}],"collection":[{"href":"https:\/\/estudio-laterna.seiten.co\/es\/wp-json\/wp\/v2\/product"}],"about":[{"href":"https:\/\/estudio-laterna.seiten.co\/es\/wp-json\/wp\/v2\/types\/product"}],"replies":[{"embeddable":true,"href":"https:\/\/estudio-laterna.seiten.co\/es\/wp-json\/wp\/v2\/comments?post=13253"}],"version-history":[{"count":3,"href":"https:\/\/estudio-laterna.seiten.co\/es\/wp-json\/wp\/v2\/product\/13253\/revisions"}],"predecessor-version":[{"id":16256,"href":"https:\/\/estudio-laterna.seiten.co\/es\/wp-json\/wp\/v2\/product\/13253\/revisions\/16256"}],"wp:featuredmedia":[{"embeddable":true,"href":"https:\/\/estudio-laterna.seiten.co\/es\/wp-json\/wp\/v2\/media\/13009"}],"wp:attachment":[{"href":"https:\/\/estudio-laterna.seiten.co\/es\/wp-json\/wp\/v2\/media?parent=13253"}],"wp:term":[{"taxonomy":"product_cat","embeddable":true,"href":"https:\/\/estudio-laterna.seiten.co\/es\/wp-json\/wp\/v2\/product_cat?post=13253"},{"taxonomy":"product_tag","embeddable":true,"href":"https:\/\/estudio-laterna.seiten.co\/es\/wp-json\/wp\/v2\/product_tag?post=13253"}],"curies":[{"name":"wp","href":"https:\/\/api.w.org\/{rel}","templated":true}]}}