{"id":13266,"date":"2024-08-29T19:37:46","date_gmt":"2024-08-29T17:37:46","guid":{"rendered":"https:\/\/www.estudio-laterna.com\/?post_type=product&#038;p=13266"},"modified":"2024-10-02T12:45:32","modified_gmt":"2024-10-02T10:45:32","slug":"plant-exploring-the-botanical-world","status":"publish","type":"product","link":"https:\/\/estudio-laterna.seiten.co\/es\/shop\/plant-exploring-the-botanical-world\/","title":{"rendered":"PLANT: Exploring the Botanical World"},"content":{"rendered":"<p>Siguiendo los pasos del bestseller internacional Map, Exploring the World, este estudio fresco y visualmente impresionante celebra la extraordinaria belleza y diversidad de las plantas. Combina fotograf\u00edas y escaneos de micrograf\u00edas de \u00faltima generaci\u00f3n con acuarelas, dibujos y grabados para dar vida a este tema universalmente popular y cautivador. Seleccionadas cuidadosamente por un panel internacional de expertos y organizadas en una secuencia estructurada de manera \u00fanica para resaltar contrastes y similitudes que invitan a la reflexi\u00f3n, esta impresionante compilaci\u00f3n de im\u00e1genes de tem\u00e1tica bot\u00e1nica incluye obras ic\u00f3nicas de c\u00e9lebres artistas, fot\u00f3grafos, cient\u00edficos e ilustradores bot\u00e1nicos, as\u00ed como raras e im\u00e1genes in\u00e9ditas.<\/p>\n<p>Formato: Tapa Dura<br \/>\nTama\u0144o: 29 x 25 cm<br \/>\nP\u00e1ginas: 352<br \/>\nIlustraciones: 300<br \/>\nFecha de Publicaci\u00f3n: 26 septiembre 2016<br \/>\nEditorial: Taschen<br \/>\nISBN: 9780714871486<\/p>\n","protected":false},"excerpt":{"rendered":"<p>Siguiendo los pasos del bestseller internacional Map, Exploring the World, este estudio fresco y visualmente impresionante celebra la extraordinaria belleza y diversidad de las plantas. Combina fotograf\u00edas y escaneos de micrograf\u00edas de \u00faltima generaci\u00f3n con acuarelas, dibujos y grabados para dar vida a este tema universalmente popular y cautivador. Seleccionadas cuidadosamente por un panel internacional [&hellip;]<\/p>\n","protected":false},"featured_media":13053,"comment_status":"closed","ping_status":"closed","template":"","meta":{"inline_featured_image":false},"product_cat":[50,82],"product_tag":[55],"class_list":{"0":"post-13266","1":"product","2":"type-product","3":"status-publish","4":"has-post-thumbnail","6":"product_cat-diseno","7":"product_cat-libreria","8":"product_tag-bookstore-es","10":"first","11":"instock","12":"taxable","13":"shipping-taxable","14":"purchasable","15":"product-type-simple"},"yoast_head":"<!-- This site is optimized with the Yoast SEO plugin v23.6 - https:\/\/yoast.com\/wordpress\/plugins\/seo\/ -->\n<title>PLANT: Exploring the Botanical World &#8212; Estudio Laterna<\/title>\n<meta name=\"description\" content=\"esta compilaci\u00f3n de im\u00e1genes de tem\u00e1tica bot\u00e1nica incluye obras de c\u00e9lebres artistas, fot\u00f3grafos, cient\u00edficos e ilustradores bot\u00e1nicos e im\u00e1genes in\u00e9ditas.\" \/>\n<meta name=\"robots\" content=\"index, follow, max-snippet:-1, max-image-preview:large, max-video-preview:-1\" \/>\n<link rel=\"canonical\" href=\"https:\/\/estudio-laterna.seiten.co\/es\/shop\/plant-exploring-the-botanical-world\/\" \/>\n<meta property=\"og:locale\" content=\"es_ES\" \/>\n<meta property=\"og:type\" content=\"article\" \/>\n<meta property=\"og:title\" content=\"PLANT: Exploring the Botanical World &#8212; Estudio Laterna\" \/>\n<meta property=\"og:description\" content=\"esta compilaci\u00f3n de im\u00e1genes de tem\u00e1tica bot\u00e1nica incluye obras de c\u00e9lebres artistas, fot\u00f3grafos, cient\u00edficos e ilustradores bot\u00e1nicos e im\u00e1genes in\u00e9ditas.\" \/>\n<meta property=\"og:url\" content=\"https:\/\/estudio-laterna.seiten.co\/es\/shop\/plant-exploring-the-botanical-world\/\" \/>\n<meta property=\"og:site_name\" content=\"Estudio Laterna\" \/>\n<meta property=\"article:modified_time\" content=\"2024-10-02T10:45:32+00:00\" \/>\n<meta property=\"og:image\" content=\"https:\/\/estudio-laterna.seiten.co\/wp-content\/uploads\/2024\/08\/Plant_bookstore.jpg\" \/>\n\t<meta property=\"og:image:width\" content=\"1440\" \/>\n\t<meta property=\"og:image:height\" content=\"1440\" \/>\n\t<meta property=\"og:image:type\" content=\"image\/jpeg\" \/>\n<meta name=\"twitter:card\" content=\"summary_large_image\" \/>\n<meta name=\"twitter:label1\" content=\"Tiempo de lectura\" \/>\n\t<meta name=\"twitter:data1\" content=\"1 minuto\" \/>\n<script type=\"application\/ld+json\" class=\"yoast-schema-graph\">{\"@context\":\"https:\/\/schema.org\",\"@graph\":[{\"@type\":\"WebPage\",\"@id\":\"https:\/\/estudio-laterna.seiten.co\/es\/shop\/plant-exploring-the-botanical-world\/\",\"url\":\"https:\/\/estudio-laterna.seiten.co\/es\/shop\/plant-exploring-the-botanical-world\/\",\"name\":\"PLANT: Exploring the Botanical World &#8212; Estudio Laterna\",\"isPartOf\":{\"@id\":\"https:\/\/estudio-laterna.seiten.co\/es\/#website\"},\"primaryImageOfPage\":{\"@id\":\"https:\/\/estudio-laterna.seiten.co\/es\/shop\/plant-exploring-the-botanical-world\/#primaryimage\"},\"image\":{\"@id\":\"https:\/\/estudio-laterna.seiten.co\/es\/shop\/plant-exploring-the-botanical-world\/#primaryimage\"},\"thumbnailUrl\":\"https:\/\/estudio-laterna.seiten.co\/wp-content\/uploads\/2024\/08\/Plant_bookstore.jpg\",\"datePublished\":\"2024-08-29T17:37:46+00:00\",\"dateModified\":\"2024-10-02T10:45:32+00:00\",\"description\":\"esta compilaci\u00f3n de im\u00e1genes de tem\u00e1tica bot\u00e1nica incluye obras de c\u00e9lebres artistas, fot\u00f3grafos, cient\u00edficos e ilustradores bot\u00e1nicos e im\u00e1genes in\u00e9ditas.\",\"breadcrumb\":{\"@id\":\"https:\/\/estudio-laterna.seiten.co\/es\/shop\/plant-exploring-the-botanical-world\/#breadcrumb\"},\"inLanguage\":\"es\",\"potentialAction\":[{\"@type\":\"ReadAction\",\"target\":[\"https:\/\/estudio-laterna.seiten.co\/es\/shop\/plant-exploring-the-botanical-world\/\"]}]},{\"@type\":\"ImageObject\",\"inLanguage\":\"es\",\"@id\":\"https:\/\/estudio-laterna.seiten.co\/es\/shop\/plant-exploring-the-botanical-world\/#primaryimage\",\"url\":\"https:\/\/estudio-laterna.seiten.co\/wp-content\/uploads\/2024\/08\/Plant_bookstore.jpg\",\"contentUrl\":\"https:\/\/estudio-laterna.seiten.co\/wp-content\/uploads\/2024\/08\/Plant_bookstore.jpg\",\"width\":1440,\"height\":1440},{\"@type\":\"BreadcrumbList\",\"@id\":\"https:\/\/estudio-laterna.seiten.co\/es\/shop\/plant-exploring-the-botanical-world\/#breadcrumb\",\"itemListElement\":[{\"@type\":\"ListItem\",\"position\":1,\"name\":\"Portada\",\"item\":\"https:\/\/estudio-laterna.seiten.co\/es\/\"},{\"@type\":\"ListItem\",\"position\":2,\"name\":\"Store\",\"item\":\"https:\/\/estudio-laterna.seiten.co\/es\/store\/\"},{\"@type\":\"ListItem\",\"position\":3,\"name\":\"PLANT: Exploring the Botanical World\"}]},{\"@type\":\"WebSite\",\"@id\":\"https:\/\/estudio-laterna.seiten.co\/es\/#website\",\"url\":\"https:\/\/estudio-laterna.seiten.co\/es\/\",\"name\":\"Estudio Laterna\",\"description\":\"Landscape architecture and gardens design\",\"publisher\":{\"@id\":\"https:\/\/estudio-laterna.seiten.co\/es\/#organization\"},\"alternateName\":\"Estudio Laterna\",\"potentialAction\":[{\"@type\":\"SearchAction\",\"target\":{\"@type\":\"EntryPoint\",\"urlTemplate\":\"https:\/\/estudio-laterna.seiten.co\/es\/?s={search_term_string}\"},\"query-input\":{\"@type\":\"PropertyValueSpecification\",\"valueRequired\":true,\"valueName\":\"search_term_string\"}}],\"inLanguage\":\"es\"},{\"@type\":\"Organization\",\"@id\":\"https:\/\/estudio-laterna.seiten.co\/es\/#organization\",\"name\":\"Estudio Laterna\",\"url\":\"https:\/\/estudio-laterna.seiten.co\/es\/\",\"logo\":{\"@type\":\"ImageObject\",\"inLanguage\":\"es\",\"@id\":\"https:\/\/estudio-laterna.seiten.co\/es\/#\/schema\/logo\/image\/\",\"url\":\"https:\/\/estudio-laterna.seiten.co\/wp-content\/uploads\/2023\/03\/estudio-laterna-3.png\",\"contentUrl\":\"https:\/\/estudio-laterna.seiten.co\/wp-content\/uploads\/2023\/03\/estudio-laterna-3.png\",\"width\":500,\"height\":166,\"caption\":\"Estudio Laterna\"},\"image\":{\"@id\":\"https:\/\/estudio-laterna.seiten.co\/es\/#\/schema\/logo\/image\/\"}}]}<\/script>\n<!-- \/ Yoast SEO plugin. -->","yoast_head_json":{"title":"PLANT: Exploring the Botanical World &#8212; Estudio Laterna","description":"esta compilaci\u00f3n de im\u00e1genes de tem\u00e1tica bot\u00e1nica incluye obras de c\u00e9lebres artistas, fot\u00f3grafos, cient\u00edficos e ilustradores bot\u00e1nicos e im\u00e1genes in\u00e9ditas.","robots":{"index":"index","follow":"follow","max-snippet":"max-snippet:-1","max-image-preview":"max-image-preview:large","max-video-preview":"max-video-preview:-1"},"canonical":"https:\/\/estudio-laterna.seiten.co\/es\/shop\/plant-exploring-the-botanical-world\/","og_locale":"es_ES","og_type":"article","og_title":"PLANT: Exploring the Botanical World &#8212; Estudio Laterna","og_description":"esta compilaci\u00f3n de im\u00e1genes de tem\u00e1tica bot\u00e1nica incluye obras de c\u00e9lebres artistas, fot\u00f3grafos, cient\u00edficos e ilustradores bot\u00e1nicos e im\u00e1genes in\u00e9ditas.","og_url":"https:\/\/estudio-laterna.seiten.co\/es\/shop\/plant-exploring-the-botanical-world\/","og_site_name":"Estudio Laterna","article_modified_time":"2024-10-02T10:45:32+00:00","og_image":[{"width":1440,"height":1440,"url":"https:\/\/estudio-laterna.seiten.co\/wp-content\/uploads\/2024\/08\/Plant_bookstore.jpg","type":"image\/jpeg"}],"twitter_card":"summary_large_image","twitter_misc":{"Tiempo de lectura":"1 minuto"},"schema":{"@context":"https:\/\/schema.org","@graph":[{"@type":"WebPage","@id":"https:\/\/estudio-laterna.seiten.co\/es\/shop\/plant-exploring-the-botanical-world\/","url":"https:\/\/estudio-laterna.seiten.co\/es\/shop\/plant-exploring-the-botanical-world\/","name":"PLANT: Exploring the Botanical World &#8212; Estudio Laterna","isPartOf":{"@id":"https:\/\/estudio-laterna.seiten.co\/es\/#website"},"primaryImageOfPage":{"@id":"https:\/\/estudio-laterna.seiten.co\/es\/shop\/plant-exploring-the-botanical-world\/#primaryimage"},"image":{"@id":"https:\/\/estudio-laterna.seiten.co\/es\/shop\/plant-exploring-the-botanical-world\/#primaryimage"},"thumbnailUrl":"https:\/\/estudio-laterna.seiten.co\/wp-content\/uploads\/2024\/08\/Plant_bookstore.jpg","datePublished":"2024-08-29T17:37:46+00:00","dateModified":"2024-10-02T10:45:32+00:00","description":"esta compilaci\u00f3n de im\u00e1genes de tem\u00e1tica bot\u00e1nica incluye obras de c\u00e9lebres artistas, fot\u00f3grafos, cient\u00edficos e ilustradores bot\u00e1nicos e im\u00e1genes in\u00e9ditas.","breadcrumb":{"@id":"https:\/\/estudio-laterna.seiten.co\/es\/shop\/plant-exploring-the-botanical-world\/#breadcrumb"},"inLanguage":"es","potentialAction":[{"@type":"ReadAction","target":["https:\/\/estudio-laterna.seiten.co\/es\/shop\/plant-exploring-the-botanical-world\/"]}]},{"@type":"ImageObject","inLanguage":"es","@id":"https:\/\/estudio-laterna.seiten.co\/es\/shop\/plant-exploring-the-botanical-world\/#primaryimage","url":"https:\/\/estudio-laterna.seiten.co\/wp-content\/uploads\/2024\/08\/Plant_bookstore.jpg","contentUrl":"https:\/\/estudio-laterna.seiten.co\/wp-content\/uploads\/2024\/08\/Plant_bookstore.jpg","width":1440,"height":1440},{"@type":"BreadcrumbList","@id":"https:\/\/estudio-laterna.seiten.co\/es\/shop\/plant-exploring-the-botanical-world\/#breadcrumb","itemListElement":[{"@type":"ListItem","position":1,"name":"Portada","item":"https:\/\/estudio-laterna.seiten.co\/es\/"},{"@type":"ListItem","position":2,"name":"Store","item":"https:\/\/estudio-laterna.seiten.co\/es\/store\/"},{"@type":"ListItem","position":3,"name":"PLANT: Exploring the Botanical World"}]},{"@type":"WebSite","@id":"https:\/\/estudio-laterna.seiten.co\/es\/#website","url":"https:\/\/estudio-laterna.seiten.co\/es\/","name":"Estudio Laterna","description":"Landscape architecture and gardens design","publisher":{"@id":"https:\/\/estudio-laterna.seiten.co\/es\/#organization"},"alternateName":"Estudio Laterna","potentialAction":[{"@type":"SearchAction","target":{"@type":"EntryPoint","urlTemplate":"https:\/\/estudio-laterna.seiten.co\/es\/?s={search_term_string}"},"query-input":{"@type":"PropertyValueSpecification","valueRequired":true,"valueName":"search_term_string"}}],"inLanguage":"es"},{"@type":"Organization","@id":"https:\/\/estudio-laterna.seiten.co\/es\/#organization","name":"Estudio Laterna","url":"https:\/\/estudio-laterna.seiten.co\/es\/","logo":{"@type":"ImageObject","inLanguage":"es","@id":"https:\/\/estudio-laterna.seiten.co\/es\/#\/schema\/logo\/image\/","url":"https:\/\/estudio-laterna.seiten.co\/wp-content\/uploads\/2023\/03\/estudio-laterna-3.png","contentUrl":"https:\/\/estudio-laterna.seiten.co\/wp-content\/uploads\/2023\/03\/estudio-laterna-3.png","width":500,"height":166,"caption":"Estudio Laterna"},"image":{"@id":"https:\/\/estudio-laterna.seiten.co\/es\/#\/schema\/logo\/image\/"}}]}},"_links":{"self":[{"href":"https:\/\/estudio-laterna.seiten.co\/es\/wp-json\/wp\/v2\/product\/13266","targetHints":{"allow":["GET"]}}],"collection":[{"href":"https:\/\/estudio-laterna.seiten.co\/es\/wp-json\/wp\/v2\/product"}],"about":[{"href":"https:\/\/estudio-laterna.seiten.co\/es\/wp-json\/wp\/v2\/types\/product"}],"replies":[{"embeddable":true,"href":"https:\/\/estudio-laterna.seiten.co\/es\/wp-json\/wp\/v2\/comments?post=13266"}],"version-history":[{"count":2,"href":"https:\/\/estudio-laterna.seiten.co\/es\/wp-json\/wp\/v2\/product\/13266\/revisions"}],"predecessor-version":[{"id":16218,"href":"https:\/\/estudio-laterna.seiten.co\/es\/wp-json\/wp\/v2\/product\/13266\/revisions\/16218"}],"wp:featuredmedia":[{"embeddable":true,"href":"https:\/\/estudio-laterna.seiten.co\/es\/wp-json\/wp\/v2\/media\/13053"}],"wp:attachment":[{"href":"https:\/\/estudio-laterna.seiten.co\/es\/wp-json\/wp\/v2\/media?parent=13266"}],"wp:term":[{"taxonomy":"product_cat","embeddable":true,"href":"https:\/\/estudio-laterna.seiten.co\/es\/wp-json\/wp\/v2\/product_cat?post=13266"},{"taxonomy":"product_tag","embeddable":true,"href":"https:\/\/estudio-laterna.seiten.co\/es\/wp-json\/wp\/v2\/product_tag?post=13266"}],"curies":[{"name":"wp","href":"https:\/\/api.w.org\/{rel}","templated":true}]}}