{"id":13274,"date":"2024-08-29T19:46:50","date_gmt":"2024-08-29T17:46:50","guid":{"rendered":"https:\/\/www.estudio-laterna.com\/?post_type=product&#038;p=13274"},"modified":"2024-10-02T12:21:34","modified_gmt":"2024-10-02T10:21:34","slug":"el-arte-de-escuchar","status":"publish","type":"product","link":"https:\/\/estudio-laterna.seiten.co\/es\/shop\/el-arte-de-escuchar\/","title":{"rendered":"El Arte de Escuchar"},"content":{"rendered":"<p>EL ARTE DE ESCUCHAR es tu gu\u00eda para la transformaci\u00f3n personal y creativa. Con el \u00e9xito sin precedentes de El camino del artista, Julia Cameron cambi\u00f3 la vida de millones de lectores. Ahora ofrece un nuevo m\u00e9todo de transformaci\u00f3n personal y creativa para escuchar mejor nuestro entorno, a los dem\u00e1s y a nosotros mismos. En seis semanas, a medida que cultivas la capacidad de escuchar el entorno y el silencio que te rodea, tu atenci\u00f3n ser\u00e1 m\u00e1s acusada y ello redundar\u00e1 en tu sanaci\u00f3n, sabidur\u00eda y claridad. Por encima de todo, El arte de escuchar te ayudar\u00e1 a abrirte a un nuevo mundo de conexi\u00f3n y a una creatividad que se reflejar\u00e1 en todos los aspectos de tu vida.<\/p>\n<p>Formato: Tapa Blanda<br \/>\nTama\u0144o: 24 x 19 cm<br \/>\nP\u00e1ginas: 240<br \/>\nIlustraciones:<br \/>\nFecha de Publicaci\u00f3n: 2 junio 2022<br \/>\nEditorial: Aguilar<br \/>\nISBN: 9788403522633<\/p>\n","protected":false},"excerpt":{"rendered":"<p>EL ARTE DE ESCUCHAR es tu gu\u00eda para la transformaci\u00f3n personal y creativa. Con el \u00e9xito sin precedentes de El camino del artista, Julia Cameron cambi\u00f3 la vida de millones de lectores. Ahora ofrece un nuevo m\u00e9todo de transformaci\u00f3n personal y creativa para escuchar mejor nuestro entorno, a los dem\u00e1s y a nosotros mismos. En [&hellip;]<\/p>\n","protected":false},"featured_media":13021,"comment_status":"closed","ping_status":"closed","template":"","meta":{"inline_featured_image":false},"product_cat":[49,82],"product_tag":[55],"class_list":{"0":"post-13274","1":"product","2":"type-product","3":"status-publish","4":"has-post-thumbnail","6":"product_cat-arte","7":"product_cat-libreria","8":"product_tag-bookstore-es","10":"first","11":"instock","12":"taxable","13":"shipping-taxable","14":"purchasable","15":"product-type-simple"},"yoast_head":"<!-- This site is optimized with the Yoast SEO plugin v23.6 - https:\/\/yoast.com\/wordpress\/plugins\/seo\/ -->\n<title>El Arte de Escuchar &#8212; Estudio Laterna<\/title>\n<meta name=\"description\" content=\"El arte de escuchar te ayudar\u00e1 a abrirte a un nuevo mundo de conexi\u00f3n y a una creatividad que se reflejar\u00e1 en todos los aspectos de tu vida.\" \/>\n<meta name=\"robots\" content=\"index, follow, max-snippet:-1, max-image-preview:large, max-video-preview:-1\" \/>\n<link rel=\"canonical\" href=\"https:\/\/estudio-laterna.seiten.co\/es\/shop\/el-arte-de-escuchar\/\" \/>\n<meta property=\"og:locale\" content=\"es_ES\" \/>\n<meta property=\"og:type\" content=\"article\" \/>\n<meta property=\"og:title\" content=\"El Arte de Escuchar &#8212; Estudio Laterna\" \/>\n<meta property=\"og:description\" content=\"El arte de escuchar te ayudar\u00e1 a abrirte a un nuevo mundo de conexi\u00f3n y a una creatividad que se reflejar\u00e1 en todos los aspectos de tu vida.\" \/>\n<meta property=\"og:url\" content=\"https:\/\/estudio-laterna.seiten.co\/es\/shop\/el-arte-de-escuchar\/\" \/>\n<meta property=\"og:site_name\" content=\"Estudio Laterna\" \/>\n<meta property=\"article:modified_time\" content=\"2024-10-02T10:21:34+00:00\" \/>\n<meta property=\"og:image\" content=\"https:\/\/estudio-laterna.seiten.co\/wp-content\/uploads\/2024\/08\/EL_Arte_de_Escuchar_bookstore.jpg\" \/>\n\t<meta property=\"og:image:width\" content=\"1440\" \/>\n\t<meta property=\"og:image:height\" content=\"1440\" \/>\n\t<meta property=\"og:image:type\" content=\"image\/jpeg\" \/>\n<meta name=\"twitter:card\" content=\"summary_large_image\" \/>\n<meta name=\"twitter:label1\" content=\"Tiempo de lectura\" \/>\n\t<meta name=\"twitter:data1\" content=\"1 minuto\" \/>\n<script type=\"application\/ld+json\" class=\"yoast-schema-graph\">{\"@context\":\"https:\/\/schema.org\",\"@graph\":[{\"@type\":\"WebPage\",\"@id\":\"https:\/\/estudio-laterna.seiten.co\/es\/shop\/el-arte-de-escuchar\/\",\"url\":\"https:\/\/estudio-laterna.seiten.co\/es\/shop\/el-arte-de-escuchar\/\",\"name\":\"El Arte de Escuchar &#8212; Estudio Laterna\",\"isPartOf\":{\"@id\":\"https:\/\/estudio-laterna.seiten.co\/es\/#website\"},\"primaryImageOfPage\":{\"@id\":\"https:\/\/estudio-laterna.seiten.co\/es\/shop\/el-arte-de-escuchar\/#primaryimage\"},\"image\":{\"@id\":\"https:\/\/estudio-laterna.seiten.co\/es\/shop\/el-arte-de-escuchar\/#primaryimage\"},\"thumbnailUrl\":\"https:\/\/estudio-laterna.seiten.co\/wp-content\/uploads\/2024\/08\/EL_Arte_de_Escuchar_bookstore.jpg\",\"datePublished\":\"2024-08-29T17:46:50+00:00\",\"dateModified\":\"2024-10-02T10:21:34+00:00\",\"description\":\"El arte de escuchar te ayudar\u00e1 a abrirte a un nuevo mundo de conexi\u00f3n y a una creatividad que se reflejar\u00e1 en todos los aspectos de tu vida.\",\"breadcrumb\":{\"@id\":\"https:\/\/estudio-laterna.seiten.co\/es\/shop\/el-arte-de-escuchar\/#breadcrumb\"},\"inLanguage\":\"es\",\"potentialAction\":[{\"@type\":\"ReadAction\",\"target\":[\"https:\/\/estudio-laterna.seiten.co\/es\/shop\/el-arte-de-escuchar\/\"]}]},{\"@type\":\"ImageObject\",\"inLanguage\":\"es\",\"@id\":\"https:\/\/estudio-laterna.seiten.co\/es\/shop\/el-arte-de-escuchar\/#primaryimage\",\"url\":\"https:\/\/estudio-laterna.seiten.co\/wp-content\/uploads\/2024\/08\/EL_Arte_de_Escuchar_bookstore.jpg\",\"contentUrl\":\"https:\/\/estudio-laterna.seiten.co\/wp-content\/uploads\/2024\/08\/EL_Arte_de_Escuchar_bookstore.jpg\",\"width\":1440,\"height\":1440},{\"@type\":\"BreadcrumbList\",\"@id\":\"https:\/\/estudio-laterna.seiten.co\/es\/shop\/el-arte-de-escuchar\/#breadcrumb\",\"itemListElement\":[{\"@type\":\"ListItem\",\"position\":1,\"name\":\"Portada\",\"item\":\"https:\/\/estudio-laterna.seiten.co\/es\/\"},{\"@type\":\"ListItem\",\"position\":2,\"name\":\"Store\",\"item\":\"https:\/\/estudio-laterna.seiten.co\/es\/store\/\"},{\"@type\":\"ListItem\",\"position\":3,\"name\":\"El Arte de Escuchar\"}]},{\"@type\":\"WebSite\",\"@id\":\"https:\/\/estudio-laterna.seiten.co\/es\/#website\",\"url\":\"https:\/\/estudio-laterna.seiten.co\/es\/\",\"name\":\"Estudio Laterna\",\"description\":\"Landscape architecture and gardens design\",\"publisher\":{\"@id\":\"https:\/\/estudio-laterna.seiten.co\/es\/#organization\"},\"alternateName\":\"Estudio Laterna\",\"potentialAction\":[{\"@type\":\"SearchAction\",\"target\":{\"@type\":\"EntryPoint\",\"urlTemplate\":\"https:\/\/estudio-laterna.seiten.co\/es\/?s={search_term_string}\"},\"query-input\":{\"@type\":\"PropertyValueSpecification\",\"valueRequired\":true,\"valueName\":\"search_term_string\"}}],\"inLanguage\":\"es\"},{\"@type\":\"Organization\",\"@id\":\"https:\/\/estudio-laterna.seiten.co\/es\/#organization\",\"name\":\"Estudio Laterna\",\"url\":\"https:\/\/estudio-laterna.seiten.co\/es\/\",\"logo\":{\"@type\":\"ImageObject\",\"inLanguage\":\"es\",\"@id\":\"https:\/\/estudio-laterna.seiten.co\/es\/#\/schema\/logo\/image\/\",\"url\":\"https:\/\/estudio-laterna.seiten.co\/wp-content\/uploads\/2023\/03\/estudio-laterna-3.png\",\"contentUrl\":\"https:\/\/estudio-laterna.seiten.co\/wp-content\/uploads\/2023\/03\/estudio-laterna-3.png\",\"width\":500,\"height\":166,\"caption\":\"Estudio Laterna\"},\"image\":{\"@id\":\"https:\/\/estudio-laterna.seiten.co\/es\/#\/schema\/logo\/image\/\"}}]}<\/script>\n<!-- \/ Yoast SEO plugin. -->","yoast_head_json":{"title":"El Arte de Escuchar &#8212; Estudio Laterna","description":"El arte de escuchar te ayudar\u00e1 a abrirte a un nuevo mundo de conexi\u00f3n y a una creatividad que se reflejar\u00e1 en todos los aspectos de tu vida.","robots":{"index":"index","follow":"follow","max-snippet":"max-snippet:-1","max-image-preview":"max-image-preview:large","max-video-preview":"max-video-preview:-1"},"canonical":"https:\/\/estudio-laterna.seiten.co\/es\/shop\/el-arte-de-escuchar\/","og_locale":"es_ES","og_type":"article","og_title":"El Arte de Escuchar &#8212; Estudio Laterna","og_description":"El arte de escuchar te ayudar\u00e1 a abrirte a un nuevo mundo de conexi\u00f3n y a una creatividad que se reflejar\u00e1 en todos los aspectos de tu vida.","og_url":"https:\/\/estudio-laterna.seiten.co\/es\/shop\/el-arte-de-escuchar\/","og_site_name":"Estudio Laterna","article_modified_time":"2024-10-02T10:21:34+00:00","og_image":[{"width":1440,"height":1440,"url":"https:\/\/estudio-laterna.seiten.co\/wp-content\/uploads\/2024\/08\/EL_Arte_de_Escuchar_bookstore.jpg","type":"image\/jpeg"}],"twitter_card":"summary_large_image","twitter_misc":{"Tiempo de lectura":"1 minuto"},"schema":{"@context":"https:\/\/schema.org","@graph":[{"@type":"WebPage","@id":"https:\/\/estudio-laterna.seiten.co\/es\/shop\/el-arte-de-escuchar\/","url":"https:\/\/estudio-laterna.seiten.co\/es\/shop\/el-arte-de-escuchar\/","name":"El Arte de Escuchar &#8212; Estudio Laterna","isPartOf":{"@id":"https:\/\/estudio-laterna.seiten.co\/es\/#website"},"primaryImageOfPage":{"@id":"https:\/\/estudio-laterna.seiten.co\/es\/shop\/el-arte-de-escuchar\/#primaryimage"},"image":{"@id":"https:\/\/estudio-laterna.seiten.co\/es\/shop\/el-arte-de-escuchar\/#primaryimage"},"thumbnailUrl":"https:\/\/estudio-laterna.seiten.co\/wp-content\/uploads\/2024\/08\/EL_Arte_de_Escuchar_bookstore.jpg","datePublished":"2024-08-29T17:46:50+00:00","dateModified":"2024-10-02T10:21:34+00:00","description":"El arte de escuchar te ayudar\u00e1 a abrirte a un nuevo mundo de conexi\u00f3n y a una creatividad que se reflejar\u00e1 en todos los aspectos de tu vida.","breadcrumb":{"@id":"https:\/\/estudio-laterna.seiten.co\/es\/shop\/el-arte-de-escuchar\/#breadcrumb"},"inLanguage":"es","potentialAction":[{"@type":"ReadAction","target":["https:\/\/estudio-laterna.seiten.co\/es\/shop\/el-arte-de-escuchar\/"]}]},{"@type":"ImageObject","inLanguage":"es","@id":"https:\/\/estudio-laterna.seiten.co\/es\/shop\/el-arte-de-escuchar\/#primaryimage","url":"https:\/\/estudio-laterna.seiten.co\/wp-content\/uploads\/2024\/08\/EL_Arte_de_Escuchar_bookstore.jpg","contentUrl":"https:\/\/estudio-laterna.seiten.co\/wp-content\/uploads\/2024\/08\/EL_Arte_de_Escuchar_bookstore.jpg","width":1440,"height":1440},{"@type":"BreadcrumbList","@id":"https:\/\/estudio-laterna.seiten.co\/es\/shop\/el-arte-de-escuchar\/#breadcrumb","itemListElement":[{"@type":"ListItem","position":1,"name":"Portada","item":"https:\/\/estudio-laterna.seiten.co\/es\/"},{"@type":"ListItem","position":2,"name":"Store","item":"https:\/\/estudio-laterna.seiten.co\/es\/store\/"},{"@type":"ListItem","position":3,"name":"El Arte de Escuchar"}]},{"@type":"WebSite","@id":"https:\/\/estudio-laterna.seiten.co\/es\/#website","url":"https:\/\/estudio-laterna.seiten.co\/es\/","name":"Estudio Laterna","description":"Landscape architecture and gardens design","publisher":{"@id":"https:\/\/estudio-laterna.seiten.co\/es\/#organization"},"alternateName":"Estudio Laterna","potentialAction":[{"@type":"SearchAction","target":{"@type":"EntryPoint","urlTemplate":"https:\/\/estudio-laterna.seiten.co\/es\/?s={search_term_string}"},"query-input":{"@type":"PropertyValueSpecification","valueRequired":true,"valueName":"search_term_string"}}],"inLanguage":"es"},{"@type":"Organization","@id":"https:\/\/estudio-laterna.seiten.co\/es\/#organization","name":"Estudio Laterna","url":"https:\/\/estudio-laterna.seiten.co\/es\/","logo":{"@type":"ImageObject","inLanguage":"es","@id":"https:\/\/estudio-laterna.seiten.co\/es\/#\/schema\/logo\/image\/","url":"https:\/\/estudio-laterna.seiten.co\/wp-content\/uploads\/2023\/03\/estudio-laterna-3.png","contentUrl":"https:\/\/estudio-laterna.seiten.co\/wp-content\/uploads\/2023\/03\/estudio-laterna-3.png","width":500,"height":166,"caption":"Estudio Laterna"},"image":{"@id":"https:\/\/estudio-laterna.seiten.co\/es\/#\/schema\/logo\/image\/"}}]}},"_links":{"self":[{"href":"https:\/\/estudio-laterna.seiten.co\/es\/wp-json\/wp\/v2\/product\/13274","targetHints":{"allow":["GET"]}}],"collection":[{"href":"https:\/\/estudio-laterna.seiten.co\/es\/wp-json\/wp\/v2\/product"}],"about":[{"href":"https:\/\/estudio-laterna.seiten.co\/es\/wp-json\/wp\/v2\/types\/product"}],"replies":[{"embeddable":true,"href":"https:\/\/estudio-laterna.seiten.co\/es\/wp-json\/wp\/v2\/comments?post=13274"}],"version-history":[{"count":2,"href":"https:\/\/estudio-laterna.seiten.co\/es\/wp-json\/wp\/v2\/product\/13274\/revisions"}],"predecessor-version":[{"id":16176,"href":"https:\/\/estudio-laterna.seiten.co\/es\/wp-json\/wp\/v2\/product\/13274\/revisions\/16176"}],"wp:featuredmedia":[{"embeddable":true,"href":"https:\/\/estudio-laterna.seiten.co\/es\/wp-json\/wp\/v2\/media\/13021"}],"wp:attachment":[{"href":"https:\/\/estudio-laterna.seiten.co\/es\/wp-json\/wp\/v2\/media?parent=13274"}],"wp:term":[{"taxonomy":"product_cat","embeddable":true,"href":"https:\/\/estudio-laterna.seiten.co\/es\/wp-json\/wp\/v2\/product_cat?post=13274"},{"taxonomy":"product_tag","embeddable":true,"href":"https:\/\/estudio-laterna.seiten.co\/es\/wp-json\/wp\/v2\/product_tag?post=13274"}],"curies":[{"name":"wp","href":"https:\/\/api.w.org\/{rel}","templated":true}]}}