{"id":13278,"date":"2024-08-29T19:52:07","date_gmt":"2024-08-29T17:52:07","guid":{"rendered":"https:\/\/www.estudio-laterna.com\/?post_type=product&#038;p=13278"},"modified":"2024-10-02T12:15:56","modified_gmt":"2024-10-02T10:15:56","slug":"the-japanese-garden","status":"publish","type":"product","link":"https:\/\/estudio-laterna.seiten.co\/es\/shop\/the-japanese-garden\/","title":{"rendered":"The Japanese Garden"},"content":{"rendered":"<p>Una exploraci\u00f3n en profundidad que abarca 800 a\u00f1os del arte, la esencia y el impacto duradero del jard\u00edn japon\u00e9s. Este libro, la exploraci\u00f3n m\u00e1s completa del arte del jard\u00edn japon\u00e9s publicada hasta la fecha, cubre m\u00e1s de ocho siglos de la historia de este importante g\u00e9nero. La autora y dise\u00f1adora de jardines Sophie Walker aporta una nueva visi\u00f3n de este tema, explorando el jard\u00edn japon\u00e9s en detalle a trav\u00e9s de una serie de ensayos y con 100 jardines destacados, que van desde antiguos santuarios sinto\u00edstas hasta jardines imperiales y dise\u00f1os zen contempor\u00e1neos. Destacados artistas, arquitectos y otros profesionales de la cultura ofrecen perspectivas personales en ensayos reci\u00e9n encargados.<\/p>\n<p>Formato: Tapa Dura<br \/>\nTama\u0144o: 22 x 28 cm<br \/>\nP\u00e1ginas: 304<br \/>\nIlustraciones:<br \/>\nFecha de Publicaci\u00f3n: 16 diciembre 2019<br \/>\nEditorial: Phaidon<br \/>\nISBN: 978-0714874777<\/p>\n","protected":false},"excerpt":{"rendered":"<p>Una exploraci\u00f3n en profundidad que abarca 800 a\u00f1os del arte, la esencia y el impacto duradero del jard\u00edn japon\u00e9s. Este libro, la exploraci\u00f3n m\u00e1s completa del arte del jard\u00edn japon\u00e9s publicada hasta la fecha, cubre m\u00e1s de ocho siglos de la historia de este importante g\u00e9nero. La autora y dise\u00f1adora de jardines Sophie Walker aporta [&hellip;]<\/p>\n","protected":false},"featured_media":13067,"comment_status":"closed","ping_status":"closed","template":"","meta":{"inline_featured_image":false},"product_cat":[48,82],"product_tag":[55],"class_list":{"0":"post-13278","1":"product","2":"type-product","3":"status-publish","4":"has-post-thumbnail","6":"product_cat-arquitectura-del-paisaje","7":"product_cat-libreria","8":"product_tag-bookstore-es","10":"first","11":"instock","12":"taxable","13":"shipping-taxable","14":"purchasable","15":"product-type-simple"},"yoast_head":"<!-- This site is optimized with the Yoast SEO plugin v23.6 - https:\/\/yoast.com\/wordpress\/plugins\/seo\/ -->\n<title>The Japanese Garden &#8212; Estudio Laterna<\/title>\n<meta name=\"description\" content=\"La autora y dise\u00f1adora de jardines Sophie Walker explora el jard\u00edn japon\u00e9s en detalle a trav\u00e9s de una serie de ensayos y con 100 jardines destacados\" \/>\n<meta name=\"robots\" content=\"index, follow, max-snippet:-1, max-image-preview:large, max-video-preview:-1\" \/>\n<link rel=\"canonical\" href=\"https:\/\/estudio-laterna.seiten.co\/es\/shop\/the-japanese-garden\/\" \/>\n<meta property=\"og:locale\" content=\"es_ES\" \/>\n<meta property=\"og:type\" content=\"article\" \/>\n<meta property=\"og:title\" content=\"The Japanese Garden &#8212; Estudio Laterna\" \/>\n<meta property=\"og:description\" content=\"La autora y dise\u00f1adora de jardines Sophie Walker explora el jard\u00edn japon\u00e9s en detalle a trav\u00e9s de una serie de ensayos y con 100 jardines destacados\" \/>\n<meta property=\"og:url\" content=\"https:\/\/estudio-laterna.seiten.co\/es\/shop\/the-japanese-garden\/\" \/>\n<meta property=\"og:site_name\" content=\"Estudio Laterna\" \/>\n<meta property=\"article:modified_time\" content=\"2024-10-02T10:15:56+00:00\" \/>\n<meta property=\"og:image\" content=\"https:\/\/estudio-laterna.seiten.co\/wp-content\/uploads\/2024\/08\/The_Japanese_Garden_bookstore.jpg\" \/>\n\t<meta property=\"og:image:width\" content=\"1440\" \/>\n\t<meta property=\"og:image:height\" content=\"1440\" \/>\n\t<meta property=\"og:image:type\" content=\"image\/jpeg\" \/>\n<meta name=\"twitter:card\" content=\"summary_large_image\" \/>\n<meta name=\"twitter:label1\" content=\"Tiempo de lectura\" \/>\n\t<meta name=\"twitter:data1\" content=\"1 minuto\" \/>\n<script type=\"application\/ld+json\" class=\"yoast-schema-graph\">{\"@context\":\"https:\/\/schema.org\",\"@graph\":[{\"@type\":\"WebPage\",\"@id\":\"https:\/\/estudio-laterna.seiten.co\/es\/shop\/the-japanese-garden\/\",\"url\":\"https:\/\/estudio-laterna.seiten.co\/es\/shop\/the-japanese-garden\/\",\"name\":\"The Japanese Garden &#8212; Estudio Laterna\",\"isPartOf\":{\"@id\":\"https:\/\/estudio-laterna.seiten.co\/es\/#website\"},\"primaryImageOfPage\":{\"@id\":\"https:\/\/estudio-laterna.seiten.co\/es\/shop\/the-japanese-garden\/#primaryimage\"},\"image\":{\"@id\":\"https:\/\/estudio-laterna.seiten.co\/es\/shop\/the-japanese-garden\/#primaryimage\"},\"thumbnailUrl\":\"https:\/\/estudio-laterna.seiten.co\/wp-content\/uploads\/2024\/08\/The_Japanese_Garden_bookstore.jpg\",\"datePublished\":\"2024-08-29T17:52:07+00:00\",\"dateModified\":\"2024-10-02T10:15:56+00:00\",\"description\":\"La autora y dise\u00f1adora de jardines Sophie Walker explora el jard\u00edn japon\u00e9s en detalle a trav\u00e9s de una serie de ensayos y con 100 jardines destacados\",\"breadcrumb\":{\"@id\":\"https:\/\/estudio-laterna.seiten.co\/es\/shop\/the-japanese-garden\/#breadcrumb\"},\"inLanguage\":\"es\",\"potentialAction\":[{\"@type\":\"ReadAction\",\"target\":[\"https:\/\/estudio-laterna.seiten.co\/es\/shop\/the-japanese-garden\/\"]}]},{\"@type\":\"ImageObject\",\"inLanguage\":\"es\",\"@id\":\"https:\/\/estudio-laterna.seiten.co\/es\/shop\/the-japanese-garden\/#primaryimage\",\"url\":\"https:\/\/estudio-laterna.seiten.co\/wp-content\/uploads\/2024\/08\/The_Japanese_Garden_bookstore.jpg\",\"contentUrl\":\"https:\/\/estudio-laterna.seiten.co\/wp-content\/uploads\/2024\/08\/The_Japanese_Garden_bookstore.jpg\",\"width\":1440,\"height\":1440},{\"@type\":\"BreadcrumbList\",\"@id\":\"https:\/\/estudio-laterna.seiten.co\/es\/shop\/the-japanese-garden\/#breadcrumb\",\"itemListElement\":[{\"@type\":\"ListItem\",\"position\":1,\"name\":\"Portada\",\"item\":\"https:\/\/estudio-laterna.seiten.co\/es\/\"},{\"@type\":\"ListItem\",\"position\":2,\"name\":\"Store\",\"item\":\"https:\/\/estudio-laterna.seiten.co\/es\/store\/\"},{\"@type\":\"ListItem\",\"position\":3,\"name\":\"The Japanese Garden\"}]},{\"@type\":\"WebSite\",\"@id\":\"https:\/\/estudio-laterna.seiten.co\/es\/#website\",\"url\":\"https:\/\/estudio-laterna.seiten.co\/es\/\",\"name\":\"Estudio Laterna\",\"description\":\"Landscape architecture and gardens design\",\"publisher\":{\"@id\":\"https:\/\/estudio-laterna.seiten.co\/es\/#organization\"},\"alternateName\":\"Estudio Laterna\",\"potentialAction\":[{\"@type\":\"SearchAction\",\"target\":{\"@type\":\"EntryPoint\",\"urlTemplate\":\"https:\/\/estudio-laterna.seiten.co\/es\/?s={search_term_string}\"},\"query-input\":{\"@type\":\"PropertyValueSpecification\",\"valueRequired\":true,\"valueName\":\"search_term_string\"}}],\"inLanguage\":\"es\"},{\"@type\":\"Organization\",\"@id\":\"https:\/\/estudio-laterna.seiten.co\/es\/#organization\",\"name\":\"Estudio Laterna\",\"url\":\"https:\/\/estudio-laterna.seiten.co\/es\/\",\"logo\":{\"@type\":\"ImageObject\",\"inLanguage\":\"es\",\"@id\":\"https:\/\/estudio-laterna.seiten.co\/es\/#\/schema\/logo\/image\/\",\"url\":\"https:\/\/estudio-laterna.seiten.co\/wp-content\/uploads\/2023\/03\/estudio-laterna-3.png\",\"contentUrl\":\"https:\/\/estudio-laterna.seiten.co\/wp-content\/uploads\/2023\/03\/estudio-laterna-3.png\",\"width\":500,\"height\":166,\"caption\":\"Estudio Laterna\"},\"image\":{\"@id\":\"https:\/\/estudio-laterna.seiten.co\/es\/#\/schema\/logo\/image\/\"}}]}<\/script>\n<!-- \/ Yoast SEO plugin. -->","yoast_head_json":{"title":"The Japanese Garden &#8212; Estudio Laterna","description":"La autora y dise\u00f1adora de jardines Sophie Walker explora el jard\u00edn japon\u00e9s en detalle a trav\u00e9s de una serie de ensayos y con 100 jardines destacados","robots":{"index":"index","follow":"follow","max-snippet":"max-snippet:-1","max-image-preview":"max-image-preview:large","max-video-preview":"max-video-preview:-1"},"canonical":"https:\/\/estudio-laterna.seiten.co\/es\/shop\/the-japanese-garden\/","og_locale":"es_ES","og_type":"article","og_title":"The Japanese Garden &#8212; Estudio Laterna","og_description":"La autora y dise\u00f1adora de jardines Sophie Walker explora el jard\u00edn japon\u00e9s en detalle a trav\u00e9s de una serie de ensayos y con 100 jardines destacados","og_url":"https:\/\/estudio-laterna.seiten.co\/es\/shop\/the-japanese-garden\/","og_site_name":"Estudio Laterna","article_modified_time":"2024-10-02T10:15:56+00:00","og_image":[{"width":1440,"height":1440,"url":"https:\/\/estudio-laterna.seiten.co\/wp-content\/uploads\/2024\/08\/The_Japanese_Garden_bookstore.jpg","type":"image\/jpeg"}],"twitter_card":"summary_large_image","twitter_misc":{"Tiempo de lectura":"1 minuto"},"schema":{"@context":"https:\/\/schema.org","@graph":[{"@type":"WebPage","@id":"https:\/\/estudio-laterna.seiten.co\/es\/shop\/the-japanese-garden\/","url":"https:\/\/estudio-laterna.seiten.co\/es\/shop\/the-japanese-garden\/","name":"The Japanese Garden &#8212; Estudio Laterna","isPartOf":{"@id":"https:\/\/estudio-laterna.seiten.co\/es\/#website"},"primaryImageOfPage":{"@id":"https:\/\/estudio-laterna.seiten.co\/es\/shop\/the-japanese-garden\/#primaryimage"},"image":{"@id":"https:\/\/estudio-laterna.seiten.co\/es\/shop\/the-japanese-garden\/#primaryimage"},"thumbnailUrl":"https:\/\/estudio-laterna.seiten.co\/wp-content\/uploads\/2024\/08\/The_Japanese_Garden_bookstore.jpg","datePublished":"2024-08-29T17:52:07+00:00","dateModified":"2024-10-02T10:15:56+00:00","description":"La autora y dise\u00f1adora de jardines Sophie Walker explora el jard\u00edn japon\u00e9s en detalle a trav\u00e9s de una serie de ensayos y con 100 jardines destacados","breadcrumb":{"@id":"https:\/\/estudio-laterna.seiten.co\/es\/shop\/the-japanese-garden\/#breadcrumb"},"inLanguage":"es","potentialAction":[{"@type":"ReadAction","target":["https:\/\/estudio-laterna.seiten.co\/es\/shop\/the-japanese-garden\/"]}]},{"@type":"ImageObject","inLanguage":"es","@id":"https:\/\/estudio-laterna.seiten.co\/es\/shop\/the-japanese-garden\/#primaryimage","url":"https:\/\/estudio-laterna.seiten.co\/wp-content\/uploads\/2024\/08\/The_Japanese_Garden_bookstore.jpg","contentUrl":"https:\/\/estudio-laterna.seiten.co\/wp-content\/uploads\/2024\/08\/The_Japanese_Garden_bookstore.jpg","width":1440,"height":1440},{"@type":"BreadcrumbList","@id":"https:\/\/estudio-laterna.seiten.co\/es\/shop\/the-japanese-garden\/#breadcrumb","itemListElement":[{"@type":"ListItem","position":1,"name":"Portada","item":"https:\/\/estudio-laterna.seiten.co\/es\/"},{"@type":"ListItem","position":2,"name":"Store","item":"https:\/\/estudio-laterna.seiten.co\/es\/store\/"},{"@type":"ListItem","position":3,"name":"The Japanese Garden"}]},{"@type":"WebSite","@id":"https:\/\/estudio-laterna.seiten.co\/es\/#website","url":"https:\/\/estudio-laterna.seiten.co\/es\/","name":"Estudio Laterna","description":"Landscape architecture and gardens design","publisher":{"@id":"https:\/\/estudio-laterna.seiten.co\/es\/#organization"},"alternateName":"Estudio Laterna","potentialAction":[{"@type":"SearchAction","target":{"@type":"EntryPoint","urlTemplate":"https:\/\/estudio-laterna.seiten.co\/es\/?s={search_term_string}"},"query-input":{"@type":"PropertyValueSpecification","valueRequired":true,"valueName":"search_term_string"}}],"inLanguage":"es"},{"@type":"Organization","@id":"https:\/\/estudio-laterna.seiten.co\/es\/#organization","name":"Estudio Laterna","url":"https:\/\/estudio-laterna.seiten.co\/es\/","logo":{"@type":"ImageObject","inLanguage":"es","@id":"https:\/\/estudio-laterna.seiten.co\/es\/#\/schema\/logo\/image\/","url":"https:\/\/estudio-laterna.seiten.co\/wp-content\/uploads\/2023\/03\/estudio-laterna-3.png","contentUrl":"https:\/\/estudio-laterna.seiten.co\/wp-content\/uploads\/2023\/03\/estudio-laterna-3.png","width":500,"height":166,"caption":"Estudio Laterna"},"image":{"@id":"https:\/\/estudio-laterna.seiten.co\/es\/#\/schema\/logo\/image\/"}}]}},"_links":{"self":[{"href":"https:\/\/estudio-laterna.seiten.co\/es\/wp-json\/wp\/v2\/product\/13278","targetHints":{"allow":["GET"]}}],"collection":[{"href":"https:\/\/estudio-laterna.seiten.co\/es\/wp-json\/wp\/v2\/product"}],"about":[{"href":"https:\/\/estudio-laterna.seiten.co\/es\/wp-json\/wp\/v2\/types\/product"}],"replies":[{"embeddable":true,"href":"https:\/\/estudio-laterna.seiten.co\/es\/wp-json\/wp\/v2\/comments?post=13278"}],"version-history":[{"count":2,"href":"https:\/\/estudio-laterna.seiten.co\/es\/wp-json\/wp\/v2\/product\/13278\/revisions"}],"predecessor-version":[{"id":16174,"href":"https:\/\/estudio-laterna.seiten.co\/es\/wp-json\/wp\/v2\/product\/13278\/revisions\/16174"}],"wp:featuredmedia":[{"embeddable":true,"href":"https:\/\/estudio-laterna.seiten.co\/es\/wp-json\/wp\/v2\/media\/13067"}],"wp:attachment":[{"href":"https:\/\/estudio-laterna.seiten.co\/es\/wp-json\/wp\/v2\/media?parent=13278"}],"wp:term":[{"taxonomy":"product_cat","embeddable":true,"href":"https:\/\/estudio-laterna.seiten.co\/es\/wp-json\/wp\/v2\/product_cat?post=13278"},{"taxonomy":"product_tag","embeddable":true,"href":"https:\/\/estudio-laterna.seiten.co\/es\/wp-json\/wp\/v2\/product_tag?post=13278"}],"curies":[{"name":"wp","href":"https:\/\/api.w.org\/{rel}","templated":true}]}}