{"id":13282,"date":"2024-08-29T19:55:46","date_gmt":"2024-08-29T17:55:46","guid":{"rendered":"https:\/\/www.estudio-laterna.com\/?post_type=product&#038;p=13282"},"modified":"2024-10-02T12:10:30","modified_gmt":"2024-10-02T10:10:30","slug":"color-y-significado","status":"publish","type":"product","link":"https:\/\/estudio-laterna.seiten.co\/es\/shop\/color-y-significado\/","title":{"rendered":"Color y Significado"},"content":{"rendered":"<p>\u00bfEs el color tan s\u00f3lo una reacci\u00f3n psicol\u00f3gica, o una pura sensaci\u00f3n f\u00edsica? \u00bfTiene un efecto en nuestros sentimientos o estados de \u00e1nimo? John Gage examina desde una perspectiva nueva y extraordinaria el fen\u00f3meno del color, convencido de que, como el lenguaje, es un hecho hist\u00f3ricamente determinado cuyo significado reside en los diversos contextos en los que se experimenta e interpreta. As\u00ed, su erudita investigaci\u00f3n\u2014ilustrada con m\u00e1s de cien im\u00e1genes, treinta y siete de ellas en color\u2014abarca temas tan diversos como las mezclas \u00f3pticas en una t\u00e9cnica como el mosaico, la simbolog\u00eda medieval de los colores, la sintaxis de los colores y sus usos en Latinoam\u00e9rica en tiempos de la conquista, la temprana historia de la \u00f3ptica y el prisma, o las ideas sobre el color en la obra de Goethe y Runge, Blake y Turner o Seurat y Matisse. Un texto lleno de ideas, tan esencial como ameno.<\/p>\n<p>Formato: Tapa Blanda<br \/>\nTama\u0144o: 13 x 21 cm<br \/>\nP\u00e1ginas: 592<br \/>\nIlustraciones:<br \/>\nFecha de Publicaci\u00f3n: 22 marzo 2023<br \/>\nEditorial: Acantilado<br \/>\nISBN: \u00a0978-84-19036-40-7<\/p>\n","protected":false},"excerpt":{"rendered":"<p>\u00bfEs el color tan s\u00f3lo una reacci\u00f3n psicol\u00f3gica, o una pura sensaci\u00f3n f\u00edsica? \u00bfTiene un efecto en nuestros sentimientos o estados de \u00e1nimo? John Gage examina desde una perspectiva nueva y extraordinaria el fen\u00f3meno del color, convencido de que, como el lenguaje, es un hecho hist\u00f3ricamente determinado cuyo significado reside en los diversos contextos en [&hellip;]<\/p>\n","protected":false},"featured_media":13015,"comment_status":"closed","ping_status":"closed","template":"","meta":{"inline_featured_image":false},"product_cat":[50,82],"product_tag":[55],"class_list":{"0":"post-13282","1":"product","2":"type-product","3":"status-publish","4":"has-post-thumbnail","6":"product_cat-diseno","7":"product_cat-libreria","8":"product_tag-bookstore-es","10":"first","11":"instock","12":"taxable","13":"shipping-taxable","14":"purchasable","15":"product-type-simple"},"yoast_head":"<!-- This site is optimized with the Yoast SEO plugin v23.6 - https:\/\/yoast.com\/wordpress\/plugins\/seo\/ -->\n<title>Color y Significado &#8212; Estudio Laterna<\/title>\n<meta name=\"description\" content=\"Jhon cage examina el tema del color desde una nueva perspectiva, incluyendo m\u00e1s de cien im\u00e1genes, treinta y siete de ellas en color\" \/>\n<meta name=\"robots\" content=\"index, follow, max-snippet:-1, max-image-preview:large, max-video-preview:-1\" \/>\n<link rel=\"canonical\" href=\"https:\/\/estudio-laterna.seiten.co\/es\/shop\/color-y-significado\/\" \/>\n<meta property=\"og:locale\" content=\"es_ES\" \/>\n<meta property=\"og:type\" content=\"article\" \/>\n<meta property=\"og:title\" content=\"Color y Significado &#8212; Estudio Laterna\" \/>\n<meta property=\"og:description\" content=\"Jhon cage examina el tema del color desde una nueva perspectiva, incluyendo m\u00e1s de cien im\u00e1genes, treinta y siete de ellas en color\" \/>\n<meta property=\"og:url\" content=\"https:\/\/estudio-laterna.seiten.co\/es\/shop\/color-y-significado\/\" \/>\n<meta property=\"og:site_name\" content=\"Estudio Laterna\" \/>\n<meta property=\"article:modified_time\" content=\"2024-10-02T10:10:30+00:00\" \/>\n<meta property=\"og:image\" content=\"https:\/\/estudio-laterna.seiten.co\/wp-content\/uploads\/2024\/08\/Color_Y_Significado_bookstore.jpg\" \/>\n\t<meta property=\"og:image:width\" content=\"1440\" \/>\n\t<meta property=\"og:image:height\" content=\"1440\" \/>\n\t<meta property=\"og:image:type\" content=\"image\/jpeg\" \/>\n<meta name=\"twitter:card\" content=\"summary_large_image\" \/>\n<meta name=\"twitter:label1\" content=\"Tiempo de lectura\" \/>\n\t<meta name=\"twitter:data1\" content=\"1 minuto\" \/>\n<script type=\"application\/ld+json\" class=\"yoast-schema-graph\">{\"@context\":\"https:\/\/schema.org\",\"@graph\":[{\"@type\":\"WebPage\",\"@id\":\"https:\/\/estudio-laterna.seiten.co\/es\/shop\/color-y-significado\/\",\"url\":\"https:\/\/estudio-laterna.seiten.co\/es\/shop\/color-y-significado\/\",\"name\":\"Color y Significado &#8212; Estudio Laterna\",\"isPartOf\":{\"@id\":\"https:\/\/estudio-laterna.seiten.co\/es\/#website\"},\"primaryImageOfPage\":{\"@id\":\"https:\/\/estudio-laterna.seiten.co\/es\/shop\/color-y-significado\/#primaryimage\"},\"image\":{\"@id\":\"https:\/\/estudio-laterna.seiten.co\/es\/shop\/color-y-significado\/#primaryimage\"},\"thumbnailUrl\":\"https:\/\/estudio-laterna.seiten.co\/wp-content\/uploads\/2024\/08\/Color_Y_Significado_bookstore.jpg\",\"datePublished\":\"2024-08-29T17:55:46+00:00\",\"dateModified\":\"2024-10-02T10:10:30+00:00\",\"description\":\"Jhon cage examina el tema del color desde una nueva perspectiva, incluyendo m\u00e1s de cien im\u00e1genes, treinta y siete de ellas en color\",\"breadcrumb\":{\"@id\":\"https:\/\/estudio-laterna.seiten.co\/es\/shop\/color-y-significado\/#breadcrumb\"},\"inLanguage\":\"es\",\"potentialAction\":[{\"@type\":\"ReadAction\",\"target\":[\"https:\/\/estudio-laterna.seiten.co\/es\/shop\/color-y-significado\/\"]}]},{\"@type\":\"ImageObject\",\"inLanguage\":\"es\",\"@id\":\"https:\/\/estudio-laterna.seiten.co\/es\/shop\/color-y-significado\/#primaryimage\",\"url\":\"https:\/\/estudio-laterna.seiten.co\/wp-content\/uploads\/2024\/08\/Color_Y_Significado_bookstore.jpg\",\"contentUrl\":\"https:\/\/estudio-laterna.seiten.co\/wp-content\/uploads\/2024\/08\/Color_Y_Significado_bookstore.jpg\",\"width\":1440,\"height\":1440},{\"@type\":\"BreadcrumbList\",\"@id\":\"https:\/\/estudio-laterna.seiten.co\/es\/shop\/color-y-significado\/#breadcrumb\",\"itemListElement\":[{\"@type\":\"ListItem\",\"position\":1,\"name\":\"Portada\",\"item\":\"https:\/\/estudio-laterna.seiten.co\/es\/\"},{\"@type\":\"ListItem\",\"position\":2,\"name\":\"Store\",\"item\":\"https:\/\/estudio-laterna.seiten.co\/es\/store\/\"},{\"@type\":\"ListItem\",\"position\":3,\"name\":\"Color y Significado\"}]},{\"@type\":\"WebSite\",\"@id\":\"https:\/\/estudio-laterna.seiten.co\/es\/#website\",\"url\":\"https:\/\/estudio-laterna.seiten.co\/es\/\",\"name\":\"Estudio Laterna\",\"description\":\"Landscape architecture and gardens design\",\"publisher\":{\"@id\":\"https:\/\/estudio-laterna.seiten.co\/es\/#organization\"},\"alternateName\":\"Estudio Laterna\",\"potentialAction\":[{\"@type\":\"SearchAction\",\"target\":{\"@type\":\"EntryPoint\",\"urlTemplate\":\"https:\/\/estudio-laterna.seiten.co\/es\/?s={search_term_string}\"},\"query-input\":{\"@type\":\"PropertyValueSpecification\",\"valueRequired\":true,\"valueName\":\"search_term_string\"}}],\"inLanguage\":\"es\"},{\"@type\":\"Organization\",\"@id\":\"https:\/\/estudio-laterna.seiten.co\/es\/#organization\",\"name\":\"Estudio Laterna\",\"url\":\"https:\/\/estudio-laterna.seiten.co\/es\/\",\"logo\":{\"@type\":\"ImageObject\",\"inLanguage\":\"es\",\"@id\":\"https:\/\/estudio-laterna.seiten.co\/es\/#\/schema\/logo\/image\/\",\"url\":\"https:\/\/estudio-laterna.seiten.co\/wp-content\/uploads\/2023\/03\/estudio-laterna-3.png\",\"contentUrl\":\"https:\/\/estudio-laterna.seiten.co\/wp-content\/uploads\/2023\/03\/estudio-laterna-3.png\",\"width\":500,\"height\":166,\"caption\":\"Estudio Laterna\"},\"image\":{\"@id\":\"https:\/\/estudio-laterna.seiten.co\/es\/#\/schema\/logo\/image\/\"}}]}<\/script>\n<!-- \/ Yoast SEO plugin. -->","yoast_head_json":{"title":"Color y Significado &#8212; Estudio Laterna","description":"Jhon cage examina el tema del color desde una nueva perspectiva, incluyendo m\u00e1s de cien im\u00e1genes, treinta y siete de ellas en color","robots":{"index":"index","follow":"follow","max-snippet":"max-snippet:-1","max-image-preview":"max-image-preview:large","max-video-preview":"max-video-preview:-1"},"canonical":"https:\/\/estudio-laterna.seiten.co\/es\/shop\/color-y-significado\/","og_locale":"es_ES","og_type":"article","og_title":"Color y Significado &#8212; Estudio Laterna","og_description":"Jhon cage examina el tema del color desde una nueva perspectiva, incluyendo m\u00e1s de cien im\u00e1genes, treinta y siete de ellas en color","og_url":"https:\/\/estudio-laterna.seiten.co\/es\/shop\/color-y-significado\/","og_site_name":"Estudio Laterna","article_modified_time":"2024-10-02T10:10:30+00:00","og_image":[{"width":1440,"height":1440,"url":"https:\/\/estudio-laterna.seiten.co\/wp-content\/uploads\/2024\/08\/Color_Y_Significado_bookstore.jpg","type":"image\/jpeg"}],"twitter_card":"summary_large_image","twitter_misc":{"Tiempo de lectura":"1 minuto"},"schema":{"@context":"https:\/\/schema.org","@graph":[{"@type":"WebPage","@id":"https:\/\/estudio-laterna.seiten.co\/es\/shop\/color-y-significado\/","url":"https:\/\/estudio-laterna.seiten.co\/es\/shop\/color-y-significado\/","name":"Color y Significado &#8212; Estudio Laterna","isPartOf":{"@id":"https:\/\/estudio-laterna.seiten.co\/es\/#website"},"primaryImageOfPage":{"@id":"https:\/\/estudio-laterna.seiten.co\/es\/shop\/color-y-significado\/#primaryimage"},"image":{"@id":"https:\/\/estudio-laterna.seiten.co\/es\/shop\/color-y-significado\/#primaryimage"},"thumbnailUrl":"https:\/\/estudio-laterna.seiten.co\/wp-content\/uploads\/2024\/08\/Color_Y_Significado_bookstore.jpg","datePublished":"2024-08-29T17:55:46+00:00","dateModified":"2024-10-02T10:10:30+00:00","description":"Jhon cage examina el tema del color desde una nueva perspectiva, incluyendo m\u00e1s de cien im\u00e1genes, treinta y siete de ellas en color","breadcrumb":{"@id":"https:\/\/estudio-laterna.seiten.co\/es\/shop\/color-y-significado\/#breadcrumb"},"inLanguage":"es","potentialAction":[{"@type":"ReadAction","target":["https:\/\/estudio-laterna.seiten.co\/es\/shop\/color-y-significado\/"]}]},{"@type":"ImageObject","inLanguage":"es","@id":"https:\/\/estudio-laterna.seiten.co\/es\/shop\/color-y-significado\/#primaryimage","url":"https:\/\/estudio-laterna.seiten.co\/wp-content\/uploads\/2024\/08\/Color_Y_Significado_bookstore.jpg","contentUrl":"https:\/\/estudio-laterna.seiten.co\/wp-content\/uploads\/2024\/08\/Color_Y_Significado_bookstore.jpg","width":1440,"height":1440},{"@type":"BreadcrumbList","@id":"https:\/\/estudio-laterna.seiten.co\/es\/shop\/color-y-significado\/#breadcrumb","itemListElement":[{"@type":"ListItem","position":1,"name":"Portada","item":"https:\/\/estudio-laterna.seiten.co\/es\/"},{"@type":"ListItem","position":2,"name":"Store","item":"https:\/\/estudio-laterna.seiten.co\/es\/store\/"},{"@type":"ListItem","position":3,"name":"Color y Significado"}]},{"@type":"WebSite","@id":"https:\/\/estudio-laterna.seiten.co\/es\/#website","url":"https:\/\/estudio-laterna.seiten.co\/es\/","name":"Estudio Laterna","description":"Landscape architecture and gardens design","publisher":{"@id":"https:\/\/estudio-laterna.seiten.co\/es\/#organization"},"alternateName":"Estudio Laterna","potentialAction":[{"@type":"SearchAction","target":{"@type":"EntryPoint","urlTemplate":"https:\/\/estudio-laterna.seiten.co\/es\/?s={search_term_string}"},"query-input":{"@type":"PropertyValueSpecification","valueRequired":true,"valueName":"search_term_string"}}],"inLanguage":"es"},{"@type":"Organization","@id":"https:\/\/estudio-laterna.seiten.co\/es\/#organization","name":"Estudio Laterna","url":"https:\/\/estudio-laterna.seiten.co\/es\/","logo":{"@type":"ImageObject","inLanguage":"es","@id":"https:\/\/estudio-laterna.seiten.co\/es\/#\/schema\/logo\/image\/","url":"https:\/\/estudio-laterna.seiten.co\/wp-content\/uploads\/2023\/03\/estudio-laterna-3.png","contentUrl":"https:\/\/estudio-laterna.seiten.co\/wp-content\/uploads\/2023\/03\/estudio-laterna-3.png","width":500,"height":166,"caption":"Estudio Laterna"},"image":{"@id":"https:\/\/estudio-laterna.seiten.co\/es\/#\/schema\/logo\/image\/"}}]}},"_links":{"self":[{"href":"https:\/\/estudio-laterna.seiten.co\/es\/wp-json\/wp\/v2\/product\/13282","targetHints":{"allow":["GET"]}}],"collection":[{"href":"https:\/\/estudio-laterna.seiten.co\/es\/wp-json\/wp\/v2\/product"}],"about":[{"href":"https:\/\/estudio-laterna.seiten.co\/es\/wp-json\/wp\/v2\/types\/product"}],"replies":[{"embeddable":true,"href":"https:\/\/estudio-laterna.seiten.co\/es\/wp-json\/wp\/v2\/comments?post=13282"}],"version-history":[{"count":3,"href":"https:\/\/estudio-laterna.seiten.co\/es\/wp-json\/wp\/v2\/product\/13282\/revisions"}],"predecessor-version":[{"id":16165,"href":"https:\/\/estudio-laterna.seiten.co\/es\/wp-json\/wp\/v2\/product\/13282\/revisions\/16165"}],"wp:featuredmedia":[{"embeddable":true,"href":"https:\/\/estudio-laterna.seiten.co\/es\/wp-json\/wp\/v2\/media\/13015"}],"wp:attachment":[{"href":"https:\/\/estudio-laterna.seiten.co\/es\/wp-json\/wp\/v2\/media?parent=13282"}],"wp:term":[{"taxonomy":"product_cat","embeddable":true,"href":"https:\/\/estudio-laterna.seiten.co\/es\/wp-json\/wp\/v2\/product_cat?post=13282"},{"taxonomy":"product_tag","embeddable":true,"href":"https:\/\/estudio-laterna.seiten.co\/es\/wp-json\/wp\/v2\/product_tag?post=13282"}],"curies":[{"name":"wp","href":"https:\/\/api.w.org\/{rel}","templated":true}]}}