{"id":13287,"date":"2024-08-29T19:59:06","date_gmt":"2024-08-29T17:59:06","guid":{"rendered":"https:\/\/www.estudio-laterna.com\/?post_type=product&#038;p=13287"},"modified":"2024-10-02T12:03:49","modified_gmt":"2024-10-02T10:03:49","slug":"isabel-quintanilla","status":"publish","type":"product","link":"https:\/\/estudio-laterna.seiten.co\/es\/shop\/isabel-quintanilla\/","title":{"rendered":"Isabel Quintanilla"},"content":{"rendered":"<p>Exposici\u00f3n en el Museo Nacional Thyssen-Bornemisza del 27 de febrero al 2 de junio de 2024. Isabel Quintanilla no hab\u00eda recibido hasta ahora el reconocimiento que merece como una de las grandes figuras de la pintura espa\u00f1ola de la segunda mitad del siglo XX. Desde la d\u00e9cada de 1970, su obra se expuso con frecuencia en diversas ciudades de Alemania y fue adquirida por museos y coleccionistas de aquel pa\u00eds, lo que ha impedido que fuera mejor conocida en Espa\u00f1a. La mitad de esta exposici\u00f3n, que queda reflejada en este cat\u00e1logo, es esa producci\u00f3n recuperada. La comisaria y autora, Leticia de Cos, ha construido un itinerario art\u00edstico y a la vez vital a trav\u00e9s de los g\u00e9neros y temas pict\u00f3ricos de Quintanilla. Sus bodegones combinan unas hechuras cl\u00e1sicas con objetos muy contempor\u00e1neos, como el vaso de Duralex, el tel\u00e9fono o la m\u00e1quina de coser (con la que la madre de la artista sac\u00f3 adelante a la familia) que evocan un tiempo y un pa\u00eds. Quintanilla es una pintora de la realidad vivida y una gran parte de su obra trata de los espacios que habit\u00f3: el dormitorio, la cocina, el ba\u00f1o, el rinc\u00f3n de la costura y el estudio de la artista. Aunque casi siempre vac\u00edos de figuras, en esos interiores late la presencia de los personajes de su vida, su marido y su hijo. Todo respira intimidad: las ventanas que reciben la luz de fuera y las puertas que nos llevan m\u00e1s adentro. Un interludio en el camino est\u00e1 dedicado a las compa\u00f1eras y amigas de Isabel Quintanilla; las tres pintoras que formaron parte del grupo de los realistas de Madrid: Esperanza Parada, Amalia Avia y Mar\u00eda Moreno. Luego salimos al paisaje y la ciudad, al horizonte campestre y a las vistas urbanas. Y el recorrido concluye con esos espacios intermedios, los patios y jardines, que son tan constantes y tan caracter\u00edsticos de la pintora madrile\u00f1a. Una de las aportaciones m\u00e1s valiosas del ensayo de la comisaria en el cat\u00e1logo es la inscripci\u00f3n de Quintanilla en la historia de la pintura europea. Desde los frescos pompeyanos a los patios de Pieter de Hooch y los interiores de Samuel van Hoogstraten, las misteriosas estancias de Vilhelm Hammersh\u00f8i o los paisajes de Aureliano de Beruete.<\/p>\n<p>Formato: Encuadernaci\u00f3n en tapa dura a la holandesa con tela en el lomo y l\u00e1minas de revestimiento, guardas y cabezadas.<br \/>\nTama\u00f1o: 22 x 30 cm<br \/>\nP\u00e1ginas: 200<br \/>\nFecha de Publicaci\u00f3n: 12 febrero 2024<br \/>\nEditorial: Thyssen<br \/>\nISBN: 978-8417173838<\/p>\n","protected":false},"excerpt":{"rendered":"<p>Exposici\u00f3n en el Museo Nacional Thyssen-Bornemisza del 27 de febrero al 2 de junio de 2024. Isabel Quintanilla no hab\u00eda recibido hasta ahora el reconocimiento que merece como una de las grandes figuras de la pintura espa\u00f1ola de la segunda mitad del siglo XX. Desde la d\u00e9cada de 1970, su obra se expuso con frecuencia [&hellip;]<\/p>\n","protected":false},"featured_media":13047,"comment_status":"closed","ping_status":"closed","template":"","meta":{"inline_featured_image":false},"product_cat":[49,82],"product_tag":[55],"class_list":{"0":"post-13287","1":"product","2":"type-product","3":"status-publish","4":"has-post-thumbnail","6":"product_cat-arte","7":"product_cat-libreria","8":"product_tag-bookstore-es","10":"first","11":"instock","12":"taxable","13":"shipping-taxable","14":"purchasable","15":"product-type-simple"},"yoast_head":"<!-- This site is optimized with the Yoast SEO plugin v23.6 - https:\/\/yoast.com\/wordpress\/plugins\/seo\/ -->\n<title>Isabel Quintanilla &#8212; Estudio Laterna<\/title>\n<meta name=\"description\" content=\"La comisaria y autora, Leticia de Cos, ha construido un itinerario art\u00edstico y a la vez vital a trav\u00e9s de los g\u00e9neros y temas pict\u00f3ricos de Quintanilla.\" \/>\n<meta name=\"robots\" content=\"index, follow, max-snippet:-1, max-image-preview:large, max-video-preview:-1\" \/>\n<link rel=\"canonical\" href=\"https:\/\/estudio-laterna.seiten.co\/es\/shop\/isabel-quintanilla\/\" \/>\n<meta property=\"og:locale\" content=\"es_ES\" \/>\n<meta property=\"og:type\" content=\"article\" \/>\n<meta property=\"og:title\" content=\"Isabel Quintanilla &#8212; Estudio Laterna\" \/>\n<meta property=\"og:description\" content=\"La comisaria y autora, Leticia de Cos, ha construido un itinerario art\u00edstico y a la vez vital a trav\u00e9s de los g\u00e9neros y temas pict\u00f3ricos de Quintanilla.\" \/>\n<meta property=\"og:url\" content=\"https:\/\/estudio-laterna.seiten.co\/es\/shop\/isabel-quintanilla\/\" \/>\n<meta property=\"og:site_name\" content=\"Estudio Laterna\" \/>\n<meta property=\"article:modified_time\" content=\"2024-10-02T10:03:49+00:00\" \/>\n<meta property=\"og:image\" content=\"https:\/\/estudio-laterna.seiten.co\/wp-content\/uploads\/2024\/08\/Isabel_Quintanilla_bookstore.jpg\" \/>\n\t<meta property=\"og:image:width\" content=\"1440\" \/>\n\t<meta property=\"og:image:height\" content=\"1440\" \/>\n\t<meta property=\"og:image:type\" content=\"image\/jpeg\" \/>\n<meta name=\"twitter:card\" content=\"summary_large_image\" \/>\n<meta name=\"twitter:label1\" content=\"Tiempo de lectura\" \/>\n\t<meta name=\"twitter:data1\" content=\"3 minutos\" \/>\n<script type=\"application\/ld+json\" class=\"yoast-schema-graph\">{\"@context\":\"https:\/\/schema.org\",\"@graph\":[{\"@type\":\"WebPage\",\"@id\":\"https:\/\/estudio-laterna.seiten.co\/es\/shop\/isabel-quintanilla\/\",\"url\":\"https:\/\/estudio-laterna.seiten.co\/es\/shop\/isabel-quintanilla\/\",\"name\":\"Isabel Quintanilla &#8212; Estudio Laterna\",\"isPartOf\":{\"@id\":\"https:\/\/estudio-laterna.seiten.co\/es\/#website\"},\"primaryImageOfPage\":{\"@id\":\"https:\/\/estudio-laterna.seiten.co\/es\/shop\/isabel-quintanilla\/#primaryimage\"},\"image\":{\"@id\":\"https:\/\/estudio-laterna.seiten.co\/es\/shop\/isabel-quintanilla\/#primaryimage\"},\"thumbnailUrl\":\"https:\/\/estudio-laterna.seiten.co\/wp-content\/uploads\/2024\/08\/Isabel_Quintanilla_bookstore.jpg\",\"datePublished\":\"2024-08-29T17:59:06+00:00\",\"dateModified\":\"2024-10-02T10:03:49+00:00\",\"description\":\"La comisaria y autora, Leticia de Cos, ha construido un itinerario art\u00edstico y a la vez vital a trav\u00e9s de los g\u00e9neros y temas pict\u00f3ricos de Quintanilla.\",\"breadcrumb\":{\"@id\":\"https:\/\/estudio-laterna.seiten.co\/es\/shop\/isabel-quintanilla\/#breadcrumb\"},\"inLanguage\":\"es\",\"potentialAction\":[{\"@type\":\"ReadAction\",\"target\":[\"https:\/\/estudio-laterna.seiten.co\/es\/shop\/isabel-quintanilla\/\"]}]},{\"@type\":\"ImageObject\",\"inLanguage\":\"es\",\"@id\":\"https:\/\/estudio-laterna.seiten.co\/es\/shop\/isabel-quintanilla\/#primaryimage\",\"url\":\"https:\/\/estudio-laterna.seiten.co\/wp-content\/uploads\/2024\/08\/Isabel_Quintanilla_bookstore.jpg\",\"contentUrl\":\"https:\/\/estudio-laterna.seiten.co\/wp-content\/uploads\/2024\/08\/Isabel_Quintanilla_bookstore.jpg\",\"width\":1440,\"height\":1440},{\"@type\":\"BreadcrumbList\",\"@id\":\"https:\/\/estudio-laterna.seiten.co\/es\/shop\/isabel-quintanilla\/#breadcrumb\",\"itemListElement\":[{\"@type\":\"ListItem\",\"position\":1,\"name\":\"Portada\",\"item\":\"https:\/\/estudio-laterna.seiten.co\/es\/\"},{\"@type\":\"ListItem\",\"position\":2,\"name\":\"Store\",\"item\":\"https:\/\/estudio-laterna.seiten.co\/es\/store\/\"},{\"@type\":\"ListItem\",\"position\":3,\"name\":\"Isabel Quintanilla\"}]},{\"@type\":\"WebSite\",\"@id\":\"https:\/\/estudio-laterna.seiten.co\/es\/#website\",\"url\":\"https:\/\/estudio-laterna.seiten.co\/es\/\",\"name\":\"Estudio Laterna\",\"description\":\"Landscape architecture and gardens design\",\"publisher\":{\"@id\":\"https:\/\/estudio-laterna.seiten.co\/es\/#organization\"},\"alternateName\":\"Estudio Laterna\",\"potentialAction\":[{\"@type\":\"SearchAction\",\"target\":{\"@type\":\"EntryPoint\",\"urlTemplate\":\"https:\/\/estudio-laterna.seiten.co\/es\/?s={search_term_string}\"},\"query-input\":{\"@type\":\"PropertyValueSpecification\",\"valueRequired\":true,\"valueName\":\"search_term_string\"}}],\"inLanguage\":\"es\"},{\"@type\":\"Organization\",\"@id\":\"https:\/\/estudio-laterna.seiten.co\/es\/#organization\",\"name\":\"Estudio Laterna\",\"url\":\"https:\/\/estudio-laterna.seiten.co\/es\/\",\"logo\":{\"@type\":\"ImageObject\",\"inLanguage\":\"es\",\"@id\":\"https:\/\/estudio-laterna.seiten.co\/es\/#\/schema\/logo\/image\/\",\"url\":\"https:\/\/estudio-laterna.seiten.co\/wp-content\/uploads\/2023\/03\/estudio-laterna-3.png\",\"contentUrl\":\"https:\/\/estudio-laterna.seiten.co\/wp-content\/uploads\/2023\/03\/estudio-laterna-3.png\",\"width\":500,\"height\":166,\"caption\":\"Estudio Laterna\"},\"image\":{\"@id\":\"https:\/\/estudio-laterna.seiten.co\/es\/#\/schema\/logo\/image\/\"}}]}<\/script>\n<!-- \/ Yoast SEO plugin. -->","yoast_head_json":{"title":"Isabel Quintanilla &#8212; Estudio Laterna","description":"La comisaria y autora, Leticia de Cos, ha construido un itinerario art\u00edstico y a la vez vital a trav\u00e9s de los g\u00e9neros y temas pict\u00f3ricos de Quintanilla.","robots":{"index":"index","follow":"follow","max-snippet":"max-snippet:-1","max-image-preview":"max-image-preview:large","max-video-preview":"max-video-preview:-1"},"canonical":"https:\/\/estudio-laterna.seiten.co\/es\/shop\/isabel-quintanilla\/","og_locale":"es_ES","og_type":"article","og_title":"Isabel Quintanilla &#8212; Estudio Laterna","og_description":"La comisaria y autora, Leticia de Cos, ha construido un itinerario art\u00edstico y a la vez vital a trav\u00e9s de los g\u00e9neros y temas pict\u00f3ricos de Quintanilla.","og_url":"https:\/\/estudio-laterna.seiten.co\/es\/shop\/isabel-quintanilla\/","og_site_name":"Estudio Laterna","article_modified_time":"2024-10-02T10:03:49+00:00","og_image":[{"width":1440,"height":1440,"url":"https:\/\/estudio-laterna.seiten.co\/wp-content\/uploads\/2024\/08\/Isabel_Quintanilla_bookstore.jpg","type":"image\/jpeg"}],"twitter_card":"summary_large_image","twitter_misc":{"Tiempo de lectura":"3 minutos"},"schema":{"@context":"https:\/\/schema.org","@graph":[{"@type":"WebPage","@id":"https:\/\/estudio-laterna.seiten.co\/es\/shop\/isabel-quintanilla\/","url":"https:\/\/estudio-laterna.seiten.co\/es\/shop\/isabel-quintanilla\/","name":"Isabel Quintanilla &#8212; Estudio Laterna","isPartOf":{"@id":"https:\/\/estudio-laterna.seiten.co\/es\/#website"},"primaryImageOfPage":{"@id":"https:\/\/estudio-laterna.seiten.co\/es\/shop\/isabel-quintanilla\/#primaryimage"},"image":{"@id":"https:\/\/estudio-laterna.seiten.co\/es\/shop\/isabel-quintanilla\/#primaryimage"},"thumbnailUrl":"https:\/\/estudio-laterna.seiten.co\/wp-content\/uploads\/2024\/08\/Isabel_Quintanilla_bookstore.jpg","datePublished":"2024-08-29T17:59:06+00:00","dateModified":"2024-10-02T10:03:49+00:00","description":"La comisaria y autora, Leticia de Cos, ha construido un itinerario art\u00edstico y a la vez vital a trav\u00e9s de los g\u00e9neros y temas pict\u00f3ricos de Quintanilla.","breadcrumb":{"@id":"https:\/\/estudio-laterna.seiten.co\/es\/shop\/isabel-quintanilla\/#breadcrumb"},"inLanguage":"es","potentialAction":[{"@type":"ReadAction","target":["https:\/\/estudio-laterna.seiten.co\/es\/shop\/isabel-quintanilla\/"]}]},{"@type":"ImageObject","inLanguage":"es","@id":"https:\/\/estudio-laterna.seiten.co\/es\/shop\/isabel-quintanilla\/#primaryimage","url":"https:\/\/estudio-laterna.seiten.co\/wp-content\/uploads\/2024\/08\/Isabel_Quintanilla_bookstore.jpg","contentUrl":"https:\/\/estudio-laterna.seiten.co\/wp-content\/uploads\/2024\/08\/Isabel_Quintanilla_bookstore.jpg","width":1440,"height":1440},{"@type":"BreadcrumbList","@id":"https:\/\/estudio-laterna.seiten.co\/es\/shop\/isabel-quintanilla\/#breadcrumb","itemListElement":[{"@type":"ListItem","position":1,"name":"Portada","item":"https:\/\/estudio-laterna.seiten.co\/es\/"},{"@type":"ListItem","position":2,"name":"Store","item":"https:\/\/estudio-laterna.seiten.co\/es\/store\/"},{"@type":"ListItem","position":3,"name":"Isabel Quintanilla"}]},{"@type":"WebSite","@id":"https:\/\/estudio-laterna.seiten.co\/es\/#website","url":"https:\/\/estudio-laterna.seiten.co\/es\/","name":"Estudio Laterna","description":"Landscape architecture and gardens design","publisher":{"@id":"https:\/\/estudio-laterna.seiten.co\/es\/#organization"},"alternateName":"Estudio Laterna","potentialAction":[{"@type":"SearchAction","target":{"@type":"EntryPoint","urlTemplate":"https:\/\/estudio-laterna.seiten.co\/es\/?s={search_term_string}"},"query-input":{"@type":"PropertyValueSpecification","valueRequired":true,"valueName":"search_term_string"}}],"inLanguage":"es"},{"@type":"Organization","@id":"https:\/\/estudio-laterna.seiten.co\/es\/#organization","name":"Estudio Laterna","url":"https:\/\/estudio-laterna.seiten.co\/es\/","logo":{"@type":"ImageObject","inLanguage":"es","@id":"https:\/\/estudio-laterna.seiten.co\/es\/#\/schema\/logo\/image\/","url":"https:\/\/estudio-laterna.seiten.co\/wp-content\/uploads\/2023\/03\/estudio-laterna-3.png","contentUrl":"https:\/\/estudio-laterna.seiten.co\/wp-content\/uploads\/2023\/03\/estudio-laterna-3.png","width":500,"height":166,"caption":"Estudio Laterna"},"image":{"@id":"https:\/\/estudio-laterna.seiten.co\/es\/#\/schema\/logo\/image\/"}}]}},"_links":{"self":[{"href":"https:\/\/estudio-laterna.seiten.co\/es\/wp-json\/wp\/v2\/product\/13287","targetHints":{"allow":["GET"]}}],"collection":[{"href":"https:\/\/estudio-laterna.seiten.co\/es\/wp-json\/wp\/v2\/product"}],"about":[{"href":"https:\/\/estudio-laterna.seiten.co\/es\/wp-json\/wp\/v2\/types\/product"}],"replies":[{"embeddable":true,"href":"https:\/\/estudio-laterna.seiten.co\/es\/wp-json\/wp\/v2\/comments?post=13287"}],"version-history":[{"count":3,"href":"https:\/\/estudio-laterna.seiten.co\/es\/wp-json\/wp\/v2\/product\/13287\/revisions"}],"predecessor-version":[{"id":16163,"href":"https:\/\/estudio-laterna.seiten.co\/es\/wp-json\/wp\/v2\/product\/13287\/revisions\/16163"}],"wp:featuredmedia":[{"embeddable":true,"href":"https:\/\/estudio-laterna.seiten.co\/es\/wp-json\/wp\/v2\/media\/13047"}],"wp:attachment":[{"href":"https:\/\/estudio-laterna.seiten.co\/es\/wp-json\/wp\/v2\/media?parent=13287"}],"wp:term":[{"taxonomy":"product_cat","embeddable":true,"href":"https:\/\/estudio-laterna.seiten.co\/es\/wp-json\/wp\/v2\/product_cat?post=13287"},{"taxonomy":"product_tag","embeddable":true,"href":"https:\/\/estudio-laterna.seiten.co\/es\/wp-json\/wp\/v2\/product_tag?post=13287"}],"curies":[{"name":"wp","href":"https:\/\/api.w.org\/{rel}","templated":true}]}}