{"id":13291,"date":"2024-08-29T20:06:19","date_gmt":"2024-08-29T18:06:19","guid":{"rendered":"https:\/\/www.estudio-laterna.com\/?post_type=product&#038;p=13291"},"modified":"2024-10-02T11:57:50","modified_gmt":"2024-10-02T09:57:50","slug":"lucien-freud-nuevas_perspectivas","status":"publish","type":"product","link":"https:\/\/estudio-laterna.seiten.co\/es\/shop\/lucien-freud-nuevas_perspectivas\/","title":{"rendered":"Lucien Freud Nuevas Perspectivas"},"content":{"rendered":"<p>Exposici\u00f3n en el Museo Nacional Thyssen-Bornemisza del 14 de febrero al 18 de junio de 2023. Con motivo del centenario del nacimiento de Lucian Freud, este libro busca ampliar nuestra comprensi\u00f3n del artista y su m\u00e9todo de trabajo a trav\u00e9s de una variedad de ensayos originales y entrevistas con pintores contempor\u00e1neos. Con obras de arte que abarcan la totalidad de los 70 a\u00f1os de carrera de Freud, Nuevas perspectivas ofrece nuevos enfoques sobre uno de los artistas m\u00e1s renombrados del siglo XX.<\/p>\n<p>Formato: Tapa dura<br \/>\nPeso : 654 grs<br \/>\nDimensiones : 24&#215;16.5&#215;2 cm<br \/>\nP\u00e1ginas: 144<br \/>\nIdioma : Espa\u00f1ol<br \/>\nEditorial: Parip\u00e9 Books; 1st edition (November 14, 2018)<br \/>\nISBN-13 : 978-8494723896<\/p>\n","protected":false},"excerpt":{"rendered":"<p>Exposici\u00f3n en el Museo Nacional Thyssen-Bornemisza del 14 de febrero al 18 de junio de 2023. Con motivo del centenario del nacimiento de Lucian Freud, este libro busca ampliar nuestra comprensi\u00f3n del artista y su m\u00e9todo de trabajo a trav\u00e9s de una variedad de ensayos originales y entrevistas con pintores contempor\u00e1neos. Con obras de arte [&hellip;]<\/p>\n","protected":false},"featured_media":13033,"comment_status":"closed","ping_status":"closed","template":"","meta":{"inline_featured_image":false},"product_cat":[49,82],"product_tag":[55],"class_list":{"0":"post-13291","1":"product","2":"type-product","3":"status-publish","4":"has-post-thumbnail","6":"product_cat-arte","7":"product_cat-libreria","8":"product_tag-bookstore-es","10":"first","11":"instock","12":"taxable","13":"shipping-taxable","14":"purchasable","15":"product-type-simple"},"yoast_head":"<!-- This site is optimized with the Yoast SEO plugin v23.6 - https:\/\/yoast.com\/wordpress\/plugins\/seo\/ -->\n<title>Lucien Freud Nuevas Perspectivas &#8212; Estudio Laterna<\/title>\n<meta name=\"description\" content=\"Exposici\u00f3n en el Museo Nacional Thyssen-Bornemisza del 14 de febrero al 18 de junio de 2023. Con motivo del centenario del nacimiento de Lucian Freud\" \/>\n<meta name=\"robots\" content=\"index, follow, max-snippet:-1, max-image-preview:large, max-video-preview:-1\" \/>\n<link rel=\"canonical\" href=\"https:\/\/estudio-laterna.seiten.co\/es\/shop\/lucien-freud-nuevas_perspectivas\/\" \/>\n<meta property=\"og:locale\" content=\"es_ES\" \/>\n<meta property=\"og:type\" content=\"article\" \/>\n<meta property=\"og:title\" content=\"Lucien Freud Nuevas Perspectivas &#8212; Estudio Laterna\" \/>\n<meta property=\"og:description\" content=\"Exposici\u00f3n en el Museo Nacional Thyssen-Bornemisza del 14 de febrero al 18 de junio de 2023. Con motivo del centenario del nacimiento de Lucian Freud\" \/>\n<meta property=\"og:url\" content=\"https:\/\/estudio-laterna.seiten.co\/es\/shop\/lucien-freud-nuevas_perspectivas\/\" \/>\n<meta property=\"og:site_name\" content=\"Estudio Laterna\" \/>\n<meta property=\"article:modified_time\" content=\"2024-10-02T09:57:50+00:00\" \/>\n<meta property=\"og:image\" content=\"https:\/\/estudio-laterna.seiten.co\/wp-content\/uploads\/2024\/08\/Freud_Nuevas_perspectivas_bookstore.jpg\" \/>\n\t<meta property=\"og:image:width\" content=\"1440\" \/>\n\t<meta property=\"og:image:height\" content=\"1440\" \/>\n\t<meta property=\"og:image:type\" content=\"image\/jpeg\" \/>\n<meta name=\"twitter:card\" content=\"summary_large_image\" \/>\n<meta name=\"twitter:label1\" content=\"Tiempo de lectura\" \/>\n\t<meta name=\"twitter:data1\" content=\"1 minuto\" \/>\n<script type=\"application\/ld+json\" class=\"yoast-schema-graph\">{\"@context\":\"https:\/\/schema.org\",\"@graph\":[{\"@type\":\"WebPage\",\"@id\":\"https:\/\/estudio-laterna.seiten.co\/es\/shop\/lucien-freud-nuevas_perspectivas\/\",\"url\":\"https:\/\/estudio-laterna.seiten.co\/es\/shop\/lucien-freud-nuevas_perspectivas\/\",\"name\":\"Lucien Freud Nuevas Perspectivas &#8212; Estudio Laterna\",\"isPartOf\":{\"@id\":\"https:\/\/estudio-laterna.seiten.co\/es\/#website\"},\"primaryImageOfPage\":{\"@id\":\"https:\/\/estudio-laterna.seiten.co\/es\/shop\/lucien-freud-nuevas_perspectivas\/#primaryimage\"},\"image\":{\"@id\":\"https:\/\/estudio-laterna.seiten.co\/es\/shop\/lucien-freud-nuevas_perspectivas\/#primaryimage\"},\"thumbnailUrl\":\"https:\/\/estudio-laterna.seiten.co\/wp-content\/uploads\/2024\/08\/Freud_Nuevas_perspectivas_bookstore.jpg\",\"datePublished\":\"2024-08-29T18:06:19+00:00\",\"dateModified\":\"2024-10-02T09:57:50+00:00\",\"description\":\"Exposici\u00f3n en el Museo Nacional Thyssen-Bornemisza del 14 de febrero al 18 de junio de 2023. Con motivo del centenario del nacimiento de Lucian Freud\",\"breadcrumb\":{\"@id\":\"https:\/\/estudio-laterna.seiten.co\/es\/shop\/lucien-freud-nuevas_perspectivas\/#breadcrumb\"},\"inLanguage\":\"es\",\"potentialAction\":[{\"@type\":\"ReadAction\",\"target\":[\"https:\/\/estudio-laterna.seiten.co\/es\/shop\/lucien-freud-nuevas_perspectivas\/\"]}]},{\"@type\":\"ImageObject\",\"inLanguage\":\"es\",\"@id\":\"https:\/\/estudio-laterna.seiten.co\/es\/shop\/lucien-freud-nuevas_perspectivas\/#primaryimage\",\"url\":\"https:\/\/estudio-laterna.seiten.co\/wp-content\/uploads\/2024\/08\/Freud_Nuevas_perspectivas_bookstore.jpg\",\"contentUrl\":\"https:\/\/estudio-laterna.seiten.co\/wp-content\/uploads\/2024\/08\/Freud_Nuevas_perspectivas_bookstore.jpg\",\"width\":1440,\"height\":1440},{\"@type\":\"BreadcrumbList\",\"@id\":\"https:\/\/estudio-laterna.seiten.co\/es\/shop\/lucien-freud-nuevas_perspectivas\/#breadcrumb\",\"itemListElement\":[{\"@type\":\"ListItem\",\"position\":1,\"name\":\"Portada\",\"item\":\"https:\/\/estudio-laterna.seiten.co\/es\/\"},{\"@type\":\"ListItem\",\"position\":2,\"name\":\"Store\",\"item\":\"https:\/\/estudio-laterna.seiten.co\/es\/store\/\"},{\"@type\":\"ListItem\",\"position\":3,\"name\":\"Lucien Freud Nuevas Perspectivas\"}]},{\"@type\":\"WebSite\",\"@id\":\"https:\/\/estudio-laterna.seiten.co\/es\/#website\",\"url\":\"https:\/\/estudio-laterna.seiten.co\/es\/\",\"name\":\"Estudio Laterna\",\"description\":\"Landscape architecture and gardens design\",\"publisher\":{\"@id\":\"https:\/\/estudio-laterna.seiten.co\/es\/#organization\"},\"alternateName\":\"Estudio Laterna\",\"potentialAction\":[{\"@type\":\"SearchAction\",\"target\":{\"@type\":\"EntryPoint\",\"urlTemplate\":\"https:\/\/estudio-laterna.seiten.co\/es\/?s={search_term_string}\"},\"query-input\":{\"@type\":\"PropertyValueSpecification\",\"valueRequired\":true,\"valueName\":\"search_term_string\"}}],\"inLanguage\":\"es\"},{\"@type\":\"Organization\",\"@id\":\"https:\/\/estudio-laterna.seiten.co\/es\/#organization\",\"name\":\"Estudio Laterna\",\"url\":\"https:\/\/estudio-laterna.seiten.co\/es\/\",\"logo\":{\"@type\":\"ImageObject\",\"inLanguage\":\"es\",\"@id\":\"https:\/\/estudio-laterna.seiten.co\/es\/#\/schema\/logo\/image\/\",\"url\":\"https:\/\/estudio-laterna.seiten.co\/wp-content\/uploads\/2023\/03\/estudio-laterna-3.png\",\"contentUrl\":\"https:\/\/estudio-laterna.seiten.co\/wp-content\/uploads\/2023\/03\/estudio-laterna-3.png\",\"width\":500,\"height\":166,\"caption\":\"Estudio Laterna\"},\"image\":{\"@id\":\"https:\/\/estudio-laterna.seiten.co\/es\/#\/schema\/logo\/image\/\"}}]}<\/script>\n<!-- \/ Yoast SEO plugin. -->","yoast_head_json":{"title":"Lucien Freud Nuevas Perspectivas &#8212; Estudio Laterna","description":"Exposici\u00f3n en el Museo Nacional Thyssen-Bornemisza del 14 de febrero al 18 de junio de 2023. Con motivo del centenario del nacimiento de Lucian Freud","robots":{"index":"index","follow":"follow","max-snippet":"max-snippet:-1","max-image-preview":"max-image-preview:large","max-video-preview":"max-video-preview:-1"},"canonical":"https:\/\/estudio-laterna.seiten.co\/es\/shop\/lucien-freud-nuevas_perspectivas\/","og_locale":"es_ES","og_type":"article","og_title":"Lucien Freud Nuevas Perspectivas &#8212; Estudio Laterna","og_description":"Exposici\u00f3n en el Museo Nacional Thyssen-Bornemisza del 14 de febrero al 18 de junio de 2023. Con motivo del centenario del nacimiento de Lucian Freud","og_url":"https:\/\/estudio-laterna.seiten.co\/es\/shop\/lucien-freud-nuevas_perspectivas\/","og_site_name":"Estudio Laterna","article_modified_time":"2024-10-02T09:57:50+00:00","og_image":[{"width":1440,"height":1440,"url":"https:\/\/estudio-laterna.seiten.co\/wp-content\/uploads\/2024\/08\/Freud_Nuevas_perspectivas_bookstore.jpg","type":"image\/jpeg"}],"twitter_card":"summary_large_image","twitter_misc":{"Tiempo de lectura":"1 minuto"},"schema":{"@context":"https:\/\/schema.org","@graph":[{"@type":"WebPage","@id":"https:\/\/estudio-laterna.seiten.co\/es\/shop\/lucien-freud-nuevas_perspectivas\/","url":"https:\/\/estudio-laterna.seiten.co\/es\/shop\/lucien-freud-nuevas_perspectivas\/","name":"Lucien Freud Nuevas Perspectivas &#8212; Estudio Laterna","isPartOf":{"@id":"https:\/\/estudio-laterna.seiten.co\/es\/#website"},"primaryImageOfPage":{"@id":"https:\/\/estudio-laterna.seiten.co\/es\/shop\/lucien-freud-nuevas_perspectivas\/#primaryimage"},"image":{"@id":"https:\/\/estudio-laterna.seiten.co\/es\/shop\/lucien-freud-nuevas_perspectivas\/#primaryimage"},"thumbnailUrl":"https:\/\/estudio-laterna.seiten.co\/wp-content\/uploads\/2024\/08\/Freud_Nuevas_perspectivas_bookstore.jpg","datePublished":"2024-08-29T18:06:19+00:00","dateModified":"2024-10-02T09:57:50+00:00","description":"Exposici\u00f3n en el Museo Nacional Thyssen-Bornemisza del 14 de febrero al 18 de junio de 2023. Con motivo del centenario del nacimiento de Lucian Freud","breadcrumb":{"@id":"https:\/\/estudio-laterna.seiten.co\/es\/shop\/lucien-freud-nuevas_perspectivas\/#breadcrumb"},"inLanguage":"es","potentialAction":[{"@type":"ReadAction","target":["https:\/\/estudio-laterna.seiten.co\/es\/shop\/lucien-freud-nuevas_perspectivas\/"]}]},{"@type":"ImageObject","inLanguage":"es","@id":"https:\/\/estudio-laterna.seiten.co\/es\/shop\/lucien-freud-nuevas_perspectivas\/#primaryimage","url":"https:\/\/estudio-laterna.seiten.co\/wp-content\/uploads\/2024\/08\/Freud_Nuevas_perspectivas_bookstore.jpg","contentUrl":"https:\/\/estudio-laterna.seiten.co\/wp-content\/uploads\/2024\/08\/Freud_Nuevas_perspectivas_bookstore.jpg","width":1440,"height":1440},{"@type":"BreadcrumbList","@id":"https:\/\/estudio-laterna.seiten.co\/es\/shop\/lucien-freud-nuevas_perspectivas\/#breadcrumb","itemListElement":[{"@type":"ListItem","position":1,"name":"Portada","item":"https:\/\/estudio-laterna.seiten.co\/es\/"},{"@type":"ListItem","position":2,"name":"Store","item":"https:\/\/estudio-laterna.seiten.co\/es\/store\/"},{"@type":"ListItem","position":3,"name":"Lucien Freud Nuevas Perspectivas"}]},{"@type":"WebSite","@id":"https:\/\/estudio-laterna.seiten.co\/es\/#website","url":"https:\/\/estudio-laterna.seiten.co\/es\/","name":"Estudio Laterna","description":"Landscape architecture and gardens design","publisher":{"@id":"https:\/\/estudio-laterna.seiten.co\/es\/#organization"},"alternateName":"Estudio Laterna","potentialAction":[{"@type":"SearchAction","target":{"@type":"EntryPoint","urlTemplate":"https:\/\/estudio-laterna.seiten.co\/es\/?s={search_term_string}"},"query-input":{"@type":"PropertyValueSpecification","valueRequired":true,"valueName":"search_term_string"}}],"inLanguage":"es"},{"@type":"Organization","@id":"https:\/\/estudio-laterna.seiten.co\/es\/#organization","name":"Estudio Laterna","url":"https:\/\/estudio-laterna.seiten.co\/es\/","logo":{"@type":"ImageObject","inLanguage":"es","@id":"https:\/\/estudio-laterna.seiten.co\/es\/#\/schema\/logo\/image\/","url":"https:\/\/estudio-laterna.seiten.co\/wp-content\/uploads\/2023\/03\/estudio-laterna-3.png","contentUrl":"https:\/\/estudio-laterna.seiten.co\/wp-content\/uploads\/2023\/03\/estudio-laterna-3.png","width":500,"height":166,"caption":"Estudio Laterna"},"image":{"@id":"https:\/\/estudio-laterna.seiten.co\/es\/#\/schema\/logo\/image\/"}}]}},"_links":{"self":[{"href":"https:\/\/estudio-laterna.seiten.co\/es\/wp-json\/wp\/v2\/product\/13291","targetHints":{"allow":["GET"]}}],"collection":[{"href":"https:\/\/estudio-laterna.seiten.co\/es\/wp-json\/wp\/v2\/product"}],"about":[{"href":"https:\/\/estudio-laterna.seiten.co\/es\/wp-json\/wp\/v2\/types\/product"}],"replies":[{"embeddable":true,"href":"https:\/\/estudio-laterna.seiten.co\/es\/wp-json\/wp\/v2\/comments?post=13291"}],"version-history":[{"count":3,"href":"https:\/\/estudio-laterna.seiten.co\/es\/wp-json\/wp\/v2\/product\/13291\/revisions"}],"predecessor-version":[{"id":16158,"href":"https:\/\/estudio-laterna.seiten.co\/es\/wp-json\/wp\/v2\/product\/13291\/revisions\/16158"}],"wp:featuredmedia":[{"embeddable":true,"href":"https:\/\/estudio-laterna.seiten.co\/es\/wp-json\/wp\/v2\/media\/13033"}],"wp:attachment":[{"href":"https:\/\/estudio-laterna.seiten.co\/es\/wp-json\/wp\/v2\/media?parent=13291"}],"wp:term":[{"taxonomy":"product_cat","embeddable":true,"href":"https:\/\/estudio-laterna.seiten.co\/es\/wp-json\/wp\/v2\/product_cat?post=13291"},{"taxonomy":"product_tag","embeddable":true,"href":"https:\/\/estudio-laterna.seiten.co\/es\/wp-json\/wp\/v2\/product_tag?post=13291"}],"curies":[{"name":"wp","href":"https:\/\/api.w.org\/{rel}","templated":true}]}}