{"id":13296,"date":"2024-08-29T20:11:15","date_gmt":"2024-08-29T18:11:15","guid":{"rendered":"https:\/\/www.estudio-laterna.com\/?post_type=product&#038;p=13296"},"modified":"2024-10-02T11:44:31","modified_gmt":"2024-10-02T09:44:31","slug":"the-hidden-beauty-of-seeds","status":"publish","type":"product","link":"https:\/\/estudio-laterna.seiten.co\/es\/shop\/the-hidden-beauty-of-seeds\/","title":{"rendered":"The Hidden Beauty of Seeds &#038; Fruits"},"content":{"rendered":"<p>La belleza oculta de las semillas y las frutas es un estudio fotogr\u00e1fico que celebra las maravillas de la naturaleza y la ciencia con una ampliaci\u00f3n alucinante. La impactante fotograf\u00eda de Levon Biss captura los impresionantes y hermosos detalles del mundo de la carpolog\u00eda, el estudio de semillas y frutos. Cada imagen revela caracter\u00edsticas y texturas diminutas que normalmente son invisibles a simple vista, brindando al p\u00fablico una idea de adaptaciones extra\u00f1as y a menudo extra\u00f1as que han evolucionado a lo largo de miles de a\u00f1os.<\/p>\n<p>Precio: \u20ac40<br \/>\nFormato: Tapa Dura<br \/>\nTama\u0144o: 25.5 x 30 cm<br \/>\nP\u00e1ginas: 144<br \/>\nIlustraciones:<br \/>\nFecha de Publicaci\u00f3n: 25 mayo 2021<br \/>\nEditorial: Abrams Books<br \/>\nISBN: 978-3836595650<\/p>\n","protected":false},"excerpt":{"rendered":"<p>La belleza oculta de las semillas y las frutas es un estudio fotogr\u00e1fico que celebra las maravillas de la naturaleza y la ciencia con una ampliaci\u00f3n alucinante. La impactante fotograf\u00eda de Levon Biss captura los impresionantes y hermosos detalles del mundo de la carpolog\u00eda, el estudio de semillas y frutos. Cada imagen revela caracter\u00edsticas y [&hellip;]<\/p>\n","protected":false},"featured_media":13041,"comment_status":"closed","ping_status":"closed","template":"","meta":{"inline_featured_image":false},"product_cat":[50,82],"product_tag":[55],"class_list":{"0":"post-13296","1":"product","2":"type-product","3":"status-publish","4":"has-post-thumbnail","6":"product_cat-diseno","7":"product_cat-libreria","8":"product_tag-bookstore-es","10":"first","11":"instock","12":"taxable","13":"shipping-taxable","14":"purchasable","15":"product-type-simple"},"yoast_head":"<!-- This site is optimized with the Yoast SEO plugin v23.6 - https:\/\/yoast.com\/wordpress\/plugins\/seo\/ -->\n<title>The Hidden Beauty of Seeds &amp; Fruits &#8212; Estudio Laterna<\/title>\n<meta name=\"description\" content=\"Libro de fotograf\u00eda de Levon Biss, mostrando im\u00e1genes en macrofotograf\u00edas sobre semillas y frutos diminutos en la naturaleza\" \/>\n<meta name=\"robots\" content=\"index, follow, max-snippet:-1, max-image-preview:large, max-video-preview:-1\" \/>\n<link rel=\"canonical\" href=\"https:\/\/estudio-laterna.seiten.co\/es\/shop\/the-hidden-beauty-of-seeds\/\" \/>\n<meta property=\"og:locale\" content=\"es_ES\" \/>\n<meta property=\"og:type\" content=\"article\" \/>\n<meta property=\"og:title\" content=\"The Hidden Beauty of Seeds &amp; Fruits &#8212; Estudio Laterna\" \/>\n<meta property=\"og:description\" content=\"Libro de fotograf\u00eda de Levon Biss, mostrando im\u00e1genes en macrofotograf\u00edas sobre semillas y frutos diminutos en la naturaleza\" \/>\n<meta property=\"og:url\" content=\"https:\/\/estudio-laterna.seiten.co\/es\/shop\/the-hidden-beauty-of-seeds\/\" \/>\n<meta property=\"og:site_name\" content=\"Estudio Laterna\" \/>\n<meta property=\"article:modified_time\" content=\"2024-10-02T09:44:31+00:00\" \/>\n<meta property=\"og:image\" content=\"https:\/\/estudio-laterna.seiten.co\/wp-content\/uploads\/2024\/08\/Hidden_Beauty_Seed_Fruits_bookstore.jpg\" \/>\n\t<meta property=\"og:image:width\" content=\"1440\" \/>\n\t<meta property=\"og:image:height\" content=\"1440\" \/>\n\t<meta property=\"og:image:type\" content=\"image\/jpeg\" \/>\n<meta name=\"twitter:card\" content=\"summary_large_image\" \/>\n<meta name=\"twitter:label1\" content=\"Tiempo de lectura\" \/>\n\t<meta name=\"twitter:data1\" content=\"1 minuto\" \/>\n<script type=\"application\/ld+json\" class=\"yoast-schema-graph\">{\"@context\":\"https:\/\/schema.org\",\"@graph\":[{\"@type\":\"WebPage\",\"@id\":\"https:\/\/estudio-laterna.seiten.co\/es\/shop\/the-hidden-beauty-of-seeds\/\",\"url\":\"https:\/\/estudio-laterna.seiten.co\/es\/shop\/the-hidden-beauty-of-seeds\/\",\"name\":\"The Hidden Beauty of Seeds & Fruits &#8212; Estudio Laterna\",\"isPartOf\":{\"@id\":\"https:\/\/estudio-laterna.seiten.co\/es\/#website\"},\"primaryImageOfPage\":{\"@id\":\"https:\/\/estudio-laterna.seiten.co\/es\/shop\/the-hidden-beauty-of-seeds\/#primaryimage\"},\"image\":{\"@id\":\"https:\/\/estudio-laterna.seiten.co\/es\/shop\/the-hidden-beauty-of-seeds\/#primaryimage\"},\"thumbnailUrl\":\"https:\/\/estudio-laterna.seiten.co\/wp-content\/uploads\/2024\/08\/Hidden_Beauty_Seed_Fruits_bookstore.jpg\",\"datePublished\":\"2024-08-29T18:11:15+00:00\",\"dateModified\":\"2024-10-02T09:44:31+00:00\",\"description\":\"Libro de fotograf\u00eda de Levon Biss, mostrando im\u00e1genes en macrofotograf\u00edas sobre semillas y frutos diminutos en la naturaleza\",\"breadcrumb\":{\"@id\":\"https:\/\/estudio-laterna.seiten.co\/es\/shop\/the-hidden-beauty-of-seeds\/#breadcrumb\"},\"inLanguage\":\"es\",\"potentialAction\":[{\"@type\":\"ReadAction\",\"target\":[\"https:\/\/estudio-laterna.seiten.co\/es\/shop\/the-hidden-beauty-of-seeds\/\"]}]},{\"@type\":\"ImageObject\",\"inLanguage\":\"es\",\"@id\":\"https:\/\/estudio-laterna.seiten.co\/es\/shop\/the-hidden-beauty-of-seeds\/#primaryimage\",\"url\":\"https:\/\/estudio-laterna.seiten.co\/wp-content\/uploads\/2024\/08\/Hidden_Beauty_Seed_Fruits_bookstore.jpg\",\"contentUrl\":\"https:\/\/estudio-laterna.seiten.co\/wp-content\/uploads\/2024\/08\/Hidden_Beauty_Seed_Fruits_bookstore.jpg\",\"width\":1440,\"height\":1440},{\"@type\":\"BreadcrumbList\",\"@id\":\"https:\/\/estudio-laterna.seiten.co\/es\/shop\/the-hidden-beauty-of-seeds\/#breadcrumb\",\"itemListElement\":[{\"@type\":\"ListItem\",\"position\":1,\"name\":\"Portada\",\"item\":\"https:\/\/estudio-laterna.seiten.co\/es\/\"},{\"@type\":\"ListItem\",\"position\":2,\"name\":\"Store\",\"item\":\"https:\/\/estudio-laterna.seiten.co\/es\/store\/\"},{\"@type\":\"ListItem\",\"position\":3,\"name\":\"The Hidden Beauty of Seeds &#038; Fruits\"}]},{\"@type\":\"WebSite\",\"@id\":\"https:\/\/estudio-laterna.seiten.co\/es\/#website\",\"url\":\"https:\/\/estudio-laterna.seiten.co\/es\/\",\"name\":\"Estudio Laterna\",\"description\":\"Landscape architecture and gardens design\",\"publisher\":{\"@id\":\"https:\/\/estudio-laterna.seiten.co\/es\/#organization\"},\"alternateName\":\"Estudio Laterna\",\"potentialAction\":[{\"@type\":\"SearchAction\",\"target\":{\"@type\":\"EntryPoint\",\"urlTemplate\":\"https:\/\/estudio-laterna.seiten.co\/es\/?s={search_term_string}\"},\"query-input\":{\"@type\":\"PropertyValueSpecification\",\"valueRequired\":true,\"valueName\":\"search_term_string\"}}],\"inLanguage\":\"es\"},{\"@type\":\"Organization\",\"@id\":\"https:\/\/estudio-laterna.seiten.co\/es\/#organization\",\"name\":\"Estudio Laterna\",\"url\":\"https:\/\/estudio-laterna.seiten.co\/es\/\",\"logo\":{\"@type\":\"ImageObject\",\"inLanguage\":\"es\",\"@id\":\"https:\/\/estudio-laterna.seiten.co\/es\/#\/schema\/logo\/image\/\",\"url\":\"https:\/\/estudio-laterna.seiten.co\/wp-content\/uploads\/2023\/03\/estudio-laterna-3.png\",\"contentUrl\":\"https:\/\/estudio-laterna.seiten.co\/wp-content\/uploads\/2023\/03\/estudio-laterna-3.png\",\"width\":500,\"height\":166,\"caption\":\"Estudio Laterna\"},\"image\":{\"@id\":\"https:\/\/estudio-laterna.seiten.co\/es\/#\/schema\/logo\/image\/\"}}]}<\/script>\n<!-- \/ Yoast SEO plugin. -->","yoast_head_json":{"title":"The Hidden Beauty of Seeds & Fruits &#8212; Estudio Laterna","description":"Libro de fotograf\u00eda de Levon Biss, mostrando im\u00e1genes en macrofotograf\u00edas sobre semillas y frutos diminutos en la naturaleza","robots":{"index":"index","follow":"follow","max-snippet":"max-snippet:-1","max-image-preview":"max-image-preview:large","max-video-preview":"max-video-preview:-1"},"canonical":"https:\/\/estudio-laterna.seiten.co\/es\/shop\/the-hidden-beauty-of-seeds\/","og_locale":"es_ES","og_type":"article","og_title":"The Hidden Beauty of Seeds & Fruits &#8212; Estudio Laterna","og_description":"Libro de fotograf\u00eda de Levon Biss, mostrando im\u00e1genes en macrofotograf\u00edas sobre semillas y frutos diminutos en la naturaleza","og_url":"https:\/\/estudio-laterna.seiten.co\/es\/shop\/the-hidden-beauty-of-seeds\/","og_site_name":"Estudio Laterna","article_modified_time":"2024-10-02T09:44:31+00:00","og_image":[{"width":1440,"height":1440,"url":"https:\/\/estudio-laterna.seiten.co\/wp-content\/uploads\/2024\/08\/Hidden_Beauty_Seed_Fruits_bookstore.jpg","type":"image\/jpeg"}],"twitter_card":"summary_large_image","twitter_misc":{"Tiempo de lectura":"1 minuto"},"schema":{"@context":"https:\/\/schema.org","@graph":[{"@type":"WebPage","@id":"https:\/\/estudio-laterna.seiten.co\/es\/shop\/the-hidden-beauty-of-seeds\/","url":"https:\/\/estudio-laterna.seiten.co\/es\/shop\/the-hidden-beauty-of-seeds\/","name":"The Hidden Beauty of Seeds & Fruits &#8212; Estudio Laterna","isPartOf":{"@id":"https:\/\/estudio-laterna.seiten.co\/es\/#website"},"primaryImageOfPage":{"@id":"https:\/\/estudio-laterna.seiten.co\/es\/shop\/the-hidden-beauty-of-seeds\/#primaryimage"},"image":{"@id":"https:\/\/estudio-laterna.seiten.co\/es\/shop\/the-hidden-beauty-of-seeds\/#primaryimage"},"thumbnailUrl":"https:\/\/estudio-laterna.seiten.co\/wp-content\/uploads\/2024\/08\/Hidden_Beauty_Seed_Fruits_bookstore.jpg","datePublished":"2024-08-29T18:11:15+00:00","dateModified":"2024-10-02T09:44:31+00:00","description":"Libro de fotograf\u00eda de Levon Biss, mostrando im\u00e1genes en macrofotograf\u00edas sobre semillas y frutos diminutos en la naturaleza","breadcrumb":{"@id":"https:\/\/estudio-laterna.seiten.co\/es\/shop\/the-hidden-beauty-of-seeds\/#breadcrumb"},"inLanguage":"es","potentialAction":[{"@type":"ReadAction","target":["https:\/\/estudio-laterna.seiten.co\/es\/shop\/the-hidden-beauty-of-seeds\/"]}]},{"@type":"ImageObject","inLanguage":"es","@id":"https:\/\/estudio-laterna.seiten.co\/es\/shop\/the-hidden-beauty-of-seeds\/#primaryimage","url":"https:\/\/estudio-laterna.seiten.co\/wp-content\/uploads\/2024\/08\/Hidden_Beauty_Seed_Fruits_bookstore.jpg","contentUrl":"https:\/\/estudio-laterna.seiten.co\/wp-content\/uploads\/2024\/08\/Hidden_Beauty_Seed_Fruits_bookstore.jpg","width":1440,"height":1440},{"@type":"BreadcrumbList","@id":"https:\/\/estudio-laterna.seiten.co\/es\/shop\/the-hidden-beauty-of-seeds\/#breadcrumb","itemListElement":[{"@type":"ListItem","position":1,"name":"Portada","item":"https:\/\/estudio-laterna.seiten.co\/es\/"},{"@type":"ListItem","position":2,"name":"Store","item":"https:\/\/estudio-laterna.seiten.co\/es\/store\/"},{"@type":"ListItem","position":3,"name":"The Hidden Beauty of Seeds &#038; Fruits"}]},{"@type":"WebSite","@id":"https:\/\/estudio-laterna.seiten.co\/es\/#website","url":"https:\/\/estudio-laterna.seiten.co\/es\/","name":"Estudio Laterna","description":"Landscape architecture and gardens design","publisher":{"@id":"https:\/\/estudio-laterna.seiten.co\/es\/#organization"},"alternateName":"Estudio Laterna","potentialAction":[{"@type":"SearchAction","target":{"@type":"EntryPoint","urlTemplate":"https:\/\/estudio-laterna.seiten.co\/es\/?s={search_term_string}"},"query-input":{"@type":"PropertyValueSpecification","valueRequired":true,"valueName":"search_term_string"}}],"inLanguage":"es"},{"@type":"Organization","@id":"https:\/\/estudio-laterna.seiten.co\/es\/#organization","name":"Estudio Laterna","url":"https:\/\/estudio-laterna.seiten.co\/es\/","logo":{"@type":"ImageObject","inLanguage":"es","@id":"https:\/\/estudio-laterna.seiten.co\/es\/#\/schema\/logo\/image\/","url":"https:\/\/estudio-laterna.seiten.co\/wp-content\/uploads\/2023\/03\/estudio-laterna-3.png","contentUrl":"https:\/\/estudio-laterna.seiten.co\/wp-content\/uploads\/2023\/03\/estudio-laterna-3.png","width":500,"height":166,"caption":"Estudio Laterna"},"image":{"@id":"https:\/\/estudio-laterna.seiten.co\/es\/#\/schema\/logo\/image\/"}}]}},"_links":{"self":[{"href":"https:\/\/estudio-laterna.seiten.co\/es\/wp-json\/wp\/v2\/product\/13296","targetHints":{"allow":["GET"]}}],"collection":[{"href":"https:\/\/estudio-laterna.seiten.co\/es\/wp-json\/wp\/v2\/product"}],"about":[{"href":"https:\/\/estudio-laterna.seiten.co\/es\/wp-json\/wp\/v2\/types\/product"}],"replies":[{"embeddable":true,"href":"https:\/\/estudio-laterna.seiten.co\/es\/wp-json\/wp\/v2\/comments?post=13296"}],"version-history":[{"count":3,"href":"https:\/\/estudio-laterna.seiten.co\/es\/wp-json\/wp\/v2\/product\/13296\/revisions"}],"predecessor-version":[{"id":16150,"href":"https:\/\/estudio-laterna.seiten.co\/es\/wp-json\/wp\/v2\/product\/13296\/revisions\/16150"}],"wp:featuredmedia":[{"embeddable":true,"href":"https:\/\/estudio-laterna.seiten.co\/es\/wp-json\/wp\/v2\/media\/13041"}],"wp:attachment":[{"href":"https:\/\/estudio-laterna.seiten.co\/es\/wp-json\/wp\/v2\/media?parent=13296"}],"wp:term":[{"taxonomy":"product_cat","embeddable":true,"href":"https:\/\/estudio-laterna.seiten.co\/es\/wp-json\/wp\/v2\/product_cat?post=13296"},{"taxonomy":"product_tag","embeddable":true,"href":"https:\/\/estudio-laterna.seiten.co\/es\/wp-json\/wp\/v2\/product_tag?post=13296"}],"curies":[{"name":"wp","href":"https:\/\/api.w.org\/{rel}","templated":true}]}}