{"id":13300,"date":"2024-08-29T20:17:20","date_gmt":"2024-08-29T18:17:20","guid":{"rendered":"https:\/\/www.estudio-laterna.com\/?post_type=product&#038;p=13300"},"modified":"2024-10-02T11:38:31","modified_gmt":"2024-10-02T09:38:31","slug":"florilegium","status":"publish","type":"product","link":"https:\/\/estudio-laterna.seiten.co\/es\/shop\/florilegium\/","title":{"rendered":"Basilius Besler. Florilegium. The Book of Plants"},"content":{"rendered":"<p>Este libro constituye un fant\u00e1stico documento gr\u00e1fico de las flores cultivadas en el jard\u00edn alem\u00e1n m\u00e1s importante de su \u00e9poca, el Hortus Eystettensis, \u00fanico en su g\u00e9nero por la amplia gama de flores.<\/p>\n<p>Un total de 367 grabados en l\u00e1mina de cobre de Basilius Besler (1561-1629), que se publicaron por primera vez en 1613, ilustran la espectacular diversidad vegetal de los espacios verdes del palacio del pr\u00edncipe-obispo Johann Konrad von Gemmingen (1593\/1595-1612) en Eichst\u00e4tt, Baviera (Alemania). Las minuciosas ilustraciones se distribuyen en funci\u00f3n de la estaci\u00f3n del a\u00f1o y, siguiendo el sistema de clasificaci\u00f3n actual, muestran plantas que pertenecen a un total de 90 familias y 340 g\u00e9neros. En su conjunto, la colecci\u00f3n es considerada uno de los tesoros m\u00e1s refinados de la literatura bot\u00e1nica. El m\u00edtico Carlos Linneo, experto en la materia y zo\u00f3logo del siglo XVIII, la describi\u00f3 como una \u201cobra incomparable\u201d.<\/p>\n<p>El cat\u00e1logo gr\u00e1fico de Besler ha perdurado en el tiempo m\u00e1s all\u00e1 de los propios jardines, destruidos en 1634 por tropas invasoras suecas durante la Guerra de los Treinta A\u00f1os. El precio de salida en subasta de una primera edici\u00f3n del Hortus Eystettensis supera actualmente el medio mill\u00f3n de d\u00f3lares.<\/p>\n<p>Formato: Tapa dura<br \/>\nTama\u00f1o: 14 x 19.5cm<br \/>\nPeso: 0.84 kg<br \/>\nP\u00e1ginas: 544<br \/>\nIdioma: Ingl\u00e9s<br \/>\nEditorial: Taschen<br \/>\nISBN 978-3-8365-5787-0<\/p>\n","protected":false},"excerpt":{"rendered":"<p>Este libro constituye un fant\u00e1stico documento gr\u00e1fico de las flores cultivadas en el jard\u00edn alem\u00e1n m\u00e1s importante de su \u00e9poca, el Hortus Eystettensis, \u00fanico en su g\u00e9nero por la amplia gama de flores. Un total de 367 grabados en l\u00e1mina de cobre de Basilius Besler (1561-1629), que se publicaron por primera vez en 1613, ilustran [&hellip;]<\/p>\n","protected":false},"featured_media":13029,"comment_status":"closed","ping_status":"closed","template":"","meta":{"inline_featured_image":false},"product_cat":[49,82],"product_tag":[55],"class_list":{"0":"post-13300","1":"product","2":"type-product","3":"status-publish","4":"has-post-thumbnail","6":"product_cat-arte","7":"product_cat-libreria","8":"product_tag-bookstore-es","10":"first","11":"instock","12":"taxable","13":"shipping-taxable","14":"purchasable","15":"product-type-simple"},"yoast_head":"<!-- This site is optimized with the Yoast SEO plugin v23.6 - https:\/\/yoast.com\/wordpress\/plugins\/seo\/ -->\n<title>Basilius Besler. Florilegium. The Book of Plants &#8212; Estudio Laterna<\/title>\n<meta name=\"description\" content=\"Libro documento gr\u00e1fico de las flores cultivadas en el jard\u00edn alem\u00e1n, el Hortus Eystettensis, Un total de 367 grabados en l\u00e1mina de cobre de Basilius Besler\" \/>\n<meta name=\"robots\" content=\"index, follow, max-snippet:-1, max-image-preview:large, max-video-preview:-1\" \/>\n<link rel=\"canonical\" href=\"https:\/\/estudio-laterna.seiten.co\/es\/shop\/florilegium\/\" \/>\n<meta property=\"og:locale\" content=\"es_ES\" \/>\n<meta property=\"og:type\" content=\"article\" \/>\n<meta property=\"og:title\" content=\"Basilius Besler. Florilegium. The Book of Plants &#8212; Estudio Laterna\" \/>\n<meta property=\"og:description\" content=\"Libro documento gr\u00e1fico de las flores cultivadas en el jard\u00edn alem\u00e1n, el Hortus Eystettensis, Un total de 367 grabados en l\u00e1mina de cobre de Basilius Besler\" \/>\n<meta property=\"og:url\" content=\"https:\/\/estudio-laterna.seiten.co\/es\/shop\/florilegium\/\" \/>\n<meta property=\"og:site_name\" content=\"Estudio Laterna\" \/>\n<meta property=\"article:modified_time\" content=\"2024-10-02T09:38:31+00:00\" \/>\n<meta property=\"og:image\" content=\"https:\/\/estudio-laterna.seiten.co\/wp-content\/uploads\/2024\/08\/Florilegium_bookstore.jpg\" \/>\n\t<meta property=\"og:image:width\" content=\"1440\" \/>\n\t<meta property=\"og:image:height\" content=\"1440\" \/>\n\t<meta property=\"og:image:type\" content=\"image\/jpeg\" \/>\n<meta name=\"twitter:card\" content=\"summary_large_image\" \/>\n<meta name=\"twitter:label1\" content=\"Tiempo de lectura\" \/>\n\t<meta name=\"twitter:data1\" content=\"2 minutos\" \/>\n<script type=\"application\/ld+json\" class=\"yoast-schema-graph\">{\"@context\":\"https:\/\/schema.org\",\"@graph\":[{\"@type\":\"WebPage\",\"@id\":\"https:\/\/estudio-laterna.seiten.co\/es\/shop\/florilegium\/\",\"url\":\"https:\/\/estudio-laterna.seiten.co\/es\/shop\/florilegium\/\",\"name\":\"Basilius Besler. Florilegium. The Book of Plants &#8212; Estudio Laterna\",\"isPartOf\":{\"@id\":\"https:\/\/estudio-laterna.seiten.co\/es\/#website\"},\"primaryImageOfPage\":{\"@id\":\"https:\/\/estudio-laterna.seiten.co\/es\/shop\/florilegium\/#primaryimage\"},\"image\":{\"@id\":\"https:\/\/estudio-laterna.seiten.co\/es\/shop\/florilegium\/#primaryimage\"},\"thumbnailUrl\":\"https:\/\/estudio-laterna.seiten.co\/wp-content\/uploads\/2024\/08\/Florilegium_bookstore.jpg\",\"datePublished\":\"2024-08-29T18:17:20+00:00\",\"dateModified\":\"2024-10-02T09:38:31+00:00\",\"description\":\"Libro documento gr\u00e1fico de las flores cultivadas en el jard\u00edn alem\u00e1n, el Hortus Eystettensis, Un total de 367 grabados en l\u00e1mina de cobre de Basilius Besler\",\"breadcrumb\":{\"@id\":\"https:\/\/estudio-laterna.seiten.co\/es\/shop\/florilegium\/#breadcrumb\"},\"inLanguage\":\"es\",\"potentialAction\":[{\"@type\":\"ReadAction\",\"target\":[\"https:\/\/estudio-laterna.seiten.co\/es\/shop\/florilegium\/\"]}]},{\"@type\":\"ImageObject\",\"inLanguage\":\"es\",\"@id\":\"https:\/\/estudio-laterna.seiten.co\/es\/shop\/florilegium\/#primaryimage\",\"url\":\"https:\/\/estudio-laterna.seiten.co\/wp-content\/uploads\/2024\/08\/Florilegium_bookstore.jpg\",\"contentUrl\":\"https:\/\/estudio-laterna.seiten.co\/wp-content\/uploads\/2024\/08\/Florilegium_bookstore.jpg\",\"width\":1440,\"height\":1440},{\"@type\":\"BreadcrumbList\",\"@id\":\"https:\/\/estudio-laterna.seiten.co\/es\/shop\/florilegium\/#breadcrumb\",\"itemListElement\":[{\"@type\":\"ListItem\",\"position\":1,\"name\":\"Portada\",\"item\":\"https:\/\/estudio-laterna.seiten.co\/es\/\"},{\"@type\":\"ListItem\",\"position\":2,\"name\":\"Store\",\"item\":\"https:\/\/estudio-laterna.seiten.co\/es\/store\/\"},{\"@type\":\"ListItem\",\"position\":3,\"name\":\"Basilius Besler. Florilegium. The Book of Plants\"}]},{\"@type\":\"WebSite\",\"@id\":\"https:\/\/estudio-laterna.seiten.co\/es\/#website\",\"url\":\"https:\/\/estudio-laterna.seiten.co\/es\/\",\"name\":\"Estudio Laterna\",\"description\":\"Landscape architecture and gardens design\",\"publisher\":{\"@id\":\"https:\/\/estudio-laterna.seiten.co\/es\/#organization\"},\"alternateName\":\"Estudio Laterna\",\"potentialAction\":[{\"@type\":\"SearchAction\",\"target\":{\"@type\":\"EntryPoint\",\"urlTemplate\":\"https:\/\/estudio-laterna.seiten.co\/es\/?s={search_term_string}\"},\"query-input\":{\"@type\":\"PropertyValueSpecification\",\"valueRequired\":true,\"valueName\":\"search_term_string\"}}],\"inLanguage\":\"es\"},{\"@type\":\"Organization\",\"@id\":\"https:\/\/estudio-laterna.seiten.co\/es\/#organization\",\"name\":\"Estudio Laterna\",\"url\":\"https:\/\/estudio-laterna.seiten.co\/es\/\",\"logo\":{\"@type\":\"ImageObject\",\"inLanguage\":\"es\",\"@id\":\"https:\/\/estudio-laterna.seiten.co\/es\/#\/schema\/logo\/image\/\",\"url\":\"https:\/\/estudio-laterna.seiten.co\/wp-content\/uploads\/2023\/03\/estudio-laterna-3.png\",\"contentUrl\":\"https:\/\/estudio-laterna.seiten.co\/wp-content\/uploads\/2023\/03\/estudio-laterna-3.png\",\"width\":500,\"height\":166,\"caption\":\"Estudio Laterna\"},\"image\":{\"@id\":\"https:\/\/estudio-laterna.seiten.co\/es\/#\/schema\/logo\/image\/\"}}]}<\/script>\n<!-- \/ Yoast SEO plugin. -->","yoast_head_json":{"title":"Basilius Besler. Florilegium. The Book of Plants &#8212; Estudio Laterna","description":"Libro documento gr\u00e1fico de las flores cultivadas en el jard\u00edn alem\u00e1n, el Hortus Eystettensis, Un total de 367 grabados en l\u00e1mina de cobre de Basilius Besler","robots":{"index":"index","follow":"follow","max-snippet":"max-snippet:-1","max-image-preview":"max-image-preview:large","max-video-preview":"max-video-preview:-1"},"canonical":"https:\/\/estudio-laterna.seiten.co\/es\/shop\/florilegium\/","og_locale":"es_ES","og_type":"article","og_title":"Basilius Besler. Florilegium. The Book of Plants &#8212; Estudio Laterna","og_description":"Libro documento gr\u00e1fico de las flores cultivadas en el jard\u00edn alem\u00e1n, el Hortus Eystettensis, Un total de 367 grabados en l\u00e1mina de cobre de Basilius Besler","og_url":"https:\/\/estudio-laterna.seiten.co\/es\/shop\/florilegium\/","og_site_name":"Estudio Laterna","article_modified_time":"2024-10-02T09:38:31+00:00","og_image":[{"width":1440,"height":1440,"url":"https:\/\/estudio-laterna.seiten.co\/wp-content\/uploads\/2024\/08\/Florilegium_bookstore.jpg","type":"image\/jpeg"}],"twitter_card":"summary_large_image","twitter_misc":{"Tiempo de lectura":"2 minutos"},"schema":{"@context":"https:\/\/schema.org","@graph":[{"@type":"WebPage","@id":"https:\/\/estudio-laterna.seiten.co\/es\/shop\/florilegium\/","url":"https:\/\/estudio-laterna.seiten.co\/es\/shop\/florilegium\/","name":"Basilius Besler. Florilegium. The Book of Plants &#8212; Estudio Laterna","isPartOf":{"@id":"https:\/\/estudio-laterna.seiten.co\/es\/#website"},"primaryImageOfPage":{"@id":"https:\/\/estudio-laterna.seiten.co\/es\/shop\/florilegium\/#primaryimage"},"image":{"@id":"https:\/\/estudio-laterna.seiten.co\/es\/shop\/florilegium\/#primaryimage"},"thumbnailUrl":"https:\/\/estudio-laterna.seiten.co\/wp-content\/uploads\/2024\/08\/Florilegium_bookstore.jpg","datePublished":"2024-08-29T18:17:20+00:00","dateModified":"2024-10-02T09:38:31+00:00","description":"Libro documento gr\u00e1fico de las flores cultivadas en el jard\u00edn alem\u00e1n, el Hortus Eystettensis, Un total de 367 grabados en l\u00e1mina de cobre de Basilius Besler","breadcrumb":{"@id":"https:\/\/estudio-laterna.seiten.co\/es\/shop\/florilegium\/#breadcrumb"},"inLanguage":"es","potentialAction":[{"@type":"ReadAction","target":["https:\/\/estudio-laterna.seiten.co\/es\/shop\/florilegium\/"]}]},{"@type":"ImageObject","inLanguage":"es","@id":"https:\/\/estudio-laterna.seiten.co\/es\/shop\/florilegium\/#primaryimage","url":"https:\/\/estudio-laterna.seiten.co\/wp-content\/uploads\/2024\/08\/Florilegium_bookstore.jpg","contentUrl":"https:\/\/estudio-laterna.seiten.co\/wp-content\/uploads\/2024\/08\/Florilegium_bookstore.jpg","width":1440,"height":1440},{"@type":"BreadcrumbList","@id":"https:\/\/estudio-laterna.seiten.co\/es\/shop\/florilegium\/#breadcrumb","itemListElement":[{"@type":"ListItem","position":1,"name":"Portada","item":"https:\/\/estudio-laterna.seiten.co\/es\/"},{"@type":"ListItem","position":2,"name":"Store","item":"https:\/\/estudio-laterna.seiten.co\/es\/store\/"},{"@type":"ListItem","position":3,"name":"Basilius Besler. Florilegium. The Book of Plants"}]},{"@type":"WebSite","@id":"https:\/\/estudio-laterna.seiten.co\/es\/#website","url":"https:\/\/estudio-laterna.seiten.co\/es\/","name":"Estudio Laterna","description":"Landscape architecture and gardens design","publisher":{"@id":"https:\/\/estudio-laterna.seiten.co\/es\/#organization"},"alternateName":"Estudio Laterna","potentialAction":[{"@type":"SearchAction","target":{"@type":"EntryPoint","urlTemplate":"https:\/\/estudio-laterna.seiten.co\/es\/?s={search_term_string}"},"query-input":{"@type":"PropertyValueSpecification","valueRequired":true,"valueName":"search_term_string"}}],"inLanguage":"es"},{"@type":"Organization","@id":"https:\/\/estudio-laterna.seiten.co\/es\/#organization","name":"Estudio Laterna","url":"https:\/\/estudio-laterna.seiten.co\/es\/","logo":{"@type":"ImageObject","inLanguage":"es","@id":"https:\/\/estudio-laterna.seiten.co\/es\/#\/schema\/logo\/image\/","url":"https:\/\/estudio-laterna.seiten.co\/wp-content\/uploads\/2023\/03\/estudio-laterna-3.png","contentUrl":"https:\/\/estudio-laterna.seiten.co\/wp-content\/uploads\/2023\/03\/estudio-laterna-3.png","width":500,"height":166,"caption":"Estudio Laterna"},"image":{"@id":"https:\/\/estudio-laterna.seiten.co\/es\/#\/schema\/logo\/image\/"}}]}},"_links":{"self":[{"href":"https:\/\/estudio-laterna.seiten.co\/es\/wp-json\/wp\/v2\/product\/13300","targetHints":{"allow":["GET"]}}],"collection":[{"href":"https:\/\/estudio-laterna.seiten.co\/es\/wp-json\/wp\/v2\/product"}],"about":[{"href":"https:\/\/estudio-laterna.seiten.co\/es\/wp-json\/wp\/v2\/types\/product"}],"replies":[{"embeddable":true,"href":"https:\/\/estudio-laterna.seiten.co\/es\/wp-json\/wp\/v2\/comments?post=13300"}],"version-history":[{"count":2,"href":"https:\/\/estudio-laterna.seiten.co\/es\/wp-json\/wp\/v2\/product\/13300\/revisions"}],"predecessor-version":[{"id":16148,"href":"https:\/\/estudio-laterna.seiten.co\/es\/wp-json\/wp\/v2\/product\/13300\/revisions\/16148"}],"wp:featuredmedia":[{"embeddable":true,"href":"https:\/\/estudio-laterna.seiten.co\/es\/wp-json\/wp\/v2\/media\/13029"}],"wp:attachment":[{"href":"https:\/\/estudio-laterna.seiten.co\/es\/wp-json\/wp\/v2\/media?parent=13300"}],"wp:term":[{"taxonomy":"product_cat","embeddable":true,"href":"https:\/\/estudio-laterna.seiten.co\/es\/wp-json\/wp\/v2\/product_cat?post=13300"},{"taxonomy":"product_tag","embeddable":true,"href":"https:\/\/estudio-laterna.seiten.co\/es\/wp-json\/wp\/v2\/product_tag?post=13300"}],"curies":[{"name":"wp","href":"https:\/\/api.w.org\/{rel}","templated":true}]}}