{"id":13305,"date":"2024-08-29T20:22:07","date_gmt":"2024-08-29T18:22:07","guid":{"rendered":"https:\/\/www.estudio-laterna.com\/?post_type=product&#038;p=13305"},"modified":"2024-10-02T11:23:24","modified_gmt":"2024-10-02T09:23:24","slug":"como-combinar-colores","status":"publish","type":"product","link":"https:\/\/estudio-laterna.seiten.co\/es\/shop\/como-combinar-colores\/","title":{"rendered":"Como combinar colores"},"content":{"rendered":"<p>A trav\u00e9s de sencillas fichas, el dise\u00f1ador gr\u00e1fico y profesor de dise\u00f1o japon\u00e9s\u00a0Haruyoshi Nagumo\u00a0nos proporciona todo lo necesario para comprender cada color \u2014caracter\u00edsticas, historia, significados y usos\u2014, entender c\u00f3mo se comporta con otros\u00a0colores y aprender a crear esquemas crom\u00e1ticos que provoquen los efectos y sensaciones que buscamos en cada uno de nuestros proyectos.<br \/>\nUna valiosa gu\u00eda de color para escoger, usar y combinar colores b\u00e1sicos, acrom\u00e1ticos, dorados, plateados y fluorescentes.<\/p>\n<p>Formato: tapa blanda<br \/>\nTama\u00f1o: 13,3 x 22,8 cm<br \/>\nP\u00e1ginas: 192<br \/>\nIdioma: Espa\u00f1ol<br \/>\nFecha de publicaci\u00f3n: 2024<br \/>\nEditorial: GG<br \/>\nISBN\/EAN: 9788425234941<\/p>\n","protected":false},"excerpt":{"rendered":"<p>A trav\u00e9s de sencillas fichas, el dise\u00f1ador gr\u00e1fico y profesor de dise\u00f1o japon\u00e9s\u00a0Haruyoshi Nagumo\u00a0nos proporciona todo lo necesario para comprender cada color \u2014caracter\u00edsticas, historia, significados y usos\u2014, entender c\u00f3mo se comporta con otros\u00a0colores y aprender a crear esquemas crom\u00e1ticos que provoquen los efectos y sensaciones que buscamos en cada uno de nuestros proyectos. Una valiosa [&hellip;]<\/p>\n","protected":false},"featured_media":13017,"comment_status":"closed","ping_status":"closed","template":"","meta":{"inline_featured_image":false},"product_cat":[50,82],"product_tag":[55],"class_list":{"0":"post-13305","1":"product","2":"type-product","3":"status-publish","4":"has-post-thumbnail","6":"product_cat-diseno","7":"product_cat-libreria","8":"product_tag-bookstore-es","10":"first","11":"instock","12":"taxable","13":"shipping-taxable","14":"purchasable","15":"product-type-simple"},"yoast_head":"<!-- This site is optimized with the Yoast SEO plugin v23.6 - https:\/\/yoast.com\/wordpress\/plugins\/seo\/ -->\n<title>Como combinar colores &#8212; Estudio Laterna<\/title>\n<meta name=\"description\" content=\"Libro del dise\u00f1ador japon\u00e9s\u00a0Haruyoshi Nagumo\u00a0sobre caracter\u00edsticas, historia, significados y usos de cada color para la aplicaci\u00f3n en dise\u00f1o.\" \/>\n<meta name=\"robots\" content=\"index, follow, max-snippet:-1, max-image-preview:large, max-video-preview:-1\" \/>\n<link rel=\"canonical\" href=\"https:\/\/estudio-laterna.seiten.co\/es\/shop\/como-combinar-colores\/\" \/>\n<meta property=\"og:locale\" content=\"es_ES\" \/>\n<meta property=\"og:type\" content=\"article\" \/>\n<meta property=\"og:title\" content=\"Como combinar colores &#8212; Estudio Laterna\" \/>\n<meta property=\"og:description\" content=\"Libro del dise\u00f1ador japon\u00e9s\u00a0Haruyoshi Nagumo\u00a0sobre caracter\u00edsticas, historia, significados y usos de cada color para la aplicaci\u00f3n en dise\u00f1o.\" \/>\n<meta property=\"og:url\" content=\"https:\/\/estudio-laterna.seiten.co\/es\/shop\/como-combinar-colores\/\" \/>\n<meta property=\"og:site_name\" content=\"Estudio Laterna\" \/>\n<meta property=\"article:modified_time\" content=\"2024-10-02T09:23:24+00:00\" \/>\n<meta property=\"og:image\" content=\"https:\/\/estudio-laterna.seiten.co\/wp-content\/uploads\/2024\/08\/Como_Combinar_Colores_bookstore.jpg\" \/>\n\t<meta property=\"og:image:width\" content=\"1440\" \/>\n\t<meta property=\"og:image:height\" content=\"1440\" \/>\n\t<meta property=\"og:image:type\" content=\"image\/jpeg\" \/>\n<meta name=\"twitter:card\" content=\"summary_large_image\" \/>\n<meta name=\"twitter:label1\" content=\"Tiempo de lectura\" \/>\n\t<meta name=\"twitter:data1\" content=\"1 minuto\" \/>\n<script type=\"application\/ld+json\" class=\"yoast-schema-graph\">{\"@context\":\"https:\/\/schema.org\",\"@graph\":[{\"@type\":\"WebPage\",\"@id\":\"https:\/\/estudio-laterna.seiten.co\/es\/shop\/como-combinar-colores\/\",\"url\":\"https:\/\/estudio-laterna.seiten.co\/es\/shop\/como-combinar-colores\/\",\"name\":\"Como combinar colores &#8212; Estudio Laterna\",\"isPartOf\":{\"@id\":\"https:\/\/estudio-laterna.seiten.co\/es\/#website\"},\"primaryImageOfPage\":{\"@id\":\"https:\/\/estudio-laterna.seiten.co\/es\/shop\/como-combinar-colores\/#primaryimage\"},\"image\":{\"@id\":\"https:\/\/estudio-laterna.seiten.co\/es\/shop\/como-combinar-colores\/#primaryimage\"},\"thumbnailUrl\":\"https:\/\/estudio-laterna.seiten.co\/wp-content\/uploads\/2024\/08\/Como_Combinar_Colores_bookstore.jpg\",\"datePublished\":\"2024-08-29T18:22:07+00:00\",\"dateModified\":\"2024-10-02T09:23:24+00:00\",\"description\":\"Libro del dise\u00f1ador japon\u00e9s\u00a0Haruyoshi Nagumo\u00a0sobre caracter\u00edsticas, historia, significados y usos de cada color para la aplicaci\u00f3n en dise\u00f1o.\",\"breadcrumb\":{\"@id\":\"https:\/\/estudio-laterna.seiten.co\/es\/shop\/como-combinar-colores\/#breadcrumb\"},\"inLanguage\":\"es\",\"potentialAction\":[{\"@type\":\"ReadAction\",\"target\":[\"https:\/\/estudio-laterna.seiten.co\/es\/shop\/como-combinar-colores\/\"]}]},{\"@type\":\"ImageObject\",\"inLanguage\":\"es\",\"@id\":\"https:\/\/estudio-laterna.seiten.co\/es\/shop\/como-combinar-colores\/#primaryimage\",\"url\":\"https:\/\/estudio-laterna.seiten.co\/wp-content\/uploads\/2024\/08\/Como_Combinar_Colores_bookstore.jpg\",\"contentUrl\":\"https:\/\/estudio-laterna.seiten.co\/wp-content\/uploads\/2024\/08\/Como_Combinar_Colores_bookstore.jpg\",\"width\":1440,\"height\":1440},{\"@type\":\"BreadcrumbList\",\"@id\":\"https:\/\/estudio-laterna.seiten.co\/es\/shop\/como-combinar-colores\/#breadcrumb\",\"itemListElement\":[{\"@type\":\"ListItem\",\"position\":1,\"name\":\"Portada\",\"item\":\"https:\/\/estudio-laterna.seiten.co\/es\/\"},{\"@type\":\"ListItem\",\"position\":2,\"name\":\"Store\",\"item\":\"https:\/\/estudio-laterna.seiten.co\/es\/store\/\"},{\"@type\":\"ListItem\",\"position\":3,\"name\":\"Como combinar colores\"}]},{\"@type\":\"WebSite\",\"@id\":\"https:\/\/estudio-laterna.seiten.co\/es\/#website\",\"url\":\"https:\/\/estudio-laterna.seiten.co\/es\/\",\"name\":\"Estudio Laterna\",\"description\":\"Landscape architecture and gardens design\",\"publisher\":{\"@id\":\"https:\/\/estudio-laterna.seiten.co\/es\/#organization\"},\"alternateName\":\"Estudio Laterna\",\"potentialAction\":[{\"@type\":\"SearchAction\",\"target\":{\"@type\":\"EntryPoint\",\"urlTemplate\":\"https:\/\/estudio-laterna.seiten.co\/es\/?s={search_term_string}\"},\"query-input\":{\"@type\":\"PropertyValueSpecification\",\"valueRequired\":true,\"valueName\":\"search_term_string\"}}],\"inLanguage\":\"es\"},{\"@type\":\"Organization\",\"@id\":\"https:\/\/estudio-laterna.seiten.co\/es\/#organization\",\"name\":\"Estudio Laterna\",\"url\":\"https:\/\/estudio-laterna.seiten.co\/es\/\",\"logo\":{\"@type\":\"ImageObject\",\"inLanguage\":\"es\",\"@id\":\"https:\/\/estudio-laterna.seiten.co\/es\/#\/schema\/logo\/image\/\",\"url\":\"https:\/\/estudio-laterna.seiten.co\/wp-content\/uploads\/2023\/03\/estudio-laterna-3.png\",\"contentUrl\":\"https:\/\/estudio-laterna.seiten.co\/wp-content\/uploads\/2023\/03\/estudio-laterna-3.png\",\"width\":500,\"height\":166,\"caption\":\"Estudio Laterna\"},\"image\":{\"@id\":\"https:\/\/estudio-laterna.seiten.co\/es\/#\/schema\/logo\/image\/\"}}]}<\/script>\n<!-- \/ Yoast SEO plugin. -->","yoast_head_json":{"title":"Como combinar colores &#8212; Estudio Laterna","description":"Libro del dise\u00f1ador japon\u00e9s\u00a0Haruyoshi Nagumo\u00a0sobre caracter\u00edsticas, historia, significados y usos de cada color para la aplicaci\u00f3n en dise\u00f1o.","robots":{"index":"index","follow":"follow","max-snippet":"max-snippet:-1","max-image-preview":"max-image-preview:large","max-video-preview":"max-video-preview:-1"},"canonical":"https:\/\/estudio-laterna.seiten.co\/es\/shop\/como-combinar-colores\/","og_locale":"es_ES","og_type":"article","og_title":"Como combinar colores &#8212; Estudio Laterna","og_description":"Libro del dise\u00f1ador japon\u00e9s\u00a0Haruyoshi Nagumo\u00a0sobre caracter\u00edsticas, historia, significados y usos de cada color para la aplicaci\u00f3n en dise\u00f1o.","og_url":"https:\/\/estudio-laterna.seiten.co\/es\/shop\/como-combinar-colores\/","og_site_name":"Estudio Laterna","article_modified_time":"2024-10-02T09:23:24+00:00","og_image":[{"width":1440,"height":1440,"url":"https:\/\/estudio-laterna.seiten.co\/wp-content\/uploads\/2024\/08\/Como_Combinar_Colores_bookstore.jpg","type":"image\/jpeg"}],"twitter_card":"summary_large_image","twitter_misc":{"Tiempo de lectura":"1 minuto"},"schema":{"@context":"https:\/\/schema.org","@graph":[{"@type":"WebPage","@id":"https:\/\/estudio-laterna.seiten.co\/es\/shop\/como-combinar-colores\/","url":"https:\/\/estudio-laterna.seiten.co\/es\/shop\/como-combinar-colores\/","name":"Como combinar colores &#8212; Estudio Laterna","isPartOf":{"@id":"https:\/\/estudio-laterna.seiten.co\/es\/#website"},"primaryImageOfPage":{"@id":"https:\/\/estudio-laterna.seiten.co\/es\/shop\/como-combinar-colores\/#primaryimage"},"image":{"@id":"https:\/\/estudio-laterna.seiten.co\/es\/shop\/como-combinar-colores\/#primaryimage"},"thumbnailUrl":"https:\/\/estudio-laterna.seiten.co\/wp-content\/uploads\/2024\/08\/Como_Combinar_Colores_bookstore.jpg","datePublished":"2024-08-29T18:22:07+00:00","dateModified":"2024-10-02T09:23:24+00:00","description":"Libro del dise\u00f1ador japon\u00e9s\u00a0Haruyoshi Nagumo\u00a0sobre caracter\u00edsticas, historia, significados y usos de cada color para la aplicaci\u00f3n en dise\u00f1o.","breadcrumb":{"@id":"https:\/\/estudio-laterna.seiten.co\/es\/shop\/como-combinar-colores\/#breadcrumb"},"inLanguage":"es","potentialAction":[{"@type":"ReadAction","target":["https:\/\/estudio-laterna.seiten.co\/es\/shop\/como-combinar-colores\/"]}]},{"@type":"ImageObject","inLanguage":"es","@id":"https:\/\/estudio-laterna.seiten.co\/es\/shop\/como-combinar-colores\/#primaryimage","url":"https:\/\/estudio-laterna.seiten.co\/wp-content\/uploads\/2024\/08\/Como_Combinar_Colores_bookstore.jpg","contentUrl":"https:\/\/estudio-laterna.seiten.co\/wp-content\/uploads\/2024\/08\/Como_Combinar_Colores_bookstore.jpg","width":1440,"height":1440},{"@type":"BreadcrumbList","@id":"https:\/\/estudio-laterna.seiten.co\/es\/shop\/como-combinar-colores\/#breadcrumb","itemListElement":[{"@type":"ListItem","position":1,"name":"Portada","item":"https:\/\/estudio-laterna.seiten.co\/es\/"},{"@type":"ListItem","position":2,"name":"Store","item":"https:\/\/estudio-laterna.seiten.co\/es\/store\/"},{"@type":"ListItem","position":3,"name":"Como combinar colores"}]},{"@type":"WebSite","@id":"https:\/\/estudio-laterna.seiten.co\/es\/#website","url":"https:\/\/estudio-laterna.seiten.co\/es\/","name":"Estudio Laterna","description":"Landscape architecture and gardens design","publisher":{"@id":"https:\/\/estudio-laterna.seiten.co\/es\/#organization"},"alternateName":"Estudio Laterna","potentialAction":[{"@type":"SearchAction","target":{"@type":"EntryPoint","urlTemplate":"https:\/\/estudio-laterna.seiten.co\/es\/?s={search_term_string}"},"query-input":{"@type":"PropertyValueSpecification","valueRequired":true,"valueName":"search_term_string"}}],"inLanguage":"es"},{"@type":"Organization","@id":"https:\/\/estudio-laterna.seiten.co\/es\/#organization","name":"Estudio Laterna","url":"https:\/\/estudio-laterna.seiten.co\/es\/","logo":{"@type":"ImageObject","inLanguage":"es","@id":"https:\/\/estudio-laterna.seiten.co\/es\/#\/schema\/logo\/image\/","url":"https:\/\/estudio-laterna.seiten.co\/wp-content\/uploads\/2023\/03\/estudio-laterna-3.png","contentUrl":"https:\/\/estudio-laterna.seiten.co\/wp-content\/uploads\/2023\/03\/estudio-laterna-3.png","width":500,"height":166,"caption":"Estudio Laterna"},"image":{"@id":"https:\/\/estudio-laterna.seiten.co\/es\/#\/schema\/logo\/image\/"}}]}},"_links":{"self":[{"href":"https:\/\/estudio-laterna.seiten.co\/es\/wp-json\/wp\/v2\/product\/13305","targetHints":{"allow":["GET"]}}],"collection":[{"href":"https:\/\/estudio-laterna.seiten.co\/es\/wp-json\/wp\/v2\/product"}],"about":[{"href":"https:\/\/estudio-laterna.seiten.co\/es\/wp-json\/wp\/v2\/types\/product"}],"replies":[{"embeddable":true,"href":"https:\/\/estudio-laterna.seiten.co\/es\/wp-json\/wp\/v2\/comments?post=13305"}],"version-history":[{"count":4,"href":"https:\/\/estudio-laterna.seiten.co\/es\/wp-json\/wp\/v2\/product\/13305\/revisions"}],"predecessor-version":[{"id":16138,"href":"https:\/\/estudio-laterna.seiten.co\/es\/wp-json\/wp\/v2\/product\/13305\/revisions\/16138"}],"wp:featuredmedia":[{"embeddable":true,"href":"https:\/\/estudio-laterna.seiten.co\/es\/wp-json\/wp\/v2\/media\/13017"}],"wp:attachment":[{"href":"https:\/\/estudio-laterna.seiten.co\/es\/wp-json\/wp\/v2\/media?parent=13305"}],"wp:term":[{"taxonomy":"product_cat","embeddable":true,"href":"https:\/\/estudio-laterna.seiten.co\/es\/wp-json\/wp\/v2\/product_cat?post=13305"},{"taxonomy":"product_tag","embeddable":true,"href":"https:\/\/estudio-laterna.seiten.co\/es\/wp-json\/wp\/v2\/product_tag?post=13305"}],"curies":[{"name":"wp","href":"https:\/\/api.w.org\/{rel}","templated":true}]}}