{"id":13309,"date":"2024-08-29T20:26:22","date_gmt":"2024-08-29T18:26:22","guid":{"rendered":"https:\/\/www.estudio-laterna.com\/?post_type=product&#038;p=13309"},"modified":"2024-10-02T11:12:10","modified_gmt":"2024-10-02T09:12:10","slug":"el-reino-ignorado","status":"publish","type":"product","link":"https:\/\/estudio-laterna.seiten.co\/es\/shop\/el-reino-ignorado\/","title":{"rendered":"El Reino Ignorado"},"content":{"rendered":"<p>Una obra que recoge toda la complejidad, belleza y misterio que caracterizan el desconocido mundo de las plantas. \u00abSe ha convertido en un vegetal\u00bb, solemos decir para referirnos a un ser inerte carente de toda capacidad para interaccionar con el exterior. Nada m\u00e1s lejos de la realidad, aunque algunos vean a las plantas como simples materiales pasivos e insensibles que ornamentan parques y jardines, lo cierto es que el mundo vegetal no pueden ser m\u00e1s complejo, din\u00e1mico y sensitivo. Las plantas est\u00e1n continuamente interaccionando con un entorno cambiante, poseen una gigantesca diversidad de comportamientos, y han desarrollado las m\u00e1s sorprendentes adaptaciones, que les han permitido colonizar todos los ecosistemas de este planeta.<\/p>\n<p>A trav\u00e9s de las p\u00e1ginas de este del libro descubriremos el complejo universo vegetal, porque las plantas aunque no sea cierto que se emocionen con la m\u00fasica cl\u00e1sica, ni sientan dolor, ni empat\u00eda y en muchos aspectos poco tengan que ver con las experiencias y los sentimientos humanos, conforman un grupo de seres extraordinarios que observan y se comunican, capaces de recordar acontecimientos, enga\u00f1ar, defenderse de sus depredadores, adaptarse a las condiciones ambientales m\u00e1s extremas, asociarse con todo tipo de organismos, cazar animales y aprovecharse, como el m\u00e1s avezado gorr\u00f3n, de sus cong\u00e9neres.<\/p>\n<p>Formato: Tapa dura con sobrecubierta<br \/>\nTama\u00f1o: 14.5 x 23 cm<br \/>\nP\u00e1ginas: 272<br \/>\nIdioma: Espa\u00f1ol<br \/>\nFecha de publicaci\u00f3n: 5 Junio 2018<br \/>\nEditorial: Ariel<br \/>\nISBN: 978-84-344-2783-9<\/p>\n","protected":false},"excerpt":{"rendered":"<p>Una obra que recoge toda la complejidad, belleza y misterio que caracterizan el desconocido mundo de las plantas. \u00abSe ha convertido en un vegetal\u00bb, solemos decir para referirnos a un ser inerte carente de toda capacidad para interaccionar con el exterior. Nada m\u00e1s lejos de la realidad, aunque algunos vean a las plantas como simples [&hellip;]<\/p>\n","protected":false},"featured_media":13023,"comment_status":"closed","ping_status":"closed","template":"","meta":{"inline_featured_image":false},"product_cat":[82,51],"product_tag":[55],"class_list":{"0":"post-13309","1":"product","2":"type-product","3":"status-publish","4":"has-post-thumbnail","6":"product_cat-libreria","7":"product_cat-sociedad","8":"product_tag-bookstore-es","10":"first","11":"instock","12":"taxable","13":"shipping-taxable","14":"purchasable","15":"product-type-simple"},"yoast_head":"<!-- This site is optimized with the Yoast SEO plugin v23.6 - https:\/\/yoast.com\/wordpress\/plugins\/seo\/ -->\n<title>El Reino Ignorado &#8212; Estudio Laterna<\/title>\n<meta name=\"description\" content=\"Libro sobre el complejo mundo de las plantas, presentando al lector temas como la vida, el dinamismo, la muerte y las comunicaciones\" \/>\n<meta name=\"robots\" content=\"index, follow, max-snippet:-1, max-image-preview:large, max-video-preview:-1\" \/>\n<link rel=\"canonical\" href=\"https:\/\/estudio-laterna.seiten.co\/es\/shop\/el-reino-ignorado\/\" \/>\n<meta property=\"og:locale\" content=\"es_ES\" \/>\n<meta property=\"og:type\" content=\"article\" \/>\n<meta property=\"og:title\" content=\"El Reino Ignorado &#8212; Estudio Laterna\" \/>\n<meta property=\"og:description\" content=\"Libro sobre el complejo mundo de las plantas, presentando al lector temas como la vida, el dinamismo, la muerte y las comunicaciones\" \/>\n<meta property=\"og:url\" content=\"https:\/\/estudio-laterna.seiten.co\/es\/shop\/el-reino-ignorado\/\" \/>\n<meta property=\"og:site_name\" content=\"Estudio Laterna\" \/>\n<meta property=\"article:modified_time\" content=\"2024-10-02T09:12:10+00:00\" \/>\n<meta property=\"og:image\" content=\"https:\/\/estudio-laterna.seiten.co\/wp-content\/uploads\/2024\/08\/El_Reino_Ignorado_bookstore.jpg\" \/>\n\t<meta property=\"og:image:width\" content=\"1440\" \/>\n\t<meta property=\"og:image:height\" content=\"1440\" \/>\n\t<meta property=\"og:image:type\" content=\"image\/jpeg\" \/>\n<meta name=\"twitter:card\" content=\"summary_large_image\" \/>\n<meta name=\"twitter:label1\" content=\"Tiempo de lectura\" \/>\n\t<meta name=\"twitter:data1\" content=\"2 minutos\" \/>\n<script type=\"application\/ld+json\" class=\"yoast-schema-graph\">{\"@context\":\"https:\/\/schema.org\",\"@graph\":[{\"@type\":\"WebPage\",\"@id\":\"https:\/\/estudio-laterna.seiten.co\/es\/shop\/el-reino-ignorado\/\",\"url\":\"https:\/\/estudio-laterna.seiten.co\/es\/shop\/el-reino-ignorado\/\",\"name\":\"El Reino Ignorado &#8212; Estudio Laterna\",\"isPartOf\":{\"@id\":\"https:\/\/estudio-laterna.seiten.co\/es\/#website\"},\"primaryImageOfPage\":{\"@id\":\"https:\/\/estudio-laterna.seiten.co\/es\/shop\/el-reino-ignorado\/#primaryimage\"},\"image\":{\"@id\":\"https:\/\/estudio-laterna.seiten.co\/es\/shop\/el-reino-ignorado\/#primaryimage\"},\"thumbnailUrl\":\"https:\/\/estudio-laterna.seiten.co\/wp-content\/uploads\/2024\/08\/El_Reino_Ignorado_bookstore.jpg\",\"datePublished\":\"2024-08-29T18:26:22+00:00\",\"dateModified\":\"2024-10-02T09:12:10+00:00\",\"description\":\"Libro sobre el complejo mundo de las plantas, presentando al lector temas como la vida, el dinamismo, la muerte y las comunicaciones\",\"breadcrumb\":{\"@id\":\"https:\/\/estudio-laterna.seiten.co\/es\/shop\/el-reino-ignorado\/#breadcrumb\"},\"inLanguage\":\"es\",\"potentialAction\":[{\"@type\":\"ReadAction\",\"target\":[\"https:\/\/estudio-laterna.seiten.co\/es\/shop\/el-reino-ignorado\/\"]}]},{\"@type\":\"ImageObject\",\"inLanguage\":\"es\",\"@id\":\"https:\/\/estudio-laterna.seiten.co\/es\/shop\/el-reino-ignorado\/#primaryimage\",\"url\":\"https:\/\/estudio-laterna.seiten.co\/wp-content\/uploads\/2024\/08\/El_Reino_Ignorado_bookstore.jpg\",\"contentUrl\":\"https:\/\/estudio-laterna.seiten.co\/wp-content\/uploads\/2024\/08\/El_Reino_Ignorado_bookstore.jpg\",\"width\":1440,\"height\":1440},{\"@type\":\"BreadcrumbList\",\"@id\":\"https:\/\/estudio-laterna.seiten.co\/es\/shop\/el-reino-ignorado\/#breadcrumb\",\"itemListElement\":[{\"@type\":\"ListItem\",\"position\":1,\"name\":\"Portada\",\"item\":\"https:\/\/estudio-laterna.seiten.co\/es\/\"},{\"@type\":\"ListItem\",\"position\":2,\"name\":\"Store\",\"item\":\"https:\/\/estudio-laterna.seiten.co\/es\/store\/\"},{\"@type\":\"ListItem\",\"position\":3,\"name\":\"El Reino Ignorado\"}]},{\"@type\":\"WebSite\",\"@id\":\"https:\/\/estudio-laterna.seiten.co\/es\/#website\",\"url\":\"https:\/\/estudio-laterna.seiten.co\/es\/\",\"name\":\"Estudio Laterna\",\"description\":\"Landscape architecture and gardens design\",\"publisher\":{\"@id\":\"https:\/\/estudio-laterna.seiten.co\/es\/#organization\"},\"alternateName\":\"Estudio Laterna\",\"potentialAction\":[{\"@type\":\"SearchAction\",\"target\":{\"@type\":\"EntryPoint\",\"urlTemplate\":\"https:\/\/estudio-laterna.seiten.co\/es\/?s={search_term_string}\"},\"query-input\":{\"@type\":\"PropertyValueSpecification\",\"valueRequired\":true,\"valueName\":\"search_term_string\"}}],\"inLanguage\":\"es\"},{\"@type\":\"Organization\",\"@id\":\"https:\/\/estudio-laterna.seiten.co\/es\/#organization\",\"name\":\"Estudio Laterna\",\"url\":\"https:\/\/estudio-laterna.seiten.co\/es\/\",\"logo\":{\"@type\":\"ImageObject\",\"inLanguage\":\"es\",\"@id\":\"https:\/\/estudio-laterna.seiten.co\/es\/#\/schema\/logo\/image\/\",\"url\":\"https:\/\/estudio-laterna.seiten.co\/wp-content\/uploads\/2023\/03\/estudio-laterna-3.png\",\"contentUrl\":\"https:\/\/estudio-laterna.seiten.co\/wp-content\/uploads\/2023\/03\/estudio-laterna-3.png\",\"width\":500,\"height\":166,\"caption\":\"Estudio Laterna\"},\"image\":{\"@id\":\"https:\/\/estudio-laterna.seiten.co\/es\/#\/schema\/logo\/image\/\"}}]}<\/script>\n<!-- \/ Yoast SEO plugin. -->","yoast_head_json":{"title":"El Reino Ignorado &#8212; Estudio Laterna","description":"Libro sobre el complejo mundo de las plantas, presentando al lector temas como la vida, el dinamismo, la muerte y las comunicaciones","robots":{"index":"index","follow":"follow","max-snippet":"max-snippet:-1","max-image-preview":"max-image-preview:large","max-video-preview":"max-video-preview:-1"},"canonical":"https:\/\/estudio-laterna.seiten.co\/es\/shop\/el-reino-ignorado\/","og_locale":"es_ES","og_type":"article","og_title":"El Reino Ignorado &#8212; Estudio Laterna","og_description":"Libro sobre el complejo mundo de las plantas, presentando al lector temas como la vida, el dinamismo, la muerte y las comunicaciones","og_url":"https:\/\/estudio-laterna.seiten.co\/es\/shop\/el-reino-ignorado\/","og_site_name":"Estudio Laterna","article_modified_time":"2024-10-02T09:12:10+00:00","og_image":[{"width":1440,"height":1440,"url":"https:\/\/estudio-laterna.seiten.co\/wp-content\/uploads\/2024\/08\/El_Reino_Ignorado_bookstore.jpg","type":"image\/jpeg"}],"twitter_card":"summary_large_image","twitter_misc":{"Tiempo de lectura":"2 minutos"},"schema":{"@context":"https:\/\/schema.org","@graph":[{"@type":"WebPage","@id":"https:\/\/estudio-laterna.seiten.co\/es\/shop\/el-reino-ignorado\/","url":"https:\/\/estudio-laterna.seiten.co\/es\/shop\/el-reino-ignorado\/","name":"El Reino Ignorado &#8212; Estudio Laterna","isPartOf":{"@id":"https:\/\/estudio-laterna.seiten.co\/es\/#website"},"primaryImageOfPage":{"@id":"https:\/\/estudio-laterna.seiten.co\/es\/shop\/el-reino-ignorado\/#primaryimage"},"image":{"@id":"https:\/\/estudio-laterna.seiten.co\/es\/shop\/el-reino-ignorado\/#primaryimage"},"thumbnailUrl":"https:\/\/estudio-laterna.seiten.co\/wp-content\/uploads\/2024\/08\/El_Reino_Ignorado_bookstore.jpg","datePublished":"2024-08-29T18:26:22+00:00","dateModified":"2024-10-02T09:12:10+00:00","description":"Libro sobre el complejo mundo de las plantas, presentando al lector temas como la vida, el dinamismo, la muerte y las comunicaciones","breadcrumb":{"@id":"https:\/\/estudio-laterna.seiten.co\/es\/shop\/el-reino-ignorado\/#breadcrumb"},"inLanguage":"es","potentialAction":[{"@type":"ReadAction","target":["https:\/\/estudio-laterna.seiten.co\/es\/shop\/el-reino-ignorado\/"]}]},{"@type":"ImageObject","inLanguage":"es","@id":"https:\/\/estudio-laterna.seiten.co\/es\/shop\/el-reino-ignorado\/#primaryimage","url":"https:\/\/estudio-laterna.seiten.co\/wp-content\/uploads\/2024\/08\/El_Reino_Ignorado_bookstore.jpg","contentUrl":"https:\/\/estudio-laterna.seiten.co\/wp-content\/uploads\/2024\/08\/El_Reino_Ignorado_bookstore.jpg","width":1440,"height":1440},{"@type":"BreadcrumbList","@id":"https:\/\/estudio-laterna.seiten.co\/es\/shop\/el-reino-ignorado\/#breadcrumb","itemListElement":[{"@type":"ListItem","position":1,"name":"Portada","item":"https:\/\/estudio-laterna.seiten.co\/es\/"},{"@type":"ListItem","position":2,"name":"Store","item":"https:\/\/estudio-laterna.seiten.co\/es\/store\/"},{"@type":"ListItem","position":3,"name":"El Reino Ignorado"}]},{"@type":"WebSite","@id":"https:\/\/estudio-laterna.seiten.co\/es\/#website","url":"https:\/\/estudio-laterna.seiten.co\/es\/","name":"Estudio Laterna","description":"Landscape architecture and gardens design","publisher":{"@id":"https:\/\/estudio-laterna.seiten.co\/es\/#organization"},"alternateName":"Estudio Laterna","potentialAction":[{"@type":"SearchAction","target":{"@type":"EntryPoint","urlTemplate":"https:\/\/estudio-laterna.seiten.co\/es\/?s={search_term_string}"},"query-input":{"@type":"PropertyValueSpecification","valueRequired":true,"valueName":"search_term_string"}}],"inLanguage":"es"},{"@type":"Organization","@id":"https:\/\/estudio-laterna.seiten.co\/es\/#organization","name":"Estudio Laterna","url":"https:\/\/estudio-laterna.seiten.co\/es\/","logo":{"@type":"ImageObject","inLanguage":"es","@id":"https:\/\/estudio-laterna.seiten.co\/es\/#\/schema\/logo\/image\/","url":"https:\/\/estudio-laterna.seiten.co\/wp-content\/uploads\/2023\/03\/estudio-laterna-3.png","contentUrl":"https:\/\/estudio-laterna.seiten.co\/wp-content\/uploads\/2023\/03\/estudio-laterna-3.png","width":500,"height":166,"caption":"Estudio Laterna"},"image":{"@id":"https:\/\/estudio-laterna.seiten.co\/es\/#\/schema\/logo\/image\/"}}]}},"_links":{"self":[{"href":"https:\/\/estudio-laterna.seiten.co\/es\/wp-json\/wp\/v2\/product\/13309","targetHints":{"allow":["GET"]}}],"collection":[{"href":"https:\/\/estudio-laterna.seiten.co\/es\/wp-json\/wp\/v2\/product"}],"about":[{"href":"https:\/\/estudio-laterna.seiten.co\/es\/wp-json\/wp\/v2\/types\/product"}],"replies":[{"embeddable":true,"href":"https:\/\/estudio-laterna.seiten.co\/es\/wp-json\/wp\/v2\/comments?post=13309"}],"version-history":[{"count":2,"href":"https:\/\/estudio-laterna.seiten.co\/es\/wp-json\/wp\/v2\/product\/13309\/revisions"}],"predecessor-version":[{"id":16130,"href":"https:\/\/estudio-laterna.seiten.co\/es\/wp-json\/wp\/v2\/product\/13309\/revisions\/16130"}],"wp:featuredmedia":[{"embeddable":true,"href":"https:\/\/estudio-laterna.seiten.co\/es\/wp-json\/wp\/v2\/media\/13023"}],"wp:attachment":[{"href":"https:\/\/estudio-laterna.seiten.co\/es\/wp-json\/wp\/v2\/media?parent=13309"}],"wp:term":[{"taxonomy":"product_cat","embeddable":true,"href":"https:\/\/estudio-laterna.seiten.co\/es\/wp-json\/wp\/v2\/product_cat?post=13309"},{"taxonomy":"product_tag","embeddable":true,"href":"https:\/\/estudio-laterna.seiten.co\/es\/wp-json\/wp\/v2\/product_tag?post=13309"}],"curies":[{"name":"wp","href":"https:\/\/api.w.org\/{rel}","templated":true}]}}