{"id":13313,"date":"2024-08-29T20:34:44","date_gmt":"2024-08-29T18:34:44","guid":{"rendered":"https:\/\/www.estudio-laterna.com\/?post_type=product&#038;p=13313"},"modified":"2024-10-02T11:01:46","modified_gmt":"2024-10-02T09:01:46","slug":"julian-schnabel","status":"publish","type":"product","link":"https:\/\/estudio-laterna.seiten.co\/es\/shop\/julian-schnabel\/","title":{"rendered":"Julian Schnabel"},"content":{"rendered":"<p>Julian Schnabel crea arte a partir de la vida, encontrando sus materiales en el tejido de lo cotidiano. Utiliza platos rotos como un improbable lienzo; pinta sobre terciopelo, cubiertas de puestos de mercado, lonas militares, fondos de teatro Kabuki y suelos de rings de boxeo, superficies encontradas que aportan su rica historia a la exploraci\u00f3n del artista. Como una figura emblem\u00e1tica del renacimiento de la pintura tras su \u00e9xito fulgurante en su primera exposici\u00f3n individual en Nueva York en 1979, Schnabel ha trabajado desde entonces en una amplia variedad de medios: creando esculturas que trasladan sus formas pict\u00f3ricas al espacio como artefactos crudos y aparentemente desgastados por el tiempo; dirigiendo pel\u00edculas premiadas que retratan a artistas y otras figuras sutilmente heroicas; e incluso construyendo su propio sue\u00f1o de un palacio veneciano en Nueva York. \u201cQuiero que mi vida est\u00e9 en mi obra, aplastada en mi pintura como un coche prensado. Si no es as\u00ed, mi trabajo es solo algo sin m\u00e1s&#8221;, ha dicho Schnabel, y esta urgencia impregna su obra, sin importar los medios o el material que elija.<\/p>\n<p><span class=\"product-detail-information__book-details\">Formato: Tapa dura<br \/>\n<\/span><\/p>\n<p><span class=\"product-detail-information__book-details\">Tama\u00f1o: <span data-testid=\"book-details--dimensions\">25 x 33.4 cm<\/span><\/span><\/p>\n<p><span class=\"product-detail-information__book-details\"><span data-testid=\"book-details--dimensions\">Peso: <\/span><span data-testid=\"book-details--weight\">3.69 kg<\/span><\/span><\/p>\n<p><span class=\"product-detail-information__book-details\">P\u00e1ginas: 572 pages<\/span><\/p>\n<div class=\"read-more__biography--book-edition\">\n<p>Editorial: Taschen<\/p>\n<p class=\"read-more__biography--book-isbn\">ISBN: 978-3-8365-9630-5<\/p>\n<p><span class=\"edition-selection__single-edition\">Edici\u00f3n: Multilingual (English, French, German)<\/span><\/p>\n<\/div>\n","protected":false},"excerpt":{"rendered":"<p>Julian Schnabel crea arte a partir de la vida, encontrando sus materiales en el tejido de lo cotidiano. Utiliza platos rotos como un improbable lienzo; pinta sobre terciopelo, cubiertas de puestos de mercado, lonas militares, fondos de teatro Kabuki y suelos de rings de boxeo, superficies encontradas que aportan su rica historia a la exploraci\u00f3n [&hellip;]<\/p>\n","protected":false},"featured_media":13057,"comment_status":"closed","ping_status":"closed","template":"","meta":{"inline_featured_image":false},"product_cat":[49,82],"product_tag":[55],"class_list":{"0":"post-13313","1":"product","2":"type-product","3":"status-publish","4":"has-post-thumbnail","6":"product_cat-arte","7":"product_cat-libreria","8":"product_tag-bookstore-es","10":"first","11":"instock","12":"taxable","13":"shipping-taxable","14":"purchasable","15":"product-type-simple"},"yoast_head":"<!-- This site is optimized with the Yoast SEO plugin v23.6 - https:\/\/yoast.com\/wordpress\/plugins\/seo\/ -->\n<title>Julian Schnabel &#8212; Estudio Laterna<\/title>\n<meta name=\"description\" content=\"la obra de Julian Schnabel, un artista innovador que utiliza materiales inusuales para crear pinturas, esculturas y pel\u00edculas reconocidas. Este libro ofrece una visi\u00f3n detallada de su trayectoria y su enfoque \u00fanico en el arte contempor\u00e1neo.\" \/>\n<meta name=\"robots\" content=\"index, follow, max-snippet:-1, max-image-preview:large, max-video-preview:-1\" \/>\n<link rel=\"canonical\" href=\"https:\/\/estudio-laterna.seiten.co\/es\/shop\/julian-schnabel\/\" \/>\n<meta property=\"og:locale\" content=\"es_ES\" \/>\n<meta property=\"og:type\" content=\"article\" \/>\n<meta property=\"og:title\" content=\"Julian Schnabel &#8212; Estudio Laterna\" \/>\n<meta property=\"og:description\" content=\"la obra de Julian Schnabel, un artista innovador que utiliza materiales inusuales para crear pinturas, esculturas y pel\u00edculas reconocidas. Este libro ofrece una visi\u00f3n detallada de su trayectoria y su enfoque \u00fanico en el arte contempor\u00e1neo.\" \/>\n<meta property=\"og:url\" content=\"https:\/\/estudio-laterna.seiten.co\/es\/shop\/julian-schnabel\/\" \/>\n<meta property=\"og:site_name\" content=\"Estudio Laterna\" \/>\n<meta property=\"article:modified_time\" content=\"2024-10-02T09:01:46+00:00\" \/>\n<meta property=\"og:image\" content=\"https:\/\/estudio-laterna.seiten.co\/wp-content\/uploads\/2024\/08\/Schnabel_bookstore.jpg\" \/>\n\t<meta property=\"og:image:width\" content=\"1440\" \/>\n\t<meta property=\"og:image:height\" content=\"1440\" \/>\n\t<meta property=\"og:image:type\" content=\"image\/jpeg\" \/>\n<meta name=\"twitter:card\" content=\"summary_large_image\" \/>\n<meta name=\"twitter:label1\" content=\"Tiempo de lectura\" \/>\n\t<meta name=\"twitter:data1\" content=\"2 minutos\" \/>\n<script type=\"application\/ld+json\" class=\"yoast-schema-graph\">{\"@context\":\"https:\/\/schema.org\",\"@graph\":[{\"@type\":\"WebPage\",\"@id\":\"https:\/\/estudio-laterna.seiten.co\/es\/shop\/julian-schnabel\/\",\"url\":\"https:\/\/estudio-laterna.seiten.co\/es\/shop\/julian-schnabel\/\",\"name\":\"Julian Schnabel &#8212; Estudio Laterna\",\"isPartOf\":{\"@id\":\"https:\/\/estudio-laterna.seiten.co\/es\/#website\"},\"primaryImageOfPage\":{\"@id\":\"https:\/\/estudio-laterna.seiten.co\/es\/shop\/julian-schnabel\/#primaryimage\"},\"image\":{\"@id\":\"https:\/\/estudio-laterna.seiten.co\/es\/shop\/julian-schnabel\/#primaryimage\"},\"thumbnailUrl\":\"https:\/\/estudio-laterna.seiten.co\/wp-content\/uploads\/2024\/08\/Schnabel_bookstore.jpg\",\"datePublished\":\"2024-08-29T18:34:44+00:00\",\"dateModified\":\"2024-10-02T09:01:46+00:00\",\"description\":\"la obra de Julian Schnabel, un artista innovador que utiliza materiales inusuales para crear pinturas, esculturas y pel\u00edculas reconocidas. Este libro ofrece una visi\u00f3n detallada de su trayectoria y su enfoque \u00fanico en el arte contempor\u00e1neo.\",\"breadcrumb\":{\"@id\":\"https:\/\/estudio-laterna.seiten.co\/es\/shop\/julian-schnabel\/#breadcrumb\"},\"inLanguage\":\"es\",\"potentialAction\":[{\"@type\":\"ReadAction\",\"target\":[\"https:\/\/estudio-laterna.seiten.co\/es\/shop\/julian-schnabel\/\"]}]},{\"@type\":\"ImageObject\",\"inLanguage\":\"es\",\"@id\":\"https:\/\/estudio-laterna.seiten.co\/es\/shop\/julian-schnabel\/#primaryimage\",\"url\":\"https:\/\/estudio-laterna.seiten.co\/wp-content\/uploads\/2024\/08\/Schnabel_bookstore.jpg\",\"contentUrl\":\"https:\/\/estudio-laterna.seiten.co\/wp-content\/uploads\/2024\/08\/Schnabel_bookstore.jpg\",\"width\":1440,\"height\":1440},{\"@type\":\"BreadcrumbList\",\"@id\":\"https:\/\/estudio-laterna.seiten.co\/es\/shop\/julian-schnabel\/#breadcrumb\",\"itemListElement\":[{\"@type\":\"ListItem\",\"position\":1,\"name\":\"Portada\",\"item\":\"https:\/\/estudio-laterna.seiten.co\/es\/\"},{\"@type\":\"ListItem\",\"position\":2,\"name\":\"Store\",\"item\":\"https:\/\/estudio-laterna.seiten.co\/es\/store\/\"},{\"@type\":\"ListItem\",\"position\":3,\"name\":\"Julian Schnabel\"}]},{\"@type\":\"WebSite\",\"@id\":\"https:\/\/estudio-laterna.seiten.co\/es\/#website\",\"url\":\"https:\/\/estudio-laterna.seiten.co\/es\/\",\"name\":\"Estudio Laterna\",\"description\":\"Landscape architecture and gardens design\",\"publisher\":{\"@id\":\"https:\/\/estudio-laterna.seiten.co\/es\/#organization\"},\"alternateName\":\"Estudio Laterna\",\"potentialAction\":[{\"@type\":\"SearchAction\",\"target\":{\"@type\":\"EntryPoint\",\"urlTemplate\":\"https:\/\/estudio-laterna.seiten.co\/es\/?s={search_term_string}\"},\"query-input\":{\"@type\":\"PropertyValueSpecification\",\"valueRequired\":true,\"valueName\":\"search_term_string\"}}],\"inLanguage\":\"es\"},{\"@type\":\"Organization\",\"@id\":\"https:\/\/estudio-laterna.seiten.co\/es\/#organization\",\"name\":\"Estudio Laterna\",\"url\":\"https:\/\/estudio-laterna.seiten.co\/es\/\",\"logo\":{\"@type\":\"ImageObject\",\"inLanguage\":\"es\",\"@id\":\"https:\/\/estudio-laterna.seiten.co\/es\/#\/schema\/logo\/image\/\",\"url\":\"https:\/\/estudio-laterna.seiten.co\/wp-content\/uploads\/2023\/03\/estudio-laterna-3.png\",\"contentUrl\":\"https:\/\/estudio-laterna.seiten.co\/wp-content\/uploads\/2023\/03\/estudio-laterna-3.png\",\"width\":500,\"height\":166,\"caption\":\"Estudio Laterna\"},\"image\":{\"@id\":\"https:\/\/estudio-laterna.seiten.co\/es\/#\/schema\/logo\/image\/\"}}]}<\/script>\n<!-- \/ Yoast SEO plugin. -->","yoast_head_json":{"title":"Julian Schnabel &#8212; Estudio Laterna","description":"la obra de Julian Schnabel, un artista innovador que utiliza materiales inusuales para crear pinturas, esculturas y pel\u00edculas reconocidas. Este libro ofrece una visi\u00f3n detallada de su trayectoria y su enfoque \u00fanico en el arte contempor\u00e1neo.","robots":{"index":"index","follow":"follow","max-snippet":"max-snippet:-1","max-image-preview":"max-image-preview:large","max-video-preview":"max-video-preview:-1"},"canonical":"https:\/\/estudio-laterna.seiten.co\/es\/shop\/julian-schnabel\/","og_locale":"es_ES","og_type":"article","og_title":"Julian Schnabel &#8212; Estudio Laterna","og_description":"la obra de Julian Schnabel, un artista innovador que utiliza materiales inusuales para crear pinturas, esculturas y pel\u00edculas reconocidas. Este libro ofrece una visi\u00f3n detallada de su trayectoria y su enfoque \u00fanico en el arte contempor\u00e1neo.","og_url":"https:\/\/estudio-laterna.seiten.co\/es\/shop\/julian-schnabel\/","og_site_name":"Estudio Laterna","article_modified_time":"2024-10-02T09:01:46+00:00","og_image":[{"width":1440,"height":1440,"url":"https:\/\/estudio-laterna.seiten.co\/wp-content\/uploads\/2024\/08\/Schnabel_bookstore.jpg","type":"image\/jpeg"}],"twitter_card":"summary_large_image","twitter_misc":{"Tiempo de lectura":"2 minutos"},"schema":{"@context":"https:\/\/schema.org","@graph":[{"@type":"WebPage","@id":"https:\/\/estudio-laterna.seiten.co\/es\/shop\/julian-schnabel\/","url":"https:\/\/estudio-laterna.seiten.co\/es\/shop\/julian-schnabel\/","name":"Julian Schnabel &#8212; Estudio Laterna","isPartOf":{"@id":"https:\/\/estudio-laterna.seiten.co\/es\/#website"},"primaryImageOfPage":{"@id":"https:\/\/estudio-laterna.seiten.co\/es\/shop\/julian-schnabel\/#primaryimage"},"image":{"@id":"https:\/\/estudio-laterna.seiten.co\/es\/shop\/julian-schnabel\/#primaryimage"},"thumbnailUrl":"https:\/\/estudio-laterna.seiten.co\/wp-content\/uploads\/2024\/08\/Schnabel_bookstore.jpg","datePublished":"2024-08-29T18:34:44+00:00","dateModified":"2024-10-02T09:01:46+00:00","description":"la obra de Julian Schnabel, un artista innovador que utiliza materiales inusuales para crear pinturas, esculturas y pel\u00edculas reconocidas. Este libro ofrece una visi\u00f3n detallada de su trayectoria y su enfoque \u00fanico en el arte contempor\u00e1neo.","breadcrumb":{"@id":"https:\/\/estudio-laterna.seiten.co\/es\/shop\/julian-schnabel\/#breadcrumb"},"inLanguage":"es","potentialAction":[{"@type":"ReadAction","target":["https:\/\/estudio-laterna.seiten.co\/es\/shop\/julian-schnabel\/"]}]},{"@type":"ImageObject","inLanguage":"es","@id":"https:\/\/estudio-laterna.seiten.co\/es\/shop\/julian-schnabel\/#primaryimage","url":"https:\/\/estudio-laterna.seiten.co\/wp-content\/uploads\/2024\/08\/Schnabel_bookstore.jpg","contentUrl":"https:\/\/estudio-laterna.seiten.co\/wp-content\/uploads\/2024\/08\/Schnabel_bookstore.jpg","width":1440,"height":1440},{"@type":"BreadcrumbList","@id":"https:\/\/estudio-laterna.seiten.co\/es\/shop\/julian-schnabel\/#breadcrumb","itemListElement":[{"@type":"ListItem","position":1,"name":"Portada","item":"https:\/\/estudio-laterna.seiten.co\/es\/"},{"@type":"ListItem","position":2,"name":"Store","item":"https:\/\/estudio-laterna.seiten.co\/es\/store\/"},{"@type":"ListItem","position":3,"name":"Julian Schnabel"}]},{"@type":"WebSite","@id":"https:\/\/estudio-laterna.seiten.co\/es\/#website","url":"https:\/\/estudio-laterna.seiten.co\/es\/","name":"Estudio Laterna","description":"Landscape architecture and gardens design","publisher":{"@id":"https:\/\/estudio-laterna.seiten.co\/es\/#organization"},"alternateName":"Estudio Laterna","potentialAction":[{"@type":"SearchAction","target":{"@type":"EntryPoint","urlTemplate":"https:\/\/estudio-laterna.seiten.co\/es\/?s={search_term_string}"},"query-input":{"@type":"PropertyValueSpecification","valueRequired":true,"valueName":"search_term_string"}}],"inLanguage":"es"},{"@type":"Organization","@id":"https:\/\/estudio-laterna.seiten.co\/es\/#organization","name":"Estudio Laterna","url":"https:\/\/estudio-laterna.seiten.co\/es\/","logo":{"@type":"ImageObject","inLanguage":"es","@id":"https:\/\/estudio-laterna.seiten.co\/es\/#\/schema\/logo\/image\/","url":"https:\/\/estudio-laterna.seiten.co\/wp-content\/uploads\/2023\/03\/estudio-laterna-3.png","contentUrl":"https:\/\/estudio-laterna.seiten.co\/wp-content\/uploads\/2023\/03\/estudio-laterna-3.png","width":500,"height":166,"caption":"Estudio Laterna"},"image":{"@id":"https:\/\/estudio-laterna.seiten.co\/es\/#\/schema\/logo\/image\/"}}]}},"_links":{"self":[{"href":"https:\/\/estudio-laterna.seiten.co\/es\/wp-json\/wp\/v2\/product\/13313","targetHints":{"allow":["GET"]}}],"collection":[{"href":"https:\/\/estudio-laterna.seiten.co\/es\/wp-json\/wp\/v2\/product"}],"about":[{"href":"https:\/\/estudio-laterna.seiten.co\/es\/wp-json\/wp\/v2\/types\/product"}],"replies":[{"embeddable":true,"href":"https:\/\/estudio-laterna.seiten.co\/es\/wp-json\/wp\/v2\/comments?post=13313"}],"version-history":[{"count":3,"href":"https:\/\/estudio-laterna.seiten.co\/es\/wp-json\/wp\/v2\/product\/13313\/revisions"}],"predecessor-version":[{"id":16126,"href":"https:\/\/estudio-laterna.seiten.co\/es\/wp-json\/wp\/v2\/product\/13313\/revisions\/16126"}],"wp:featuredmedia":[{"embeddable":true,"href":"https:\/\/estudio-laterna.seiten.co\/es\/wp-json\/wp\/v2\/media\/13057"}],"wp:attachment":[{"href":"https:\/\/estudio-laterna.seiten.co\/es\/wp-json\/wp\/v2\/media?parent=13313"}],"wp:term":[{"taxonomy":"product_cat","embeddable":true,"href":"https:\/\/estudio-laterna.seiten.co\/es\/wp-json\/wp\/v2\/product_cat?post=13313"},{"taxonomy":"product_tag","embeddable":true,"href":"https:\/\/estudio-laterna.seiten.co\/es\/wp-json\/wp\/v2\/product_tag?post=13313"}],"curies":[{"name":"wp","href":"https:\/\/api.w.org\/{rel}","templated":true}]}}