{"id":13318,"date":"2024-08-29T20:39:57","date_gmt":"2024-08-29T18:39:57","guid":{"rendered":"https:\/\/www.estudio-laterna.com\/?post_type=product&#038;p=13318"},"modified":"2024-10-02T11:33:37","modified_gmt":"2024-10-02T09:33:37","slug":"kuma-complete-works","status":"publish","type":"product","link":"https:\/\/estudio-laterna.seiten.co\/es\/shop\/kuma-complete-works\/","title":{"rendered":"KUMA complete works"},"content":{"rendered":"<p>Desde su casa en la Gran Muralla (de bamb\u00fa) hasta el Estadio Nacional de Jap\u00f3n para los Juegos Ol\u00edmpicos de Verano de 2020, el arquitecto japon\u00e9s Kengo Kuma fue pionero en la sostenibilidad en la arquitectura, convirtiendo la artesan\u00eda local en un enfoque nuevo y t\u00e1ctil. Descubra su obra en esta extensa monograf\u00eda.<\/p>\n<div><\/div>\n<div class=\"product-detail-information__edition-and-specs\"><span class=\"product-detail-information__book-details\">Formato: Tapa dura<\/span><\/div>\n<div class=\"product-detail-information__edition-and-specs\"><span class=\"product-detail-information__book-details\"><span data-testid=\"book-details--dimensions\">Tama\u00f1o: 30.8 x 39 cm<\/span><\/span><\/div>\n<div class=\"product-detail-information__edition-and-specs\"><span class=\"product-detail-information__book-details\"><span data-testid=\"book-details--weight\">Peso: 4.97 kg<\/span><\/span><\/div>\n<div class=\"product-detail-information__edition-and-specs\"><span class=\"product-detail-information__book-details\">Medida: 460 paginas<\/span><\/div>\n<p><span class=\"edition-selection__single-edition\">Edic\u00edon: Pluriling\u00fce (English, French, German)<\/span> Editora: Taschen ISBN 978-3-8365-7512-6<\/p>\n","protected":false},"excerpt":{"rendered":"<p>Desde su casa en la Gran Muralla (de bamb\u00fa) hasta el Estadio Nacional de Jap\u00f3n para los Juegos Ol\u00edmpicos de Verano de 2020, el arquitecto japon\u00e9s Kengo Kuma fue pionero en la sostenibilidad en la arquitectura, convirtiendo la artesan\u00eda local en un enfoque nuevo y t\u00e1ctil. Descubra su obra en esta extensa monograf\u00eda. Formato: Tapa [&hellip;]<\/p>\n","protected":false},"featured_media":13049,"comment_status":"closed","ping_status":"closed","template":"","meta":{"inline_featured_image":false},"product_cat":[48,82],"product_tag":[55],"class_list":{"0":"post-13318","1":"product","2":"type-product","3":"status-publish","4":"has-post-thumbnail","6":"product_cat-arquitectura-del-paisaje","7":"product_cat-libreria","8":"product_tag-bookstore-es","10":"first","11":"instock","12":"taxable","13":"shipping-taxable","14":"purchasable","15":"product-type-simple"},"yoast_head":"<!-- This site is optimized with the Yoast SEO plugin v23.6 - https:\/\/yoast.com\/wordpress\/plugins\/seo\/ -->\n<title>KUMA complete works &#8212; Estudio Laterna<\/title>\n<meta name=\"description\" content=\"Libro en edici\u00f3n xl sobre todos los trabajos arquitect\u00f3nicos del alquitecto japon\u00e9s Kengo Kuma, mostrando todas sus creaciones\" \/>\n<meta name=\"robots\" content=\"index, follow, max-snippet:-1, max-image-preview:large, max-video-preview:-1\" \/>\n<link rel=\"canonical\" href=\"https:\/\/estudio-laterna.seiten.co\/es\/shop\/kuma-complete-works\/\" \/>\n<meta property=\"og:locale\" content=\"es_ES\" \/>\n<meta property=\"og:type\" content=\"article\" \/>\n<meta property=\"og:title\" content=\"KUMA complete works &#8212; Estudio Laterna\" \/>\n<meta property=\"og:description\" content=\"Libro en edici\u00f3n xl sobre todos los trabajos arquitect\u00f3nicos del alquitecto japon\u00e9s Kengo Kuma, mostrando todas sus creaciones\" \/>\n<meta property=\"og:url\" content=\"https:\/\/estudio-laterna.seiten.co\/es\/shop\/kuma-complete-works\/\" \/>\n<meta property=\"og:site_name\" content=\"Estudio Laterna\" \/>\n<meta property=\"article:modified_time\" content=\"2024-10-02T09:33:37+00:00\" \/>\n<meta property=\"og:image\" content=\"https:\/\/estudio-laterna.seiten.co\/wp-content\/uploads\/2024\/08\/Kuma_bookstore.jpg\" \/>\n\t<meta property=\"og:image:width\" content=\"1440\" \/>\n\t<meta property=\"og:image:height\" content=\"1440\" \/>\n\t<meta property=\"og:image:type\" content=\"image\/jpeg\" \/>\n<meta name=\"twitter:card\" content=\"summary_large_image\" \/>\n<meta name=\"twitter:label1\" content=\"Tiempo de lectura\" \/>\n\t<meta name=\"twitter:data1\" content=\"1 minuto\" \/>\n<script type=\"application\/ld+json\" class=\"yoast-schema-graph\">{\"@context\":\"https:\/\/schema.org\",\"@graph\":[{\"@type\":\"WebPage\",\"@id\":\"https:\/\/estudio-laterna.seiten.co\/es\/shop\/kuma-complete-works\/\",\"url\":\"https:\/\/estudio-laterna.seiten.co\/es\/shop\/kuma-complete-works\/\",\"name\":\"KUMA complete works &#8212; Estudio Laterna\",\"isPartOf\":{\"@id\":\"https:\/\/estudio-laterna.seiten.co\/es\/#website\"},\"primaryImageOfPage\":{\"@id\":\"https:\/\/estudio-laterna.seiten.co\/es\/shop\/kuma-complete-works\/#primaryimage\"},\"image\":{\"@id\":\"https:\/\/estudio-laterna.seiten.co\/es\/shop\/kuma-complete-works\/#primaryimage\"},\"thumbnailUrl\":\"https:\/\/estudio-laterna.seiten.co\/wp-content\/uploads\/2024\/08\/Kuma_bookstore.jpg\",\"datePublished\":\"2024-08-29T18:39:57+00:00\",\"dateModified\":\"2024-10-02T09:33:37+00:00\",\"description\":\"Libro en edici\u00f3n xl sobre todos los trabajos arquitect\u00f3nicos del alquitecto japon\u00e9s Kengo Kuma, mostrando todas sus creaciones\",\"breadcrumb\":{\"@id\":\"https:\/\/estudio-laterna.seiten.co\/es\/shop\/kuma-complete-works\/#breadcrumb\"},\"inLanguage\":\"es\",\"potentialAction\":[{\"@type\":\"ReadAction\",\"target\":[\"https:\/\/estudio-laterna.seiten.co\/es\/shop\/kuma-complete-works\/\"]}]},{\"@type\":\"ImageObject\",\"inLanguage\":\"es\",\"@id\":\"https:\/\/estudio-laterna.seiten.co\/es\/shop\/kuma-complete-works\/#primaryimage\",\"url\":\"https:\/\/estudio-laterna.seiten.co\/wp-content\/uploads\/2024\/08\/Kuma_bookstore.jpg\",\"contentUrl\":\"https:\/\/estudio-laterna.seiten.co\/wp-content\/uploads\/2024\/08\/Kuma_bookstore.jpg\",\"width\":1440,\"height\":1440},{\"@type\":\"BreadcrumbList\",\"@id\":\"https:\/\/estudio-laterna.seiten.co\/es\/shop\/kuma-complete-works\/#breadcrumb\",\"itemListElement\":[{\"@type\":\"ListItem\",\"position\":1,\"name\":\"Portada\",\"item\":\"https:\/\/estudio-laterna.seiten.co\/es\/\"},{\"@type\":\"ListItem\",\"position\":2,\"name\":\"Store\",\"item\":\"https:\/\/estudio-laterna.seiten.co\/es\/store\/\"},{\"@type\":\"ListItem\",\"position\":3,\"name\":\"KUMA complete works\"}]},{\"@type\":\"WebSite\",\"@id\":\"https:\/\/estudio-laterna.seiten.co\/es\/#website\",\"url\":\"https:\/\/estudio-laterna.seiten.co\/es\/\",\"name\":\"Estudio Laterna\",\"description\":\"Landscape architecture and gardens design\",\"publisher\":{\"@id\":\"https:\/\/estudio-laterna.seiten.co\/es\/#organization\"},\"alternateName\":\"Estudio Laterna\",\"potentialAction\":[{\"@type\":\"SearchAction\",\"target\":{\"@type\":\"EntryPoint\",\"urlTemplate\":\"https:\/\/estudio-laterna.seiten.co\/es\/?s={search_term_string}\"},\"query-input\":{\"@type\":\"PropertyValueSpecification\",\"valueRequired\":true,\"valueName\":\"search_term_string\"}}],\"inLanguage\":\"es\"},{\"@type\":\"Organization\",\"@id\":\"https:\/\/estudio-laterna.seiten.co\/es\/#organization\",\"name\":\"Estudio Laterna\",\"url\":\"https:\/\/estudio-laterna.seiten.co\/es\/\",\"logo\":{\"@type\":\"ImageObject\",\"inLanguage\":\"es\",\"@id\":\"https:\/\/estudio-laterna.seiten.co\/es\/#\/schema\/logo\/image\/\",\"url\":\"https:\/\/estudio-laterna.seiten.co\/wp-content\/uploads\/2023\/03\/estudio-laterna-3.png\",\"contentUrl\":\"https:\/\/estudio-laterna.seiten.co\/wp-content\/uploads\/2023\/03\/estudio-laterna-3.png\",\"width\":500,\"height\":166,\"caption\":\"Estudio Laterna\"},\"image\":{\"@id\":\"https:\/\/estudio-laterna.seiten.co\/es\/#\/schema\/logo\/image\/\"}}]}<\/script>\n<!-- \/ Yoast SEO plugin. -->","yoast_head_json":{"title":"KUMA complete works &#8212; Estudio Laterna","description":"Libro en edici\u00f3n xl sobre todos los trabajos arquitect\u00f3nicos del alquitecto japon\u00e9s Kengo Kuma, mostrando todas sus creaciones","robots":{"index":"index","follow":"follow","max-snippet":"max-snippet:-1","max-image-preview":"max-image-preview:large","max-video-preview":"max-video-preview:-1"},"canonical":"https:\/\/estudio-laterna.seiten.co\/es\/shop\/kuma-complete-works\/","og_locale":"es_ES","og_type":"article","og_title":"KUMA complete works &#8212; Estudio Laterna","og_description":"Libro en edici\u00f3n xl sobre todos los trabajos arquitect\u00f3nicos del alquitecto japon\u00e9s Kengo Kuma, mostrando todas sus creaciones","og_url":"https:\/\/estudio-laterna.seiten.co\/es\/shop\/kuma-complete-works\/","og_site_name":"Estudio Laterna","article_modified_time":"2024-10-02T09:33:37+00:00","og_image":[{"width":1440,"height":1440,"url":"https:\/\/estudio-laterna.seiten.co\/wp-content\/uploads\/2024\/08\/Kuma_bookstore.jpg","type":"image\/jpeg"}],"twitter_card":"summary_large_image","twitter_misc":{"Tiempo de lectura":"1 minuto"},"schema":{"@context":"https:\/\/schema.org","@graph":[{"@type":"WebPage","@id":"https:\/\/estudio-laterna.seiten.co\/es\/shop\/kuma-complete-works\/","url":"https:\/\/estudio-laterna.seiten.co\/es\/shop\/kuma-complete-works\/","name":"KUMA complete works &#8212; Estudio Laterna","isPartOf":{"@id":"https:\/\/estudio-laterna.seiten.co\/es\/#website"},"primaryImageOfPage":{"@id":"https:\/\/estudio-laterna.seiten.co\/es\/shop\/kuma-complete-works\/#primaryimage"},"image":{"@id":"https:\/\/estudio-laterna.seiten.co\/es\/shop\/kuma-complete-works\/#primaryimage"},"thumbnailUrl":"https:\/\/estudio-laterna.seiten.co\/wp-content\/uploads\/2024\/08\/Kuma_bookstore.jpg","datePublished":"2024-08-29T18:39:57+00:00","dateModified":"2024-10-02T09:33:37+00:00","description":"Libro en edici\u00f3n xl sobre todos los trabajos arquitect\u00f3nicos del alquitecto japon\u00e9s Kengo Kuma, mostrando todas sus creaciones","breadcrumb":{"@id":"https:\/\/estudio-laterna.seiten.co\/es\/shop\/kuma-complete-works\/#breadcrumb"},"inLanguage":"es","potentialAction":[{"@type":"ReadAction","target":["https:\/\/estudio-laterna.seiten.co\/es\/shop\/kuma-complete-works\/"]}]},{"@type":"ImageObject","inLanguage":"es","@id":"https:\/\/estudio-laterna.seiten.co\/es\/shop\/kuma-complete-works\/#primaryimage","url":"https:\/\/estudio-laterna.seiten.co\/wp-content\/uploads\/2024\/08\/Kuma_bookstore.jpg","contentUrl":"https:\/\/estudio-laterna.seiten.co\/wp-content\/uploads\/2024\/08\/Kuma_bookstore.jpg","width":1440,"height":1440},{"@type":"BreadcrumbList","@id":"https:\/\/estudio-laterna.seiten.co\/es\/shop\/kuma-complete-works\/#breadcrumb","itemListElement":[{"@type":"ListItem","position":1,"name":"Portada","item":"https:\/\/estudio-laterna.seiten.co\/es\/"},{"@type":"ListItem","position":2,"name":"Store","item":"https:\/\/estudio-laterna.seiten.co\/es\/store\/"},{"@type":"ListItem","position":3,"name":"KUMA complete works"}]},{"@type":"WebSite","@id":"https:\/\/estudio-laterna.seiten.co\/es\/#website","url":"https:\/\/estudio-laterna.seiten.co\/es\/","name":"Estudio Laterna","description":"Landscape architecture and gardens design","publisher":{"@id":"https:\/\/estudio-laterna.seiten.co\/es\/#organization"},"alternateName":"Estudio Laterna","potentialAction":[{"@type":"SearchAction","target":{"@type":"EntryPoint","urlTemplate":"https:\/\/estudio-laterna.seiten.co\/es\/?s={search_term_string}"},"query-input":{"@type":"PropertyValueSpecification","valueRequired":true,"valueName":"search_term_string"}}],"inLanguage":"es"},{"@type":"Organization","@id":"https:\/\/estudio-laterna.seiten.co\/es\/#organization","name":"Estudio Laterna","url":"https:\/\/estudio-laterna.seiten.co\/es\/","logo":{"@type":"ImageObject","inLanguage":"es","@id":"https:\/\/estudio-laterna.seiten.co\/es\/#\/schema\/logo\/image\/","url":"https:\/\/estudio-laterna.seiten.co\/wp-content\/uploads\/2023\/03\/estudio-laterna-3.png","contentUrl":"https:\/\/estudio-laterna.seiten.co\/wp-content\/uploads\/2023\/03\/estudio-laterna-3.png","width":500,"height":166,"caption":"Estudio Laterna"},"image":{"@id":"https:\/\/estudio-laterna.seiten.co\/es\/#\/schema\/logo\/image\/"}}]}},"_links":{"self":[{"href":"https:\/\/estudio-laterna.seiten.co\/es\/wp-json\/wp\/v2\/product\/13318","targetHints":{"allow":["GET"]}}],"collection":[{"href":"https:\/\/estudio-laterna.seiten.co\/es\/wp-json\/wp\/v2\/product"}],"about":[{"href":"https:\/\/estudio-laterna.seiten.co\/es\/wp-json\/wp\/v2\/types\/product"}],"replies":[{"embeddable":true,"href":"https:\/\/estudio-laterna.seiten.co\/es\/wp-json\/wp\/v2\/comments?post=13318"}],"version-history":[{"count":3,"href":"https:\/\/estudio-laterna.seiten.co\/es\/wp-json\/wp\/v2\/product\/13318\/revisions"}],"predecessor-version":[{"id":16146,"href":"https:\/\/estudio-laterna.seiten.co\/es\/wp-json\/wp\/v2\/product\/13318\/revisions\/16146"}],"wp:featuredmedia":[{"embeddable":true,"href":"https:\/\/estudio-laterna.seiten.co\/es\/wp-json\/wp\/v2\/media\/13049"}],"wp:attachment":[{"href":"https:\/\/estudio-laterna.seiten.co\/es\/wp-json\/wp\/v2\/media?parent=13318"}],"wp:term":[{"taxonomy":"product_cat","embeddable":true,"href":"https:\/\/estudio-laterna.seiten.co\/es\/wp-json\/wp\/v2\/product_cat?post=13318"},{"taxonomy":"product_tag","embeddable":true,"href":"https:\/\/estudio-laterna.seiten.co\/es\/wp-json\/wp\/v2\/product_tag?post=13318"}],"curies":[{"name":"wp","href":"https:\/\/api.w.org\/{rel}","templated":true}]}}