{"id":3712,"date":"2024-02-28T16:12:46","date_gmt":"2024-02-28T14:12:46","guid":{"rendered":"https:\/\/www.estudio-laterna.com\/product\/crepusculo-sobre-sa-cala\/"},"modified":"2024-03-19T13:59:08","modified_gmt":"2024-03-19T13:59:08","slug":"crepusculo-sobre-sa-cala","status":"publish","type":"product","link":"https:\/\/estudio-laterna.seiten.co\/es\/shop\/crepusculo-sobre-sa-cala\/","title":{"rendered":"Crep\u00fasculo sobre Sa Cala"},"content":{"rendered":"<p class=\"p1\">En 1961, Alexis Brown se mud\u00f3 con su marido y sus dos hijos peque\u00f1os desde la relativa sofisticaci\u00f3n de Formentera a una zona remota de Ibiza. Crep\u00fasculo sobre Sa Cala registra sus triunfos y desventuras, as\u00ed como la construcci\u00f3n del camino que un\u00eda este tranquilo rinc\u00f3n con el mundo m\u00e1s all\u00e1. Estas brillantes memorias combinan la emoci\u00f3n de viajar con la comprensi\u00f3n m\u00e1s profunda que proviene de una residencia prolongada.  <span class=\"Apple-converted-space\"> <\/span><\/p>\n<p>Formato: Tapa blanda<br \/>\nTama\u00f1o: 20 cm<br \/>\nP\u00e1ginas: 202 p.<br \/>\nFecha de publicaci\u00f3n: 2008<br \/>\nEditorial: Barbary Press<br \/>\nISBN 9788461229093<\/p>\n<p class=\"p1\">\n","protected":false},"excerpt":{"rendered":"<p>En 1961, Alexis Brown se mud\u00f3 con su marido y sus dos hijos peque\u00f1os desde la relativa sofisticaci\u00f3n de Formentera a una zona remota de Ibiza. Crep\u00fasculo sobre Sa Cala registra sus triunfos y desventuras, as\u00ed como la construcci\u00f3n del camino que un\u00eda este tranquilo rinc\u00f3n con el mundo m\u00e1s all\u00e1. Estas brillantes memorias combinan [&hellip;]<\/p>\n","protected":false},"featured_media":11104,"comment_status":"closed","ping_status":"closed","template":"","meta":{"inline_featured_image":false},"product_cat":[45],"product_tag":[55],"class_list":{"0":"post-3712","1":"product","2":"type-product","3":"status-publish","4":"has-post-thumbnail","6":"product_cat-historia","7":"product_tag-bookstore-es","9":"first","10":"instock","11":"taxable","12":"shipping-taxable","13":"purchasable","14":"product-type-simple"},"yoast_head":"<!-- This site is optimized with the Yoast SEO plugin v23.6 - https:\/\/yoast.com\/wordpress\/plugins\/seo\/ -->\n<title>Crep\u00fasculo sobre Sa Cala &#8212; Estudio Laterna<\/title>\n<meta name=\"robots\" content=\"index, follow, max-snippet:-1, max-image-preview:large, max-video-preview:-1\" \/>\n<link rel=\"canonical\" href=\"https:\/\/estudio-laterna.seiten.co\/es\/shop\/crepusculo-sobre-sa-cala\/\" \/>\n<meta property=\"og:locale\" content=\"es_ES\" \/>\n<meta property=\"og:type\" content=\"article\" \/>\n<meta property=\"og:title\" content=\"Crep\u00fasculo sobre Sa Cala &#8212; Estudio Laterna\" \/>\n<meta property=\"og:description\" content=\"En 1961, Alexis Brown se mud\u00f3 con su marido y sus dos hijos peque\u00f1os desde la relativa sofisticaci\u00f3n de Formentera a una zona remota de Ibiza. Crep\u00fasculo sobre Sa Cala registra sus triunfos y desventuras, as\u00ed como la construcci\u00f3n del camino que un\u00eda este tranquilo rinc\u00f3n con el mundo m\u00e1s all\u00e1. Estas brillantes memorias combinan [&hellip;]\" \/>\n<meta property=\"og:url\" content=\"https:\/\/estudio-laterna.seiten.co\/es\/shop\/crepusculo-sobre-sa-cala\/\" \/>\n<meta property=\"og:site_name\" content=\"Estudio Laterna\" \/>\n<meta property=\"article:modified_time\" content=\"2024-03-19T13:59:08+00:00\" \/>\n<meta property=\"og:image\" content=\"https:\/\/estudio-laterna.seiten.co\/wp-content\/uploads\/2024\/03\/Crepusculo-sobre-sa-cala_book.jpg\" \/>\n\t<meta property=\"og:image:width\" content=\"1440\" \/>\n\t<meta property=\"og:image:height\" content=\"1440\" \/>\n\t<meta property=\"og:image:type\" content=\"image\/jpeg\" \/>\n<meta name=\"twitter:card\" content=\"summary_large_image\" \/>\n<script type=\"application\/ld+json\" class=\"yoast-schema-graph\">{\"@context\":\"https:\/\/schema.org\",\"@graph\":[{\"@type\":\"WebPage\",\"@id\":\"https:\/\/estudio-laterna.seiten.co\/es\/shop\/crepusculo-sobre-sa-cala\/\",\"url\":\"https:\/\/estudio-laterna.seiten.co\/es\/shop\/crepusculo-sobre-sa-cala\/\",\"name\":\"Crep\u00fasculo sobre Sa Cala &#8212; Estudio Laterna\",\"isPartOf\":{\"@id\":\"https:\/\/estudio-laterna.seiten.co\/es\/#website\"},\"primaryImageOfPage\":{\"@id\":\"https:\/\/estudio-laterna.seiten.co\/es\/shop\/crepusculo-sobre-sa-cala\/#primaryimage\"},\"image\":{\"@id\":\"https:\/\/estudio-laterna.seiten.co\/es\/shop\/crepusculo-sobre-sa-cala\/#primaryimage\"},\"thumbnailUrl\":\"https:\/\/estudio-laterna.seiten.co\/wp-content\/uploads\/2024\/03\/Crepusculo-sobre-sa-cala_book.jpg\",\"datePublished\":\"2024-02-28T14:12:46+00:00\",\"dateModified\":\"2024-03-19T13:59:08+00:00\",\"breadcrumb\":{\"@id\":\"https:\/\/estudio-laterna.seiten.co\/es\/shop\/crepusculo-sobre-sa-cala\/#breadcrumb\"},\"inLanguage\":\"es\",\"potentialAction\":[{\"@type\":\"ReadAction\",\"target\":[\"https:\/\/estudio-laterna.seiten.co\/es\/shop\/crepusculo-sobre-sa-cala\/\"]}]},{\"@type\":\"ImageObject\",\"inLanguage\":\"es\",\"@id\":\"https:\/\/estudio-laterna.seiten.co\/es\/shop\/crepusculo-sobre-sa-cala\/#primaryimage\",\"url\":\"https:\/\/estudio-laterna.seiten.co\/wp-content\/uploads\/2024\/03\/Crepusculo-sobre-sa-cala_book.jpg\",\"contentUrl\":\"https:\/\/estudio-laterna.seiten.co\/wp-content\/uploads\/2024\/03\/Crepusculo-sobre-sa-cala_book.jpg\",\"width\":1440,\"height\":1440},{\"@type\":\"BreadcrumbList\",\"@id\":\"https:\/\/estudio-laterna.seiten.co\/es\/shop\/crepusculo-sobre-sa-cala\/#breadcrumb\",\"itemListElement\":[{\"@type\":\"ListItem\",\"position\":1,\"name\":\"Portada\",\"item\":\"https:\/\/estudio-laterna.seiten.co\/es\/\"},{\"@type\":\"ListItem\",\"position\":2,\"name\":\"Store\",\"item\":\"https:\/\/estudio-laterna.seiten.co\/es\/store\/\"},{\"@type\":\"ListItem\",\"position\":3,\"name\":\"Crep\u00fasculo sobre Sa Cala\"}]},{\"@type\":\"WebSite\",\"@id\":\"https:\/\/estudio-laterna.seiten.co\/es\/#website\",\"url\":\"https:\/\/estudio-laterna.seiten.co\/es\/\",\"name\":\"Estudio Laterna\",\"description\":\"Landscape architecture and gardens design\",\"publisher\":{\"@id\":\"https:\/\/estudio-laterna.seiten.co\/es\/#organization\"},\"alternateName\":\"Estudio Laterna\",\"potentialAction\":[{\"@type\":\"SearchAction\",\"target\":{\"@type\":\"EntryPoint\",\"urlTemplate\":\"https:\/\/estudio-laterna.seiten.co\/es\/?s={search_term_string}\"},\"query-input\":{\"@type\":\"PropertyValueSpecification\",\"valueRequired\":true,\"valueName\":\"search_term_string\"}}],\"inLanguage\":\"es\"},{\"@type\":\"Organization\",\"@id\":\"https:\/\/estudio-laterna.seiten.co\/es\/#organization\",\"name\":\"Estudio Laterna\",\"url\":\"https:\/\/estudio-laterna.seiten.co\/es\/\",\"logo\":{\"@type\":\"ImageObject\",\"inLanguage\":\"es\",\"@id\":\"https:\/\/estudio-laterna.seiten.co\/es\/#\/schema\/logo\/image\/\",\"url\":\"https:\/\/estudio-laterna.seiten.co\/wp-content\/uploads\/2023\/03\/estudio-laterna-3.png\",\"contentUrl\":\"https:\/\/estudio-laterna.seiten.co\/wp-content\/uploads\/2023\/03\/estudio-laterna-3.png\",\"width\":500,\"height\":166,\"caption\":\"Estudio Laterna\"},\"image\":{\"@id\":\"https:\/\/estudio-laterna.seiten.co\/es\/#\/schema\/logo\/image\/\"}}]}<\/script>\n<!-- \/ Yoast SEO plugin. -->","yoast_head_json":{"title":"Crep\u00fasculo sobre Sa Cala &#8212; Estudio Laterna","robots":{"index":"index","follow":"follow","max-snippet":"max-snippet:-1","max-image-preview":"max-image-preview:large","max-video-preview":"max-video-preview:-1"},"canonical":"https:\/\/estudio-laterna.seiten.co\/es\/shop\/crepusculo-sobre-sa-cala\/","og_locale":"es_ES","og_type":"article","og_title":"Crep\u00fasculo sobre Sa Cala &#8212; Estudio Laterna","og_description":"En 1961, Alexis Brown se mud\u00f3 con su marido y sus dos hijos peque\u00f1os desde la relativa sofisticaci\u00f3n de Formentera a una zona remota de Ibiza. Crep\u00fasculo sobre Sa Cala registra sus triunfos y desventuras, as\u00ed como la construcci\u00f3n del camino que un\u00eda este tranquilo rinc\u00f3n con el mundo m\u00e1s all\u00e1. Estas brillantes memorias combinan [&hellip;]","og_url":"https:\/\/estudio-laterna.seiten.co\/es\/shop\/crepusculo-sobre-sa-cala\/","og_site_name":"Estudio Laterna","article_modified_time":"2024-03-19T13:59:08+00:00","og_image":[{"width":1440,"height":1440,"url":"https:\/\/estudio-laterna.seiten.co\/wp-content\/uploads\/2024\/03\/Crepusculo-sobre-sa-cala_book.jpg","type":"image\/jpeg"}],"twitter_card":"summary_large_image","schema":{"@context":"https:\/\/schema.org","@graph":[{"@type":"WebPage","@id":"https:\/\/estudio-laterna.seiten.co\/es\/shop\/crepusculo-sobre-sa-cala\/","url":"https:\/\/estudio-laterna.seiten.co\/es\/shop\/crepusculo-sobre-sa-cala\/","name":"Crep\u00fasculo sobre Sa Cala &#8212; Estudio Laterna","isPartOf":{"@id":"https:\/\/estudio-laterna.seiten.co\/es\/#website"},"primaryImageOfPage":{"@id":"https:\/\/estudio-laterna.seiten.co\/es\/shop\/crepusculo-sobre-sa-cala\/#primaryimage"},"image":{"@id":"https:\/\/estudio-laterna.seiten.co\/es\/shop\/crepusculo-sobre-sa-cala\/#primaryimage"},"thumbnailUrl":"https:\/\/estudio-laterna.seiten.co\/wp-content\/uploads\/2024\/03\/Crepusculo-sobre-sa-cala_book.jpg","datePublished":"2024-02-28T14:12:46+00:00","dateModified":"2024-03-19T13:59:08+00:00","breadcrumb":{"@id":"https:\/\/estudio-laterna.seiten.co\/es\/shop\/crepusculo-sobre-sa-cala\/#breadcrumb"},"inLanguage":"es","potentialAction":[{"@type":"ReadAction","target":["https:\/\/estudio-laterna.seiten.co\/es\/shop\/crepusculo-sobre-sa-cala\/"]}]},{"@type":"ImageObject","inLanguage":"es","@id":"https:\/\/estudio-laterna.seiten.co\/es\/shop\/crepusculo-sobre-sa-cala\/#primaryimage","url":"https:\/\/estudio-laterna.seiten.co\/wp-content\/uploads\/2024\/03\/Crepusculo-sobre-sa-cala_book.jpg","contentUrl":"https:\/\/estudio-laterna.seiten.co\/wp-content\/uploads\/2024\/03\/Crepusculo-sobre-sa-cala_book.jpg","width":1440,"height":1440},{"@type":"BreadcrumbList","@id":"https:\/\/estudio-laterna.seiten.co\/es\/shop\/crepusculo-sobre-sa-cala\/#breadcrumb","itemListElement":[{"@type":"ListItem","position":1,"name":"Portada","item":"https:\/\/estudio-laterna.seiten.co\/es\/"},{"@type":"ListItem","position":2,"name":"Store","item":"https:\/\/estudio-laterna.seiten.co\/es\/store\/"},{"@type":"ListItem","position":3,"name":"Crep\u00fasculo sobre Sa Cala"}]},{"@type":"WebSite","@id":"https:\/\/estudio-laterna.seiten.co\/es\/#website","url":"https:\/\/estudio-laterna.seiten.co\/es\/","name":"Estudio Laterna","description":"Landscape architecture and gardens design","publisher":{"@id":"https:\/\/estudio-laterna.seiten.co\/es\/#organization"},"alternateName":"Estudio Laterna","potentialAction":[{"@type":"SearchAction","target":{"@type":"EntryPoint","urlTemplate":"https:\/\/estudio-laterna.seiten.co\/es\/?s={search_term_string}"},"query-input":{"@type":"PropertyValueSpecification","valueRequired":true,"valueName":"search_term_string"}}],"inLanguage":"es"},{"@type":"Organization","@id":"https:\/\/estudio-laterna.seiten.co\/es\/#organization","name":"Estudio Laterna","url":"https:\/\/estudio-laterna.seiten.co\/es\/","logo":{"@type":"ImageObject","inLanguage":"es","@id":"https:\/\/estudio-laterna.seiten.co\/es\/#\/schema\/logo\/image\/","url":"https:\/\/estudio-laterna.seiten.co\/wp-content\/uploads\/2023\/03\/estudio-laterna-3.png","contentUrl":"https:\/\/estudio-laterna.seiten.co\/wp-content\/uploads\/2023\/03\/estudio-laterna-3.png","width":500,"height":166,"caption":"Estudio Laterna"},"image":{"@id":"https:\/\/estudio-laterna.seiten.co\/es\/#\/schema\/logo\/image\/"}}]}},"_links":{"self":[{"href":"https:\/\/estudio-laterna.seiten.co\/es\/wp-json\/wp\/v2\/product\/3712","targetHints":{"allow":["GET"]}}],"collection":[{"href":"https:\/\/estudio-laterna.seiten.co\/es\/wp-json\/wp\/v2\/product"}],"about":[{"href":"https:\/\/estudio-laterna.seiten.co\/es\/wp-json\/wp\/v2\/types\/product"}],"replies":[{"embeddable":true,"href":"https:\/\/estudio-laterna.seiten.co\/es\/wp-json\/wp\/v2\/comments?post=3712"}],"version-history":[{"count":0,"href":"https:\/\/estudio-laterna.seiten.co\/es\/wp-json\/wp\/v2\/product\/3712\/revisions"}],"wp:featuredmedia":[{"embeddable":true,"href":"https:\/\/estudio-laterna.seiten.co\/es\/wp-json\/wp\/v2\/media\/11104"}],"wp:attachment":[{"href":"https:\/\/estudio-laterna.seiten.co\/es\/wp-json\/wp\/v2\/media?parent=3712"}],"wp:term":[{"taxonomy":"product_cat","embeddable":true,"href":"https:\/\/estudio-laterna.seiten.co\/es\/wp-json\/wp\/v2\/product_cat?post=3712"},{"taxonomy":"product_tag","embeddable":true,"href":"https:\/\/estudio-laterna.seiten.co\/es\/wp-json\/wp\/v2\/product_tag?post=3712"}],"curies":[{"name":"wp","href":"https:\/\/api.w.org\/{rel}","templated":true}]}}