{"id":3717,"date":"2024-02-28T16:01:12","date_gmt":"2024-02-28T14:01:12","guid":{"rendered":"https:\/\/www.estudio-laterna.com\/product\/eivissa-%c2%b7-ibiza-a-hundred-years-of-light-shade\/"},"modified":"2024-03-19T13:59:10","modified_gmt":"2024-03-19T13:59:10","slug":"eivissa-%c2%b7-ibiza-a-hundred-years-of-light-shade","status":"publish","type":"product","link":"https:\/\/estudio-laterna.seiten.co\/es\/shop\/eivissa-%c2%b7-ibiza-a-hundred-years-of-light-shade\/","title":{"rendered":"Eivissa \u00b7 Ibiza A Hundred Years of Light &amp; Shade"},"content":{"rendered":"<p class=\"p1\">Deslumbrante es la palabra que mejor describe este libro, una obra formidable, completa y bell\u00edsima. A partir de ahora un punto de referencia imprescindible para conocer el mundo de los antepasados ibicencos. <span class=\"Apple-converted-space\"> <\/span><\/p>\n<p>Formato: Tapa dura<br \/>\nTama\u00f1o: 29 cm<br \/>\nP\u00e1ginas: 269<br \/>\nIlustraciones: 170<br \/>\nFecha de publicaci\u00f3n: 2007<br \/>\nEditorial: Barbary Press<br \/>\nISBN: 9788461102371<\/p>\n<p class=\"p1\">\n","protected":false},"excerpt":{"rendered":"<p>Deslumbrante es la palabra que mejor describe este libro, una obra formidable, completa y bell\u00edsima. A partir de ahora un punto de referencia imprescindible para conocer el mundo de los antepasados ibicencos. Formato: Tapa dura Tama\u00f1o: 29 cm P\u00e1ginas: 269 Ilustraciones: 170 Fecha de publicaci\u00f3n: 2007 Editorial: Barbary Press ISBN: 9788461102371<\/p>\n","protected":false},"featured_media":11054,"comment_status":"closed","ping_status":"closed","template":"","meta":{"inline_featured_image":false},"product_cat":[45],"product_tag":[55],"class_list":{"0":"post-3717","1":"product","2":"type-product","3":"status-publish","4":"has-post-thumbnail","6":"product_cat-historia","7":"product_tag-bookstore-es","9":"first","10":"instock","11":"taxable","12":"shipping-taxable","13":"purchasable","14":"product-type-simple"},"yoast_head":"<!-- This site is optimized with the Yoast SEO plugin v23.6 - https:\/\/yoast.com\/wordpress\/plugins\/seo\/ -->\n<title>Eivissa \u00b7 Ibiza A Hundred Years of Light &amp; Shade &#8212; Estudio Laterna<\/title>\n<meta name=\"robots\" content=\"index, follow, max-snippet:-1, max-image-preview:large, max-video-preview:-1\" \/>\n<link rel=\"canonical\" href=\"https:\/\/estudio-laterna.seiten.co\/es\/shop\/eivissa-%c2%b7-ibiza-a-hundred-years-of-light-shade\/\" \/>\n<meta property=\"og:locale\" content=\"es_ES\" \/>\n<meta property=\"og:type\" content=\"article\" \/>\n<meta property=\"og:title\" content=\"Eivissa \u00b7 Ibiza A Hundred Years of Light &amp; Shade &#8212; Estudio Laterna\" \/>\n<meta property=\"og:description\" content=\"Deslumbrante es la palabra que mejor describe este libro, una obra formidable, completa y bell\u00edsima. A partir de ahora un punto de referencia imprescindible para conocer el mundo de los antepasados ibicencos. Formato: Tapa dura Tama\u00f1o: 29 cm P\u00e1ginas: 269 Ilustraciones: 170 Fecha de publicaci\u00f3n: 2007 Editorial: Barbary Press ISBN: 9788461102371\" \/>\n<meta property=\"og:url\" content=\"https:\/\/estudio-laterna.seiten.co\/es\/shop\/eivissa-%c2%b7-ibiza-a-hundred-years-of-light-shade\/\" \/>\n<meta property=\"og:site_name\" content=\"Estudio Laterna\" \/>\n<meta property=\"article:modified_time\" content=\"2024-03-19T13:59:10+00:00\" \/>\n<meta property=\"og:image\" content=\"https:\/\/estudio-laterna.seiten.co\/wp-content\/uploads\/2024\/02\/Eivissa_book.jpg\" \/>\n\t<meta property=\"og:image:width\" content=\"1440\" \/>\n\t<meta property=\"og:image:height\" content=\"1440\" \/>\n\t<meta property=\"og:image:type\" content=\"image\/jpeg\" \/>\n<meta name=\"twitter:card\" content=\"summary_large_image\" \/>\n<script type=\"application\/ld+json\" class=\"yoast-schema-graph\">{\"@context\":\"https:\/\/schema.org\",\"@graph\":[{\"@type\":\"WebPage\",\"@id\":\"https:\/\/estudio-laterna.seiten.co\/es\/shop\/eivissa-%c2%b7-ibiza-a-hundred-years-of-light-shade\/\",\"url\":\"https:\/\/estudio-laterna.seiten.co\/es\/shop\/eivissa-%c2%b7-ibiza-a-hundred-years-of-light-shade\/\",\"name\":\"Eivissa \u00b7 Ibiza A Hundred Years of Light &amp; Shade &#8212; Estudio Laterna\",\"isPartOf\":{\"@id\":\"https:\/\/estudio-laterna.seiten.co\/es\/#website\"},\"primaryImageOfPage\":{\"@id\":\"https:\/\/estudio-laterna.seiten.co\/es\/shop\/eivissa-%c2%b7-ibiza-a-hundred-years-of-light-shade\/#primaryimage\"},\"image\":{\"@id\":\"https:\/\/estudio-laterna.seiten.co\/es\/shop\/eivissa-%c2%b7-ibiza-a-hundred-years-of-light-shade\/#primaryimage\"},\"thumbnailUrl\":\"https:\/\/estudio-laterna.seiten.co\/wp-content\/uploads\/2024\/02\/Eivissa_book.jpg\",\"datePublished\":\"2024-02-28T14:01:12+00:00\",\"dateModified\":\"2024-03-19T13:59:10+00:00\",\"breadcrumb\":{\"@id\":\"https:\/\/estudio-laterna.seiten.co\/es\/shop\/eivissa-%c2%b7-ibiza-a-hundred-years-of-light-shade\/#breadcrumb\"},\"inLanguage\":\"es\",\"potentialAction\":[{\"@type\":\"ReadAction\",\"target\":[\"https:\/\/estudio-laterna.seiten.co\/es\/shop\/eivissa-%c2%b7-ibiza-a-hundred-years-of-light-shade\/\"]}]},{\"@type\":\"ImageObject\",\"inLanguage\":\"es\",\"@id\":\"https:\/\/estudio-laterna.seiten.co\/es\/shop\/eivissa-%c2%b7-ibiza-a-hundred-years-of-light-shade\/#primaryimage\",\"url\":\"https:\/\/estudio-laterna.seiten.co\/wp-content\/uploads\/2024\/02\/Eivissa_book.jpg\",\"contentUrl\":\"https:\/\/estudio-laterna.seiten.co\/wp-content\/uploads\/2024\/02\/Eivissa_book.jpg\",\"width\":1440,\"height\":1440},{\"@type\":\"BreadcrumbList\",\"@id\":\"https:\/\/estudio-laterna.seiten.co\/es\/shop\/eivissa-%c2%b7-ibiza-a-hundred-years-of-light-shade\/#breadcrumb\",\"itemListElement\":[{\"@type\":\"ListItem\",\"position\":1,\"name\":\"Portada\",\"item\":\"https:\/\/estudio-laterna.seiten.co\/es\/\"},{\"@type\":\"ListItem\",\"position\":2,\"name\":\"Store\",\"item\":\"https:\/\/estudio-laterna.seiten.co\/es\/store\/\"},{\"@type\":\"ListItem\",\"position\":3,\"name\":\"Eivissa \u00b7 Ibiza A Hundred Years of Light &amp; Shade\"}]},{\"@type\":\"WebSite\",\"@id\":\"https:\/\/estudio-laterna.seiten.co\/es\/#website\",\"url\":\"https:\/\/estudio-laterna.seiten.co\/es\/\",\"name\":\"Estudio Laterna\",\"description\":\"Landscape architecture and gardens design\",\"publisher\":{\"@id\":\"https:\/\/estudio-laterna.seiten.co\/es\/#organization\"},\"alternateName\":\"Estudio Laterna\",\"potentialAction\":[{\"@type\":\"SearchAction\",\"target\":{\"@type\":\"EntryPoint\",\"urlTemplate\":\"https:\/\/estudio-laterna.seiten.co\/es\/?s={search_term_string}\"},\"query-input\":{\"@type\":\"PropertyValueSpecification\",\"valueRequired\":true,\"valueName\":\"search_term_string\"}}],\"inLanguage\":\"es\"},{\"@type\":\"Organization\",\"@id\":\"https:\/\/estudio-laterna.seiten.co\/es\/#organization\",\"name\":\"Estudio Laterna\",\"url\":\"https:\/\/estudio-laterna.seiten.co\/es\/\",\"logo\":{\"@type\":\"ImageObject\",\"inLanguage\":\"es\",\"@id\":\"https:\/\/estudio-laterna.seiten.co\/es\/#\/schema\/logo\/image\/\",\"url\":\"https:\/\/estudio-laterna.seiten.co\/wp-content\/uploads\/2023\/03\/estudio-laterna-3.png\",\"contentUrl\":\"https:\/\/estudio-laterna.seiten.co\/wp-content\/uploads\/2023\/03\/estudio-laterna-3.png\",\"width\":500,\"height\":166,\"caption\":\"Estudio Laterna\"},\"image\":{\"@id\":\"https:\/\/estudio-laterna.seiten.co\/es\/#\/schema\/logo\/image\/\"}}]}<\/script>\n<!-- \/ Yoast SEO plugin. -->","yoast_head_json":{"title":"Eivissa \u00b7 Ibiza A Hundred Years of Light &amp; Shade &#8212; Estudio Laterna","robots":{"index":"index","follow":"follow","max-snippet":"max-snippet:-1","max-image-preview":"max-image-preview:large","max-video-preview":"max-video-preview:-1"},"canonical":"https:\/\/estudio-laterna.seiten.co\/es\/shop\/eivissa-%c2%b7-ibiza-a-hundred-years-of-light-shade\/","og_locale":"es_ES","og_type":"article","og_title":"Eivissa \u00b7 Ibiza A Hundred Years of Light &amp; Shade &#8212; Estudio Laterna","og_description":"Deslumbrante es la palabra que mejor describe este libro, una obra formidable, completa y bell\u00edsima. A partir de ahora un punto de referencia imprescindible para conocer el mundo de los antepasados ibicencos. Formato: Tapa dura Tama\u00f1o: 29 cm P\u00e1ginas: 269 Ilustraciones: 170 Fecha de publicaci\u00f3n: 2007 Editorial: Barbary Press ISBN: 9788461102371","og_url":"https:\/\/estudio-laterna.seiten.co\/es\/shop\/eivissa-%c2%b7-ibiza-a-hundred-years-of-light-shade\/","og_site_name":"Estudio Laterna","article_modified_time":"2024-03-19T13:59:10+00:00","og_image":[{"width":1440,"height":1440,"url":"https:\/\/estudio-laterna.seiten.co\/wp-content\/uploads\/2024\/02\/Eivissa_book.jpg","type":"image\/jpeg"}],"twitter_card":"summary_large_image","schema":{"@context":"https:\/\/schema.org","@graph":[{"@type":"WebPage","@id":"https:\/\/estudio-laterna.seiten.co\/es\/shop\/eivissa-%c2%b7-ibiza-a-hundred-years-of-light-shade\/","url":"https:\/\/estudio-laterna.seiten.co\/es\/shop\/eivissa-%c2%b7-ibiza-a-hundred-years-of-light-shade\/","name":"Eivissa \u00b7 Ibiza A Hundred Years of Light &amp; Shade &#8212; Estudio Laterna","isPartOf":{"@id":"https:\/\/estudio-laterna.seiten.co\/es\/#website"},"primaryImageOfPage":{"@id":"https:\/\/estudio-laterna.seiten.co\/es\/shop\/eivissa-%c2%b7-ibiza-a-hundred-years-of-light-shade\/#primaryimage"},"image":{"@id":"https:\/\/estudio-laterna.seiten.co\/es\/shop\/eivissa-%c2%b7-ibiza-a-hundred-years-of-light-shade\/#primaryimage"},"thumbnailUrl":"https:\/\/estudio-laterna.seiten.co\/wp-content\/uploads\/2024\/02\/Eivissa_book.jpg","datePublished":"2024-02-28T14:01:12+00:00","dateModified":"2024-03-19T13:59:10+00:00","breadcrumb":{"@id":"https:\/\/estudio-laterna.seiten.co\/es\/shop\/eivissa-%c2%b7-ibiza-a-hundred-years-of-light-shade\/#breadcrumb"},"inLanguage":"es","potentialAction":[{"@type":"ReadAction","target":["https:\/\/estudio-laterna.seiten.co\/es\/shop\/eivissa-%c2%b7-ibiza-a-hundred-years-of-light-shade\/"]}]},{"@type":"ImageObject","inLanguage":"es","@id":"https:\/\/estudio-laterna.seiten.co\/es\/shop\/eivissa-%c2%b7-ibiza-a-hundred-years-of-light-shade\/#primaryimage","url":"https:\/\/estudio-laterna.seiten.co\/wp-content\/uploads\/2024\/02\/Eivissa_book.jpg","contentUrl":"https:\/\/estudio-laterna.seiten.co\/wp-content\/uploads\/2024\/02\/Eivissa_book.jpg","width":1440,"height":1440},{"@type":"BreadcrumbList","@id":"https:\/\/estudio-laterna.seiten.co\/es\/shop\/eivissa-%c2%b7-ibiza-a-hundred-years-of-light-shade\/#breadcrumb","itemListElement":[{"@type":"ListItem","position":1,"name":"Portada","item":"https:\/\/estudio-laterna.seiten.co\/es\/"},{"@type":"ListItem","position":2,"name":"Store","item":"https:\/\/estudio-laterna.seiten.co\/es\/store\/"},{"@type":"ListItem","position":3,"name":"Eivissa \u00b7 Ibiza A Hundred Years of Light &amp; Shade"}]},{"@type":"WebSite","@id":"https:\/\/estudio-laterna.seiten.co\/es\/#website","url":"https:\/\/estudio-laterna.seiten.co\/es\/","name":"Estudio Laterna","description":"Landscape architecture and gardens design","publisher":{"@id":"https:\/\/estudio-laterna.seiten.co\/es\/#organization"},"alternateName":"Estudio Laterna","potentialAction":[{"@type":"SearchAction","target":{"@type":"EntryPoint","urlTemplate":"https:\/\/estudio-laterna.seiten.co\/es\/?s={search_term_string}"},"query-input":{"@type":"PropertyValueSpecification","valueRequired":true,"valueName":"search_term_string"}}],"inLanguage":"es"},{"@type":"Organization","@id":"https:\/\/estudio-laterna.seiten.co\/es\/#organization","name":"Estudio Laterna","url":"https:\/\/estudio-laterna.seiten.co\/es\/","logo":{"@type":"ImageObject","inLanguage":"es","@id":"https:\/\/estudio-laterna.seiten.co\/es\/#\/schema\/logo\/image\/","url":"https:\/\/estudio-laterna.seiten.co\/wp-content\/uploads\/2023\/03\/estudio-laterna-3.png","contentUrl":"https:\/\/estudio-laterna.seiten.co\/wp-content\/uploads\/2023\/03\/estudio-laterna-3.png","width":500,"height":166,"caption":"Estudio Laterna"},"image":{"@id":"https:\/\/estudio-laterna.seiten.co\/es\/#\/schema\/logo\/image\/"}}]}},"_links":{"self":[{"href":"https:\/\/estudio-laterna.seiten.co\/es\/wp-json\/wp\/v2\/product\/3717","targetHints":{"allow":["GET"]}}],"collection":[{"href":"https:\/\/estudio-laterna.seiten.co\/es\/wp-json\/wp\/v2\/product"}],"about":[{"href":"https:\/\/estudio-laterna.seiten.co\/es\/wp-json\/wp\/v2\/types\/product"}],"replies":[{"embeddable":true,"href":"https:\/\/estudio-laterna.seiten.co\/es\/wp-json\/wp\/v2\/comments?post=3717"}],"version-history":[{"count":0,"href":"https:\/\/estudio-laterna.seiten.co\/es\/wp-json\/wp\/v2\/product\/3717\/revisions"}],"wp:featuredmedia":[{"embeddable":true,"href":"https:\/\/estudio-laterna.seiten.co\/es\/wp-json\/wp\/v2\/media\/11054"}],"wp:attachment":[{"href":"https:\/\/estudio-laterna.seiten.co\/es\/wp-json\/wp\/v2\/media?parent=3717"}],"wp:term":[{"taxonomy":"product_cat","embeddable":true,"href":"https:\/\/estudio-laterna.seiten.co\/es\/wp-json\/wp\/v2\/product_cat?post=3717"},{"taxonomy":"product_tag","embeddable":true,"href":"https:\/\/estudio-laterna.seiten.co\/es\/wp-json\/wp\/v2\/product_tag?post=3717"}],"curies":[{"name":"wp","href":"https:\/\/api.w.org\/{rel}","templated":true}]}}