{"id":3730,"date":"2024-02-28T15:53:15","date_gmt":"2024-02-28T13:53:15","guid":{"rendered":"https:\/\/www.estudio-laterna.com\/product\/los-colores-de-la-naturaleza-atlas-cromatico-de-los-reinos-animal-vegetal-y-mineral\/"},"modified":"2024-03-19T13:59:11","modified_gmt":"2024-03-19T13:59:11","slug":"los-colores-de-la-naturaleza-atlas-cromatico-de-los-reinos-animal-vegetal-y-mineral","status":"publish","type":"product","link":"https:\/\/estudio-laterna.seiten.co\/es\/shop\/los-colores-de-la-naturaleza-atlas-cromatico-de-los-reinos-animal-vegetal-y-mineral\/","title":{"rendered":"Los colores de la naturaleza: Atlas crom\u00e1tico de los reinos animal, vegetal y mineral"},"content":{"rendered":"<p class=\"p1\">Hace ahora m\u00e1s de doscientos a\u00f1os, Patrick Syme describi\u00f3 y complet\u00f3 La nomenclatura del color de Werner con la pretensi\u00f3n de establecer un sistema universal de referencia de los colores, el cual acab\u00f3 convirti\u00e9ndose en un recurso inestimable no s\u00f3lo para artistas, sino tambi\u00e9n para zo\u00f3logos, bot\u00e1nicos, mineralogistas, anatomistas y exploradores, incluido Charles Darwin en su famoso viaje a bordo del Beagle. Este libro pone el extraordinario volumen de Syme a disposici\u00f3n de los lectores de hoy d\u00eda en un volumen mejorado con aportaciones de destacados expertos en historia natural, m\u00e1s de mil ilustraciones de la \u00e9poca de todos los animales, plantas y minerales a los que Werner hizo referencia junto a cada muestra de color y seis p\u00e1ginas desplegables. Los colores de la naturaleza es el volumen de referencia ilustrado ideal para artistas pl\u00e1sticos, naturalistas y cualquier persona atra\u00edda por la magia del color.   <span class=\"Apple-converted-space\"> <\/span><\/p>\n<p>Formato: Tapa dura<br \/>\nTama\u00f1o: 50 x 50 x 28 cm<br \/>\nP\u00e1ginas: 290 p<br \/>\nFecha de publicaci\u00f3n: 22 March 2023<br \/>\nEditorial: Folioscopio<br \/>\nISBN-10 : 8412386175<br \/>\nISBN-13 : 978-8412386172<\/p>\n<p class=\"p1\">\n","protected":false},"excerpt":{"rendered":"<p>Hace ahora m\u00e1s de doscientos a\u00f1os, Patrick Syme describi\u00f3 y complet\u00f3 La nomenclatura del color de Werner con la pretensi\u00f3n de establecer un sistema universal de referencia de los colores, el cual acab\u00f3 convirti\u00e9ndose en un recurso inestimable no s\u00f3lo para artistas, sino tambi\u00e9n para zo\u00f3logos, bot\u00e1nicos, mineralogistas, anatomistas y exploradores, incluido Charles Darwin en [&hellip;]<\/p>\n","protected":false},"featured_media":10992,"comment_status":"closed","ping_status":"closed","template":"","meta":{"inline_featured_image":false},"product_cat":[49,82],"product_tag":[55],"class_list":{"0":"post-3730","1":"product","2":"type-product","3":"status-publish","4":"has-post-thumbnail","6":"product_cat-arte","7":"product_cat-libreria","8":"product_tag-bookstore-es","10":"first","11":"instock","12":"taxable","13":"shipping-taxable","14":"purchasable","15":"product-type-simple"},"yoast_head":"<!-- This site is optimized with the Yoast SEO plugin v23.6 - https:\/\/yoast.com\/wordpress\/plugins\/seo\/ -->\n<title>Los colores de la naturaleza: Atlas crom\u00e1tico de los reinos animal, vegetal y mineral &#8212; Estudio Laterna<\/title>\n<meta name=\"robots\" content=\"index, follow, max-snippet:-1, max-image-preview:large, max-video-preview:-1\" \/>\n<link rel=\"canonical\" href=\"https:\/\/estudio-laterna.seiten.co\/es\/shop\/los-colores-de-la-naturaleza-atlas-cromatico-de-los-reinos-animal-vegetal-y-mineral\/\" \/>\n<meta property=\"og:locale\" content=\"es_ES\" \/>\n<meta property=\"og:type\" content=\"article\" \/>\n<meta property=\"og:title\" content=\"Los colores de la naturaleza: Atlas crom\u00e1tico de los reinos animal, vegetal y mineral &#8212; Estudio Laterna\" \/>\n<meta property=\"og:description\" content=\"Hace ahora m\u00e1s de doscientos a\u00f1os, Patrick Syme describi\u00f3 y complet\u00f3 La nomenclatura del color de Werner con la pretensi\u00f3n de establecer un sistema universal de referencia de los colores, el cual acab\u00f3 convirti\u00e9ndose en un recurso inestimable no s\u00f3lo para artistas, sino tambi\u00e9n para zo\u00f3logos, bot\u00e1nicos, mineralogistas, anatomistas y exploradores, incluido Charles Darwin en [&hellip;]\" \/>\n<meta property=\"og:url\" content=\"https:\/\/estudio-laterna.seiten.co\/es\/shop\/los-colores-de-la-naturaleza-atlas-cromatico-de-los-reinos-animal-vegetal-y-mineral\/\" \/>\n<meta property=\"og:site_name\" content=\"Estudio Laterna\" \/>\n<meta property=\"article:modified_time\" content=\"2024-03-19T13:59:11+00:00\" \/>\n<meta property=\"og:image\" content=\"https:\/\/estudio-laterna.seiten.co\/wp-content\/uploads\/2024\/02\/Los-colores-de-la-naturaleza_book.jpg\" \/>\n\t<meta property=\"og:image:width\" content=\"1440\" \/>\n\t<meta property=\"og:image:height\" content=\"1440\" \/>\n\t<meta property=\"og:image:type\" content=\"image\/jpeg\" \/>\n<meta name=\"twitter:card\" content=\"summary_large_image\" \/>\n<meta name=\"twitter:label1\" content=\"Tiempo de lectura\" \/>\n\t<meta name=\"twitter:data1\" content=\"1 minuto\" \/>\n<script type=\"application\/ld+json\" class=\"yoast-schema-graph\">{\"@context\":\"https:\/\/schema.org\",\"@graph\":[{\"@type\":\"WebPage\",\"@id\":\"https:\/\/estudio-laterna.seiten.co\/es\/shop\/los-colores-de-la-naturaleza-atlas-cromatico-de-los-reinos-animal-vegetal-y-mineral\/\",\"url\":\"https:\/\/estudio-laterna.seiten.co\/es\/shop\/los-colores-de-la-naturaleza-atlas-cromatico-de-los-reinos-animal-vegetal-y-mineral\/\",\"name\":\"Los colores de la naturaleza: Atlas crom\u00e1tico de los reinos animal, vegetal y mineral &#8212; Estudio Laterna\",\"isPartOf\":{\"@id\":\"https:\/\/estudio-laterna.seiten.co\/es\/#website\"},\"primaryImageOfPage\":{\"@id\":\"https:\/\/estudio-laterna.seiten.co\/es\/shop\/los-colores-de-la-naturaleza-atlas-cromatico-de-los-reinos-animal-vegetal-y-mineral\/#primaryimage\"},\"image\":{\"@id\":\"https:\/\/estudio-laterna.seiten.co\/es\/shop\/los-colores-de-la-naturaleza-atlas-cromatico-de-los-reinos-animal-vegetal-y-mineral\/#primaryimage\"},\"thumbnailUrl\":\"https:\/\/estudio-laterna.seiten.co\/wp-content\/uploads\/2024\/02\/Los-colores-de-la-naturaleza_book.jpg\",\"datePublished\":\"2024-02-28T13:53:15+00:00\",\"dateModified\":\"2024-03-19T13:59:11+00:00\",\"breadcrumb\":{\"@id\":\"https:\/\/estudio-laterna.seiten.co\/es\/shop\/los-colores-de-la-naturaleza-atlas-cromatico-de-los-reinos-animal-vegetal-y-mineral\/#breadcrumb\"},\"inLanguage\":\"es\",\"potentialAction\":[{\"@type\":\"ReadAction\",\"target\":[\"https:\/\/estudio-laterna.seiten.co\/es\/shop\/los-colores-de-la-naturaleza-atlas-cromatico-de-los-reinos-animal-vegetal-y-mineral\/\"]}]},{\"@type\":\"ImageObject\",\"inLanguage\":\"es\",\"@id\":\"https:\/\/estudio-laterna.seiten.co\/es\/shop\/los-colores-de-la-naturaleza-atlas-cromatico-de-los-reinos-animal-vegetal-y-mineral\/#primaryimage\",\"url\":\"https:\/\/estudio-laterna.seiten.co\/wp-content\/uploads\/2024\/02\/Los-colores-de-la-naturaleza_book.jpg\",\"contentUrl\":\"https:\/\/estudio-laterna.seiten.co\/wp-content\/uploads\/2024\/02\/Los-colores-de-la-naturaleza_book.jpg\",\"width\":1440,\"height\":1440},{\"@type\":\"BreadcrumbList\",\"@id\":\"https:\/\/estudio-laterna.seiten.co\/es\/shop\/los-colores-de-la-naturaleza-atlas-cromatico-de-los-reinos-animal-vegetal-y-mineral\/#breadcrumb\",\"itemListElement\":[{\"@type\":\"ListItem\",\"position\":1,\"name\":\"Portada\",\"item\":\"https:\/\/estudio-laterna.seiten.co\/es\/\"},{\"@type\":\"ListItem\",\"position\":2,\"name\":\"Store\",\"item\":\"https:\/\/estudio-laterna.seiten.co\/es\/store\/\"},{\"@type\":\"ListItem\",\"position\":3,\"name\":\"Los colores de la naturaleza: Atlas crom\u00e1tico de los reinos animal, vegetal y mineral\"}]},{\"@type\":\"WebSite\",\"@id\":\"https:\/\/estudio-laterna.seiten.co\/es\/#website\",\"url\":\"https:\/\/estudio-laterna.seiten.co\/es\/\",\"name\":\"Estudio Laterna\",\"description\":\"Landscape architecture and gardens design\",\"publisher\":{\"@id\":\"https:\/\/estudio-laterna.seiten.co\/es\/#organization\"},\"alternateName\":\"Estudio Laterna\",\"potentialAction\":[{\"@type\":\"SearchAction\",\"target\":{\"@type\":\"EntryPoint\",\"urlTemplate\":\"https:\/\/estudio-laterna.seiten.co\/es\/?s={search_term_string}\"},\"query-input\":{\"@type\":\"PropertyValueSpecification\",\"valueRequired\":true,\"valueName\":\"search_term_string\"}}],\"inLanguage\":\"es\"},{\"@type\":\"Organization\",\"@id\":\"https:\/\/estudio-laterna.seiten.co\/es\/#organization\",\"name\":\"Estudio Laterna\",\"url\":\"https:\/\/estudio-laterna.seiten.co\/es\/\",\"logo\":{\"@type\":\"ImageObject\",\"inLanguage\":\"es\",\"@id\":\"https:\/\/estudio-laterna.seiten.co\/es\/#\/schema\/logo\/image\/\",\"url\":\"https:\/\/estudio-laterna.seiten.co\/wp-content\/uploads\/2023\/03\/estudio-laterna-3.png\",\"contentUrl\":\"https:\/\/estudio-laterna.seiten.co\/wp-content\/uploads\/2023\/03\/estudio-laterna-3.png\",\"width\":500,\"height\":166,\"caption\":\"Estudio Laterna\"},\"image\":{\"@id\":\"https:\/\/estudio-laterna.seiten.co\/es\/#\/schema\/logo\/image\/\"}}]}<\/script>\n<!-- \/ Yoast SEO plugin. -->","yoast_head_json":{"title":"Los colores de la naturaleza: Atlas crom\u00e1tico de los reinos animal, vegetal y mineral &#8212; Estudio Laterna","robots":{"index":"index","follow":"follow","max-snippet":"max-snippet:-1","max-image-preview":"max-image-preview:large","max-video-preview":"max-video-preview:-1"},"canonical":"https:\/\/estudio-laterna.seiten.co\/es\/shop\/los-colores-de-la-naturaleza-atlas-cromatico-de-los-reinos-animal-vegetal-y-mineral\/","og_locale":"es_ES","og_type":"article","og_title":"Los colores de la naturaleza: Atlas crom\u00e1tico de los reinos animal, vegetal y mineral &#8212; Estudio Laterna","og_description":"Hace ahora m\u00e1s de doscientos a\u00f1os, Patrick Syme describi\u00f3 y complet\u00f3 La nomenclatura del color de Werner con la pretensi\u00f3n de establecer un sistema universal de referencia de los colores, el cual acab\u00f3 convirti\u00e9ndose en un recurso inestimable no s\u00f3lo para artistas, sino tambi\u00e9n para zo\u00f3logos, bot\u00e1nicos, mineralogistas, anatomistas y exploradores, incluido Charles Darwin en [&hellip;]","og_url":"https:\/\/estudio-laterna.seiten.co\/es\/shop\/los-colores-de-la-naturaleza-atlas-cromatico-de-los-reinos-animal-vegetal-y-mineral\/","og_site_name":"Estudio Laterna","article_modified_time":"2024-03-19T13:59:11+00:00","og_image":[{"width":1440,"height":1440,"url":"https:\/\/estudio-laterna.seiten.co\/wp-content\/uploads\/2024\/02\/Los-colores-de-la-naturaleza_book.jpg","type":"image\/jpeg"}],"twitter_card":"summary_large_image","twitter_misc":{"Tiempo de lectura":"1 minuto"},"schema":{"@context":"https:\/\/schema.org","@graph":[{"@type":"WebPage","@id":"https:\/\/estudio-laterna.seiten.co\/es\/shop\/los-colores-de-la-naturaleza-atlas-cromatico-de-los-reinos-animal-vegetal-y-mineral\/","url":"https:\/\/estudio-laterna.seiten.co\/es\/shop\/los-colores-de-la-naturaleza-atlas-cromatico-de-los-reinos-animal-vegetal-y-mineral\/","name":"Los colores de la naturaleza: Atlas crom\u00e1tico de los reinos animal, vegetal y mineral &#8212; Estudio Laterna","isPartOf":{"@id":"https:\/\/estudio-laterna.seiten.co\/es\/#website"},"primaryImageOfPage":{"@id":"https:\/\/estudio-laterna.seiten.co\/es\/shop\/los-colores-de-la-naturaleza-atlas-cromatico-de-los-reinos-animal-vegetal-y-mineral\/#primaryimage"},"image":{"@id":"https:\/\/estudio-laterna.seiten.co\/es\/shop\/los-colores-de-la-naturaleza-atlas-cromatico-de-los-reinos-animal-vegetal-y-mineral\/#primaryimage"},"thumbnailUrl":"https:\/\/estudio-laterna.seiten.co\/wp-content\/uploads\/2024\/02\/Los-colores-de-la-naturaleza_book.jpg","datePublished":"2024-02-28T13:53:15+00:00","dateModified":"2024-03-19T13:59:11+00:00","breadcrumb":{"@id":"https:\/\/estudio-laterna.seiten.co\/es\/shop\/los-colores-de-la-naturaleza-atlas-cromatico-de-los-reinos-animal-vegetal-y-mineral\/#breadcrumb"},"inLanguage":"es","potentialAction":[{"@type":"ReadAction","target":["https:\/\/estudio-laterna.seiten.co\/es\/shop\/los-colores-de-la-naturaleza-atlas-cromatico-de-los-reinos-animal-vegetal-y-mineral\/"]}]},{"@type":"ImageObject","inLanguage":"es","@id":"https:\/\/estudio-laterna.seiten.co\/es\/shop\/los-colores-de-la-naturaleza-atlas-cromatico-de-los-reinos-animal-vegetal-y-mineral\/#primaryimage","url":"https:\/\/estudio-laterna.seiten.co\/wp-content\/uploads\/2024\/02\/Los-colores-de-la-naturaleza_book.jpg","contentUrl":"https:\/\/estudio-laterna.seiten.co\/wp-content\/uploads\/2024\/02\/Los-colores-de-la-naturaleza_book.jpg","width":1440,"height":1440},{"@type":"BreadcrumbList","@id":"https:\/\/estudio-laterna.seiten.co\/es\/shop\/los-colores-de-la-naturaleza-atlas-cromatico-de-los-reinos-animal-vegetal-y-mineral\/#breadcrumb","itemListElement":[{"@type":"ListItem","position":1,"name":"Portada","item":"https:\/\/estudio-laterna.seiten.co\/es\/"},{"@type":"ListItem","position":2,"name":"Store","item":"https:\/\/estudio-laterna.seiten.co\/es\/store\/"},{"@type":"ListItem","position":3,"name":"Los colores de la naturaleza: Atlas crom\u00e1tico de los reinos animal, vegetal y mineral"}]},{"@type":"WebSite","@id":"https:\/\/estudio-laterna.seiten.co\/es\/#website","url":"https:\/\/estudio-laterna.seiten.co\/es\/","name":"Estudio Laterna","description":"Landscape architecture and gardens design","publisher":{"@id":"https:\/\/estudio-laterna.seiten.co\/es\/#organization"},"alternateName":"Estudio Laterna","potentialAction":[{"@type":"SearchAction","target":{"@type":"EntryPoint","urlTemplate":"https:\/\/estudio-laterna.seiten.co\/es\/?s={search_term_string}"},"query-input":{"@type":"PropertyValueSpecification","valueRequired":true,"valueName":"search_term_string"}}],"inLanguage":"es"},{"@type":"Organization","@id":"https:\/\/estudio-laterna.seiten.co\/es\/#organization","name":"Estudio Laterna","url":"https:\/\/estudio-laterna.seiten.co\/es\/","logo":{"@type":"ImageObject","inLanguage":"es","@id":"https:\/\/estudio-laterna.seiten.co\/es\/#\/schema\/logo\/image\/","url":"https:\/\/estudio-laterna.seiten.co\/wp-content\/uploads\/2023\/03\/estudio-laterna-3.png","contentUrl":"https:\/\/estudio-laterna.seiten.co\/wp-content\/uploads\/2023\/03\/estudio-laterna-3.png","width":500,"height":166,"caption":"Estudio Laterna"},"image":{"@id":"https:\/\/estudio-laterna.seiten.co\/es\/#\/schema\/logo\/image\/"}}]}},"_links":{"self":[{"href":"https:\/\/estudio-laterna.seiten.co\/es\/wp-json\/wp\/v2\/product\/3730","targetHints":{"allow":["GET"]}}],"collection":[{"href":"https:\/\/estudio-laterna.seiten.co\/es\/wp-json\/wp\/v2\/product"}],"about":[{"href":"https:\/\/estudio-laterna.seiten.co\/es\/wp-json\/wp\/v2\/types\/product"}],"replies":[{"embeddable":true,"href":"https:\/\/estudio-laterna.seiten.co\/es\/wp-json\/wp\/v2\/comments?post=3730"}],"version-history":[{"count":0,"href":"https:\/\/estudio-laterna.seiten.co\/es\/wp-json\/wp\/v2\/product\/3730\/revisions"}],"wp:featuredmedia":[{"embeddable":true,"href":"https:\/\/estudio-laterna.seiten.co\/es\/wp-json\/wp\/v2\/media\/10992"}],"wp:attachment":[{"href":"https:\/\/estudio-laterna.seiten.co\/es\/wp-json\/wp\/v2\/media?parent=3730"}],"wp:term":[{"taxonomy":"product_cat","embeddable":true,"href":"https:\/\/estudio-laterna.seiten.co\/es\/wp-json\/wp\/v2\/product_cat?post=3730"},{"taxonomy":"product_tag","embeddable":true,"href":"https:\/\/estudio-laterna.seiten.co\/es\/wp-json\/wp\/v2\/product_tag?post=3730"}],"curies":[{"name":"wp","href":"https:\/\/api.w.org\/{rel}","templated":true}]}}