{"id":3733,"date":"2024-02-28T15:49:05","date_gmt":"2024-02-28T13:49:05","guid":{"rendered":"https:\/\/www.estudio-laterna.com\/product\/aves-hermosas-y-otros-tesoros-de-los-arboles-una-aventura-para-colorear\/"},"modified":"2024-03-19T13:59:12","modified_gmt":"2024-03-19T13:59:12","slug":"aves-hermosas-y-otros-tesoros-de-los-arboles-una-aventura-para-colorear","status":"publish","type":"product","link":"https:\/\/estudio-laterna.seiten.co\/es\/shop\/aves-hermosas-y-otros-tesoros-de-los-arboles-una-aventura-para-colorear\/","title":{"rendered":"Aves Hermosas y otros Tesoros De Los \u00c1rboles: Una aventura para colorear"},"content":{"rendered":"<p class=\"p1\">En estas p\u00e1ginas descubrir\u00e1 una variedad de aves y otros animales de todos los rincones del planeta. Desde las aves lira de los tr\u00f3picos australianos hasta el corocoro rojo de Sudam\u00e9rica, desde el panda rojo del Himalaya hasta el cercopiteco de Wolf, de \u00c1frica central. Tambi\u00e9n se han incluido algunas de las especies europeas, como el mirlo, el choch\u00edn, el herrerillo y el camachuelo, junto a los gorriones pendencieros y los valientes petirrojos, que se enfrentar\u00e1n en duelo a cualquiera que les rete, \u00a1sin importar el tama\u00f1o!   \u00a1Qu\u00e9 intr\u00e9pidos!<span class=\"Apple-converted-space\"> <\/span><\/p>\n<p>Formato: Tapa blanda<br \/>\nP\u00e1ginas: 96 pp<br \/>\nFecha de publicaci\u00f3n: 13 October 2020<br \/>\nEditorial: Blume (Naturart)<br \/>\nISBN-13: 978-8416965939<\/p>\n<p class=\"p1\">\n","protected":false},"excerpt":{"rendered":"<p>En estas p\u00e1ginas descubrir\u00e1 una variedad de aves y otros animales de todos los rincones del planeta. Desde las aves lira de los tr\u00f3picos australianos hasta el corocoro rojo de Sudam\u00e9rica, desde el panda rojo del Himalaya hasta el cercopiteco de Wolf, de \u00c1frica central. Tambi\u00e9n se han incluido algunas de las especies europeas, como [&hellip;]<\/p>\n","protected":false},"featured_media":11067,"comment_status":"closed","ping_status":"closed","template":"","meta":{"inline_featured_image":false},"product_cat":[46],"product_tag":[55],"class_list":{"0":"post-3733","1":"product","2":"type-product","3":"status-publish","4":"has-post-thumbnail","6":"product_cat-ninos","7":"product_tag-bookstore-es","9":"first","10":"instock","11":"taxable","12":"shipping-taxable","13":"purchasable","14":"product-type-simple"},"yoast_head":"<!-- This site is optimized with the Yoast SEO plugin v23.6 - https:\/\/yoast.com\/wordpress\/plugins\/seo\/ -->\n<title>Aves Hermosas y otros Tesoros De Los \u00c1rboles: Una aventura para colorear &#8212; Estudio Laterna<\/title>\n<meta name=\"robots\" content=\"index, follow, max-snippet:-1, max-image-preview:large, max-video-preview:-1\" \/>\n<link rel=\"canonical\" href=\"https:\/\/estudio-laterna.seiten.co\/es\/shop\/aves-hermosas-y-otros-tesoros-de-los-arboles-una-aventura-para-colorear\/\" \/>\n<meta property=\"og:locale\" content=\"es_ES\" \/>\n<meta property=\"og:type\" content=\"article\" \/>\n<meta property=\"og:title\" content=\"Aves Hermosas y otros Tesoros De Los \u00c1rboles: Una aventura para colorear &#8212; Estudio Laterna\" \/>\n<meta property=\"og:description\" content=\"En estas p\u00e1ginas descubrir\u00e1 una variedad de aves y otros animales de todos los rincones del planeta. Desde las aves lira de los tr\u00f3picos australianos hasta el corocoro rojo de Sudam\u00e9rica, desde el panda rojo del Himalaya hasta el cercopiteco de Wolf, de \u00c1frica central. Tambi\u00e9n se han incluido algunas de las especies europeas, como [&hellip;]\" \/>\n<meta property=\"og:url\" content=\"https:\/\/estudio-laterna.seiten.co\/es\/shop\/aves-hermosas-y-otros-tesoros-de-los-arboles-una-aventura-para-colorear\/\" \/>\n<meta property=\"og:site_name\" content=\"Estudio Laterna\" \/>\n<meta property=\"article:modified_time\" content=\"2024-03-19T13:59:12+00:00\" \/>\n<meta property=\"og:image\" content=\"https:\/\/estudio-laterna.seiten.co\/wp-content\/uploads\/2024\/02\/Aves-hermosas-y-otros-tesoros-de-los-arboles_book.jpg\" \/>\n\t<meta property=\"og:image:width\" content=\"1440\" \/>\n\t<meta property=\"og:image:height\" content=\"1440\" \/>\n\t<meta property=\"og:image:type\" content=\"image\/jpeg\" \/>\n<meta name=\"twitter:card\" content=\"summary_large_image\" \/>\n<meta name=\"twitter:label1\" content=\"Tiempo de lectura\" \/>\n\t<meta name=\"twitter:data1\" content=\"1 minuto\" \/>\n<script type=\"application\/ld+json\" class=\"yoast-schema-graph\">{\"@context\":\"https:\/\/schema.org\",\"@graph\":[{\"@type\":\"WebPage\",\"@id\":\"https:\/\/estudio-laterna.seiten.co\/es\/shop\/aves-hermosas-y-otros-tesoros-de-los-arboles-una-aventura-para-colorear\/\",\"url\":\"https:\/\/estudio-laterna.seiten.co\/es\/shop\/aves-hermosas-y-otros-tesoros-de-los-arboles-una-aventura-para-colorear\/\",\"name\":\"Aves Hermosas y otros Tesoros De Los \u00c1rboles: Una aventura para colorear &#8212; Estudio Laterna\",\"isPartOf\":{\"@id\":\"https:\/\/estudio-laterna.seiten.co\/es\/#website\"},\"primaryImageOfPage\":{\"@id\":\"https:\/\/estudio-laterna.seiten.co\/es\/shop\/aves-hermosas-y-otros-tesoros-de-los-arboles-una-aventura-para-colorear\/#primaryimage\"},\"image\":{\"@id\":\"https:\/\/estudio-laterna.seiten.co\/es\/shop\/aves-hermosas-y-otros-tesoros-de-los-arboles-una-aventura-para-colorear\/#primaryimage\"},\"thumbnailUrl\":\"https:\/\/estudio-laterna.seiten.co\/wp-content\/uploads\/2024\/02\/Aves-hermosas-y-otros-tesoros-de-los-arboles_book.jpg\",\"datePublished\":\"2024-02-28T13:49:05+00:00\",\"dateModified\":\"2024-03-19T13:59:12+00:00\",\"breadcrumb\":{\"@id\":\"https:\/\/estudio-laterna.seiten.co\/es\/shop\/aves-hermosas-y-otros-tesoros-de-los-arboles-una-aventura-para-colorear\/#breadcrumb\"},\"inLanguage\":\"es\",\"potentialAction\":[{\"@type\":\"ReadAction\",\"target\":[\"https:\/\/estudio-laterna.seiten.co\/es\/shop\/aves-hermosas-y-otros-tesoros-de-los-arboles-una-aventura-para-colorear\/\"]}]},{\"@type\":\"ImageObject\",\"inLanguage\":\"es\",\"@id\":\"https:\/\/estudio-laterna.seiten.co\/es\/shop\/aves-hermosas-y-otros-tesoros-de-los-arboles-una-aventura-para-colorear\/#primaryimage\",\"url\":\"https:\/\/estudio-laterna.seiten.co\/wp-content\/uploads\/2024\/02\/Aves-hermosas-y-otros-tesoros-de-los-arboles_book.jpg\",\"contentUrl\":\"https:\/\/estudio-laterna.seiten.co\/wp-content\/uploads\/2024\/02\/Aves-hermosas-y-otros-tesoros-de-los-arboles_book.jpg\",\"width\":1440,\"height\":1440},{\"@type\":\"BreadcrumbList\",\"@id\":\"https:\/\/estudio-laterna.seiten.co\/es\/shop\/aves-hermosas-y-otros-tesoros-de-los-arboles-una-aventura-para-colorear\/#breadcrumb\",\"itemListElement\":[{\"@type\":\"ListItem\",\"position\":1,\"name\":\"Portada\",\"item\":\"https:\/\/estudio-laterna.seiten.co\/es\/\"},{\"@type\":\"ListItem\",\"position\":2,\"name\":\"Store\",\"item\":\"https:\/\/estudio-laterna.seiten.co\/es\/store\/\"},{\"@type\":\"ListItem\",\"position\":3,\"name\":\"Aves Hermosas y otros Tesoros De Los \u00c1rboles: Una aventura para colorear\"}]},{\"@type\":\"WebSite\",\"@id\":\"https:\/\/estudio-laterna.seiten.co\/es\/#website\",\"url\":\"https:\/\/estudio-laterna.seiten.co\/es\/\",\"name\":\"Estudio Laterna\",\"description\":\"Landscape architecture and gardens design\",\"publisher\":{\"@id\":\"https:\/\/estudio-laterna.seiten.co\/es\/#organization\"},\"alternateName\":\"Estudio Laterna\",\"potentialAction\":[{\"@type\":\"SearchAction\",\"target\":{\"@type\":\"EntryPoint\",\"urlTemplate\":\"https:\/\/estudio-laterna.seiten.co\/es\/?s={search_term_string}\"},\"query-input\":{\"@type\":\"PropertyValueSpecification\",\"valueRequired\":true,\"valueName\":\"search_term_string\"}}],\"inLanguage\":\"es\"},{\"@type\":\"Organization\",\"@id\":\"https:\/\/estudio-laterna.seiten.co\/es\/#organization\",\"name\":\"Estudio Laterna\",\"url\":\"https:\/\/estudio-laterna.seiten.co\/es\/\",\"logo\":{\"@type\":\"ImageObject\",\"inLanguage\":\"es\",\"@id\":\"https:\/\/estudio-laterna.seiten.co\/es\/#\/schema\/logo\/image\/\",\"url\":\"https:\/\/estudio-laterna.seiten.co\/wp-content\/uploads\/2023\/03\/estudio-laterna-3.png\",\"contentUrl\":\"https:\/\/estudio-laterna.seiten.co\/wp-content\/uploads\/2023\/03\/estudio-laterna-3.png\",\"width\":500,\"height\":166,\"caption\":\"Estudio Laterna\"},\"image\":{\"@id\":\"https:\/\/estudio-laterna.seiten.co\/es\/#\/schema\/logo\/image\/\"}}]}<\/script>\n<!-- \/ Yoast SEO plugin. -->","yoast_head_json":{"title":"Aves Hermosas y otros Tesoros De Los \u00c1rboles: Una aventura para colorear &#8212; Estudio Laterna","robots":{"index":"index","follow":"follow","max-snippet":"max-snippet:-1","max-image-preview":"max-image-preview:large","max-video-preview":"max-video-preview:-1"},"canonical":"https:\/\/estudio-laterna.seiten.co\/es\/shop\/aves-hermosas-y-otros-tesoros-de-los-arboles-una-aventura-para-colorear\/","og_locale":"es_ES","og_type":"article","og_title":"Aves Hermosas y otros Tesoros De Los \u00c1rboles: Una aventura para colorear &#8212; Estudio Laterna","og_description":"En estas p\u00e1ginas descubrir\u00e1 una variedad de aves y otros animales de todos los rincones del planeta. Desde las aves lira de los tr\u00f3picos australianos hasta el corocoro rojo de Sudam\u00e9rica, desde el panda rojo del Himalaya hasta el cercopiteco de Wolf, de \u00c1frica central. Tambi\u00e9n se han incluido algunas de las especies europeas, como [&hellip;]","og_url":"https:\/\/estudio-laterna.seiten.co\/es\/shop\/aves-hermosas-y-otros-tesoros-de-los-arboles-una-aventura-para-colorear\/","og_site_name":"Estudio Laterna","article_modified_time":"2024-03-19T13:59:12+00:00","og_image":[{"width":1440,"height":1440,"url":"https:\/\/estudio-laterna.seiten.co\/wp-content\/uploads\/2024\/02\/Aves-hermosas-y-otros-tesoros-de-los-arboles_book.jpg","type":"image\/jpeg"}],"twitter_card":"summary_large_image","twitter_misc":{"Tiempo de lectura":"1 minuto"},"schema":{"@context":"https:\/\/schema.org","@graph":[{"@type":"WebPage","@id":"https:\/\/estudio-laterna.seiten.co\/es\/shop\/aves-hermosas-y-otros-tesoros-de-los-arboles-una-aventura-para-colorear\/","url":"https:\/\/estudio-laterna.seiten.co\/es\/shop\/aves-hermosas-y-otros-tesoros-de-los-arboles-una-aventura-para-colorear\/","name":"Aves Hermosas y otros Tesoros De Los \u00c1rboles: Una aventura para colorear &#8212; Estudio Laterna","isPartOf":{"@id":"https:\/\/estudio-laterna.seiten.co\/es\/#website"},"primaryImageOfPage":{"@id":"https:\/\/estudio-laterna.seiten.co\/es\/shop\/aves-hermosas-y-otros-tesoros-de-los-arboles-una-aventura-para-colorear\/#primaryimage"},"image":{"@id":"https:\/\/estudio-laterna.seiten.co\/es\/shop\/aves-hermosas-y-otros-tesoros-de-los-arboles-una-aventura-para-colorear\/#primaryimage"},"thumbnailUrl":"https:\/\/estudio-laterna.seiten.co\/wp-content\/uploads\/2024\/02\/Aves-hermosas-y-otros-tesoros-de-los-arboles_book.jpg","datePublished":"2024-02-28T13:49:05+00:00","dateModified":"2024-03-19T13:59:12+00:00","breadcrumb":{"@id":"https:\/\/estudio-laterna.seiten.co\/es\/shop\/aves-hermosas-y-otros-tesoros-de-los-arboles-una-aventura-para-colorear\/#breadcrumb"},"inLanguage":"es","potentialAction":[{"@type":"ReadAction","target":["https:\/\/estudio-laterna.seiten.co\/es\/shop\/aves-hermosas-y-otros-tesoros-de-los-arboles-una-aventura-para-colorear\/"]}]},{"@type":"ImageObject","inLanguage":"es","@id":"https:\/\/estudio-laterna.seiten.co\/es\/shop\/aves-hermosas-y-otros-tesoros-de-los-arboles-una-aventura-para-colorear\/#primaryimage","url":"https:\/\/estudio-laterna.seiten.co\/wp-content\/uploads\/2024\/02\/Aves-hermosas-y-otros-tesoros-de-los-arboles_book.jpg","contentUrl":"https:\/\/estudio-laterna.seiten.co\/wp-content\/uploads\/2024\/02\/Aves-hermosas-y-otros-tesoros-de-los-arboles_book.jpg","width":1440,"height":1440},{"@type":"BreadcrumbList","@id":"https:\/\/estudio-laterna.seiten.co\/es\/shop\/aves-hermosas-y-otros-tesoros-de-los-arboles-una-aventura-para-colorear\/#breadcrumb","itemListElement":[{"@type":"ListItem","position":1,"name":"Portada","item":"https:\/\/estudio-laterna.seiten.co\/es\/"},{"@type":"ListItem","position":2,"name":"Store","item":"https:\/\/estudio-laterna.seiten.co\/es\/store\/"},{"@type":"ListItem","position":3,"name":"Aves Hermosas y otros Tesoros De Los \u00c1rboles: Una aventura para colorear"}]},{"@type":"WebSite","@id":"https:\/\/estudio-laterna.seiten.co\/es\/#website","url":"https:\/\/estudio-laterna.seiten.co\/es\/","name":"Estudio Laterna","description":"Landscape architecture and gardens design","publisher":{"@id":"https:\/\/estudio-laterna.seiten.co\/es\/#organization"},"alternateName":"Estudio Laterna","potentialAction":[{"@type":"SearchAction","target":{"@type":"EntryPoint","urlTemplate":"https:\/\/estudio-laterna.seiten.co\/es\/?s={search_term_string}"},"query-input":{"@type":"PropertyValueSpecification","valueRequired":true,"valueName":"search_term_string"}}],"inLanguage":"es"},{"@type":"Organization","@id":"https:\/\/estudio-laterna.seiten.co\/es\/#organization","name":"Estudio Laterna","url":"https:\/\/estudio-laterna.seiten.co\/es\/","logo":{"@type":"ImageObject","inLanguage":"es","@id":"https:\/\/estudio-laterna.seiten.co\/es\/#\/schema\/logo\/image\/","url":"https:\/\/estudio-laterna.seiten.co\/wp-content\/uploads\/2023\/03\/estudio-laterna-3.png","contentUrl":"https:\/\/estudio-laterna.seiten.co\/wp-content\/uploads\/2023\/03\/estudio-laterna-3.png","width":500,"height":166,"caption":"Estudio Laterna"},"image":{"@id":"https:\/\/estudio-laterna.seiten.co\/es\/#\/schema\/logo\/image\/"}}]}},"_links":{"self":[{"href":"https:\/\/estudio-laterna.seiten.co\/es\/wp-json\/wp\/v2\/product\/3733","targetHints":{"allow":["GET"]}}],"collection":[{"href":"https:\/\/estudio-laterna.seiten.co\/es\/wp-json\/wp\/v2\/product"}],"about":[{"href":"https:\/\/estudio-laterna.seiten.co\/es\/wp-json\/wp\/v2\/types\/product"}],"replies":[{"embeddable":true,"href":"https:\/\/estudio-laterna.seiten.co\/es\/wp-json\/wp\/v2\/comments?post=3733"}],"version-history":[{"count":0,"href":"https:\/\/estudio-laterna.seiten.co\/es\/wp-json\/wp\/v2\/product\/3733\/revisions"}],"wp:featuredmedia":[{"embeddable":true,"href":"https:\/\/estudio-laterna.seiten.co\/es\/wp-json\/wp\/v2\/media\/11067"}],"wp:attachment":[{"href":"https:\/\/estudio-laterna.seiten.co\/es\/wp-json\/wp\/v2\/media?parent=3733"}],"wp:term":[{"taxonomy":"product_cat","embeddable":true,"href":"https:\/\/estudio-laterna.seiten.co\/es\/wp-json\/wp\/v2\/product_cat?post=3733"},{"taxonomy":"product_tag","embeddable":true,"href":"https:\/\/estudio-laterna.seiten.co\/es\/wp-json\/wp\/v2\/product_tag?post=3733"}],"curies":[{"name":"wp","href":"https:\/\/api.w.org\/{rel}","templated":true}]}}