{"id":5047,"date":"2024-02-28T14:50:24","date_gmt":"2024-02-28T12:50:24","guid":{"rendered":"https:\/\/www.estudio-laterna.com\/product\/chaumet-drawing-from-nature\/"},"modified":"2024-03-19T13:59:19","modified_gmt":"2024-03-19T13:59:19","slug":"chaumet-drawing-from-nature","status":"publish","type":"product","link":"https:\/\/estudio-laterna.seiten.co\/es\/shop\/chaumet-drawing-from-nature\/","title":{"rendered":"Chaumet Drawing from Nature"},"content":{"rendered":"<p class=\"p1\">Una deslumbrante celebraci\u00f3n de los dibujos con temas de naturaleza creados por la casa parisina de alta joyer\u00eda Chaumet desde el siglo XVIII hasta la actualidad. Desde la fundaci\u00f3n de la Maison Chaumet en Par\u00eds en 1780, cada generaci\u00f3n de sus joyeros ha buscado inspiraci\u00f3n en el mundo natural, imaginando vides con incrustaciones de rub\u00edes, delicadas tiaras con coronas de laurel, llamativos destellos de diamantes y una seductora variedad de animales enjoyados. desde p\u00e1jaros y mariposas hasta serpientes, leones e incluso murci\u00e9lagos, que encarnaban el esp\u00edritu de la \u00e9poca. <span class=\"Apple-converted-space\"> <\/span><\/p>\n<p>Formato: Tapa dura<br \/>\nTama\u00f1o: 32.0 x 24.0 cm<br \/>\nP\u00e1ginas: 256 p<br \/>\nIlustraciones: 300<br \/>\nFecha de publicaci\u00f3n: 6 de Julio 2023<br \/>\nEditorial: Thames &amp; Hudson<br \/>\nISBN: 9780500023815<\/p>\n<p>&nbsp;<\/p>\n<p class=\"p1\">\n","protected":false},"excerpt":{"rendered":"<p>Una deslumbrante celebraci\u00f3n de los dibujos con temas de naturaleza creados por la casa parisina de alta joyer\u00eda Chaumet desde el siglo XVIII hasta la actualidad. Desde la fundaci\u00f3n de la Maison Chaumet en Par\u00eds en 1780, cada generaci\u00f3n de sus joyeros ha buscado inspiraci\u00f3n en el mundo natural, imaginando vides con incrustaciones de rub\u00edes, [&hellip;]<\/p>\n","protected":false},"featured_media":10990,"comment_status":"closed","ping_status":"closed","template":"","meta":{"inline_featured_image":false},"product_cat":[50],"product_tag":[55],"class_list":{"0":"post-5047","1":"product","2":"type-product","3":"status-publish","4":"has-post-thumbnail","6":"product_cat-diseno","7":"product_tag-bookstore-es","9":"first","10":"instock","11":"taxable","12":"shipping-taxable","13":"purchasable","14":"product-type-simple"},"yoast_head":"<!-- This site is optimized with the Yoast SEO plugin v23.6 - https:\/\/yoast.com\/wordpress\/plugins\/seo\/ -->\n<title>Chaumet Drawing from Nature &#8212; Estudio Laterna<\/title>\n<meta name=\"robots\" content=\"index, follow, max-snippet:-1, max-image-preview:large, max-video-preview:-1\" \/>\n<link rel=\"canonical\" href=\"https:\/\/estudio-laterna.seiten.co\/es\/shop\/chaumet-drawing-from-nature\/\" \/>\n<meta property=\"og:locale\" content=\"es_ES\" \/>\n<meta property=\"og:type\" content=\"article\" \/>\n<meta property=\"og:title\" content=\"Chaumet Drawing from Nature &#8212; Estudio Laterna\" \/>\n<meta property=\"og:description\" content=\"Una deslumbrante celebraci\u00f3n de los dibujos con temas de naturaleza creados por la casa parisina de alta joyer\u00eda Chaumet desde el siglo XVIII hasta la actualidad. Desde la fundaci\u00f3n de la Maison Chaumet en Par\u00eds en 1780, cada generaci\u00f3n de sus joyeros ha buscado inspiraci\u00f3n en el mundo natural, imaginando vides con incrustaciones de rub\u00edes, [&hellip;]\" \/>\n<meta property=\"og:url\" content=\"https:\/\/estudio-laterna.seiten.co\/es\/shop\/chaumet-drawing-from-nature\/\" \/>\n<meta property=\"og:site_name\" content=\"Estudio Laterna\" \/>\n<meta property=\"article:modified_time\" content=\"2024-03-19T13:59:19+00:00\" \/>\n<meta property=\"og:image\" content=\"https:\/\/estudio-laterna.seiten.co\/wp-content\/uploads\/2024\/02\/Chaumet_drawing-from-nature_book.jpg\" \/>\n\t<meta property=\"og:image:width\" content=\"1440\" \/>\n\t<meta property=\"og:image:height\" content=\"1440\" \/>\n\t<meta property=\"og:image:type\" content=\"image\/jpeg\" \/>\n<meta name=\"twitter:card\" content=\"summary_large_image\" \/>\n<meta name=\"twitter:label1\" content=\"Tiempo de lectura\" \/>\n\t<meta name=\"twitter:data1\" content=\"1 minuto\" \/>\n<script type=\"application\/ld+json\" class=\"yoast-schema-graph\">{\"@context\":\"https:\/\/schema.org\",\"@graph\":[{\"@type\":\"WebPage\",\"@id\":\"https:\/\/estudio-laterna.seiten.co\/es\/shop\/chaumet-drawing-from-nature\/\",\"url\":\"https:\/\/estudio-laterna.seiten.co\/es\/shop\/chaumet-drawing-from-nature\/\",\"name\":\"Chaumet Drawing from Nature &#8212; Estudio Laterna\",\"isPartOf\":{\"@id\":\"https:\/\/estudio-laterna.seiten.co\/es\/#website\"},\"primaryImageOfPage\":{\"@id\":\"https:\/\/estudio-laterna.seiten.co\/es\/shop\/chaumet-drawing-from-nature\/#primaryimage\"},\"image\":{\"@id\":\"https:\/\/estudio-laterna.seiten.co\/es\/shop\/chaumet-drawing-from-nature\/#primaryimage\"},\"thumbnailUrl\":\"https:\/\/estudio-laterna.seiten.co\/wp-content\/uploads\/2024\/02\/Chaumet_drawing-from-nature_book.jpg\",\"datePublished\":\"2024-02-28T12:50:24+00:00\",\"dateModified\":\"2024-03-19T13:59:19+00:00\",\"breadcrumb\":{\"@id\":\"https:\/\/estudio-laterna.seiten.co\/es\/shop\/chaumet-drawing-from-nature\/#breadcrumb\"},\"inLanguage\":\"es\",\"potentialAction\":[{\"@type\":\"ReadAction\",\"target\":[\"https:\/\/estudio-laterna.seiten.co\/es\/shop\/chaumet-drawing-from-nature\/\"]}]},{\"@type\":\"ImageObject\",\"inLanguage\":\"es\",\"@id\":\"https:\/\/estudio-laterna.seiten.co\/es\/shop\/chaumet-drawing-from-nature\/#primaryimage\",\"url\":\"https:\/\/estudio-laterna.seiten.co\/wp-content\/uploads\/2024\/02\/Chaumet_drawing-from-nature_book.jpg\",\"contentUrl\":\"https:\/\/estudio-laterna.seiten.co\/wp-content\/uploads\/2024\/02\/Chaumet_drawing-from-nature_book.jpg\",\"width\":1440,\"height\":1440},{\"@type\":\"BreadcrumbList\",\"@id\":\"https:\/\/estudio-laterna.seiten.co\/es\/shop\/chaumet-drawing-from-nature\/#breadcrumb\",\"itemListElement\":[{\"@type\":\"ListItem\",\"position\":1,\"name\":\"Portada\",\"item\":\"https:\/\/estudio-laterna.seiten.co\/es\/\"},{\"@type\":\"ListItem\",\"position\":2,\"name\":\"Store\",\"item\":\"https:\/\/estudio-laterna.seiten.co\/es\/store\/\"},{\"@type\":\"ListItem\",\"position\":3,\"name\":\"Chaumet Drawing from Nature\"}]},{\"@type\":\"WebSite\",\"@id\":\"https:\/\/estudio-laterna.seiten.co\/es\/#website\",\"url\":\"https:\/\/estudio-laterna.seiten.co\/es\/\",\"name\":\"Estudio Laterna\",\"description\":\"Landscape architecture and gardens design\",\"publisher\":{\"@id\":\"https:\/\/estudio-laterna.seiten.co\/es\/#organization\"},\"alternateName\":\"Estudio Laterna\",\"potentialAction\":[{\"@type\":\"SearchAction\",\"target\":{\"@type\":\"EntryPoint\",\"urlTemplate\":\"https:\/\/estudio-laterna.seiten.co\/es\/?s={search_term_string}\"},\"query-input\":{\"@type\":\"PropertyValueSpecification\",\"valueRequired\":true,\"valueName\":\"search_term_string\"}}],\"inLanguage\":\"es\"},{\"@type\":\"Organization\",\"@id\":\"https:\/\/estudio-laterna.seiten.co\/es\/#organization\",\"name\":\"Estudio Laterna\",\"url\":\"https:\/\/estudio-laterna.seiten.co\/es\/\",\"logo\":{\"@type\":\"ImageObject\",\"inLanguage\":\"es\",\"@id\":\"https:\/\/estudio-laterna.seiten.co\/es\/#\/schema\/logo\/image\/\",\"url\":\"https:\/\/estudio-laterna.seiten.co\/wp-content\/uploads\/2023\/03\/estudio-laterna-3.png\",\"contentUrl\":\"https:\/\/estudio-laterna.seiten.co\/wp-content\/uploads\/2023\/03\/estudio-laterna-3.png\",\"width\":500,\"height\":166,\"caption\":\"Estudio Laterna\"},\"image\":{\"@id\":\"https:\/\/estudio-laterna.seiten.co\/es\/#\/schema\/logo\/image\/\"}}]}<\/script>\n<!-- \/ Yoast SEO plugin. -->","yoast_head_json":{"title":"Chaumet Drawing from Nature &#8212; Estudio Laterna","robots":{"index":"index","follow":"follow","max-snippet":"max-snippet:-1","max-image-preview":"max-image-preview:large","max-video-preview":"max-video-preview:-1"},"canonical":"https:\/\/estudio-laterna.seiten.co\/es\/shop\/chaumet-drawing-from-nature\/","og_locale":"es_ES","og_type":"article","og_title":"Chaumet Drawing from Nature &#8212; Estudio Laterna","og_description":"Una deslumbrante celebraci\u00f3n de los dibujos con temas de naturaleza creados por la casa parisina de alta joyer\u00eda Chaumet desde el siglo XVIII hasta la actualidad. Desde la fundaci\u00f3n de la Maison Chaumet en Par\u00eds en 1780, cada generaci\u00f3n de sus joyeros ha buscado inspiraci\u00f3n en el mundo natural, imaginando vides con incrustaciones de rub\u00edes, [&hellip;]","og_url":"https:\/\/estudio-laterna.seiten.co\/es\/shop\/chaumet-drawing-from-nature\/","og_site_name":"Estudio Laterna","article_modified_time":"2024-03-19T13:59:19+00:00","og_image":[{"width":1440,"height":1440,"url":"https:\/\/estudio-laterna.seiten.co\/wp-content\/uploads\/2024\/02\/Chaumet_drawing-from-nature_book.jpg","type":"image\/jpeg"}],"twitter_card":"summary_large_image","twitter_misc":{"Tiempo de lectura":"1 minuto"},"schema":{"@context":"https:\/\/schema.org","@graph":[{"@type":"WebPage","@id":"https:\/\/estudio-laterna.seiten.co\/es\/shop\/chaumet-drawing-from-nature\/","url":"https:\/\/estudio-laterna.seiten.co\/es\/shop\/chaumet-drawing-from-nature\/","name":"Chaumet Drawing from Nature &#8212; Estudio Laterna","isPartOf":{"@id":"https:\/\/estudio-laterna.seiten.co\/es\/#website"},"primaryImageOfPage":{"@id":"https:\/\/estudio-laterna.seiten.co\/es\/shop\/chaumet-drawing-from-nature\/#primaryimage"},"image":{"@id":"https:\/\/estudio-laterna.seiten.co\/es\/shop\/chaumet-drawing-from-nature\/#primaryimage"},"thumbnailUrl":"https:\/\/estudio-laterna.seiten.co\/wp-content\/uploads\/2024\/02\/Chaumet_drawing-from-nature_book.jpg","datePublished":"2024-02-28T12:50:24+00:00","dateModified":"2024-03-19T13:59:19+00:00","breadcrumb":{"@id":"https:\/\/estudio-laterna.seiten.co\/es\/shop\/chaumet-drawing-from-nature\/#breadcrumb"},"inLanguage":"es","potentialAction":[{"@type":"ReadAction","target":["https:\/\/estudio-laterna.seiten.co\/es\/shop\/chaumet-drawing-from-nature\/"]}]},{"@type":"ImageObject","inLanguage":"es","@id":"https:\/\/estudio-laterna.seiten.co\/es\/shop\/chaumet-drawing-from-nature\/#primaryimage","url":"https:\/\/estudio-laterna.seiten.co\/wp-content\/uploads\/2024\/02\/Chaumet_drawing-from-nature_book.jpg","contentUrl":"https:\/\/estudio-laterna.seiten.co\/wp-content\/uploads\/2024\/02\/Chaumet_drawing-from-nature_book.jpg","width":1440,"height":1440},{"@type":"BreadcrumbList","@id":"https:\/\/estudio-laterna.seiten.co\/es\/shop\/chaumet-drawing-from-nature\/#breadcrumb","itemListElement":[{"@type":"ListItem","position":1,"name":"Portada","item":"https:\/\/estudio-laterna.seiten.co\/es\/"},{"@type":"ListItem","position":2,"name":"Store","item":"https:\/\/estudio-laterna.seiten.co\/es\/store\/"},{"@type":"ListItem","position":3,"name":"Chaumet Drawing from Nature"}]},{"@type":"WebSite","@id":"https:\/\/estudio-laterna.seiten.co\/es\/#website","url":"https:\/\/estudio-laterna.seiten.co\/es\/","name":"Estudio Laterna","description":"Landscape architecture and gardens design","publisher":{"@id":"https:\/\/estudio-laterna.seiten.co\/es\/#organization"},"alternateName":"Estudio Laterna","potentialAction":[{"@type":"SearchAction","target":{"@type":"EntryPoint","urlTemplate":"https:\/\/estudio-laterna.seiten.co\/es\/?s={search_term_string}"},"query-input":{"@type":"PropertyValueSpecification","valueRequired":true,"valueName":"search_term_string"}}],"inLanguage":"es"},{"@type":"Organization","@id":"https:\/\/estudio-laterna.seiten.co\/es\/#organization","name":"Estudio Laterna","url":"https:\/\/estudio-laterna.seiten.co\/es\/","logo":{"@type":"ImageObject","inLanguage":"es","@id":"https:\/\/estudio-laterna.seiten.co\/es\/#\/schema\/logo\/image\/","url":"https:\/\/estudio-laterna.seiten.co\/wp-content\/uploads\/2023\/03\/estudio-laterna-3.png","contentUrl":"https:\/\/estudio-laterna.seiten.co\/wp-content\/uploads\/2023\/03\/estudio-laterna-3.png","width":500,"height":166,"caption":"Estudio Laterna"},"image":{"@id":"https:\/\/estudio-laterna.seiten.co\/es\/#\/schema\/logo\/image\/"}}]}},"_links":{"self":[{"href":"https:\/\/estudio-laterna.seiten.co\/es\/wp-json\/wp\/v2\/product\/5047","targetHints":{"allow":["GET"]}}],"collection":[{"href":"https:\/\/estudio-laterna.seiten.co\/es\/wp-json\/wp\/v2\/product"}],"about":[{"href":"https:\/\/estudio-laterna.seiten.co\/es\/wp-json\/wp\/v2\/types\/product"}],"replies":[{"embeddable":true,"href":"https:\/\/estudio-laterna.seiten.co\/es\/wp-json\/wp\/v2\/comments?post=5047"}],"version-history":[{"count":0,"href":"https:\/\/estudio-laterna.seiten.co\/es\/wp-json\/wp\/v2\/product\/5047\/revisions"}],"wp:featuredmedia":[{"embeddable":true,"href":"https:\/\/estudio-laterna.seiten.co\/es\/wp-json\/wp\/v2\/media\/10990"}],"wp:attachment":[{"href":"https:\/\/estudio-laterna.seiten.co\/es\/wp-json\/wp\/v2\/media?parent=5047"}],"wp:term":[{"taxonomy":"product_cat","embeddable":true,"href":"https:\/\/estudio-laterna.seiten.co\/es\/wp-json\/wp\/v2\/product_cat?post=5047"},{"taxonomy":"product_tag","embeddable":true,"href":"https:\/\/estudio-laterna.seiten.co\/es\/wp-json\/wp\/v2\/product_tag?post=5047"}],"curies":[{"name":"wp","href":"https:\/\/api.w.org\/{rel}","templated":true}]}}