{"id":5049,"date":"2024-02-28T14:48:51","date_gmt":"2024-02-28T12:48:51","guid":{"rendered":"https:\/\/www.estudio-laterna.com\/product\/small-houses-interiors\/"},"modified":"2024-10-03T01:14:45","modified_gmt":"2024-10-02T23:14:45","slug":"small-houses-interiors","status":"publish","type":"product","link":"https:\/\/estudio-laterna.seiten.co\/es\/shop\/small-houses-interiors\/","title":{"rendered":"Small Houses &amp; Interiors"},"content":{"rendered":"<p class=\"p1\">Los avances m\u00e1s efectivos y atractivos en casas construidas en los \u00faltimos cinco a\u00f1os para aprovechar al m\u00e1ximo cada cent\u00edmetro de espacio. Los presupuestos ya no son lo que sol\u00edan ser, las casas son m\u00e1s peque\u00f1as y los estilos de vida est\u00e1n cambiando r\u00e1pidamente. Los clientes de hoy quieren crear una casa que sea f\u00e1cil de mantener, ambientalmente responsable y econ\u00f3mica de operar. Desde caba\u00f1as de cristal hasta casas en los \u00e1rboles revestidas de cobre, este libro presenta una colecci\u00f3n internacional de proyectos de 30 de los arquitectos y dise\u00f1adores de interiores m\u00e1s importantes del mundo. Descubra c\u00f3mo utilizar el espacio flexible y aprovechar al m\u00e1ximo un lote estrecho, c\u00f3mo utilizar cada metro cuadrado de espacio habitable y al mismo tiempo responder a las crecientes preocupaciones ecol\u00f3gicas y las crecientes facturas de energ\u00eda.<\/p>\n<p>Formato: Tapa dura<br \/>\nSize:26 x 26 cm<br \/>\nP\u00e1ginas: 336 p<br \/>\nIlustraciones: 350<br \/>\nFecha de publicaci\u00f3n: Mayo 2023<br \/>\nEditorial: Loft<\/p>\n","protected":false},"excerpt":{"rendered":"<p>Los avances m\u00e1s efectivos y atractivos en casas construidas en los \u00faltimos cinco a\u00f1os para aprovechar al m\u00e1ximo cada cent\u00edmetro de espacio. Los presupuestos ya no son lo que sol\u00edan ser, las casas son m\u00e1s peque\u00f1as y los estilos de vida est\u00e1n cambiando r\u00e1pidamente. Los clientes de hoy quieren crear una casa que sea f\u00e1cil [&hellip;]<\/p>\n","protected":false},"featured_media":11038,"comment_status":"closed","ping_status":"closed","template":"","meta":{"inline_featured_image":false},"product_cat":[48],"product_tag":[134,55],"class_list":{"0":"post-5049","1":"product","2":"type-product","3":"status-publish","4":"has-post-thumbnail","6":"product_cat-arquitectura-del-paisaje","7":"product_tag-biblioteca","8":"product_tag-bookstore-es","9":"product_shipping_class-libros","11":"first","12":"instock","13":"taxable","14":"shipping-taxable","15":"purchasable","16":"product-type-simple"},"yoast_head":"<!-- This site is optimized with the Yoast SEO plugin v23.6 - https:\/\/yoast.com\/wordpress\/plugins\/seo\/ -->\n<title>Small Houses &amp; Interiors &#8212; Estudio Laterna<\/title>\n<meta name=\"robots\" content=\"index, follow, max-snippet:-1, max-image-preview:large, max-video-preview:-1\" \/>\n<link rel=\"canonical\" href=\"https:\/\/estudio-laterna.seiten.co\/es\/shop\/small-houses-interiors\/\" \/>\n<meta property=\"og:locale\" content=\"es_ES\" \/>\n<meta property=\"og:type\" content=\"article\" \/>\n<meta property=\"og:title\" content=\"Small Houses &amp; Interiors &#8212; Estudio Laterna\" \/>\n<meta property=\"og:description\" content=\"Los avances m\u00e1s efectivos y atractivos en casas construidas en los \u00faltimos cinco a\u00f1os para aprovechar al m\u00e1ximo cada cent\u00edmetro de espacio. Los presupuestos ya no son lo que sol\u00edan ser, las casas son m\u00e1s peque\u00f1as y los estilos de vida est\u00e1n cambiando r\u00e1pidamente. Los clientes de hoy quieren crear una casa que sea f\u00e1cil [&hellip;]\" \/>\n<meta property=\"og:url\" content=\"https:\/\/estudio-laterna.seiten.co\/es\/shop\/small-houses-interiors\/\" \/>\n<meta property=\"og:site_name\" content=\"Estudio Laterna\" \/>\n<meta property=\"article:modified_time\" content=\"2024-10-02T23:14:45+00:00\" \/>\n<meta property=\"og:image\" content=\"https:\/\/estudio-laterna.seiten.co\/wp-content\/uploads\/2024\/02\/Small-house-and-interiors_book.jpg\" \/>\n\t<meta property=\"og:image:width\" content=\"1440\" \/>\n\t<meta property=\"og:image:height\" content=\"1440\" \/>\n\t<meta property=\"og:image:type\" content=\"image\/jpeg\" \/>\n<meta name=\"twitter:card\" content=\"summary_large_image\" \/>\n<meta name=\"twitter:label1\" content=\"Tiempo de lectura\" \/>\n\t<meta name=\"twitter:data1\" content=\"1 minuto\" \/>\n<script type=\"application\/ld+json\" class=\"yoast-schema-graph\">{\"@context\":\"https:\/\/schema.org\",\"@graph\":[{\"@type\":\"WebPage\",\"@id\":\"https:\/\/estudio-laterna.seiten.co\/es\/shop\/small-houses-interiors\/\",\"url\":\"https:\/\/estudio-laterna.seiten.co\/es\/shop\/small-houses-interiors\/\",\"name\":\"Small Houses &amp; Interiors &#8212; Estudio Laterna\",\"isPartOf\":{\"@id\":\"https:\/\/estudio-laterna.seiten.co\/es\/#website\"},\"primaryImageOfPage\":{\"@id\":\"https:\/\/estudio-laterna.seiten.co\/es\/shop\/small-houses-interiors\/#primaryimage\"},\"image\":{\"@id\":\"https:\/\/estudio-laterna.seiten.co\/es\/shop\/small-houses-interiors\/#primaryimage\"},\"thumbnailUrl\":\"https:\/\/estudio-laterna.seiten.co\/wp-content\/uploads\/2024\/02\/Small-house-and-interiors_book.jpg\",\"datePublished\":\"2024-02-28T12:48:51+00:00\",\"dateModified\":\"2024-10-02T23:14:45+00:00\",\"breadcrumb\":{\"@id\":\"https:\/\/estudio-laterna.seiten.co\/es\/shop\/small-houses-interiors\/#breadcrumb\"},\"inLanguage\":\"es\",\"potentialAction\":[{\"@type\":\"ReadAction\",\"target\":[\"https:\/\/estudio-laterna.seiten.co\/es\/shop\/small-houses-interiors\/\"]}]},{\"@type\":\"ImageObject\",\"inLanguage\":\"es\",\"@id\":\"https:\/\/estudio-laterna.seiten.co\/es\/shop\/small-houses-interiors\/#primaryimage\",\"url\":\"https:\/\/estudio-laterna.seiten.co\/wp-content\/uploads\/2024\/02\/Small-house-and-interiors_book.jpg\",\"contentUrl\":\"https:\/\/estudio-laterna.seiten.co\/wp-content\/uploads\/2024\/02\/Small-house-and-interiors_book.jpg\",\"width\":1440,\"height\":1440},{\"@type\":\"BreadcrumbList\",\"@id\":\"https:\/\/estudio-laterna.seiten.co\/es\/shop\/small-houses-interiors\/#breadcrumb\",\"itemListElement\":[{\"@type\":\"ListItem\",\"position\":1,\"name\":\"Portada\",\"item\":\"https:\/\/estudio-laterna.seiten.co\/es\/\"},{\"@type\":\"ListItem\",\"position\":2,\"name\":\"Store\",\"item\":\"https:\/\/estudio-laterna.seiten.co\/es\/store\/\"},{\"@type\":\"ListItem\",\"position\":3,\"name\":\"Small Houses &amp; Interiors\"}]},{\"@type\":\"WebSite\",\"@id\":\"https:\/\/estudio-laterna.seiten.co\/es\/#website\",\"url\":\"https:\/\/estudio-laterna.seiten.co\/es\/\",\"name\":\"Estudio Laterna\",\"description\":\"Landscape architecture and gardens design\",\"publisher\":{\"@id\":\"https:\/\/estudio-laterna.seiten.co\/es\/#organization\"},\"alternateName\":\"Estudio Laterna\",\"potentialAction\":[{\"@type\":\"SearchAction\",\"target\":{\"@type\":\"EntryPoint\",\"urlTemplate\":\"https:\/\/estudio-laterna.seiten.co\/es\/?s={search_term_string}\"},\"query-input\":{\"@type\":\"PropertyValueSpecification\",\"valueRequired\":true,\"valueName\":\"search_term_string\"}}],\"inLanguage\":\"es\"},{\"@type\":\"Organization\",\"@id\":\"https:\/\/estudio-laterna.seiten.co\/es\/#organization\",\"name\":\"Estudio Laterna\",\"url\":\"https:\/\/estudio-laterna.seiten.co\/es\/\",\"logo\":{\"@type\":\"ImageObject\",\"inLanguage\":\"es\",\"@id\":\"https:\/\/estudio-laterna.seiten.co\/es\/#\/schema\/logo\/image\/\",\"url\":\"https:\/\/estudio-laterna.seiten.co\/wp-content\/uploads\/2023\/03\/estudio-laterna-3.png\",\"contentUrl\":\"https:\/\/estudio-laterna.seiten.co\/wp-content\/uploads\/2023\/03\/estudio-laterna-3.png\",\"width\":500,\"height\":166,\"caption\":\"Estudio Laterna\"},\"image\":{\"@id\":\"https:\/\/estudio-laterna.seiten.co\/es\/#\/schema\/logo\/image\/\"}}]}<\/script>\n<!-- \/ Yoast SEO plugin. -->","yoast_head_json":{"title":"Small Houses &amp; Interiors &#8212; Estudio Laterna","robots":{"index":"index","follow":"follow","max-snippet":"max-snippet:-1","max-image-preview":"max-image-preview:large","max-video-preview":"max-video-preview:-1"},"canonical":"https:\/\/estudio-laterna.seiten.co\/es\/shop\/small-houses-interiors\/","og_locale":"es_ES","og_type":"article","og_title":"Small Houses &amp; Interiors &#8212; Estudio Laterna","og_description":"Los avances m\u00e1s efectivos y atractivos en casas construidas en los \u00faltimos cinco a\u00f1os para aprovechar al m\u00e1ximo cada cent\u00edmetro de espacio. Los presupuestos ya no son lo que sol\u00edan ser, las casas son m\u00e1s peque\u00f1as y los estilos de vida est\u00e1n cambiando r\u00e1pidamente. Los clientes de hoy quieren crear una casa que sea f\u00e1cil [&hellip;]","og_url":"https:\/\/estudio-laterna.seiten.co\/es\/shop\/small-houses-interiors\/","og_site_name":"Estudio Laterna","article_modified_time":"2024-10-02T23:14:45+00:00","og_image":[{"width":1440,"height":1440,"url":"https:\/\/estudio-laterna.seiten.co\/wp-content\/uploads\/2024\/02\/Small-house-and-interiors_book.jpg","type":"image\/jpeg"}],"twitter_card":"summary_large_image","twitter_misc":{"Tiempo de lectura":"1 minuto"},"schema":{"@context":"https:\/\/schema.org","@graph":[{"@type":"WebPage","@id":"https:\/\/estudio-laterna.seiten.co\/es\/shop\/small-houses-interiors\/","url":"https:\/\/estudio-laterna.seiten.co\/es\/shop\/small-houses-interiors\/","name":"Small Houses &amp; Interiors &#8212; Estudio Laterna","isPartOf":{"@id":"https:\/\/estudio-laterna.seiten.co\/es\/#website"},"primaryImageOfPage":{"@id":"https:\/\/estudio-laterna.seiten.co\/es\/shop\/small-houses-interiors\/#primaryimage"},"image":{"@id":"https:\/\/estudio-laterna.seiten.co\/es\/shop\/small-houses-interiors\/#primaryimage"},"thumbnailUrl":"https:\/\/estudio-laterna.seiten.co\/wp-content\/uploads\/2024\/02\/Small-house-and-interiors_book.jpg","datePublished":"2024-02-28T12:48:51+00:00","dateModified":"2024-10-02T23:14:45+00:00","breadcrumb":{"@id":"https:\/\/estudio-laterna.seiten.co\/es\/shop\/small-houses-interiors\/#breadcrumb"},"inLanguage":"es","potentialAction":[{"@type":"ReadAction","target":["https:\/\/estudio-laterna.seiten.co\/es\/shop\/small-houses-interiors\/"]}]},{"@type":"ImageObject","inLanguage":"es","@id":"https:\/\/estudio-laterna.seiten.co\/es\/shop\/small-houses-interiors\/#primaryimage","url":"https:\/\/estudio-laterna.seiten.co\/wp-content\/uploads\/2024\/02\/Small-house-and-interiors_book.jpg","contentUrl":"https:\/\/estudio-laterna.seiten.co\/wp-content\/uploads\/2024\/02\/Small-house-and-interiors_book.jpg","width":1440,"height":1440},{"@type":"BreadcrumbList","@id":"https:\/\/estudio-laterna.seiten.co\/es\/shop\/small-houses-interiors\/#breadcrumb","itemListElement":[{"@type":"ListItem","position":1,"name":"Portada","item":"https:\/\/estudio-laterna.seiten.co\/es\/"},{"@type":"ListItem","position":2,"name":"Store","item":"https:\/\/estudio-laterna.seiten.co\/es\/store\/"},{"@type":"ListItem","position":3,"name":"Small Houses &amp; Interiors"}]},{"@type":"WebSite","@id":"https:\/\/estudio-laterna.seiten.co\/es\/#website","url":"https:\/\/estudio-laterna.seiten.co\/es\/","name":"Estudio Laterna","description":"Landscape architecture and gardens design","publisher":{"@id":"https:\/\/estudio-laterna.seiten.co\/es\/#organization"},"alternateName":"Estudio Laterna","potentialAction":[{"@type":"SearchAction","target":{"@type":"EntryPoint","urlTemplate":"https:\/\/estudio-laterna.seiten.co\/es\/?s={search_term_string}"},"query-input":{"@type":"PropertyValueSpecification","valueRequired":true,"valueName":"search_term_string"}}],"inLanguage":"es"},{"@type":"Organization","@id":"https:\/\/estudio-laterna.seiten.co\/es\/#organization","name":"Estudio Laterna","url":"https:\/\/estudio-laterna.seiten.co\/es\/","logo":{"@type":"ImageObject","inLanguage":"es","@id":"https:\/\/estudio-laterna.seiten.co\/es\/#\/schema\/logo\/image\/","url":"https:\/\/estudio-laterna.seiten.co\/wp-content\/uploads\/2023\/03\/estudio-laterna-3.png","contentUrl":"https:\/\/estudio-laterna.seiten.co\/wp-content\/uploads\/2023\/03\/estudio-laterna-3.png","width":500,"height":166,"caption":"Estudio Laterna"},"image":{"@id":"https:\/\/estudio-laterna.seiten.co\/es\/#\/schema\/logo\/image\/"}}]}},"_links":{"self":[{"href":"https:\/\/estudio-laterna.seiten.co\/es\/wp-json\/wp\/v2\/product\/5049","targetHints":{"allow":["GET"]}}],"collection":[{"href":"https:\/\/estudio-laterna.seiten.co\/es\/wp-json\/wp\/v2\/product"}],"about":[{"href":"https:\/\/estudio-laterna.seiten.co\/es\/wp-json\/wp\/v2\/types\/product"}],"replies":[{"embeddable":true,"href":"https:\/\/estudio-laterna.seiten.co\/es\/wp-json\/wp\/v2\/comments?post=5049"}],"version-history":[{"count":1,"href":"https:\/\/estudio-laterna.seiten.co\/es\/wp-json\/wp\/v2\/product\/5049\/revisions"}],"predecessor-version":[{"id":16533,"href":"https:\/\/estudio-laterna.seiten.co\/es\/wp-json\/wp\/v2\/product\/5049\/revisions\/16533"}],"wp:featuredmedia":[{"embeddable":true,"href":"https:\/\/estudio-laterna.seiten.co\/es\/wp-json\/wp\/v2\/media\/11038"}],"wp:attachment":[{"href":"https:\/\/estudio-laterna.seiten.co\/es\/wp-json\/wp\/v2\/media?parent=5049"}],"wp:term":[{"taxonomy":"product_cat","embeddable":true,"href":"https:\/\/estudio-laterna.seiten.co\/es\/wp-json\/wp\/v2\/product_cat?post=5049"},{"taxonomy":"product_tag","embeddable":true,"href":"https:\/\/estudio-laterna.seiten.co\/es\/wp-json\/wp\/v2\/product_tag?post=5049"}],"curies":[{"name":"wp","href":"https:\/\/api.w.org\/{rel}","templated":true}]}}