{"id":5258,"date":"2024-02-28T13:14:44","date_gmt":"2024-02-28T11:14:44","guid":{"rendered":"https:\/\/www.estudio-laterna.com\/product\/psicologia-del-color\/"},"modified":"2024-10-03T01:12:06","modified_gmt":"2024-10-02T23:12:06","slug":"psicologia-del-color","status":"publish","type":"product","link":"https:\/\/estudio-laterna.seiten.co\/es\/shop\/psicologia-del-color\/","title":{"rendered":"Psicolog\u00eda del color"},"content":{"rendered":"<p class=\"p1\">Este libro aborda la relaci\u00f3n de los colores con nuestros sentimientos y demuestra c\u00f3mo ambos no se combinan de manera accidental, pues sus asociaciones no son meras cuestiones de gusto, sino experiencias universales que est\u00e1n profundamente enraizadas en nuestro lenguaje y en nuestro pensamiento. Proporciona una gran cantidad y variedad de informaci\u00f3n sobre los colores, como dichos y saberes populares, su utilizaci\u00f3n en el dise\u00f1o de productos, los diferentes tests que se basan en colores, la curaci\u00f3n por medio de ellos, la manipulaci\u00f3n de las personas, los nombres y apellidos relacionados con colores, etc.<\/p>\n<p>Formato: Tapa blanda<br \/>\nTama\u00f1o: 15.15 x 2.03 x 24.13 cm<br \/>\nP\u00e1ginas: 288 p<br \/>\nFecha de publicaci\u00f3n: 4 Octubre 2004<br \/>\nEditorial: Editorial GG<br \/>\nISBN-10: 8425219779<br \/>\nISBN-13: 978-8425219771<\/p>\n<p class=\"p1\">\n","protected":false},"excerpt":{"rendered":"<p>Este libro aborda la relaci\u00f3n de los colores con nuestros sentimientos y demuestra c\u00f3mo ambos no se combinan de manera accidental, pues sus asociaciones no son meras cuestiones de gusto, sino experiencias universales que est\u00e1n profundamente enraizadas en nuestro lenguaje y en nuestro pensamiento. Proporciona una gran cantidad y variedad de informaci\u00f3n sobre los colores, [&hellip;]<\/p>\n","protected":false},"featured_media":11073,"comment_status":"closed","ping_status":"closed","template":"","meta":{"inline_featured_image":false},"product_cat":[50],"product_tag":[134,55],"class_list":{"0":"post-5258","1":"product","2":"type-product","3":"status-publish","4":"has-post-thumbnail","6":"product_cat-diseno","7":"product_tag-biblioteca","8":"product_tag-bookstore-es","9":"product_shipping_class-libros","11":"first","12":"instock","13":"taxable","14":"shipping-taxable","15":"purchasable","16":"product-type-simple"},"yoast_head":"<!-- This site is optimized with the Yoast SEO plugin v23.6 - https:\/\/yoast.com\/wordpress\/plugins\/seo\/ -->\n<title>Psicolog\u00eda del color &#8212; Estudio Laterna<\/title>\n<meta name=\"robots\" content=\"index, follow, max-snippet:-1, max-image-preview:large, max-video-preview:-1\" \/>\n<link rel=\"canonical\" href=\"https:\/\/estudio-laterna.seiten.co\/es\/shop\/psicologia-del-color\/\" \/>\n<meta property=\"og:locale\" content=\"es_ES\" \/>\n<meta property=\"og:type\" content=\"article\" \/>\n<meta property=\"og:title\" content=\"Psicolog\u00eda del color &#8212; Estudio Laterna\" \/>\n<meta property=\"og:description\" content=\"Este libro aborda la relaci\u00f3n de los colores con nuestros sentimientos y demuestra c\u00f3mo ambos no se combinan de manera accidental, pues sus asociaciones no son meras cuestiones de gusto, sino experiencias universales que est\u00e1n profundamente enraizadas en nuestro lenguaje y en nuestro pensamiento. Proporciona una gran cantidad y variedad de informaci\u00f3n sobre los colores, [&hellip;]\" \/>\n<meta property=\"og:url\" content=\"https:\/\/estudio-laterna.seiten.co\/es\/shop\/psicologia-del-color\/\" \/>\n<meta property=\"og:site_name\" content=\"Estudio Laterna\" \/>\n<meta property=\"article:modified_time\" content=\"2024-10-02T23:12:06+00:00\" \/>\n<meta property=\"og:image\" content=\"https:\/\/estudio-laterna.seiten.co\/wp-content\/uploads\/2024\/02\/Psicologia-del-color_book.jpg\" \/>\n\t<meta property=\"og:image:width\" content=\"1440\" \/>\n\t<meta property=\"og:image:height\" content=\"1440\" \/>\n\t<meta property=\"og:image:type\" content=\"image\/jpeg\" \/>\n<meta name=\"twitter:card\" content=\"summary_large_image\" \/>\n<meta name=\"twitter:label1\" content=\"Tiempo de lectura\" \/>\n\t<meta name=\"twitter:data1\" content=\"1 minuto\" \/>\n<script type=\"application\/ld+json\" class=\"yoast-schema-graph\">{\"@context\":\"https:\/\/schema.org\",\"@graph\":[{\"@type\":\"WebPage\",\"@id\":\"https:\/\/estudio-laterna.seiten.co\/es\/shop\/psicologia-del-color\/\",\"url\":\"https:\/\/estudio-laterna.seiten.co\/es\/shop\/psicologia-del-color\/\",\"name\":\"Psicolog\u00eda del color &#8212; Estudio Laterna\",\"isPartOf\":{\"@id\":\"https:\/\/estudio-laterna.seiten.co\/es\/#website\"},\"primaryImageOfPage\":{\"@id\":\"https:\/\/estudio-laterna.seiten.co\/es\/shop\/psicologia-del-color\/#primaryimage\"},\"image\":{\"@id\":\"https:\/\/estudio-laterna.seiten.co\/es\/shop\/psicologia-del-color\/#primaryimage\"},\"thumbnailUrl\":\"https:\/\/estudio-laterna.seiten.co\/wp-content\/uploads\/2024\/02\/Psicologia-del-color_book.jpg\",\"datePublished\":\"2024-02-28T11:14:44+00:00\",\"dateModified\":\"2024-10-02T23:12:06+00:00\",\"breadcrumb\":{\"@id\":\"https:\/\/estudio-laterna.seiten.co\/es\/shop\/psicologia-del-color\/#breadcrumb\"},\"inLanguage\":\"es\",\"potentialAction\":[{\"@type\":\"ReadAction\",\"target\":[\"https:\/\/estudio-laterna.seiten.co\/es\/shop\/psicologia-del-color\/\"]}]},{\"@type\":\"ImageObject\",\"inLanguage\":\"es\",\"@id\":\"https:\/\/estudio-laterna.seiten.co\/es\/shop\/psicologia-del-color\/#primaryimage\",\"url\":\"https:\/\/estudio-laterna.seiten.co\/wp-content\/uploads\/2024\/02\/Psicologia-del-color_book.jpg\",\"contentUrl\":\"https:\/\/estudio-laterna.seiten.co\/wp-content\/uploads\/2024\/02\/Psicologia-del-color_book.jpg\",\"width\":1440,\"height\":1440},{\"@type\":\"BreadcrumbList\",\"@id\":\"https:\/\/estudio-laterna.seiten.co\/es\/shop\/psicologia-del-color\/#breadcrumb\",\"itemListElement\":[{\"@type\":\"ListItem\",\"position\":1,\"name\":\"Portada\",\"item\":\"https:\/\/estudio-laterna.seiten.co\/es\/\"},{\"@type\":\"ListItem\",\"position\":2,\"name\":\"Store\",\"item\":\"https:\/\/estudio-laterna.seiten.co\/es\/store\/\"},{\"@type\":\"ListItem\",\"position\":3,\"name\":\"Psicolog\u00eda del color\"}]},{\"@type\":\"WebSite\",\"@id\":\"https:\/\/estudio-laterna.seiten.co\/es\/#website\",\"url\":\"https:\/\/estudio-laterna.seiten.co\/es\/\",\"name\":\"Estudio Laterna\",\"description\":\"Landscape architecture and gardens design\",\"publisher\":{\"@id\":\"https:\/\/estudio-laterna.seiten.co\/es\/#organization\"},\"alternateName\":\"Estudio Laterna\",\"potentialAction\":[{\"@type\":\"SearchAction\",\"target\":{\"@type\":\"EntryPoint\",\"urlTemplate\":\"https:\/\/estudio-laterna.seiten.co\/es\/?s={search_term_string}\"},\"query-input\":{\"@type\":\"PropertyValueSpecification\",\"valueRequired\":true,\"valueName\":\"search_term_string\"}}],\"inLanguage\":\"es\"},{\"@type\":\"Organization\",\"@id\":\"https:\/\/estudio-laterna.seiten.co\/es\/#organization\",\"name\":\"Estudio Laterna\",\"url\":\"https:\/\/estudio-laterna.seiten.co\/es\/\",\"logo\":{\"@type\":\"ImageObject\",\"inLanguage\":\"es\",\"@id\":\"https:\/\/estudio-laterna.seiten.co\/es\/#\/schema\/logo\/image\/\",\"url\":\"https:\/\/estudio-laterna.seiten.co\/wp-content\/uploads\/2023\/03\/estudio-laterna-3.png\",\"contentUrl\":\"https:\/\/estudio-laterna.seiten.co\/wp-content\/uploads\/2023\/03\/estudio-laterna-3.png\",\"width\":500,\"height\":166,\"caption\":\"Estudio Laterna\"},\"image\":{\"@id\":\"https:\/\/estudio-laterna.seiten.co\/es\/#\/schema\/logo\/image\/\"}}]}<\/script>\n<!-- \/ Yoast SEO plugin. -->","yoast_head_json":{"title":"Psicolog\u00eda del color &#8212; Estudio Laterna","robots":{"index":"index","follow":"follow","max-snippet":"max-snippet:-1","max-image-preview":"max-image-preview:large","max-video-preview":"max-video-preview:-1"},"canonical":"https:\/\/estudio-laterna.seiten.co\/es\/shop\/psicologia-del-color\/","og_locale":"es_ES","og_type":"article","og_title":"Psicolog\u00eda del color &#8212; Estudio Laterna","og_description":"Este libro aborda la relaci\u00f3n de los colores con nuestros sentimientos y demuestra c\u00f3mo ambos no se combinan de manera accidental, pues sus asociaciones no son meras cuestiones de gusto, sino experiencias universales que est\u00e1n profundamente enraizadas en nuestro lenguaje y en nuestro pensamiento. Proporciona una gran cantidad y variedad de informaci\u00f3n sobre los colores, [&hellip;]","og_url":"https:\/\/estudio-laterna.seiten.co\/es\/shop\/psicologia-del-color\/","og_site_name":"Estudio Laterna","article_modified_time":"2024-10-02T23:12:06+00:00","og_image":[{"width":1440,"height":1440,"url":"https:\/\/estudio-laterna.seiten.co\/wp-content\/uploads\/2024\/02\/Psicologia-del-color_book.jpg","type":"image\/jpeg"}],"twitter_card":"summary_large_image","twitter_misc":{"Tiempo de lectura":"1 minuto"},"schema":{"@context":"https:\/\/schema.org","@graph":[{"@type":"WebPage","@id":"https:\/\/estudio-laterna.seiten.co\/es\/shop\/psicologia-del-color\/","url":"https:\/\/estudio-laterna.seiten.co\/es\/shop\/psicologia-del-color\/","name":"Psicolog\u00eda del color &#8212; Estudio Laterna","isPartOf":{"@id":"https:\/\/estudio-laterna.seiten.co\/es\/#website"},"primaryImageOfPage":{"@id":"https:\/\/estudio-laterna.seiten.co\/es\/shop\/psicologia-del-color\/#primaryimage"},"image":{"@id":"https:\/\/estudio-laterna.seiten.co\/es\/shop\/psicologia-del-color\/#primaryimage"},"thumbnailUrl":"https:\/\/estudio-laterna.seiten.co\/wp-content\/uploads\/2024\/02\/Psicologia-del-color_book.jpg","datePublished":"2024-02-28T11:14:44+00:00","dateModified":"2024-10-02T23:12:06+00:00","breadcrumb":{"@id":"https:\/\/estudio-laterna.seiten.co\/es\/shop\/psicologia-del-color\/#breadcrumb"},"inLanguage":"es","potentialAction":[{"@type":"ReadAction","target":["https:\/\/estudio-laterna.seiten.co\/es\/shop\/psicologia-del-color\/"]}]},{"@type":"ImageObject","inLanguage":"es","@id":"https:\/\/estudio-laterna.seiten.co\/es\/shop\/psicologia-del-color\/#primaryimage","url":"https:\/\/estudio-laterna.seiten.co\/wp-content\/uploads\/2024\/02\/Psicologia-del-color_book.jpg","contentUrl":"https:\/\/estudio-laterna.seiten.co\/wp-content\/uploads\/2024\/02\/Psicologia-del-color_book.jpg","width":1440,"height":1440},{"@type":"BreadcrumbList","@id":"https:\/\/estudio-laterna.seiten.co\/es\/shop\/psicologia-del-color\/#breadcrumb","itemListElement":[{"@type":"ListItem","position":1,"name":"Portada","item":"https:\/\/estudio-laterna.seiten.co\/es\/"},{"@type":"ListItem","position":2,"name":"Store","item":"https:\/\/estudio-laterna.seiten.co\/es\/store\/"},{"@type":"ListItem","position":3,"name":"Psicolog\u00eda del color"}]},{"@type":"WebSite","@id":"https:\/\/estudio-laterna.seiten.co\/es\/#website","url":"https:\/\/estudio-laterna.seiten.co\/es\/","name":"Estudio Laterna","description":"Landscape architecture and gardens design","publisher":{"@id":"https:\/\/estudio-laterna.seiten.co\/es\/#organization"},"alternateName":"Estudio Laterna","potentialAction":[{"@type":"SearchAction","target":{"@type":"EntryPoint","urlTemplate":"https:\/\/estudio-laterna.seiten.co\/es\/?s={search_term_string}"},"query-input":{"@type":"PropertyValueSpecification","valueRequired":true,"valueName":"search_term_string"}}],"inLanguage":"es"},{"@type":"Organization","@id":"https:\/\/estudio-laterna.seiten.co\/es\/#organization","name":"Estudio Laterna","url":"https:\/\/estudio-laterna.seiten.co\/es\/","logo":{"@type":"ImageObject","inLanguage":"es","@id":"https:\/\/estudio-laterna.seiten.co\/es\/#\/schema\/logo\/image\/","url":"https:\/\/estudio-laterna.seiten.co\/wp-content\/uploads\/2023\/03\/estudio-laterna-3.png","contentUrl":"https:\/\/estudio-laterna.seiten.co\/wp-content\/uploads\/2023\/03\/estudio-laterna-3.png","width":500,"height":166,"caption":"Estudio Laterna"},"image":{"@id":"https:\/\/estudio-laterna.seiten.co\/es\/#\/schema\/logo\/image\/"}}]}},"_links":{"self":[{"href":"https:\/\/estudio-laterna.seiten.co\/es\/wp-json\/wp\/v2\/product\/5258","targetHints":{"allow":["GET"]}}],"collection":[{"href":"https:\/\/estudio-laterna.seiten.co\/es\/wp-json\/wp\/v2\/product"}],"about":[{"href":"https:\/\/estudio-laterna.seiten.co\/es\/wp-json\/wp\/v2\/types\/product"}],"replies":[{"embeddable":true,"href":"https:\/\/estudio-laterna.seiten.co\/es\/wp-json\/wp\/v2\/comments?post=5258"}],"version-history":[{"count":2,"href":"https:\/\/estudio-laterna.seiten.co\/es\/wp-json\/wp\/v2\/product\/5258\/revisions"}],"predecessor-version":[{"id":16532,"href":"https:\/\/estudio-laterna.seiten.co\/es\/wp-json\/wp\/v2\/product\/5258\/revisions\/16532"}],"wp:featuredmedia":[{"embeddable":true,"href":"https:\/\/estudio-laterna.seiten.co\/es\/wp-json\/wp\/v2\/media\/11073"}],"wp:attachment":[{"href":"https:\/\/estudio-laterna.seiten.co\/es\/wp-json\/wp\/v2\/media?parent=5258"}],"wp:term":[{"taxonomy":"product_cat","embeddable":true,"href":"https:\/\/estudio-laterna.seiten.co\/es\/wp-json\/wp\/v2\/product_cat?post=5258"},{"taxonomy":"product_tag","embeddable":true,"href":"https:\/\/estudio-laterna.seiten.co\/es\/wp-json\/wp\/v2\/product_tag?post=5258"}],"curies":[{"name":"wp","href":"https:\/\/api.w.org\/{rel}","templated":true}]}}