{"id":5262,"date":"2024-02-28T12:27:56","date_gmt":"2024-02-28T10:27:56","guid":{"rendered":"https:\/\/www.estudio-laterna.com\/product\/design-for-children-play-ride-learn-eat-create-sit-sleep\/"},"modified":"2024-10-03T01:10:02","modified_gmt":"2024-10-02T23:10:02","slug":"design-for-children-play-ride-learn-eat-create-sit-sleep","status":"publish","type":"product","link":"https:\/\/estudio-laterna.seiten.co\/es\/shop\/design-for-children-play-ride-learn-eat-create-sit-sleep\/","title":{"rendered":"Design for Children: Play, Ride, Learn, Eat, Create, Sit, Sleep"},"content":{"rendered":"<p class=\"p1\">Design for Children, un libro imprescindible para todos los lectores preocupados por el estilo y conocedores del dise\u00f1o, documenta la evoluci\u00f3n del dise\u00f1o para beb\u00e9s, ni\u00f1os peque\u00f1os y m\u00e1s. El libro destaca m\u00e1s de 450 ejemplos hermosos, creativos, elegantes e inteligentes de dise\u00f1os creados exclusivamente para ni\u00f1os, desde juguetes, muebles y vajillas hasta textiles, luces y veh\u00edculos.<\/p>\n<p>Formato: Tapa dura<br \/>\nTama\u00f1o: 24.5 x 21.0 cm<br \/>\nP\u00e1ginas: 536 p<br \/>\nIlustraciones: 650<br \/>\nFecha de publicaci\u00f3n: 2023<br \/>\nEditorial: Phaidon<br \/>\nISBN: 9780714875194<\/p>\n","protected":false},"excerpt":{"rendered":"<p>Design for Children, un libro imprescindible para todos los lectores preocupados por el estilo y conocedores del dise\u00f1o, documenta la evoluci\u00f3n del dise\u00f1o para beb\u00e9s, ni\u00f1os peque\u00f1os y m\u00e1s. El libro destaca m\u00e1s de 450 ejemplos hermosos, creativos, elegantes e inteligentes de dise\u00f1os creados exclusivamente para ni\u00f1os, desde juguetes, muebles y vajillas hasta textiles, luces [&hellip;]<\/p>\n","protected":false},"featured_media":11006,"comment_status":"closed","ping_status":"closed","template":"","meta":{"inline_featured_image":false},"product_cat":[46,50],"product_tag":[134,55],"class_list":{"0":"post-5262","1":"product","2":"type-product","3":"status-publish","4":"has-post-thumbnail","6":"product_cat-ninos","7":"product_cat-diseno","8":"product_tag-biblioteca","9":"product_tag-bookstore-es","10":"product_shipping_class-libros","12":"first","13":"instock","14":"taxable","15":"shipping-taxable","16":"purchasable","17":"product-type-simple"},"yoast_head":"<!-- This site is optimized with the Yoast SEO plugin v23.6 - https:\/\/yoast.com\/wordpress\/plugins\/seo\/ -->\n<title>Design for Children: Play, Ride, Learn, Eat, Create, Sit, Sleep &#8212; Estudio Laterna<\/title>\n<meta name=\"robots\" content=\"index, follow, max-snippet:-1, max-image-preview:large, max-video-preview:-1\" \/>\n<link rel=\"canonical\" href=\"https:\/\/estudio-laterna.seiten.co\/es\/shop\/design-for-children-play-ride-learn-eat-create-sit-sleep\/\" \/>\n<meta property=\"og:locale\" content=\"es_ES\" \/>\n<meta property=\"og:type\" content=\"article\" \/>\n<meta property=\"og:title\" content=\"Design for Children: Play, Ride, Learn, Eat, Create, Sit, Sleep &#8212; Estudio Laterna\" \/>\n<meta property=\"og:description\" content=\"Design for Children, un libro imprescindible para todos los lectores preocupados por el estilo y conocedores del dise\u00f1o, documenta la evoluci\u00f3n del dise\u00f1o para beb\u00e9s, ni\u00f1os peque\u00f1os y m\u00e1s. El libro destaca m\u00e1s de 450 ejemplos hermosos, creativos, elegantes e inteligentes de dise\u00f1os creados exclusivamente para ni\u00f1os, desde juguetes, muebles y vajillas hasta textiles, luces [&hellip;]\" \/>\n<meta property=\"og:url\" content=\"https:\/\/estudio-laterna.seiten.co\/es\/shop\/design-for-children-play-ride-learn-eat-create-sit-sleep\/\" \/>\n<meta property=\"og:site_name\" content=\"Estudio Laterna\" \/>\n<meta property=\"article:modified_time\" content=\"2024-10-02T23:10:02+00:00\" \/>\n<meta property=\"og:image\" content=\"https:\/\/estudio-laterna.seiten.co\/wp-content\/uploads\/2024\/02\/Design-for-children-book.jpg\" \/>\n\t<meta property=\"og:image:width\" content=\"1440\" \/>\n\t<meta property=\"og:image:height\" content=\"1440\" \/>\n\t<meta property=\"og:image:type\" content=\"image\/jpeg\" \/>\n<meta name=\"twitter:card\" content=\"summary_large_image\" \/>\n<meta name=\"twitter:label1\" content=\"Tiempo de lectura\" \/>\n\t<meta name=\"twitter:data1\" content=\"1 minuto\" \/>\n<script type=\"application\/ld+json\" class=\"yoast-schema-graph\">{\"@context\":\"https:\/\/schema.org\",\"@graph\":[{\"@type\":\"WebPage\",\"@id\":\"https:\/\/estudio-laterna.seiten.co\/es\/shop\/design-for-children-play-ride-learn-eat-create-sit-sleep\/\",\"url\":\"https:\/\/estudio-laterna.seiten.co\/es\/shop\/design-for-children-play-ride-learn-eat-create-sit-sleep\/\",\"name\":\"Design for Children: Play, Ride, Learn, Eat, Create, Sit, Sleep &#8212; Estudio Laterna\",\"isPartOf\":{\"@id\":\"https:\/\/estudio-laterna.seiten.co\/es\/#website\"},\"primaryImageOfPage\":{\"@id\":\"https:\/\/estudio-laterna.seiten.co\/es\/shop\/design-for-children-play-ride-learn-eat-create-sit-sleep\/#primaryimage\"},\"image\":{\"@id\":\"https:\/\/estudio-laterna.seiten.co\/es\/shop\/design-for-children-play-ride-learn-eat-create-sit-sleep\/#primaryimage\"},\"thumbnailUrl\":\"https:\/\/estudio-laterna.seiten.co\/wp-content\/uploads\/2024\/02\/Design-for-children-book.jpg\",\"datePublished\":\"2024-02-28T10:27:56+00:00\",\"dateModified\":\"2024-10-02T23:10:02+00:00\",\"breadcrumb\":{\"@id\":\"https:\/\/estudio-laterna.seiten.co\/es\/shop\/design-for-children-play-ride-learn-eat-create-sit-sleep\/#breadcrumb\"},\"inLanguage\":\"es\",\"potentialAction\":[{\"@type\":\"ReadAction\",\"target\":[\"https:\/\/estudio-laterna.seiten.co\/es\/shop\/design-for-children-play-ride-learn-eat-create-sit-sleep\/\"]}]},{\"@type\":\"ImageObject\",\"inLanguage\":\"es\",\"@id\":\"https:\/\/estudio-laterna.seiten.co\/es\/shop\/design-for-children-play-ride-learn-eat-create-sit-sleep\/#primaryimage\",\"url\":\"https:\/\/estudio-laterna.seiten.co\/wp-content\/uploads\/2024\/02\/Design-for-children-book.jpg\",\"contentUrl\":\"https:\/\/estudio-laterna.seiten.co\/wp-content\/uploads\/2024\/02\/Design-for-children-book.jpg\",\"width\":1440,\"height\":1440},{\"@type\":\"BreadcrumbList\",\"@id\":\"https:\/\/estudio-laterna.seiten.co\/es\/shop\/design-for-children-play-ride-learn-eat-create-sit-sleep\/#breadcrumb\",\"itemListElement\":[{\"@type\":\"ListItem\",\"position\":1,\"name\":\"Portada\",\"item\":\"https:\/\/estudio-laterna.seiten.co\/es\/\"},{\"@type\":\"ListItem\",\"position\":2,\"name\":\"Store\",\"item\":\"https:\/\/estudio-laterna.seiten.co\/es\/store\/\"},{\"@type\":\"ListItem\",\"position\":3,\"name\":\"Design for Children: Play, Ride, Learn, Eat, Create, Sit, Sleep\"}]},{\"@type\":\"WebSite\",\"@id\":\"https:\/\/estudio-laterna.seiten.co\/es\/#website\",\"url\":\"https:\/\/estudio-laterna.seiten.co\/es\/\",\"name\":\"Estudio Laterna\",\"description\":\"Landscape architecture and gardens design\",\"publisher\":{\"@id\":\"https:\/\/estudio-laterna.seiten.co\/es\/#organization\"},\"alternateName\":\"Estudio Laterna\",\"potentialAction\":[{\"@type\":\"SearchAction\",\"target\":{\"@type\":\"EntryPoint\",\"urlTemplate\":\"https:\/\/estudio-laterna.seiten.co\/es\/?s={search_term_string}\"},\"query-input\":{\"@type\":\"PropertyValueSpecification\",\"valueRequired\":true,\"valueName\":\"search_term_string\"}}],\"inLanguage\":\"es\"},{\"@type\":\"Organization\",\"@id\":\"https:\/\/estudio-laterna.seiten.co\/es\/#organization\",\"name\":\"Estudio Laterna\",\"url\":\"https:\/\/estudio-laterna.seiten.co\/es\/\",\"logo\":{\"@type\":\"ImageObject\",\"inLanguage\":\"es\",\"@id\":\"https:\/\/estudio-laterna.seiten.co\/es\/#\/schema\/logo\/image\/\",\"url\":\"https:\/\/estudio-laterna.seiten.co\/wp-content\/uploads\/2023\/03\/estudio-laterna-3.png\",\"contentUrl\":\"https:\/\/estudio-laterna.seiten.co\/wp-content\/uploads\/2023\/03\/estudio-laterna-3.png\",\"width\":500,\"height\":166,\"caption\":\"Estudio Laterna\"},\"image\":{\"@id\":\"https:\/\/estudio-laterna.seiten.co\/es\/#\/schema\/logo\/image\/\"}}]}<\/script>\n<!-- \/ Yoast SEO plugin. -->","yoast_head_json":{"title":"Design for Children: Play, Ride, Learn, Eat, Create, Sit, Sleep &#8212; Estudio Laterna","robots":{"index":"index","follow":"follow","max-snippet":"max-snippet:-1","max-image-preview":"max-image-preview:large","max-video-preview":"max-video-preview:-1"},"canonical":"https:\/\/estudio-laterna.seiten.co\/es\/shop\/design-for-children-play-ride-learn-eat-create-sit-sleep\/","og_locale":"es_ES","og_type":"article","og_title":"Design for Children: Play, Ride, Learn, Eat, Create, Sit, Sleep &#8212; Estudio Laterna","og_description":"Design for Children, un libro imprescindible para todos los lectores preocupados por el estilo y conocedores del dise\u00f1o, documenta la evoluci\u00f3n del dise\u00f1o para beb\u00e9s, ni\u00f1os peque\u00f1os y m\u00e1s. El libro destaca m\u00e1s de 450 ejemplos hermosos, creativos, elegantes e inteligentes de dise\u00f1os creados exclusivamente para ni\u00f1os, desde juguetes, muebles y vajillas hasta textiles, luces [&hellip;]","og_url":"https:\/\/estudio-laterna.seiten.co\/es\/shop\/design-for-children-play-ride-learn-eat-create-sit-sleep\/","og_site_name":"Estudio Laterna","article_modified_time":"2024-10-02T23:10:02+00:00","og_image":[{"width":1440,"height":1440,"url":"https:\/\/estudio-laterna.seiten.co\/wp-content\/uploads\/2024\/02\/Design-for-children-book.jpg","type":"image\/jpeg"}],"twitter_card":"summary_large_image","twitter_misc":{"Tiempo de lectura":"1 minuto"},"schema":{"@context":"https:\/\/schema.org","@graph":[{"@type":"WebPage","@id":"https:\/\/estudio-laterna.seiten.co\/es\/shop\/design-for-children-play-ride-learn-eat-create-sit-sleep\/","url":"https:\/\/estudio-laterna.seiten.co\/es\/shop\/design-for-children-play-ride-learn-eat-create-sit-sleep\/","name":"Design for Children: Play, Ride, Learn, Eat, Create, Sit, Sleep &#8212; Estudio Laterna","isPartOf":{"@id":"https:\/\/estudio-laterna.seiten.co\/es\/#website"},"primaryImageOfPage":{"@id":"https:\/\/estudio-laterna.seiten.co\/es\/shop\/design-for-children-play-ride-learn-eat-create-sit-sleep\/#primaryimage"},"image":{"@id":"https:\/\/estudio-laterna.seiten.co\/es\/shop\/design-for-children-play-ride-learn-eat-create-sit-sleep\/#primaryimage"},"thumbnailUrl":"https:\/\/estudio-laterna.seiten.co\/wp-content\/uploads\/2024\/02\/Design-for-children-book.jpg","datePublished":"2024-02-28T10:27:56+00:00","dateModified":"2024-10-02T23:10:02+00:00","breadcrumb":{"@id":"https:\/\/estudio-laterna.seiten.co\/es\/shop\/design-for-children-play-ride-learn-eat-create-sit-sleep\/#breadcrumb"},"inLanguage":"es","potentialAction":[{"@type":"ReadAction","target":["https:\/\/estudio-laterna.seiten.co\/es\/shop\/design-for-children-play-ride-learn-eat-create-sit-sleep\/"]}]},{"@type":"ImageObject","inLanguage":"es","@id":"https:\/\/estudio-laterna.seiten.co\/es\/shop\/design-for-children-play-ride-learn-eat-create-sit-sleep\/#primaryimage","url":"https:\/\/estudio-laterna.seiten.co\/wp-content\/uploads\/2024\/02\/Design-for-children-book.jpg","contentUrl":"https:\/\/estudio-laterna.seiten.co\/wp-content\/uploads\/2024\/02\/Design-for-children-book.jpg","width":1440,"height":1440},{"@type":"BreadcrumbList","@id":"https:\/\/estudio-laterna.seiten.co\/es\/shop\/design-for-children-play-ride-learn-eat-create-sit-sleep\/#breadcrumb","itemListElement":[{"@type":"ListItem","position":1,"name":"Portada","item":"https:\/\/estudio-laterna.seiten.co\/es\/"},{"@type":"ListItem","position":2,"name":"Store","item":"https:\/\/estudio-laterna.seiten.co\/es\/store\/"},{"@type":"ListItem","position":3,"name":"Design for Children: Play, Ride, Learn, Eat, Create, Sit, Sleep"}]},{"@type":"WebSite","@id":"https:\/\/estudio-laterna.seiten.co\/es\/#website","url":"https:\/\/estudio-laterna.seiten.co\/es\/","name":"Estudio Laterna","description":"Landscape architecture and gardens design","publisher":{"@id":"https:\/\/estudio-laterna.seiten.co\/es\/#organization"},"alternateName":"Estudio Laterna","potentialAction":[{"@type":"SearchAction","target":{"@type":"EntryPoint","urlTemplate":"https:\/\/estudio-laterna.seiten.co\/es\/?s={search_term_string}"},"query-input":{"@type":"PropertyValueSpecification","valueRequired":true,"valueName":"search_term_string"}}],"inLanguage":"es"},{"@type":"Organization","@id":"https:\/\/estudio-laterna.seiten.co\/es\/#organization","name":"Estudio Laterna","url":"https:\/\/estudio-laterna.seiten.co\/es\/","logo":{"@type":"ImageObject","inLanguage":"es","@id":"https:\/\/estudio-laterna.seiten.co\/es\/#\/schema\/logo\/image\/","url":"https:\/\/estudio-laterna.seiten.co\/wp-content\/uploads\/2023\/03\/estudio-laterna-3.png","contentUrl":"https:\/\/estudio-laterna.seiten.co\/wp-content\/uploads\/2023\/03\/estudio-laterna-3.png","width":500,"height":166,"caption":"Estudio Laterna"},"image":{"@id":"https:\/\/estudio-laterna.seiten.co\/es\/#\/schema\/logo\/image\/"}}]}},"_links":{"self":[{"href":"https:\/\/estudio-laterna.seiten.co\/es\/wp-json\/wp\/v2\/product\/5262","targetHints":{"allow":["GET"]}}],"collection":[{"href":"https:\/\/estudio-laterna.seiten.co\/es\/wp-json\/wp\/v2\/product"}],"about":[{"href":"https:\/\/estudio-laterna.seiten.co\/es\/wp-json\/wp\/v2\/types\/product"}],"replies":[{"embeddable":true,"href":"https:\/\/estudio-laterna.seiten.co\/es\/wp-json\/wp\/v2\/comments?post=5262"}],"version-history":[{"count":1,"href":"https:\/\/estudio-laterna.seiten.co\/es\/wp-json\/wp\/v2\/product\/5262\/revisions"}],"predecessor-version":[{"id":16530,"href":"https:\/\/estudio-laterna.seiten.co\/es\/wp-json\/wp\/v2\/product\/5262\/revisions\/16530"}],"wp:featuredmedia":[{"embeddable":true,"href":"https:\/\/estudio-laterna.seiten.co\/es\/wp-json\/wp\/v2\/media\/11006"}],"wp:attachment":[{"href":"https:\/\/estudio-laterna.seiten.co\/es\/wp-json\/wp\/v2\/media?parent=5262"}],"wp:term":[{"taxonomy":"product_cat","embeddable":true,"href":"https:\/\/estudio-laterna.seiten.co\/es\/wp-json\/wp\/v2\/product_cat?post=5262"},{"taxonomy":"product_tag","embeddable":true,"href":"https:\/\/estudio-laterna.seiten.co\/es\/wp-json\/wp\/v2\/product_tag?post=5262"}],"curies":[{"name":"wp","href":"https:\/\/api.w.org\/{rel}","templated":true}]}}