{"id":6391,"date":"2024-03-19T13:07:07","date_gmt":"2024-03-19T13:07:07","guid":{"rendered":"https:\/\/www.estudio-laterna.com\/?post_type=product&#038;p=6391"},"modified":"2024-07-30T21:56:30","modified_gmt":"2024-07-30T19:56:30","slug":"made-in-ibiza-a-journey-into-the-creative-heart-of-the-white-island","status":"publish","type":"product","link":"https:\/\/estudio-laterna.seiten.co\/es\/shop\/made-in-ibiza-a-journey-into-the-creative-heart-of-the-white-island\/","title":{"rendered":"MADE IN IBIZA  Un Viaje al Coraz\u00f3n Creativo de la Isla Blanca"},"content":{"rendered":"<p>Ibiza ha estado en el centro de la vida mediterr\u00e1nea desde la llegada de los fenicios hace casi 3000 a\u00f1os. A lo largo de los siglos, otras grandes civilizaciones dejaron su huella en este puesto de intercambio estrat\u00e9gico, y en el siglo XX, los hippies y bohemios descubrieron Ibiza como refugio de la conformidad. Incluso en la actualidad, la isla atrae a artistas y artesanos de todo el mundo. Como explica Liam Aldous en su perspicaz introducci\u00f3n a MADE IN IBIZA, &#8220;es el deseo de crear una vida seg\u00fan los propios t\u00e9rminos lo que se convierte en el hilo unificador&#8221;.<\/p>\n<p>Con fotograf\u00edas especialmente encargadas y organizadas en cap\u00edtulos tan variados como Casas y Jardines, Arte y Cultura, Moda y Joyer\u00eda, y Comida y Bebida, este libro inspirador presenta m\u00e1s de 35 empresas vibrantes. Estas van desde prestigiosas pr\u00e1cticas arquitect\u00f3nicas y ceramistas solitarios en talleres apartados, hasta maestros carpinteros, creadores de obras de arte contempor\u00e1neas y destiladores de licores tradicionales.<\/p>\n<p>&nbsp;<\/p>\n<p>Formato: Tapa dura<br \/>\nTama\u00f1o: 28 x 22 cm<br \/>\nP\u00e1ginas: 256 p.<br \/>\nIlustraciones: 575 color.<br \/>\nFecha de publicaci\u00f3n: 221 de marzo de 2024<br \/>\nEditorial: Merrel Publishers<br \/>\nISBN: 978-1-8589-4713-6<\/p>\n<p>&nbsp;<\/p>\n","protected":false},"excerpt":{"rendered":"<p>Ibiza ha estado en el centro de la vida mediterr\u00e1nea desde la llegada de los fenicios hace casi 3000 a\u00f1os. A lo largo de los siglos, otras grandes civilizaciones dejaron su huella en este puesto de intercambio estrat\u00e9gico, y en el siglo XX, los hippies y bohemios descubrieron Ibiza como refugio de la conformidad. Incluso [&hellip;]<\/p>\n","protected":false},"featured_media":11102,"comment_status":"closed","ping_status":"closed","template":"","meta":{"inline_featured_image":false},"product_cat":[51],"product_tag":[55],"class_list":{"0":"post-6391","1":"product","2":"type-product","3":"status-publish","4":"has-post-thumbnail","6":"product_cat-sociedad","7":"product_tag-bookstore-es","9":"first","10":"instock","11":"taxable","12":"shipping-taxable","13":"purchasable","14":"product-type-simple"},"yoast_head":"<!-- This site is optimized with the Yoast SEO plugin v23.6 - https:\/\/yoast.com\/wordpress\/plugins\/seo\/ -->\n<title>MADE IN IBIZA Un Viaje al Coraz\u00f3n Creativo de la Isla Blanca &#8212; Estudio Laterna<\/title>\n<meta name=\"robots\" content=\"index, follow, max-snippet:-1, max-image-preview:large, max-video-preview:-1\" \/>\n<link rel=\"canonical\" href=\"https:\/\/estudio-laterna.seiten.co\/es\/shop\/made-in-ibiza-a-journey-into-the-creative-heart-of-the-white-island\/\" \/>\n<meta property=\"og:locale\" content=\"es_ES\" \/>\n<meta property=\"og:type\" content=\"article\" \/>\n<meta property=\"og:title\" content=\"MADE IN IBIZA Un Viaje al Coraz\u00f3n Creativo de la Isla Blanca &#8212; Estudio Laterna\" \/>\n<meta property=\"og:description\" content=\"Ibiza ha estado en el centro de la vida mediterr\u00e1nea desde la llegada de los fenicios hace casi 3000 a\u00f1os. A lo largo de los siglos, otras grandes civilizaciones dejaron su huella en este puesto de intercambio estrat\u00e9gico, y en el siglo XX, los hippies y bohemios descubrieron Ibiza como refugio de la conformidad. Incluso [&hellip;]\" \/>\n<meta property=\"og:url\" content=\"https:\/\/estudio-laterna.seiten.co\/es\/shop\/made-in-ibiza-a-journey-into-the-creative-heart-of-the-white-island\/\" \/>\n<meta property=\"og:site_name\" content=\"Estudio Laterna\" \/>\n<meta property=\"article:modified_time\" content=\"2024-07-30T19:56:30+00:00\" \/>\n<meta property=\"og:image\" content=\"https:\/\/estudio-laterna.seiten.co\/wp-content\/uploads\/2024\/03\/Made-in-ibiza_book.jpg\" \/>\n\t<meta property=\"og:image:width\" content=\"1440\" \/>\n\t<meta property=\"og:image:height\" content=\"1440\" \/>\n\t<meta property=\"og:image:type\" content=\"image\/jpeg\" \/>\n<meta name=\"twitter:card\" content=\"summary_large_image\" \/>\n<meta name=\"twitter:label1\" content=\"Tiempo de lectura\" \/>\n\t<meta name=\"twitter:data1\" content=\"2 minutos\" \/>\n<script type=\"application\/ld+json\" class=\"yoast-schema-graph\">{\"@context\":\"https:\/\/schema.org\",\"@graph\":[{\"@type\":\"WebPage\",\"@id\":\"https:\/\/estudio-laterna.seiten.co\/es\/shop\/made-in-ibiza-a-journey-into-the-creative-heart-of-the-white-island\/\",\"url\":\"https:\/\/estudio-laterna.seiten.co\/es\/shop\/made-in-ibiza-a-journey-into-the-creative-heart-of-the-white-island\/\",\"name\":\"MADE IN IBIZA Un Viaje al Coraz\u00f3n Creativo de la Isla Blanca &#8212; Estudio Laterna\",\"isPartOf\":{\"@id\":\"https:\/\/estudio-laterna.seiten.co\/es\/#website\"},\"primaryImageOfPage\":{\"@id\":\"https:\/\/estudio-laterna.seiten.co\/es\/shop\/made-in-ibiza-a-journey-into-the-creative-heart-of-the-white-island\/#primaryimage\"},\"image\":{\"@id\":\"https:\/\/estudio-laterna.seiten.co\/es\/shop\/made-in-ibiza-a-journey-into-the-creative-heart-of-the-white-island\/#primaryimage\"},\"thumbnailUrl\":\"https:\/\/estudio-laterna.seiten.co\/wp-content\/uploads\/2024\/03\/Made-in-ibiza_book.jpg\",\"datePublished\":\"2024-03-19T13:07:07+00:00\",\"dateModified\":\"2024-07-30T19:56:30+00:00\",\"breadcrumb\":{\"@id\":\"https:\/\/estudio-laterna.seiten.co\/es\/shop\/made-in-ibiza-a-journey-into-the-creative-heart-of-the-white-island\/#breadcrumb\"},\"inLanguage\":\"es\",\"potentialAction\":[{\"@type\":\"ReadAction\",\"target\":[\"https:\/\/estudio-laterna.seiten.co\/es\/shop\/made-in-ibiza-a-journey-into-the-creative-heart-of-the-white-island\/\"]}]},{\"@type\":\"ImageObject\",\"inLanguage\":\"es\",\"@id\":\"https:\/\/estudio-laterna.seiten.co\/es\/shop\/made-in-ibiza-a-journey-into-the-creative-heart-of-the-white-island\/#primaryimage\",\"url\":\"https:\/\/estudio-laterna.seiten.co\/wp-content\/uploads\/2024\/03\/Made-in-ibiza_book.jpg\",\"contentUrl\":\"https:\/\/estudio-laterna.seiten.co\/wp-content\/uploads\/2024\/03\/Made-in-ibiza_book.jpg\",\"width\":1440,\"height\":1440},{\"@type\":\"BreadcrumbList\",\"@id\":\"https:\/\/estudio-laterna.seiten.co\/es\/shop\/made-in-ibiza-a-journey-into-the-creative-heart-of-the-white-island\/#breadcrumb\",\"itemListElement\":[{\"@type\":\"ListItem\",\"position\":1,\"name\":\"Portada\",\"item\":\"https:\/\/estudio-laterna.seiten.co\/es\/\"},{\"@type\":\"ListItem\",\"position\":2,\"name\":\"Store\",\"item\":\"https:\/\/estudio-laterna.seiten.co\/es\/store\/\"},{\"@type\":\"ListItem\",\"position\":3,\"name\":\"MADE IN IBIZA Un Viaje al Coraz\u00f3n Creativo de la Isla Blanca\"}]},{\"@type\":\"WebSite\",\"@id\":\"https:\/\/estudio-laterna.seiten.co\/es\/#website\",\"url\":\"https:\/\/estudio-laterna.seiten.co\/es\/\",\"name\":\"Estudio Laterna\",\"description\":\"Landscape architecture and gardens design\",\"publisher\":{\"@id\":\"https:\/\/estudio-laterna.seiten.co\/es\/#organization\"},\"alternateName\":\"Estudio Laterna\",\"potentialAction\":[{\"@type\":\"SearchAction\",\"target\":{\"@type\":\"EntryPoint\",\"urlTemplate\":\"https:\/\/estudio-laterna.seiten.co\/es\/?s={search_term_string}\"},\"query-input\":{\"@type\":\"PropertyValueSpecification\",\"valueRequired\":true,\"valueName\":\"search_term_string\"}}],\"inLanguage\":\"es\"},{\"@type\":\"Organization\",\"@id\":\"https:\/\/estudio-laterna.seiten.co\/es\/#organization\",\"name\":\"Estudio Laterna\",\"url\":\"https:\/\/estudio-laterna.seiten.co\/es\/\",\"logo\":{\"@type\":\"ImageObject\",\"inLanguage\":\"es\",\"@id\":\"https:\/\/estudio-laterna.seiten.co\/es\/#\/schema\/logo\/image\/\",\"url\":\"https:\/\/estudio-laterna.seiten.co\/wp-content\/uploads\/2023\/03\/estudio-laterna-3.png\",\"contentUrl\":\"https:\/\/estudio-laterna.seiten.co\/wp-content\/uploads\/2023\/03\/estudio-laterna-3.png\",\"width\":500,\"height\":166,\"caption\":\"Estudio Laterna\"},\"image\":{\"@id\":\"https:\/\/estudio-laterna.seiten.co\/es\/#\/schema\/logo\/image\/\"}}]}<\/script>\n<!-- \/ Yoast SEO plugin. -->","yoast_head_json":{"title":"MADE IN IBIZA Un Viaje al Coraz\u00f3n Creativo de la Isla Blanca &#8212; Estudio Laterna","robots":{"index":"index","follow":"follow","max-snippet":"max-snippet:-1","max-image-preview":"max-image-preview:large","max-video-preview":"max-video-preview:-1"},"canonical":"https:\/\/estudio-laterna.seiten.co\/es\/shop\/made-in-ibiza-a-journey-into-the-creative-heart-of-the-white-island\/","og_locale":"es_ES","og_type":"article","og_title":"MADE IN IBIZA Un Viaje al Coraz\u00f3n Creativo de la Isla Blanca &#8212; Estudio Laterna","og_description":"Ibiza ha estado en el centro de la vida mediterr\u00e1nea desde la llegada de los fenicios hace casi 3000 a\u00f1os. A lo largo de los siglos, otras grandes civilizaciones dejaron su huella en este puesto de intercambio estrat\u00e9gico, y en el siglo XX, los hippies y bohemios descubrieron Ibiza como refugio de la conformidad. Incluso [&hellip;]","og_url":"https:\/\/estudio-laterna.seiten.co\/es\/shop\/made-in-ibiza-a-journey-into-the-creative-heart-of-the-white-island\/","og_site_name":"Estudio Laterna","article_modified_time":"2024-07-30T19:56:30+00:00","og_image":[{"width":1440,"height":1440,"url":"https:\/\/estudio-laterna.seiten.co\/wp-content\/uploads\/2024\/03\/Made-in-ibiza_book.jpg","type":"image\/jpeg"}],"twitter_card":"summary_large_image","twitter_misc":{"Tiempo de lectura":"2 minutos"},"schema":{"@context":"https:\/\/schema.org","@graph":[{"@type":"WebPage","@id":"https:\/\/estudio-laterna.seiten.co\/es\/shop\/made-in-ibiza-a-journey-into-the-creative-heart-of-the-white-island\/","url":"https:\/\/estudio-laterna.seiten.co\/es\/shop\/made-in-ibiza-a-journey-into-the-creative-heart-of-the-white-island\/","name":"MADE IN IBIZA Un Viaje al Coraz\u00f3n Creativo de la Isla Blanca &#8212; Estudio Laterna","isPartOf":{"@id":"https:\/\/estudio-laterna.seiten.co\/es\/#website"},"primaryImageOfPage":{"@id":"https:\/\/estudio-laterna.seiten.co\/es\/shop\/made-in-ibiza-a-journey-into-the-creative-heart-of-the-white-island\/#primaryimage"},"image":{"@id":"https:\/\/estudio-laterna.seiten.co\/es\/shop\/made-in-ibiza-a-journey-into-the-creative-heart-of-the-white-island\/#primaryimage"},"thumbnailUrl":"https:\/\/estudio-laterna.seiten.co\/wp-content\/uploads\/2024\/03\/Made-in-ibiza_book.jpg","datePublished":"2024-03-19T13:07:07+00:00","dateModified":"2024-07-30T19:56:30+00:00","breadcrumb":{"@id":"https:\/\/estudio-laterna.seiten.co\/es\/shop\/made-in-ibiza-a-journey-into-the-creative-heart-of-the-white-island\/#breadcrumb"},"inLanguage":"es","potentialAction":[{"@type":"ReadAction","target":["https:\/\/estudio-laterna.seiten.co\/es\/shop\/made-in-ibiza-a-journey-into-the-creative-heart-of-the-white-island\/"]}]},{"@type":"ImageObject","inLanguage":"es","@id":"https:\/\/estudio-laterna.seiten.co\/es\/shop\/made-in-ibiza-a-journey-into-the-creative-heart-of-the-white-island\/#primaryimage","url":"https:\/\/estudio-laterna.seiten.co\/wp-content\/uploads\/2024\/03\/Made-in-ibiza_book.jpg","contentUrl":"https:\/\/estudio-laterna.seiten.co\/wp-content\/uploads\/2024\/03\/Made-in-ibiza_book.jpg","width":1440,"height":1440},{"@type":"BreadcrumbList","@id":"https:\/\/estudio-laterna.seiten.co\/es\/shop\/made-in-ibiza-a-journey-into-the-creative-heart-of-the-white-island\/#breadcrumb","itemListElement":[{"@type":"ListItem","position":1,"name":"Portada","item":"https:\/\/estudio-laterna.seiten.co\/es\/"},{"@type":"ListItem","position":2,"name":"Store","item":"https:\/\/estudio-laterna.seiten.co\/es\/store\/"},{"@type":"ListItem","position":3,"name":"MADE IN IBIZA Un Viaje al Coraz\u00f3n Creativo de la Isla Blanca"}]},{"@type":"WebSite","@id":"https:\/\/estudio-laterna.seiten.co\/es\/#website","url":"https:\/\/estudio-laterna.seiten.co\/es\/","name":"Estudio Laterna","description":"Landscape architecture and gardens design","publisher":{"@id":"https:\/\/estudio-laterna.seiten.co\/es\/#organization"},"alternateName":"Estudio Laterna","potentialAction":[{"@type":"SearchAction","target":{"@type":"EntryPoint","urlTemplate":"https:\/\/estudio-laterna.seiten.co\/es\/?s={search_term_string}"},"query-input":{"@type":"PropertyValueSpecification","valueRequired":true,"valueName":"search_term_string"}}],"inLanguage":"es"},{"@type":"Organization","@id":"https:\/\/estudio-laterna.seiten.co\/es\/#organization","name":"Estudio Laterna","url":"https:\/\/estudio-laterna.seiten.co\/es\/","logo":{"@type":"ImageObject","inLanguage":"es","@id":"https:\/\/estudio-laterna.seiten.co\/es\/#\/schema\/logo\/image\/","url":"https:\/\/estudio-laterna.seiten.co\/wp-content\/uploads\/2023\/03\/estudio-laterna-3.png","contentUrl":"https:\/\/estudio-laterna.seiten.co\/wp-content\/uploads\/2023\/03\/estudio-laterna-3.png","width":500,"height":166,"caption":"Estudio Laterna"},"image":{"@id":"https:\/\/estudio-laterna.seiten.co\/es\/#\/schema\/logo\/image\/"}}]}},"_links":{"self":[{"href":"https:\/\/estudio-laterna.seiten.co\/es\/wp-json\/wp\/v2\/product\/6391","targetHints":{"allow":["GET"]}}],"collection":[{"href":"https:\/\/estudio-laterna.seiten.co\/es\/wp-json\/wp\/v2\/product"}],"about":[{"href":"https:\/\/estudio-laterna.seiten.co\/es\/wp-json\/wp\/v2\/types\/product"}],"replies":[{"embeddable":true,"href":"https:\/\/estudio-laterna.seiten.co\/es\/wp-json\/wp\/v2\/comments?post=6391"}],"version-history":[{"count":2,"href":"https:\/\/estudio-laterna.seiten.co\/es\/wp-json\/wp\/v2\/product\/6391\/revisions"}],"predecessor-version":[{"id":11107,"href":"https:\/\/estudio-laterna.seiten.co\/es\/wp-json\/wp\/v2\/product\/6391\/revisions\/11107"}],"wp:featuredmedia":[{"embeddable":true,"href":"https:\/\/estudio-laterna.seiten.co\/es\/wp-json\/wp\/v2\/media\/11102"}],"wp:attachment":[{"href":"https:\/\/estudio-laterna.seiten.co\/es\/wp-json\/wp\/v2\/media?parent=6391"}],"wp:term":[{"taxonomy":"product_cat","embeddable":true,"href":"https:\/\/estudio-laterna.seiten.co\/es\/wp-json\/wp\/v2\/product_cat?post=6391"},{"taxonomy":"product_tag","embeddable":true,"href":"https:\/\/estudio-laterna.seiten.co\/es\/wp-json\/wp\/v2\/product_tag?post=6391"}],"curies":[{"name":"wp","href":"https:\/\/api.w.org\/{rel}","templated":true}]}}