{"id":7212,"date":"2024-08-14T00:02:30","date_gmt":"2024-08-13T22:02:30","guid":{"rendered":"https:\/\/www.estudio-laterna.com\/?post_type=product&#038;p=7212"},"modified":"2024-09-12T20:17:11","modified_gmt":"2024-09-12T18:17:11","slug":"kossmun-mobiliario-para-exteriores-forma-cuadrada","status":"publish","type":"product","link":"https:\/\/estudio-laterna.seiten.co\/es\/shop\/kossmun-mobiliario-para-exteriores-forma-cuadrada\/","title":{"rendered":"KOSSMUN MOBILIARIO CUADRADO PARA EXTERIORES"},"content":{"rendered":"<p>KOSSMUN Piezas Escult\u00f3ricas Funcionales<\/p>\n<p>Concepto de erosi\u00f3n en la naturaleza<\/p>\n<p>Dise\u00f1ado por Estudio Laterna, nuestro mobiliario escult\u00f3rico ha sido elaborado para ser \u00fanico, enciende un di\u00e1logo de contrastes donde lo v\u00edvido y lo sereno, lo delicado y lo atrevido, se vuelven uno.<\/p>\n<p>BANCO EXTERIOR, MATERIALES MEZCLADOS CON MINERALES, FORMA CUADRADA.<\/p>\n<p>Dimensiones: 2,20 x 0,57 x H 0,63 mts<\/p>\n<p>Precio bajo consulta.<\/p>\n","protected":false},"excerpt":{"rendered":"<p>KOSSMUN Piezas Escult\u00f3ricas Funcionales Concepto de erosi\u00f3n en la naturaleza Dise\u00f1ado por Estudio Laterna, nuestro mobiliario escult\u00f3rico ha sido elaborado para ser \u00fanico, enciende un di\u00e1logo de contrastes donde lo v\u00edvido y lo sereno, lo delicado y lo atrevido, se vuelven uno. BANCO EXTERIOR, MATERIALES MEZCLADOS CON MINERALES, FORMA CUADRADA. Dimensiones: 2,20 x 0,57 x [&hellip;]<\/p>\n","protected":false},"featured_media":15184,"comment_status":"closed","ping_status":"closed","template":"","meta":{"inline_featured_image":false},"product_cat":[112,83,84],"product_tag":[108,106,107],"class_list":{"0":"post-7212","1":"product","2":"type-product","3":"status-publish","4":"has-post-thumbnail","6":"product_cat-muebles-kossmun","7":"product_cat-muebles-de-diseno","8":"product_cat-muebles-de-exterior","9":"product_tag-forma-cuadrada","10":"product_tag-kossmun","11":"product_tag-mobiliario-para-exteriores","13":"first","14":"instock","15":"taxable","16":"shipping-taxable","17":"purchasable","18":"product-type-simple"},"yoast_head":"<!-- This site is optimized with the Yoast SEO plugin v23.6 - https:\/\/yoast.com\/wordpress\/plugins\/seo\/ -->\n<title>KOSSMUN MOBILIARIO CUADRADO PARA EXTERIORES &#8212; Estudio Laterna<\/title>\n<meta name=\"robots\" content=\"index, follow, max-snippet:-1, max-image-preview:large, max-video-preview:-1\" \/>\n<link rel=\"canonical\" href=\"https:\/\/estudio-laterna.seiten.co\/es\/shop\/kossmun-mobiliario-para-exteriores-forma-cuadrada\/\" \/>\n<meta property=\"og:locale\" content=\"es_ES\" \/>\n<meta property=\"og:type\" content=\"article\" \/>\n<meta property=\"og:title\" content=\"KOSSMUN MOBILIARIO CUADRADO PARA EXTERIORES &#8212; Estudio Laterna\" \/>\n<meta property=\"og:description\" content=\"KOSSMUN Piezas Escult\u00f3ricas Funcionales Concepto de erosi\u00f3n en la naturaleza Dise\u00f1ado por Estudio Laterna, nuestro mobiliario escult\u00f3rico ha sido elaborado para ser \u00fanico, enciende un di\u00e1logo de contrastes donde lo v\u00edvido y lo sereno, lo delicado y lo atrevido, se vuelven uno. BANCO EXTERIOR, MATERIALES MEZCLADOS CON MINERALES, FORMA CUADRADA. Dimensiones: 2,20 x 0,57 x [&hellip;]\" \/>\n<meta property=\"og:url\" content=\"https:\/\/estudio-laterna.seiten.co\/es\/shop\/kossmun-mobiliario-para-exteriores-forma-cuadrada\/\" \/>\n<meta property=\"og:site_name\" content=\"Estudio Laterna\" \/>\n<meta property=\"article:modified_time\" content=\"2024-09-12T18:17:11+00:00\" \/>\n<meta property=\"og:image\" content=\"https:\/\/estudio-laterna.seiten.co\/wp-content\/uploads\/2024\/08\/KOSSMUN-New_OUTDOOR-BENCH-SQUARE-SHAPE.jpg\" \/>\n\t<meta property=\"og:image:width\" content=\"1440\" \/>\n\t<meta property=\"og:image:height\" content=\"1440\" \/>\n\t<meta property=\"og:image:type\" content=\"image\/jpeg\" \/>\n<meta name=\"twitter:card\" content=\"summary_large_image\" \/>\n<meta name=\"twitter:label1\" content=\"Tiempo de lectura\" \/>\n\t<meta name=\"twitter:data1\" content=\"1 minuto\" \/>\n<script type=\"application\/ld+json\" class=\"yoast-schema-graph\">{\"@context\":\"https:\/\/schema.org\",\"@graph\":[{\"@type\":\"WebPage\",\"@id\":\"https:\/\/estudio-laterna.seiten.co\/es\/shop\/kossmun-mobiliario-para-exteriores-forma-cuadrada\/\",\"url\":\"https:\/\/estudio-laterna.seiten.co\/es\/shop\/kossmun-mobiliario-para-exteriores-forma-cuadrada\/\",\"name\":\"KOSSMUN MOBILIARIO CUADRADO PARA EXTERIORES &#8212; Estudio Laterna\",\"isPartOf\":{\"@id\":\"https:\/\/estudio-laterna.seiten.co\/es\/#website\"},\"primaryImageOfPage\":{\"@id\":\"https:\/\/estudio-laterna.seiten.co\/es\/shop\/kossmun-mobiliario-para-exteriores-forma-cuadrada\/#primaryimage\"},\"image\":{\"@id\":\"https:\/\/estudio-laterna.seiten.co\/es\/shop\/kossmun-mobiliario-para-exteriores-forma-cuadrada\/#primaryimage\"},\"thumbnailUrl\":\"https:\/\/estudio-laterna.seiten.co\/wp-content\/uploads\/2024\/08\/KOSSMUN-New_OUTDOOR-BENCH-SQUARE-SHAPE.jpg\",\"datePublished\":\"2024-08-13T22:02:30+00:00\",\"dateModified\":\"2024-09-12T18:17:11+00:00\",\"breadcrumb\":{\"@id\":\"https:\/\/estudio-laterna.seiten.co\/es\/shop\/kossmun-mobiliario-para-exteriores-forma-cuadrada\/#breadcrumb\"},\"inLanguage\":\"es\",\"potentialAction\":[{\"@type\":\"ReadAction\",\"target\":[\"https:\/\/estudio-laterna.seiten.co\/es\/shop\/kossmun-mobiliario-para-exteriores-forma-cuadrada\/\"]}]},{\"@type\":\"ImageObject\",\"inLanguage\":\"es\",\"@id\":\"https:\/\/estudio-laterna.seiten.co\/es\/shop\/kossmun-mobiliario-para-exteriores-forma-cuadrada\/#primaryimage\",\"url\":\"https:\/\/estudio-laterna.seiten.co\/wp-content\/uploads\/2024\/08\/KOSSMUN-New_OUTDOOR-BENCH-SQUARE-SHAPE.jpg\",\"contentUrl\":\"https:\/\/estudio-laterna.seiten.co\/wp-content\/uploads\/2024\/08\/KOSSMUN-New_OUTDOOR-BENCH-SQUARE-SHAPE.jpg\",\"width\":1440,\"height\":1440},{\"@type\":\"BreadcrumbList\",\"@id\":\"https:\/\/estudio-laterna.seiten.co\/es\/shop\/kossmun-mobiliario-para-exteriores-forma-cuadrada\/#breadcrumb\",\"itemListElement\":[{\"@type\":\"ListItem\",\"position\":1,\"name\":\"Portada\",\"item\":\"https:\/\/estudio-laterna.seiten.co\/es\/\"},{\"@type\":\"ListItem\",\"position\":2,\"name\":\"Store\",\"item\":\"https:\/\/estudio-laterna.seiten.co\/es\/store\/\"},{\"@type\":\"ListItem\",\"position\":3,\"name\":\"KOSSMUN MOBILIARIO CUADRADO PARA EXTERIORES\"}]},{\"@type\":\"WebSite\",\"@id\":\"https:\/\/estudio-laterna.seiten.co\/es\/#website\",\"url\":\"https:\/\/estudio-laterna.seiten.co\/es\/\",\"name\":\"Estudio Laterna\",\"description\":\"Landscape architecture and gardens design\",\"publisher\":{\"@id\":\"https:\/\/estudio-laterna.seiten.co\/es\/#organization\"},\"alternateName\":\"Estudio Laterna\",\"potentialAction\":[{\"@type\":\"SearchAction\",\"target\":{\"@type\":\"EntryPoint\",\"urlTemplate\":\"https:\/\/estudio-laterna.seiten.co\/es\/?s={search_term_string}\"},\"query-input\":{\"@type\":\"PropertyValueSpecification\",\"valueRequired\":true,\"valueName\":\"search_term_string\"}}],\"inLanguage\":\"es\"},{\"@type\":\"Organization\",\"@id\":\"https:\/\/estudio-laterna.seiten.co\/es\/#organization\",\"name\":\"Estudio Laterna\",\"url\":\"https:\/\/estudio-laterna.seiten.co\/es\/\",\"logo\":{\"@type\":\"ImageObject\",\"inLanguage\":\"es\",\"@id\":\"https:\/\/estudio-laterna.seiten.co\/es\/#\/schema\/logo\/image\/\",\"url\":\"https:\/\/estudio-laterna.seiten.co\/wp-content\/uploads\/2023\/03\/estudio-laterna-3.png\",\"contentUrl\":\"https:\/\/estudio-laterna.seiten.co\/wp-content\/uploads\/2023\/03\/estudio-laterna-3.png\",\"width\":500,\"height\":166,\"caption\":\"Estudio Laterna\"},\"image\":{\"@id\":\"https:\/\/estudio-laterna.seiten.co\/es\/#\/schema\/logo\/image\/\"}}]}<\/script>\n<!-- \/ Yoast SEO plugin. -->","yoast_head_json":{"title":"KOSSMUN MOBILIARIO CUADRADO PARA EXTERIORES &#8212; Estudio Laterna","robots":{"index":"index","follow":"follow","max-snippet":"max-snippet:-1","max-image-preview":"max-image-preview:large","max-video-preview":"max-video-preview:-1"},"canonical":"https:\/\/estudio-laterna.seiten.co\/es\/shop\/kossmun-mobiliario-para-exteriores-forma-cuadrada\/","og_locale":"es_ES","og_type":"article","og_title":"KOSSMUN MOBILIARIO CUADRADO PARA EXTERIORES &#8212; Estudio Laterna","og_description":"KOSSMUN Piezas Escult\u00f3ricas Funcionales Concepto de erosi\u00f3n en la naturaleza Dise\u00f1ado por Estudio Laterna, nuestro mobiliario escult\u00f3rico ha sido elaborado para ser \u00fanico, enciende un di\u00e1logo de contrastes donde lo v\u00edvido y lo sereno, lo delicado y lo atrevido, se vuelven uno. BANCO EXTERIOR, MATERIALES MEZCLADOS CON MINERALES, FORMA CUADRADA. Dimensiones: 2,20 x 0,57 x [&hellip;]","og_url":"https:\/\/estudio-laterna.seiten.co\/es\/shop\/kossmun-mobiliario-para-exteriores-forma-cuadrada\/","og_site_name":"Estudio Laterna","article_modified_time":"2024-09-12T18:17:11+00:00","og_image":[{"width":1440,"height":1440,"url":"https:\/\/estudio-laterna.seiten.co\/wp-content\/uploads\/2024\/08\/KOSSMUN-New_OUTDOOR-BENCH-SQUARE-SHAPE.jpg","type":"image\/jpeg"}],"twitter_card":"summary_large_image","twitter_misc":{"Tiempo de lectura":"1 minuto"},"schema":{"@context":"https:\/\/schema.org","@graph":[{"@type":"WebPage","@id":"https:\/\/estudio-laterna.seiten.co\/es\/shop\/kossmun-mobiliario-para-exteriores-forma-cuadrada\/","url":"https:\/\/estudio-laterna.seiten.co\/es\/shop\/kossmun-mobiliario-para-exteriores-forma-cuadrada\/","name":"KOSSMUN MOBILIARIO CUADRADO PARA EXTERIORES &#8212; Estudio Laterna","isPartOf":{"@id":"https:\/\/estudio-laterna.seiten.co\/es\/#website"},"primaryImageOfPage":{"@id":"https:\/\/estudio-laterna.seiten.co\/es\/shop\/kossmun-mobiliario-para-exteriores-forma-cuadrada\/#primaryimage"},"image":{"@id":"https:\/\/estudio-laterna.seiten.co\/es\/shop\/kossmun-mobiliario-para-exteriores-forma-cuadrada\/#primaryimage"},"thumbnailUrl":"https:\/\/estudio-laterna.seiten.co\/wp-content\/uploads\/2024\/08\/KOSSMUN-New_OUTDOOR-BENCH-SQUARE-SHAPE.jpg","datePublished":"2024-08-13T22:02:30+00:00","dateModified":"2024-09-12T18:17:11+00:00","breadcrumb":{"@id":"https:\/\/estudio-laterna.seiten.co\/es\/shop\/kossmun-mobiliario-para-exteriores-forma-cuadrada\/#breadcrumb"},"inLanguage":"es","potentialAction":[{"@type":"ReadAction","target":["https:\/\/estudio-laterna.seiten.co\/es\/shop\/kossmun-mobiliario-para-exteriores-forma-cuadrada\/"]}]},{"@type":"ImageObject","inLanguage":"es","@id":"https:\/\/estudio-laterna.seiten.co\/es\/shop\/kossmun-mobiliario-para-exteriores-forma-cuadrada\/#primaryimage","url":"https:\/\/estudio-laterna.seiten.co\/wp-content\/uploads\/2024\/08\/KOSSMUN-New_OUTDOOR-BENCH-SQUARE-SHAPE.jpg","contentUrl":"https:\/\/estudio-laterna.seiten.co\/wp-content\/uploads\/2024\/08\/KOSSMUN-New_OUTDOOR-BENCH-SQUARE-SHAPE.jpg","width":1440,"height":1440},{"@type":"BreadcrumbList","@id":"https:\/\/estudio-laterna.seiten.co\/es\/shop\/kossmun-mobiliario-para-exteriores-forma-cuadrada\/#breadcrumb","itemListElement":[{"@type":"ListItem","position":1,"name":"Portada","item":"https:\/\/estudio-laterna.seiten.co\/es\/"},{"@type":"ListItem","position":2,"name":"Store","item":"https:\/\/estudio-laterna.seiten.co\/es\/store\/"},{"@type":"ListItem","position":3,"name":"KOSSMUN MOBILIARIO CUADRADO PARA EXTERIORES"}]},{"@type":"WebSite","@id":"https:\/\/estudio-laterna.seiten.co\/es\/#website","url":"https:\/\/estudio-laterna.seiten.co\/es\/","name":"Estudio Laterna","description":"Landscape architecture and gardens design","publisher":{"@id":"https:\/\/estudio-laterna.seiten.co\/es\/#organization"},"alternateName":"Estudio Laterna","potentialAction":[{"@type":"SearchAction","target":{"@type":"EntryPoint","urlTemplate":"https:\/\/estudio-laterna.seiten.co\/es\/?s={search_term_string}"},"query-input":{"@type":"PropertyValueSpecification","valueRequired":true,"valueName":"search_term_string"}}],"inLanguage":"es"},{"@type":"Organization","@id":"https:\/\/estudio-laterna.seiten.co\/es\/#organization","name":"Estudio Laterna","url":"https:\/\/estudio-laterna.seiten.co\/es\/","logo":{"@type":"ImageObject","inLanguage":"es","@id":"https:\/\/estudio-laterna.seiten.co\/es\/#\/schema\/logo\/image\/","url":"https:\/\/estudio-laterna.seiten.co\/wp-content\/uploads\/2023\/03\/estudio-laterna-3.png","contentUrl":"https:\/\/estudio-laterna.seiten.co\/wp-content\/uploads\/2023\/03\/estudio-laterna-3.png","width":500,"height":166,"caption":"Estudio Laterna"},"image":{"@id":"https:\/\/estudio-laterna.seiten.co\/es\/#\/schema\/logo\/image\/"}}]}},"_links":{"self":[{"href":"https:\/\/estudio-laterna.seiten.co\/es\/wp-json\/wp\/v2\/product\/7212","targetHints":{"allow":["GET"]}}],"collection":[{"href":"https:\/\/estudio-laterna.seiten.co\/es\/wp-json\/wp\/v2\/product"}],"about":[{"href":"https:\/\/estudio-laterna.seiten.co\/es\/wp-json\/wp\/v2\/types\/product"}],"replies":[{"embeddable":true,"href":"https:\/\/estudio-laterna.seiten.co\/es\/wp-json\/wp\/v2\/comments?post=7212"}],"version-history":[{"count":2,"href":"https:\/\/estudio-laterna.seiten.co\/es\/wp-json\/wp\/v2\/product\/7212\/revisions"}],"predecessor-version":[{"id":11493,"href":"https:\/\/estudio-laterna.seiten.co\/es\/wp-json\/wp\/v2\/product\/7212\/revisions\/11493"}],"wp:featuredmedia":[{"embeddable":true,"href":"https:\/\/estudio-laterna.seiten.co\/es\/wp-json\/wp\/v2\/media\/15184"}],"wp:attachment":[{"href":"https:\/\/estudio-laterna.seiten.co\/es\/wp-json\/wp\/v2\/media?parent=7212"}],"wp:term":[{"taxonomy":"product_cat","embeddable":true,"href":"https:\/\/estudio-laterna.seiten.co\/es\/wp-json\/wp\/v2\/product_cat?post=7212"},{"taxonomy":"product_tag","embeddable":true,"href":"https:\/\/estudio-laterna.seiten.co\/es\/wp-json\/wp\/v2\/product_tag?post=7212"}],"curies":[{"name":"wp","href":"https:\/\/api.w.org\/{rel}","templated":true}]}}