{"id":7356,"date":"2024-04-03T13:33:50","date_gmt":"2024-04-03T11:33:50","guid":{"rendered":"https:\/\/www.estudio-laterna.com\/?post_type=product&#038;p=7356"},"modified":"2024-07-15T17:39:55","modified_gmt":"2024-07-15T15:39:55","slug":"vasija-en-forma-organica-bl","status":"publish","type":"product","link":"https:\/\/estudio-laterna.seiten.co\/es\/shop\/vasija-en-forma-organica-bl\/","title":{"rendered":"Vasija en Forma Org\u00e1nica Bl"},"content":{"rendered":"<div class=\"elementor-element elementor-element-905abcc elementor-widget__width-auto elementor-widget elementor-widget-woocommerce-product-content\" data-id=\"905abcc\" data-element_type=\"widget\" data-widget_type=\"woocommerce-product-content.default\">\n<div class=\"elementor-widget-container\">\n<div class=\"elementor-element elementor-element-905abcc elementor-widget__width-auto elementor-widget elementor-widget-woocommerce-product-content\" data-id=\"905abcc\" data-element_type=\"widget\" data-widget_type=\"woocommerce-product-content.default\">\n<div class=\"elementor-widget-container\">\n<div class=\"elementor-widget-container\">\n<p>Una vasija es un recipiente para contener algo. Un cuerpo puede ser una vasija que infunde la gracia de una persona. Elegimos para nuestras plantas vasijas de barro. La memoria inconsciente de nuestros or\u00edgenes permanece en nuestra naturaleza y, a lo largo de la historia, ha llevado al ser humano a relacionarnos con la arcilla de diferentes maneras: desde su uso como material de construcci\u00f3n hasta su uso en alfarer\u00eda.<\/p>\n<p>En las culturas antiguas que viv\u00edan en las zonas mesopot\u00e1mica y mediterr\u00e1nea, los escribas sol\u00edan registrar informaci\u00f3n inscribiendo escritura cuneiforme en superficies de arcilla. Las arcillas sinterizadas al fuego fueron la primera forma de cer\u00e1mica: de hecho, se pod\u00eda dar forma a ladrillos, ollas, objetos de arte, cubiertos e incluso instrumentos musicales.<\/p>\n<p>Aqu\u00ed podr\u00e1s encontrar la mejor selecci\u00f3n de vasijas de barro y piedras de guijarros de terracota.<\/p>\n<\/div>\n<p>VASIJA EN FORMA ORG\u00c1NICA Bl<\/p>\n<div class=\"page\" title=\"Page 1\">\n<div class=\"layoutArea\">\n<div class=\"column\">\n<p>70cm x 45cm x 39cm h<\/p>\n<\/div>\n<\/div>\n<\/div>\n<p>Negro.<\/p>\n<\/div>\n<\/div>\n<\/div>\n<\/div>\n","protected":false},"excerpt":{"rendered":"<p>Una vasija es un recipiente para contener algo. Un cuerpo puede ser una vasija que infunde la gracia de una persona. Elegimos para nuestras plantas vasijas de barro. La memoria inconsciente de nuestros or\u00edgenes permanece en nuestra naturaleza y, a lo largo de la historia, ha llevado al ser humano a relacionarnos con la arcilla [&hellip;]<\/p>\n","protected":false},"featured_media":11905,"comment_status":"closed","ping_status":"closed","template":"","meta":{"inline_featured_image":false},"product_cat":[85,83],"product_tag":[75],"class_list":{"0":"post-7356","1":"product","2":"type-product","3":"status-publish","4":"has-post-thumbnail","6":"product_cat-jarrones","7":"product_cat-muebles-de-diseno","8":"product_tag-concept-store-es","10":"first","11":"instock","12":"taxable","13":"shipping-taxable","14":"purchasable","15":"product-type-simple"},"yoast_head":"<!-- This site is optimized with the Yoast SEO plugin v23.6 - https:\/\/yoast.com\/wordpress\/plugins\/seo\/ -->\n<title>Vasija en Forma Org\u00e1nica Bl &#8212; Estudio Laterna<\/title>\n<meta name=\"robots\" content=\"index, follow, max-snippet:-1, max-image-preview:large, max-video-preview:-1\" \/>\n<link rel=\"canonical\" href=\"https:\/\/estudio-laterna.seiten.co\/es\/shop\/vasija-en-forma-organica-bl\/\" \/>\n<meta property=\"og:locale\" content=\"es_ES\" \/>\n<meta property=\"og:type\" content=\"article\" \/>\n<meta property=\"og:title\" content=\"Vasija en Forma Org\u00e1nica Bl &#8212; Estudio Laterna\" \/>\n<meta property=\"og:description\" content=\"Una vasija es un recipiente para contener algo. Un cuerpo puede ser una vasija que infunde la gracia de una persona. Elegimos para nuestras plantas vasijas de barro. La memoria inconsciente de nuestros or\u00edgenes permanece en nuestra naturaleza y, a lo largo de la historia, ha llevado al ser humano a relacionarnos con la arcilla [&hellip;]\" \/>\n<meta property=\"og:url\" content=\"https:\/\/estudio-laterna.seiten.co\/es\/shop\/vasija-en-forma-organica-bl\/\" \/>\n<meta property=\"og:site_name\" content=\"Estudio Laterna\" \/>\n<meta property=\"article:modified_time\" content=\"2024-07-15T15:39:55+00:00\" \/>\n<meta property=\"og:image\" content=\"https:\/\/estudio-laterna.seiten.co\/wp-content\/uploads\/2024\/07\/Vase-in-organic-form-G2.jpg\" \/>\n\t<meta property=\"og:image:width\" content=\"1440\" \/>\n\t<meta property=\"og:image:height\" content=\"1440\" \/>\n\t<meta property=\"og:image:type\" content=\"image\/jpeg\" \/>\n<meta name=\"twitter:card\" content=\"summary_large_image\" \/>\n<meta name=\"twitter:label1\" content=\"Tiempo de lectura\" \/>\n\t<meta name=\"twitter:data1\" content=\"1 minuto\" \/>\n<script type=\"application\/ld+json\" class=\"yoast-schema-graph\">{\"@context\":\"https:\/\/schema.org\",\"@graph\":[{\"@type\":\"WebPage\",\"@id\":\"https:\/\/estudio-laterna.seiten.co\/es\/shop\/vasija-en-forma-organica-bl\/\",\"url\":\"https:\/\/estudio-laterna.seiten.co\/es\/shop\/vasija-en-forma-organica-bl\/\",\"name\":\"Vasija en Forma Org\u00e1nica Bl &#8212; Estudio Laterna\",\"isPartOf\":{\"@id\":\"https:\/\/estudio-laterna.seiten.co\/es\/#website\"},\"primaryImageOfPage\":{\"@id\":\"https:\/\/estudio-laterna.seiten.co\/es\/shop\/vasija-en-forma-organica-bl\/#primaryimage\"},\"image\":{\"@id\":\"https:\/\/estudio-laterna.seiten.co\/es\/shop\/vasija-en-forma-organica-bl\/#primaryimage\"},\"thumbnailUrl\":\"https:\/\/estudio-laterna.seiten.co\/wp-content\/uploads\/2024\/07\/Vase-in-organic-form-G2.jpg\",\"datePublished\":\"2024-04-03T11:33:50+00:00\",\"dateModified\":\"2024-07-15T15:39:55+00:00\",\"breadcrumb\":{\"@id\":\"https:\/\/estudio-laterna.seiten.co\/es\/shop\/vasija-en-forma-organica-bl\/#breadcrumb\"},\"inLanguage\":\"es\",\"potentialAction\":[{\"@type\":\"ReadAction\",\"target\":[\"https:\/\/estudio-laterna.seiten.co\/es\/shop\/vasija-en-forma-organica-bl\/\"]}]},{\"@type\":\"ImageObject\",\"inLanguage\":\"es\",\"@id\":\"https:\/\/estudio-laterna.seiten.co\/es\/shop\/vasija-en-forma-organica-bl\/#primaryimage\",\"url\":\"https:\/\/estudio-laterna.seiten.co\/wp-content\/uploads\/2024\/07\/Vase-in-organic-form-G2.jpg\",\"contentUrl\":\"https:\/\/estudio-laterna.seiten.co\/wp-content\/uploads\/2024\/07\/Vase-in-organic-form-G2.jpg\",\"width\":1440,\"height\":1440},{\"@type\":\"BreadcrumbList\",\"@id\":\"https:\/\/estudio-laterna.seiten.co\/es\/shop\/vasija-en-forma-organica-bl\/#breadcrumb\",\"itemListElement\":[{\"@type\":\"ListItem\",\"position\":1,\"name\":\"Portada\",\"item\":\"https:\/\/estudio-laterna.seiten.co\/es\/\"},{\"@type\":\"ListItem\",\"position\":2,\"name\":\"Store\",\"item\":\"https:\/\/estudio-laterna.seiten.co\/es\/store\/\"},{\"@type\":\"ListItem\",\"position\":3,\"name\":\"Vasija en Forma Org\u00e1nica Bl\"}]},{\"@type\":\"WebSite\",\"@id\":\"https:\/\/estudio-laterna.seiten.co\/es\/#website\",\"url\":\"https:\/\/estudio-laterna.seiten.co\/es\/\",\"name\":\"Estudio Laterna\",\"description\":\"Landscape architecture and gardens design\",\"publisher\":{\"@id\":\"https:\/\/estudio-laterna.seiten.co\/es\/#organization\"},\"alternateName\":\"Estudio Laterna\",\"potentialAction\":[{\"@type\":\"SearchAction\",\"target\":{\"@type\":\"EntryPoint\",\"urlTemplate\":\"https:\/\/estudio-laterna.seiten.co\/es\/?s={search_term_string}\"},\"query-input\":{\"@type\":\"PropertyValueSpecification\",\"valueRequired\":true,\"valueName\":\"search_term_string\"}}],\"inLanguage\":\"es\"},{\"@type\":\"Organization\",\"@id\":\"https:\/\/estudio-laterna.seiten.co\/es\/#organization\",\"name\":\"Estudio Laterna\",\"url\":\"https:\/\/estudio-laterna.seiten.co\/es\/\",\"logo\":{\"@type\":\"ImageObject\",\"inLanguage\":\"es\",\"@id\":\"https:\/\/estudio-laterna.seiten.co\/es\/#\/schema\/logo\/image\/\",\"url\":\"https:\/\/estudio-laterna.seiten.co\/wp-content\/uploads\/2023\/03\/estudio-laterna-3.png\",\"contentUrl\":\"https:\/\/estudio-laterna.seiten.co\/wp-content\/uploads\/2023\/03\/estudio-laterna-3.png\",\"width\":500,\"height\":166,\"caption\":\"Estudio Laterna\"},\"image\":{\"@id\":\"https:\/\/estudio-laterna.seiten.co\/es\/#\/schema\/logo\/image\/\"}}]}<\/script>\n<!-- \/ Yoast SEO plugin. -->","yoast_head_json":{"title":"Vasija en Forma Org\u00e1nica Bl &#8212; Estudio Laterna","robots":{"index":"index","follow":"follow","max-snippet":"max-snippet:-1","max-image-preview":"max-image-preview:large","max-video-preview":"max-video-preview:-1"},"canonical":"https:\/\/estudio-laterna.seiten.co\/es\/shop\/vasija-en-forma-organica-bl\/","og_locale":"es_ES","og_type":"article","og_title":"Vasija en Forma Org\u00e1nica Bl &#8212; Estudio Laterna","og_description":"Una vasija es un recipiente para contener algo. Un cuerpo puede ser una vasija que infunde la gracia de una persona. Elegimos para nuestras plantas vasijas de barro. La memoria inconsciente de nuestros or\u00edgenes permanece en nuestra naturaleza y, a lo largo de la historia, ha llevado al ser humano a relacionarnos con la arcilla [&hellip;]","og_url":"https:\/\/estudio-laterna.seiten.co\/es\/shop\/vasija-en-forma-organica-bl\/","og_site_name":"Estudio Laterna","article_modified_time":"2024-07-15T15:39:55+00:00","og_image":[{"width":1440,"height":1440,"url":"https:\/\/estudio-laterna.seiten.co\/wp-content\/uploads\/2024\/07\/Vase-in-organic-form-G2.jpg","type":"image\/jpeg"}],"twitter_card":"summary_large_image","twitter_misc":{"Tiempo de lectura":"1 minuto"},"schema":{"@context":"https:\/\/schema.org","@graph":[{"@type":"WebPage","@id":"https:\/\/estudio-laterna.seiten.co\/es\/shop\/vasija-en-forma-organica-bl\/","url":"https:\/\/estudio-laterna.seiten.co\/es\/shop\/vasija-en-forma-organica-bl\/","name":"Vasija en Forma Org\u00e1nica Bl &#8212; Estudio Laterna","isPartOf":{"@id":"https:\/\/estudio-laterna.seiten.co\/es\/#website"},"primaryImageOfPage":{"@id":"https:\/\/estudio-laterna.seiten.co\/es\/shop\/vasija-en-forma-organica-bl\/#primaryimage"},"image":{"@id":"https:\/\/estudio-laterna.seiten.co\/es\/shop\/vasija-en-forma-organica-bl\/#primaryimage"},"thumbnailUrl":"https:\/\/estudio-laterna.seiten.co\/wp-content\/uploads\/2024\/07\/Vase-in-organic-form-G2.jpg","datePublished":"2024-04-03T11:33:50+00:00","dateModified":"2024-07-15T15:39:55+00:00","breadcrumb":{"@id":"https:\/\/estudio-laterna.seiten.co\/es\/shop\/vasija-en-forma-organica-bl\/#breadcrumb"},"inLanguage":"es","potentialAction":[{"@type":"ReadAction","target":["https:\/\/estudio-laterna.seiten.co\/es\/shop\/vasija-en-forma-organica-bl\/"]}]},{"@type":"ImageObject","inLanguage":"es","@id":"https:\/\/estudio-laterna.seiten.co\/es\/shop\/vasija-en-forma-organica-bl\/#primaryimage","url":"https:\/\/estudio-laterna.seiten.co\/wp-content\/uploads\/2024\/07\/Vase-in-organic-form-G2.jpg","contentUrl":"https:\/\/estudio-laterna.seiten.co\/wp-content\/uploads\/2024\/07\/Vase-in-organic-form-G2.jpg","width":1440,"height":1440},{"@type":"BreadcrumbList","@id":"https:\/\/estudio-laterna.seiten.co\/es\/shop\/vasija-en-forma-organica-bl\/#breadcrumb","itemListElement":[{"@type":"ListItem","position":1,"name":"Portada","item":"https:\/\/estudio-laterna.seiten.co\/es\/"},{"@type":"ListItem","position":2,"name":"Store","item":"https:\/\/estudio-laterna.seiten.co\/es\/store\/"},{"@type":"ListItem","position":3,"name":"Vasija en Forma Org\u00e1nica Bl"}]},{"@type":"WebSite","@id":"https:\/\/estudio-laterna.seiten.co\/es\/#website","url":"https:\/\/estudio-laterna.seiten.co\/es\/","name":"Estudio Laterna","description":"Landscape architecture and gardens design","publisher":{"@id":"https:\/\/estudio-laterna.seiten.co\/es\/#organization"},"alternateName":"Estudio Laterna","potentialAction":[{"@type":"SearchAction","target":{"@type":"EntryPoint","urlTemplate":"https:\/\/estudio-laterna.seiten.co\/es\/?s={search_term_string}"},"query-input":{"@type":"PropertyValueSpecification","valueRequired":true,"valueName":"search_term_string"}}],"inLanguage":"es"},{"@type":"Organization","@id":"https:\/\/estudio-laterna.seiten.co\/es\/#organization","name":"Estudio Laterna","url":"https:\/\/estudio-laterna.seiten.co\/es\/","logo":{"@type":"ImageObject","inLanguage":"es","@id":"https:\/\/estudio-laterna.seiten.co\/es\/#\/schema\/logo\/image\/","url":"https:\/\/estudio-laterna.seiten.co\/wp-content\/uploads\/2023\/03\/estudio-laterna-3.png","contentUrl":"https:\/\/estudio-laterna.seiten.co\/wp-content\/uploads\/2023\/03\/estudio-laterna-3.png","width":500,"height":166,"caption":"Estudio Laterna"},"image":{"@id":"https:\/\/estudio-laterna.seiten.co\/es\/#\/schema\/logo\/image\/"}}]}},"_links":{"self":[{"href":"https:\/\/estudio-laterna.seiten.co\/es\/wp-json\/wp\/v2\/product\/7356","targetHints":{"allow":["GET"]}}],"collection":[{"href":"https:\/\/estudio-laterna.seiten.co\/es\/wp-json\/wp\/v2\/product"}],"about":[{"href":"https:\/\/estudio-laterna.seiten.co\/es\/wp-json\/wp\/v2\/types\/product"}],"replies":[{"embeddable":true,"href":"https:\/\/estudio-laterna.seiten.co\/es\/wp-json\/wp\/v2\/comments?post=7356"}],"version-history":[{"count":1,"href":"https:\/\/estudio-laterna.seiten.co\/es\/wp-json\/wp\/v2\/product\/7356\/revisions"}],"predecessor-version":[{"id":10511,"href":"https:\/\/estudio-laterna.seiten.co\/es\/wp-json\/wp\/v2\/product\/7356\/revisions\/10511"}],"wp:featuredmedia":[{"embeddable":true,"href":"https:\/\/estudio-laterna.seiten.co\/es\/wp-json\/wp\/v2\/media\/11905"}],"wp:attachment":[{"href":"https:\/\/estudio-laterna.seiten.co\/es\/wp-json\/wp\/v2\/media?parent=7356"}],"wp:term":[{"taxonomy":"product_cat","embeddable":true,"href":"https:\/\/estudio-laterna.seiten.co\/es\/wp-json\/wp\/v2\/product_cat?post=7356"},{"taxonomy":"product_tag","embeddable":true,"href":"https:\/\/estudio-laterna.seiten.co\/es\/wp-json\/wp\/v2\/product_tag?post=7356"}],"curies":[{"name":"wp","href":"https:\/\/api.w.org\/{rel}","templated":true}]}}